{"id":135247,"date":"2017-06-21T08:08:41","date_gmt":"2017-06-21T03:08:41","guid":{"rendered":"https:\/\/varsityjacketsllc.com\/compare\/"},"modified":"2026-02-13T16:44:25","modified_gmt":"2026-02-13T11:44:25","slug":"compare","status":"publish","type":"page","link":"https:\/\/varsityjacketsllc.com\/be\/compare\/","title":{"rendered":"Compare"},"content":{"rendered":"\t\t<p class=\"wd-empty-compare wd-empty-page\">\n\t\t\tCompare list is empty.\t\t<\/p>\n\t\t\t\t\t<div class=\"wd-empty-page-text\">\n\t\t\t\tNo products added in the compare list. You must add some products to compare them.<br> You will find a lot of interesting products on our \"Shop\" page.\t\t\t<\/div>\n\t\t\t\t<p class=\"return-to-shop\">\n\t\t\t<a class=\"button\" href=\"https:\/\/varsityjacketsllc.com\/be\/shop\/\">\n\t\t\t\tReturn to shop\t\t\t<\/a>\n\t\t<\/p>\n\t\t\n\n\n<p>Au c\u0153ur d\u2019une ambiance raffin\u00e9e, avec <a href=\"https:\/\/1win-casinos.fr\" target=\"_blank\" rel=\"noreferrer noopener\">1 win<\/a>, des cr\u00e9dits suppl\u00e9mentaires bienvenus. Jouez avec l\u2019assurance tranquille d\u2019un futur millionnaire et laissez la tradition du casino guider vos d\u00e9cisions. L\u2019instant est id\u00e9al pour continuer, avant que la chance ne change de rythme.<\/p>\n","protected":false},"excerpt":{"rendered":"<p>Au c\u0153ur d\u2019une ambiance raffin\u00e9e, avec 1 win, des cr\u00e9dits suppl\u00e9mentaires bienvenus. Jouez avec l\u2019assurance tranquille d\u2019un futur millionnaire et<\/p>\n","protected":false},"author":43,"featured_media":0,"parent":0,"menu_order":0,"comment_status":"closed","ping_status":"closed","template":"","meta":{"footnotes":""},"class_list":["post-135247","page","type-page","status-publish","hentry"],"_links":{"self":[{"href":"https:\/\/varsityjacketsllc.com\/be\/wp-json\/wp\/v2\/pages\/135247","targetHints":{"allow":["GET"]}}],"collection":[{"href":"https:\/\/varsityjacketsllc.com\/be\/wp-json\/wp\/v2\/pages"}],"about":[{"href":"https:\/\/varsityjacketsllc.com\/be\/wp-json\/wp\/v2\/types\/page"}],"author":[{"embeddable":true,"href":"https:\/\/varsityjacketsllc.com\/be\/wp-json\/wp\/v2\/users\/43"}],"replies":[{"embeddable":true,"href":"https:\/\/varsityjacketsllc.com\/be\/wp-json\/wp\/v2\/comments?post=135247"}],"version-history":[{"count":2,"href":"https:\/\/varsityjacketsllc.com\/be\/wp-json\/wp\/v2\/pages\/135247\/revisions"}],"predecessor-version":[{"id":207120,"href":"https:\/\/varsityjacketsllc.com\/be\/wp-json\/wp\/v2\/pages\/135247\/revisions\/207120"}],"wp:attachment":[{"href":"https:\/\/varsityjacketsllc.com\/be\/wp-json\/wp\/v2\/media?parent=135247"}],"curies":[{"name":"wp","href":"https:\/\/api.w.org\/{rel}","templated":true}]}}