{"id":119903,"date":"2023-12-30T22:19:59","date_gmt":"2023-12-30T22:19:59","guid":{"rendered":"https:\/\/varsityjacketsllc.com\/shop\/blau-weisse-verkuerzte-varsity-letterman-jacke-fuer-damen\/"},"modified":"2024-12-20T12:35:25","modified_gmt":"2024-12-20T07:35:25","slug":"blau-weisse-verkuerzte-varsity-letterman-jacke-fuer-damen","status":"publish","type":"product","link":"https:\/\/varsityjacketsllc.com\/ch\/blau-weisse-verkuerzte-varsity-letterman-jacke-fuer-damen\/","title":{"rendered":"Blau-wei\u00dfe, verk\u00fcrzte Varsity-Letterman-Jacke f\u00fcr Damen"},"content":{"rendered":"","protected":false},"excerpt":{"rendered":"","protected":false},"featured_media":119904,"template":"","meta":[],"product_brand":[],"product_cat":[3981,4004,7830,3996],"product_tag":[],"class_list":{"0":"post-119903","1":"product","2":"type-product","3":"status-publish","4":"has-post-thumbnail","6":"product_cat-alle-jacken","7":"product_cat-blaue-varsity-jacken","8":"product_cat-damen-varsity-jacken","9":"product_cat-gekuerzte-varsity-jacken","10":"tm-has-options","12":"first","13":"instock","14":"sale","15":"shipping-taxable","16":"purchasable","17":"product-type-simple"},"_links":{"self":[{"href":"https:\/\/varsityjacketsllc.com\/ch\/wp-json\/wp\/v2\/product\/119903","targetHints":{"allow":["GET"]}}],"collection":[{"href":"https:\/\/varsityjacketsllc.com\/ch\/wp-json\/wp\/v2\/product"}],"about":[{"href":"https:\/\/varsityjacketsllc.com\/ch\/wp-json\/wp\/v2\/types\/product"}],"version-history":[{"count":1,"href":"https:\/\/varsityjacketsllc.com\/ch\/wp-json\/wp\/v2\/product\/119903\/revisions"}],"predecessor-version":[{"id":199246,"href":"https:\/\/varsityjacketsllc.com\/ch\/wp-json\/wp\/v2\/product\/119903\/revisions\/199246"}],"wp:featuredmedia":[{"embeddable":true,"href":"https:\/\/varsityjacketsllc.com\/ch\/wp-json\/wp\/v2\/media\/119904"}],"wp:attachment":[{"href":"https:\/\/varsityjacketsllc.com\/ch\/wp-json\/wp\/v2\/media?parent=119903"}],"wp:term":[{"taxonomy":"product_brand","embeddable":true,"href":"https:\/\/varsityjacketsllc.com\/ch\/wp-json\/wp\/v2\/product_brand?post=119903"},{"taxonomy":"product_cat","embeddable":true,"href":"https:\/\/varsityjacketsllc.com\/ch\/wp-json\/wp\/v2\/product_cat?post=119903"},{"taxonomy":"product_tag","embeddable":true,"href":"https:\/\/varsityjacketsllc.com\/ch\/wp-json\/wp\/v2\/product_tag?post=119903"}],"curies":[{"name":"wp","href":"https:\/\/api.w.org\/{rel}","templated":true}]}}