{"id":97125,"date":"2021-12-10T17:16:24","date_gmt":"2021-12-10T17:16:24","guid":{"rendered":"https:\/\/varsityjacketsllc.com\/zasady-ochrany-osobnich-udaju\/"},"modified":"2024-02-22T08:56:55","modified_gmt":"2024-02-22T08:56:55","slug":"zasady-ochrany-osobnich-udaju","status":"publish","type":"page","link":"https:\/\/varsityjacketsllc.com\/cs\/zasady-ochrany-osobnich-udaju\/","title":{"rendered":"Z\u00e1sady ochrany osobn\u00edch \u00fadaj\u016f"},"content":{"rendered":"\t\t<div data-elementor-type=\"wp-page\" data-elementor-id=\"97125\" class=\"elementor elementor-97125 elementor-3\">\n\t\t\t\t\t\t<section class=\"wd-negative-gap elementor-section elementor-top-section elementor-element elementor-element-573d603 elementor-section-boxed elementor-section-height-default elementor-section-height-default\" data-id=\"573d603\" data-element_type=\"section\" data-e-type=\"section\">\n\t\t\t\t\t\t<div class=\"elementor-container elementor-column-gap-default\">\n\t\t\t\t\t<div class=\"elementor-column elementor-col-33 elementor-top-column elementor-element elementor-element-45febf7\" data-id=\"45febf7\" data-element_type=\"column\" data-e-type=\"column\">\n\t\t\t<div class=\"elementor-widget-wrap\">\n\t\t\t\t\t\t\t<\/div>\n\t\t<\/div>\n\t\t\t\t<div class=\"elementor-column elementor-col-33 elementor-top-column elementor-element elementor-element-b187ef2\" data-id=\"b187ef2\" data-element_type=\"column\" data-e-type=\"column\">\n\t\t\t<div class=\"elementor-widget-wrap elementor-element-populated\">\n\t\t\t\t\t\t<div class=\"elementor-element elementor-element-8fd24df wd-width-100 elementor-widget elementor-widget-wd_title\" data-id=\"8fd24df\" data-element_type=\"widget\" data-e-type=\"widget\" data-widget_type=\"wd_title.default\">\n\t\t\t\t<div class=\"elementor-widget-container\">\n\t\t\t\t\t\t\t<div class=\"title-wrapper wd-set-mb reset-last-child wd-title-color-default wd-title-style-default wd-title-size-default text-center\">\n\n\t\t\t\n\t\t\t<div class=\"liner-continer\">\n\t\t\t\t<h1 class=\"woodmart-title-container title wd-fontsize-l\">Z\u00e1sady ochrany osobn\u00edch \u00fadaj\u016f<\/h1> \n\t\t\t\t\t\t\t<\/div>\n\n\t\t\t\t\t<\/div>\n\t\t\t\t\t\t<\/div>\n\t\t\t\t<\/div>\n\t\t\t\t<div class=\"elementor-element elementor-element-c76b6e3 wd-width-100 elementor-widget elementor-widget-wd_title\" data-id=\"c76b6e3\" data-element_type=\"widget\" data-e-type=\"widget\" data-widget_type=\"wd_title.default\">\n\t\t\t\t<div class=\"elementor-widget-container\">\n\t\t\t\t\t\t\t<div class=\"title-wrapper wd-set-mb reset-last-child wd-title-color-default wd-title-style-default wd-title-size-default text-left\">\n\n\t\t\t\n\t\t\t<div class=\"liner-continer\">\n\t\t\t\t<h1 class=\"woodmart-title-container title wd-fontsize-l\"><\/h1> \n\t\t\t\t\t\t\t<\/div>\n\n\t\t\t\t\t\t\t<div class=\"title-after_title reset-last-child wd-fontsize-xs\">\n\t\t\t\t\t<p><span style=\"font-weight: 400\">Ve zna\u010dce The Varsity Jacket jsme odhodl\u00e1ni chr\u00e1nit soukrom\u00ed na\u0161ich z\u00e1kazn\u00edk\u016f a zajistit, aby jejich osobn\u00ed \u00fadaje byly uchov\u00e1v\u00e1ny v bezpe\u010d\u00ed. Abychom na\u0161im z\u00e1kazn\u00edk\u016fm poskytli co nejlep\u0161\u00ed z\u00e1\u017eitek, m\u016f\u017eeme od nich shroma\u017e\u010fovat ur\u010dit\u00e9 osobn\u00ed \u00fadaje, kdy\u017e nav\u0161t\u00edv\u00ed na\u0161e webov\u00e9 str\u00e1nky nebo u n\u00e1s nakoup\u00ed. Tyto z\u00e1sady ochrany osobn\u00edch \u00fadaj\u016f popisuj\u00ed typy osobn\u00edch \u00fadaj\u016f, kter\u00e9 shroma\u017e\u010fujeme, jak je pou\u017e\u00edv\u00e1me a jak\u00e9 kroky podnik\u00e1me k jejich ochran\u011b.<\/span><\/p>\t\t\t\t<\/div>\n\t\t\t\t\t<\/div>\n\t\t\t\t\t\t<\/div>\n\t\t\t\t<\/div>\n\t\t\t\t<div class=\"elementor-element elementor-element-bf03964 wd-width-100 elementor-widget elementor-widget-wd_title\" data-id=\"bf03964\" data-element_type=\"widget\" data-e-type=\"widget\" data-widget_type=\"wd_title.default\">\n\t\t\t\t<div class=\"elementor-widget-container\">\n\t\t\t\t\t\t\t<div class=\"title-wrapper wd-set-mb reset-last-child wd-title-color-default wd-title-style-default wd-title-size-default text-left\">\n\n\t\t\t\n\t\t\t<div class=\"liner-continer\">\n\t\t\t\t<h1 class=\"woodmart-title-container title wd-fontsize-l\">Typy osobn\u00edch \u00fadaj\u016f, kter\u00e9 shroma\u017e\u010fujeme:<\/h1> \n\t\t\t\t\t\t\t<\/div>\n\n\t\t\t\t\t\t\t<div class=\"title-after_title reset-last-child wd-fontsize-xs\">\n\t\t\t\t\t<p><span style=\"font-weight: 400\"><strong>Kontaktn\u00ed informace:<\/strong> M\u016f\u017eeme shroma\u017e\u010fovat osobn\u00ed \u00fadaje, jako je va\u0161e jm\u00e9no, e-mailov\u00e1 adresa a telefonn\u00ed \u010d\u00edslo, abychom v\u00e1s mohli kontaktovat s aktualizacemi nebo odpov\u011bd\u011bt na va\u0161e dotazy. <\/span><\/p><p><span style=\"font-weight: 400\"><strong>Informace o platb\u011b:<\/strong> Kdy\u017e u n\u00e1s nakoup\u00edte, m\u016f\u017eeme za \u00fa\u010delem zpracov\u00e1n\u00ed va\u0161\u00ed transakce shroma\u017e\u010fovat platebn\u00ed \u00fadaje, jako je \u010d\u00edslo va\u0161\u00ed kreditn\u00ed karty nebo jin\u00e9 finan\u010dn\u00ed \u00fadaje.<\/span><\/p><p><span style=\"font-weight: 400\"><strong>Demografick\u00e1 informace:<\/strong> M\u016f\u017eeme shroma\u017e\u010fovat informace, jako je v\u00e1\u0161 v\u011bk, pohlav\u00ed a poloha, abychom l\u00e9pe porozum\u011bli na\u0161\u00ed z\u00e1kaznick\u00e9 z\u00e1kladn\u011b a p\u0159izp\u016fsobili na\u0161e produkty a slu\u017eby va\u0161im pot\u0159eb\u00e1m.<\/span><\/p><p><span style=\"font-weight: 400\"><strong>\u00dadaje o vyu\u017eit\u00ed:<\/strong> M\u016f\u017eeme shroma\u017e\u010fovat informace o tom, jak pou\u017e\u00edv\u00e1te na\u0161e webov\u00e9 str\u00e1nky a slu\u017eby, v\u010detn\u011b str\u00e1nek, kter\u00e9 nav\u0161t\u011bvujete, a produkt\u016f, kter\u00e9 si zakoup\u00edte.<\/span><\/p>\t\t\t\t<\/div>\n\t\t\t\t\t<\/div>\n\t\t\t\t\t\t<\/div>\n\t\t\t\t<\/div>\n\t\t\t\t<div class=\"elementor-element elementor-element-8cca0ee wd-width-100 elementor-widget elementor-widget-wd_title\" data-id=\"8cca0ee\" data-element_type=\"widget\" data-e-type=\"widget\" data-widget_type=\"wd_title.default\">\n\t\t\t\t<div class=\"elementor-widget-container\">\n\t\t\t\t\t\t\t<div class=\"title-wrapper wd-set-mb reset-last-child wd-title-color-default wd-title-style-default wd-title-size-default text-left\">\n\n\t\t\t\n\t\t\t<div class=\"liner-continer\">\n\t\t\t\t<h1 class=\"woodmart-title-container title wd-fontsize-l\">Jak pou\u017e\u00edv\u00e1me va\u0161e osobn\u00ed \u00fadaje:<\/h1> \n\t\t\t\t\t\t\t<\/div>\n\n\t\t\t\t\t\t\t<div class=\"title-after_title reset-last-child wd-fontsize-xs\">\n\t\t\t\t\t<p><span style=\"font-weight: 400\"><strong>K poskytov\u00e1n\u00ed na\u0161ich produkt\u016f a slu\u017eeb:<\/strong> Va\u0161e osobn\u00ed \u00fadaje pou\u017e\u00edv\u00e1me k pln\u011bn\u00ed objedn\u00e1vek, zpracov\u00e1n\u00ed plateb a komunikaci s v\u00e1mi o va\u0161ich n\u00e1kupech.<\/span><\/p><p><span style=\"font-weight: 400\"><strong>Chcete-li zlep\u0161it na\u0161e produkty a slu\u017eby:<\/strong> M\u016f\u017eeme pou\u017e\u00edt va\u0161e osobn\u00ed \u00fadaje, abychom porozum\u011bli va\u0161im preferenc\u00edm a zlep\u0161ili na\u0161e produkty a slu\u017eby, aby l\u00e9pe vyhovovaly va\u0161im pot\u0159eb\u00e1m.<\/span><\/p><p><span style=\"font-weight: 400\"><strong>P\u0159izp\u016fsoben\u00ed prost\u0159ed\u00ed:<\/strong> Va\u0161e osobn\u00ed \u00fadaje m\u016f\u017eeme pou\u017e\u00edt k p\u0159izp\u016fsoben\u00ed obsahu a marketingov\u00fdch zpr\u00e1v, kter\u00e9 od n\u00e1s dost\u00e1v\u00e1te, na z\u00e1klad\u011b va\u0161ich z\u00e1jm\u016f a preferenc\u00ed.<\/span><\/p><p><span style=\"font-weight: 400\"><strong>Na ochranu p\u0159ed podvody:<\/strong> Va\u0161e osobn\u00ed \u00fadaje m\u016f\u017eeme pou\u017e\u00edt k prevenci, odhalov\u00e1n\u00ed a vy\u0161et\u0159ov\u00e1n\u00ed podvodn\u00fdch aktivit.<\/span><\/p>\t\t\t\t<\/div>\n\t\t\t\t\t<\/div>\n\t\t\t\t\t\t<\/div>\n\t\t\t\t<\/div>\n\t\t\t\t<div class=\"elementor-element elementor-element-1208636 wd-width-100 elementor-widget elementor-widget-wd_title\" data-id=\"1208636\" data-element_type=\"widget\" data-e-type=\"widget\" data-widget_type=\"wd_title.default\">\n\t\t\t\t<div class=\"elementor-widget-container\">\n\t\t\t\t\t\t\t<div class=\"title-wrapper wd-set-mb reset-last-child wd-title-color-default wd-title-style-default wd-title-size-default text-left\">\n\n\t\t\t\n\t\t\t<div class=\"liner-continer\">\n\t\t\t\t<h1 class=\"woodmart-title-container title wd-fontsize-l\">Ochrana va\u0161ich osobn\u00edch \u00fadaj\u016f:<\/h1> \n\t\t\t\t\t\t\t<\/div>\n\n\t\t\t\t\t\t\t<div class=\"title-after_title reset-last-child wd-fontsize-xs\">\n\t\t\t\t\t<p><span style=\"font-weight: 400\">P\u0159ij\u00edm\u00e1me vhodn\u00e1 bezpe\u010dnostn\u00ed opat\u0159en\u00ed, abychom chr\u00e1nili va\u0161e osobn\u00ed \u00fadaje p\u0159ed neopr\u00e1vn\u011bn\u00fdm p\u0159\u00edstupem, pou\u017eit\u00edm nebo zve\u0159ejn\u011bn\u00edm.<\/span><\/p><br \/>\n<p><span style=\"font-weight: 400\">Pou\u017e\u00edv\u00e1me zabezpe\u010den\u00e9 servery a \u0161ifrovac\u00ed technologie k ochran\u011b va\u0161ich osobn\u00edch \u00fadaj\u016f p\u0159i jejich p\u0159enosu p\u0159es internet.<\/span><\/p>\t\t\t\t<\/div>\n\t\t\t\t\t<\/div>\n\t\t\t\t\t\t<\/div>\n\t\t\t\t<\/div>\n\t\t\t\t\t<\/div>\n\t\t<\/div>\n\t\t\t\t<div class=\"elementor-column elementor-col-33 elementor-top-column elementor-element elementor-element-3716fcc\" data-id=\"3716fcc\" data-element_type=\"column\" data-e-type=\"column\">\n\t\t\t<div class=\"elementor-widget-wrap\">\n\t\t\t\t\t\t\t<\/div>\n\t\t<\/div>\n\t\t\t\t\t<\/div>\n\t\t<\/section>\n\t\t\t\t<\/div>\n\t\t","protected":false},"excerpt":{"rendered":"<p>Z\u00e1sady ochrany osobn\u00edch \u00fadaj\u016f Ve zna\u010dce The Varsity Jacket jsme odhodl\u00e1ni chr\u00e1nit soukrom\u00ed na\u0161ich z\u00e1kazn\u00edk\u016f a zajistit, aby jejich osobn\u00ed<\/p>\n","protected":false},"author":43,"featured_media":0,"parent":0,"menu_order":0,"comment_status":"closed","ping_status":"closed","template":"","meta":{"footnotes":""},"class_list":["post-97125","page","type-page","status-publish","hentry"],"_links":{"self":[{"href":"https:\/\/varsityjacketsllc.com\/cs\/wp-json\/wp\/v2\/pages\/97125","targetHints":{"allow":["GET"]}}],"collection":[{"href":"https:\/\/varsityjacketsllc.com\/cs\/wp-json\/wp\/v2\/pages"}],"about":[{"href":"https:\/\/varsityjacketsllc.com\/cs\/wp-json\/wp\/v2\/types\/page"}],"author":[{"embeddable":true,"href":"https:\/\/varsityjacketsllc.com\/cs\/wp-json\/wp\/v2\/users\/43"}],"replies":[{"embeddable":true,"href":"https:\/\/varsityjacketsllc.com\/cs\/wp-json\/wp\/v2\/comments?post=97125"}],"version-history":[{"count":0,"href":"https:\/\/varsityjacketsllc.com\/cs\/wp-json\/wp\/v2\/pages\/97125\/revisions"}],"wp:attachment":[{"href":"https:\/\/varsityjacketsllc.com\/cs\/wp-json\/wp\/v2\/media?parent=97125"}],"curies":[{"name":"wp","href":"https:\/\/api.w.org\/{rel}","templated":true}]}}