{"id":199167,"date":"2023-12-30T22:34:40","date_gmt":"2023-12-30T17:34:40","guid":{"rendered":"https:\/\/varsityjacketsllc.com\/kratka-tmave-modra-a-bila-varsity-bunda-pro-zeny\/"},"modified":"2023-12-30T22:34:40","modified_gmt":"2023-12-30T17:34:40","slug":"kratka-tmave-modra-a-bila-varsity-bunda-pro-zeny","status":"publish","type":"product","link":"https:\/\/varsityjacketsllc.com\/cs\/kratka-tmave-modra-a-bila-varsity-bunda-pro-zeny\/","title":{"rendered":"Kr\u00e1tk\u00e1 tmav\u011b modr\u00e1 a b\u00edl\u00e1 varsity bunda pro \u017eeny<br>"},"content":{"rendered":"","protected":false},"excerpt":{"rendered":"","protected":false},"featured_media":199168,"template":"","meta":[],"product_brand":[],"product_cat":[1176,386,7837,1110],"product_tag":[],"class_list":{"0":"post-199167","1":"product","2":"type-product","3":"status-publish","4":"has-post-thumbnail","6":"product_cat-tmave-modre-varsity-bundy","7":"product_cat-vsechny-kabaty","8":"product_cat-damske-varsity-bundy","9":"product_cat-zkracene-varsity-bundy","10":"tm-has-options","12":"first","13":"instock","14":"sale","15":"shipping-taxable","16":"purchasable","17":"product-type-simple"},"_links":{"self":[{"href":"https:\/\/varsityjacketsllc.com\/cs\/wp-json\/wp\/v2\/product\/199167","targetHints":{"allow":["GET"]}}],"collection":[{"href":"https:\/\/varsityjacketsllc.com\/cs\/wp-json\/wp\/v2\/product"}],"about":[{"href":"https:\/\/varsityjacketsllc.com\/cs\/wp-json\/wp\/v2\/types\/product"}],"version-history":[{"count":0,"href":"https:\/\/varsityjacketsllc.com\/cs\/wp-json\/wp\/v2\/product\/199167\/revisions"}],"wp:featuredmedia":[{"embeddable":true,"href":"https:\/\/varsityjacketsllc.com\/cs\/wp-json\/wp\/v2\/media\/199168"}],"wp:attachment":[{"href":"https:\/\/varsityjacketsllc.com\/cs\/wp-json\/wp\/v2\/media?parent=199167"}],"wp:term":[{"taxonomy":"product_brand","embeddable":true,"href":"https:\/\/varsityjacketsllc.com\/cs\/wp-json\/wp\/v2\/product_brand?post=199167"},{"taxonomy":"product_cat","embeddable":true,"href":"https:\/\/varsityjacketsllc.com\/cs\/wp-json\/wp\/v2\/product_cat?post=199167"},{"taxonomy":"product_tag","embeddable":true,"href":"https:\/\/varsityjacketsllc.com\/cs\/wp-json\/wp\/v2\/product_tag?post=199167"}],"curies":[{"name":"wp","href":"https:\/\/api.w.org\/{rel}","templated":true}]}}