{"id":203930,"date":"2023-12-27T18:49:11","date_gmt":"2023-12-27T13:49:11","guid":{"rendered":"https:\/\/varsityjacketsllc.com\/morkebla-og-gra-varsity-letterman-jakke-med-haette\/"},"modified":"2024-12-31T17:45:35","modified_gmt":"2024-12-31T12:45:35","slug":"morkebla-og-gra-varsity-letterman-jakke-med-haette","status":"publish","type":"product","link":"https:\/\/varsityjacketsllc.com\/cs\/morkebla-og-gra-varsity-letterman-jakke-med-haette\/","title":{"rendered":"M\u00f8rkebl\u00e5 og gr\u00e5 varsity-letterman-jakke med h\u00e6tte<br>"},"content":{"rendered":"","protected":false},"excerpt":{"rendered":"","protected":false},"featured_media":203931,"template":"","meta":[],"product_brand":[],"product_cat":[1821,1176,386,7837],"product_tag":[],"class_list":{"0":"post-203930","1":"product","2":"type-product","3":"status-publish","4":"has-post-thumbnail","6":"product_cat-panske-varsity-bundy","7":"product_cat-tmave-modre-varsity-bundy","8":"product_cat-vsechny-kabaty","9":"product_cat-damske-varsity-bundy","10":"tm-no-options","12":"first","13":"instock","14":"sale","15":"shipping-taxable","16":"purchasable","17":"product-type-simple"},"_links":{"self":[{"href":"https:\/\/varsityjacketsllc.com\/cs\/wp-json\/wp\/v2\/product\/203930","targetHints":{"allow":["GET"]}}],"collection":[{"href":"https:\/\/varsityjacketsllc.com\/cs\/wp-json\/wp\/v2\/product"}],"about":[{"href":"https:\/\/varsityjacketsllc.com\/cs\/wp-json\/wp\/v2\/types\/product"}],"version-history":[{"count":1,"href":"https:\/\/varsityjacketsllc.com\/cs\/wp-json\/wp\/v2\/product\/203930\/revisions"}],"predecessor-version":[{"id":203951,"href":"https:\/\/varsityjacketsllc.com\/cs\/wp-json\/wp\/v2\/product\/203930\/revisions\/203951"}],"wp:featuredmedia":[{"embeddable":true,"href":"https:\/\/varsityjacketsllc.com\/cs\/wp-json\/wp\/v2\/media\/203931"}],"wp:attachment":[{"href":"https:\/\/varsityjacketsllc.com\/cs\/wp-json\/wp\/v2\/media?parent=203930"}],"wp:term":[{"taxonomy":"product_brand","embeddable":true,"href":"https:\/\/varsityjacketsllc.com\/cs\/wp-json\/wp\/v2\/product_brand?post=203930"},{"taxonomy":"product_cat","embeddable":true,"href":"https:\/\/varsityjacketsllc.com\/cs\/wp-json\/wp\/v2\/product_cat?post=203930"},{"taxonomy":"product_tag","embeddable":true,"href":"https:\/\/varsityjacketsllc.com\/cs\/wp-json\/wp\/v2\/product_tag?post=203930"}],"curies":[{"name":"wp","href":"https:\/\/api.w.org\/{rel}","templated":true}]}}