{"id":204009,"date":"2023-12-27T18:44:39","date_gmt":"2023-12-27T13:44:39","guid":{"rendered":"https:\/\/varsityjacketsllc.com\/tmave-modra-a-smetanova-varsity-letterman-bunda-s-kapuci\/"},"modified":"2023-12-27T18:44:39","modified_gmt":"2023-12-27T13:44:39","slug":"tmave-modra-a-smetanova-varsity-letterman-bunda-s-kapuci","status":"publish","type":"product","link":"https:\/\/varsityjacketsllc.com\/cs\/tmave-modra-a-smetanova-varsity-letterman-bunda-s-kapuci\/","title":{"rendered":"Tmav\u011b modr\u00e1 a smetanov\u00e1 varsity letterman bunda s kapuc\u00ed<br>"},"content":{"rendered":"","protected":false},"excerpt":{"rendered":"","protected":false},"featured_media":204010,"template":"","meta":[],"product_brand":[],"product_cat":[1821,1176,386,7837],"product_tag":[],"class_list":{"0":"post-204009","1":"product","2":"type-product","3":"status-publish","4":"has-post-thumbnail","6":"product_cat-panske-varsity-bundy","7":"product_cat-tmave-modre-varsity-bundy","8":"product_cat-vsechny-kabaty","9":"product_cat-damske-varsity-bundy","10":"tm-no-options","12":"first","13":"instock","14":"sale","15":"shipping-taxable","16":"purchasable","17":"product-type-simple"},"_links":{"self":[{"href":"https:\/\/varsityjacketsllc.com\/cs\/wp-json\/wp\/v2\/product\/204009","targetHints":{"allow":["GET"]}}],"collection":[{"href":"https:\/\/varsityjacketsllc.com\/cs\/wp-json\/wp\/v2\/product"}],"about":[{"href":"https:\/\/varsityjacketsllc.com\/cs\/wp-json\/wp\/v2\/types\/product"}],"version-history":[{"count":0,"href":"https:\/\/varsityjacketsllc.com\/cs\/wp-json\/wp\/v2\/product\/204009\/revisions"}],"wp:featuredmedia":[{"embeddable":true,"href":"https:\/\/varsityjacketsllc.com\/cs\/wp-json\/wp\/v2\/media\/204010"}],"wp:attachment":[{"href":"https:\/\/varsityjacketsllc.com\/cs\/wp-json\/wp\/v2\/media?parent=204009"}],"wp:term":[{"taxonomy":"product_brand","embeddable":true,"href":"https:\/\/varsityjacketsllc.com\/cs\/wp-json\/wp\/v2\/product_brand?post=204009"},{"taxonomy":"product_cat","embeddable":true,"href":"https:\/\/varsityjacketsllc.com\/cs\/wp-json\/wp\/v2\/product_cat?post=204009"},{"taxonomy":"product_tag","embeddable":true,"href":"https:\/\/varsityjacketsllc.com\/cs\/wp-json\/wp\/v2\/product_tag?post=204009"}],"curies":[{"name":"wp","href":"https:\/\/api.w.org\/{rel}","templated":true}]}}