{"id":204052,"date":"2023-12-27T18:42:12","date_gmt":"2023-12-27T13:42:12","guid":{"rendered":"https:\/\/varsityjacketsllc.com\/tmave-modra-a-bila-varsity-letterman-bunda-s-kapuci\/"},"modified":"2023-12-27T18:42:12","modified_gmt":"2023-12-27T13:42:12","slug":"tmave-modra-a-bila-varsity-letterman-bunda-s-kapuci","status":"publish","type":"product","link":"https:\/\/varsityjacketsllc.com\/cs\/tmave-modra-a-bila-varsity-letterman-bunda-s-kapuci\/","title":{"rendered":"Tmav\u011b modr\u00e1 a b\u00edl\u00e1 varsity Letterman bunda s kapuc\u00ed<br>"},"content":{"rendered":"","protected":false},"excerpt":{"rendered":"","protected":false},"featured_media":204053,"template":"","meta":[],"product_brand":[],"product_cat":[1955,1821,1176,386,7837],"product_tag":[],"class_list":{"0":"post-204052","1":"product","2":"type-product","3":"status-publish","4":"has-post-thumbnail","6":"product_cat-bundy-michigan-varsity","7":"product_cat-panske-varsity-bundy","8":"product_cat-tmave-modre-varsity-bundy","9":"product_cat-vsechny-kabaty","10":"product_cat-damske-varsity-bundy","11":"tm-no-options","13":"first","14":"instock","15":"sale","16":"shipping-taxable","17":"purchasable","18":"product-type-simple"},"_links":{"self":[{"href":"https:\/\/varsityjacketsllc.com\/cs\/wp-json\/wp\/v2\/product\/204052","targetHints":{"allow":["GET"]}}],"collection":[{"href":"https:\/\/varsityjacketsllc.com\/cs\/wp-json\/wp\/v2\/product"}],"about":[{"href":"https:\/\/varsityjacketsllc.com\/cs\/wp-json\/wp\/v2\/types\/product"}],"version-history":[{"count":0,"href":"https:\/\/varsityjacketsllc.com\/cs\/wp-json\/wp\/v2\/product\/204052\/revisions"}],"wp:featuredmedia":[{"embeddable":true,"href":"https:\/\/varsityjacketsllc.com\/cs\/wp-json\/wp\/v2\/media\/204053"}],"wp:attachment":[{"href":"https:\/\/varsityjacketsllc.com\/cs\/wp-json\/wp\/v2\/media?parent=204052"}],"wp:term":[{"taxonomy":"product_brand","embeddable":true,"href":"https:\/\/varsityjacketsllc.com\/cs\/wp-json\/wp\/v2\/product_brand?post=204052"},{"taxonomy":"product_cat","embeddable":true,"href":"https:\/\/varsityjacketsllc.com\/cs\/wp-json\/wp\/v2\/product_cat?post=204052"},{"taxonomy":"product_tag","embeddable":true,"href":"https:\/\/varsityjacketsllc.com\/cs\/wp-json\/wp\/v2\/product_tag?post=204052"}],"curies":[{"name":"wp","href":"https:\/\/api.w.org\/{rel}","templated":true}]}}