{"id":204404,"date":"2023-12-27T17:58:27","date_gmt":"2023-12-27T12:58:27","guid":{"rendered":"https:\/\/varsityjacketsllc.com\/tmave-modra-a-bila-varsity-letterman-bunda\/"},"modified":"2023-12-27T17:58:27","modified_gmt":"2023-12-27T12:58:27","slug":"tmave-modra-a-bila-varsity-letterman-bunda","status":"publish","type":"product","link":"https:\/\/varsityjacketsllc.com\/cs\/tmave-modra-a-bila-varsity-letterman-bunda\/","title":{"rendered":"Tmav\u011b modr\u00e1 a b\u00edl\u00e1 varsity-letterman bunda<br>"},"content":{"rendered":"","protected":false},"excerpt":{"rendered":"","protected":false},"featured_media":204405,"template":"","meta":[],"product_brand":[],"product_cat":[1821,1176,386,7837],"product_tag":[],"class_list":{"0":"post-204404","1":"product","2":"type-product","3":"status-publish","4":"has-post-thumbnail","6":"product_cat-panske-varsity-bundy","7":"product_cat-tmave-modre-varsity-bundy","8":"product_cat-vsechny-kabaty","9":"product_cat-damske-varsity-bundy","10":"tm-no-options","12":"first","13":"instock","14":"sale","15":"shipping-taxable","16":"purchasable","17":"product-type-simple"},"_links":{"self":[{"href":"https:\/\/varsityjacketsllc.com\/cs\/wp-json\/wp\/v2\/product\/204404","targetHints":{"allow":["GET"]}}],"collection":[{"href":"https:\/\/varsityjacketsllc.com\/cs\/wp-json\/wp\/v2\/product"}],"about":[{"href":"https:\/\/varsityjacketsllc.com\/cs\/wp-json\/wp\/v2\/types\/product"}],"version-history":[{"count":0,"href":"https:\/\/varsityjacketsllc.com\/cs\/wp-json\/wp\/v2\/product\/204404\/revisions"}],"wp:featuredmedia":[{"embeddable":true,"href":"https:\/\/varsityjacketsllc.com\/cs\/wp-json\/wp\/v2\/media\/204405"}],"wp:attachment":[{"href":"https:\/\/varsityjacketsllc.com\/cs\/wp-json\/wp\/v2\/media?parent=204404"}],"wp:term":[{"taxonomy":"product_brand","embeddable":true,"href":"https:\/\/varsityjacketsllc.com\/cs\/wp-json\/wp\/v2\/product_brand?post=204404"},{"taxonomy":"product_cat","embeddable":true,"href":"https:\/\/varsityjacketsllc.com\/cs\/wp-json\/wp\/v2\/product_cat?post=204404"},{"taxonomy":"product_tag","embeddable":true,"href":"https:\/\/varsityjacketsllc.com\/cs\/wp-json\/wp\/v2\/product_tag?post=204404"}],"curies":[{"name":"wp","href":"https:\/\/api.w.org\/{rel}","templated":true}]}}