{"id":204620,"date":"2023-12-27T17:34:10","date_gmt":"2023-12-27T12:34:10","guid":{"rendered":"https:\/\/varsityjacketsllc.com\/modra-a-seda-varsity-letterman-bunda-limec-byron\/"},"modified":"2025-01-01T00:54:08","modified_gmt":"2024-12-31T19:54:08","slug":"modra-a-seda-varsity-letterman-bunda-limec-byron","status":"publish","type":"product","link":"https:\/\/varsityjacketsllc.com\/cs\/modra-a-seda-varsity-letterman-bunda-limec-byron\/","title":{"rendered":"Modr\u00e1 a \u0161ed\u00e1 varsity letterman bunda, l\u00edmec Byron<br> <br>"},"content":{"rendered":"","protected":false},"excerpt":{"rendered":"","protected":false},"featured_media":204621,"template":"","meta":[],"product_brand":[],"product_cat":[703,1821,386,7837],"product_tag":[],"class_list":{"0":"post-204620","1":"product","2":"type-product","3":"status-publish","4":"has-post-thumbnail","6":"product_cat-modre-dresove-bundy","7":"product_cat-panske-varsity-bundy","8":"product_cat-vsechny-kabaty","9":"product_cat-damske-varsity-bundy","10":"tm-no-options","12":"first","13":"instock","14":"sale","15":"shipping-taxable","16":"purchasable","17":"product-type-simple"},"_links":{"self":[{"href":"https:\/\/varsityjacketsllc.com\/cs\/wp-json\/wp\/v2\/product\/204620","targetHints":{"allow":["GET"]}}],"collection":[{"href":"https:\/\/varsityjacketsllc.com\/cs\/wp-json\/wp\/v2\/product"}],"about":[{"href":"https:\/\/varsityjacketsllc.com\/cs\/wp-json\/wp\/v2\/types\/product"}],"version-history":[{"count":1,"href":"https:\/\/varsityjacketsllc.com\/cs\/wp-json\/wp\/v2\/product\/204620\/revisions"}],"predecessor-version":[{"id":204640,"href":"https:\/\/varsityjacketsllc.com\/cs\/wp-json\/wp\/v2\/product\/204620\/revisions\/204640"}],"wp:featuredmedia":[{"embeddable":true,"href":"https:\/\/varsityjacketsllc.com\/cs\/wp-json\/wp\/v2\/media\/204621"}],"wp:attachment":[{"href":"https:\/\/varsityjacketsllc.com\/cs\/wp-json\/wp\/v2\/media?parent=204620"}],"wp:term":[{"taxonomy":"product_brand","embeddable":true,"href":"https:\/\/varsityjacketsllc.com\/cs\/wp-json\/wp\/v2\/product_brand?post=204620"},{"taxonomy":"product_cat","embeddable":true,"href":"https:\/\/varsityjacketsllc.com\/cs\/wp-json\/wp\/v2\/product_cat?post=204620"},{"taxonomy":"product_tag","embeddable":true,"href":"https:\/\/varsityjacketsllc.com\/cs\/wp-json\/wp\/v2\/product_tag?post=204620"}],"curies":[{"name":"wp","href":"https:\/\/api.w.org\/{rel}","templated":true}]}}