{"id":204650,"date":"2023-12-27T17:31:38","date_gmt":"2023-12-27T12:31:38","guid":{"rendered":"https:\/\/varsityjacketsllc.com\/modra-a-cerna-varsity-letterman-bunda-s-limcem-byron\/"},"modified":"2023-12-27T17:31:38","modified_gmt":"2023-12-27T12:31:38","slug":"modra-a-cerna-varsity-letterman-bunda-s-limcem-byron","status":"publish","type":"product","link":"https:\/\/varsityjacketsllc.com\/cs\/modra-a-cerna-varsity-letterman-bunda-s-limcem-byron\/","title":{"rendered":"Modr\u00e1 a \u010dern\u00e1 varsity letterman bunda s l\u00edmcem Byron<br>"},"content":{"rendered":"","protected":false},"excerpt":{"rendered":"","protected":false},"featured_media":204651,"template":"","meta":[],"product_brand":[],"product_cat":[703,1821,386,7837],"product_tag":[],"class_list":{"0":"post-204650","1":"product","2":"type-product","3":"status-publish","4":"has-post-thumbnail","6":"product_cat-modre-dresove-bundy","7":"product_cat-panske-varsity-bundy","8":"product_cat-vsechny-kabaty","9":"product_cat-damske-varsity-bundy","10":"tm-no-options","12":"first","13":"instock","14":"sale","15":"shipping-taxable","16":"purchasable","17":"product-type-simple"},"_links":{"self":[{"href":"https:\/\/varsityjacketsllc.com\/cs\/wp-json\/wp\/v2\/product\/204650","targetHints":{"allow":["GET"]}}],"collection":[{"href":"https:\/\/varsityjacketsllc.com\/cs\/wp-json\/wp\/v2\/product"}],"about":[{"href":"https:\/\/varsityjacketsllc.com\/cs\/wp-json\/wp\/v2\/types\/product"}],"version-history":[{"count":0,"href":"https:\/\/varsityjacketsllc.com\/cs\/wp-json\/wp\/v2\/product\/204650\/revisions"}],"wp:featuredmedia":[{"embeddable":true,"href":"https:\/\/varsityjacketsllc.com\/cs\/wp-json\/wp\/v2\/media\/204651"}],"wp:attachment":[{"href":"https:\/\/varsityjacketsllc.com\/cs\/wp-json\/wp\/v2\/media?parent=204650"}],"wp:term":[{"taxonomy":"product_brand","embeddable":true,"href":"https:\/\/varsityjacketsllc.com\/cs\/wp-json\/wp\/v2\/product_brand?post=204650"},{"taxonomy":"product_cat","embeddable":true,"href":"https:\/\/varsityjacketsllc.com\/cs\/wp-json\/wp\/v2\/product_cat?post=204650"},{"taxonomy":"product_tag","embeddable":true,"href":"https:\/\/varsityjacketsllc.com\/cs\/wp-json\/wp\/v2\/product_tag?post=204650"}],"curies":[{"name":"wp","href":"https:\/\/api.w.org\/{rel}","templated":true}]}}