{"id":204737,"date":"2023-12-27T17:17:51","date_gmt":"2023-12-27T12:17:51","guid":{"rendered":"https:\/\/varsityjacketsllc.com\/modro-bila-varsity-letterman-bunda-s-limcem-byron\/"},"modified":"2025-01-01T12:58:04","modified_gmt":"2025-01-01T07:58:04","slug":"modro-bila-varsity-letterman-bunda-s-limcem-byron","status":"publish","type":"product","link":"https:\/\/varsityjacketsllc.com\/cs\/modro-bila-varsity-letterman-bunda-s-limcem-byron\/","title":{"rendered":"Modro-b\u00edl\u00e1 varsity letterman bunda s l\u00edmcem Byron<br>"},"content":{"rendered":"","protected":false},"excerpt":{"rendered":"","protected":false},"featured_media":204738,"template":"","meta":[],"product_brand":[],"product_cat":[1821,669,386,7837],"product_tag":[],"class_list":{"0":"post-204737","1":"product","2":"type-product","3":"status-publish","4":"has-post-thumbnail","6":"product_cat-panske-varsity-bundy","7":"product_cat-prazdne-varsity-bundy","8":"product_cat-vsechny-kabaty","9":"product_cat-damske-varsity-bundy","10":"tm-no-options","12":"first","13":"instock","14":"sale","15":"shipping-taxable","16":"purchasable","17":"product-type-simple"},"_links":{"self":[{"href":"https:\/\/varsityjacketsllc.com\/cs\/wp-json\/wp\/v2\/product\/204737","targetHints":{"allow":["GET"]}}],"collection":[{"href":"https:\/\/varsityjacketsllc.com\/cs\/wp-json\/wp\/v2\/product"}],"about":[{"href":"https:\/\/varsityjacketsllc.com\/cs\/wp-json\/wp\/v2\/types\/product"}],"version-history":[{"count":1,"href":"https:\/\/varsityjacketsllc.com\/cs\/wp-json\/wp\/v2\/product\/204737\/revisions"}],"predecessor-version":[{"id":204757,"href":"https:\/\/varsityjacketsllc.com\/cs\/wp-json\/wp\/v2\/product\/204737\/revisions\/204757"}],"wp:featuredmedia":[{"embeddable":true,"href":"https:\/\/varsityjacketsllc.com\/cs\/wp-json\/wp\/v2\/media\/204738"}],"wp:attachment":[{"href":"https:\/\/varsityjacketsllc.com\/cs\/wp-json\/wp\/v2\/media?parent=204737"}],"wp:term":[{"taxonomy":"product_brand","embeddable":true,"href":"https:\/\/varsityjacketsllc.com\/cs\/wp-json\/wp\/v2\/product_brand?post=204737"},{"taxonomy":"product_cat","embeddable":true,"href":"https:\/\/varsityjacketsllc.com\/cs\/wp-json\/wp\/v2\/product_cat?post=204737"},{"taxonomy":"product_tag","embeddable":true,"href":"https:\/\/varsityjacketsllc.com\/cs\/wp-json\/wp\/v2\/product_tag?post=204737"}],"curies":[{"name":"wp","href":"https:\/\/api.w.org\/{rel}","templated":true}]}}