{"id":205029,"date":"2023-12-27T17:09:42","date_gmt":"2023-12-27T12:09:42","guid":{"rendered":"https:\/\/varsityjacketsllc.com\/modra-a-cerna-varsity-bunda\/"},"modified":"2025-01-01T13:21:42","modified_gmt":"2025-01-01T08:21:42","slug":"modra-a-cerna-varsity-bunda","status":"publish","type":"product","link":"https:\/\/varsityjacketsllc.com\/cs\/modra-a-cerna-varsity-bunda\/","title":{"rendered":"Modr\u00e1 a \u010dern\u00e1 varsity bunda<br>"},"content":{"rendered":"","protected":false},"excerpt":{"rendered":"","protected":false},"featured_media":205032,"template":"","meta":[],"product_brand":[],"product_cat":[703,1821,386,7837],"product_tag":[],"class_list":{"0":"post-205029","1":"product","2":"type-product","3":"status-publish","4":"has-post-thumbnail","6":"product_cat-modre-dresove-bundy","7":"product_cat-panske-varsity-bundy","8":"product_cat-vsechny-kabaty","9":"product_cat-damske-varsity-bundy","10":"tm-no-options","12":"first","13":"instock","14":"sale","15":"shipping-taxable","16":"purchasable","17":"product-type-simple"},"_links":{"self":[{"href":"https:\/\/varsityjacketsllc.com\/cs\/wp-json\/wp\/v2\/product\/205029","targetHints":{"allow":["GET"]}}],"collection":[{"href":"https:\/\/varsityjacketsllc.com\/cs\/wp-json\/wp\/v2\/product"}],"about":[{"href":"https:\/\/varsityjacketsllc.com\/cs\/wp-json\/wp\/v2\/types\/product"}],"version-history":[{"count":1,"href":"https:\/\/varsityjacketsllc.com\/cs\/wp-json\/wp\/v2\/product\/205029\/revisions"}],"predecessor-version":[{"id":205053,"href":"https:\/\/varsityjacketsllc.com\/cs\/wp-json\/wp\/v2\/product\/205029\/revisions\/205053"}],"wp:featuredmedia":[{"embeddable":true,"href":"https:\/\/varsityjacketsllc.com\/cs\/wp-json\/wp\/v2\/media\/205032"}],"wp:attachment":[{"href":"https:\/\/varsityjacketsllc.com\/cs\/wp-json\/wp\/v2\/media?parent=205029"}],"wp:term":[{"taxonomy":"product_brand","embeddable":true,"href":"https:\/\/varsityjacketsllc.com\/cs\/wp-json\/wp\/v2\/product_brand?post=205029"},{"taxonomy":"product_cat","embeddable":true,"href":"https:\/\/varsityjacketsllc.com\/cs\/wp-json\/wp\/v2\/product_cat?post=205029"},{"taxonomy":"product_tag","embeddable":true,"href":"https:\/\/varsityjacketsllc.com\/cs\/wp-json\/wp\/v2\/product_tag?post=205029"}],"curies":[{"name":"wp","href":"https:\/\/api.w.org\/{rel}","templated":true}]}}