{"id":205883,"date":"2023-12-23T20:01:29","date_gmt":"2023-12-23T15:01:29","guid":{"rendered":"https:\/\/varsityjacketsllc.com\/ruzova-varsity-bunda-s-kapuci\/"},"modified":"2025-01-02T13:31:23","modified_gmt":"2025-01-02T08:31:23","slug":"ruzova-varsity-bunda-s-kapuci","status":"publish","type":"product","link":"https:\/\/varsityjacketsllc.com\/cs\/ruzova-varsity-bunda-s-kapuci\/","title":{"rendered":"R\u016f\u017eov\u00e1 varsity bunda s kapuc\u00ed"},"content":{"rendered":"\t\t<div data-elementor-type=\"wp-post\" data-elementor-id=\"205883\" class=\"elementor elementor-205883 elementor-11159\">\n\t\t\t\t\t\t<section class=\"wd-negative-gap elementor-section elementor-top-section elementor-element elementor-element-48d28fde elementor-section-boxed elementor-section-height-default elementor-section-height-default\" data-id=\"48d28fde\" data-element_type=\"section\" data-e-type=\"section\">\n\t\t\t\t\t\t<div class=\"elementor-container elementor-column-gap-default\">\n\t\t\t\t\t<div class=\"elementor-column elementor-col-100 elementor-top-column elementor-element elementor-element-56528fc5\" data-id=\"56528fc5\" data-element_type=\"column\" data-e-type=\"column\">\n\t\t\t<div class=\"elementor-widget-wrap elementor-element-populated\">\n\t\t\t\t\t\t<div class=\"elementor-element elementor-element-40f18d27 wd-width-100 elementor-widget elementor-widget-wd_title\" data-id=\"40f18d27\" data-element_type=\"widget\" data-e-type=\"widget\" data-widget_type=\"wd_title.default\">\n\t\t\t\t<div class=\"elementor-widget-container\">\n\t\t\t\t\t\t\t<div class=\"title-wrapper wd-set-mb reset-last-child wd-title-color-default wd-title-style-default wd-title-size-default text-center\">\n\n\t\t\t\n\t\t\t<div class=\"liner-continer\">\n\t\t\t\t<h2 class=\"woodmart-title-container title wd-fontsize-l wd-underline-colored\">R\u016f\u017eov\u00e1<br><u> Varsity bunda s kapuc\u00ed<\/u><br>Pro mu\u017ee a \u017eeny<\/h2> \n\t\t\t\t\t\t\t<\/div>\n\n\t\t\t\t\t<\/div>\n\t\t\t\t\t\t<\/div>\n\t\t\t\t<\/div>\n\t\t\t\t\t<\/div>\n\t\t<\/div>\n\t\t\t\t\t<\/div>\n\t\t<\/section>\n\t\t\t\t<section class=\"wd-negative-gap elementor-section elementor-top-section elementor-element elementor-element-27d21371 elementor-section-content-middle elementor-section-boxed elementor-section-height-default elementor-section-height-default\" data-id=\"27d21371\" data-element_type=\"section\" data-e-type=\"section\">\n\t\t\t\t\t\t<div class=\"elementor-container elementor-column-gap-extended\">\n\t\t\t\t\t<div class=\"elementor-column elementor-col-50 elementor-top-column elementor-element elementor-element-303c4871\" data-id=\"303c4871\" data-element_type=\"column\" data-e-type=\"column\">\n\t\t\t<div class=\"elementor-widget-wrap elementor-element-populated\">\n\t\t\t\t\t\t<div class=\"elementor-element elementor-element-4a01ca0b elementor-widget elementor-widget-wd_text_block\" data-id=\"4a01ca0b\" data-element_type=\"widget\" data-e-type=\"widget\" data-widget_type=\"wd_text_block.default\">\n\t\t\t\t<div class=\"elementor-widget-container\">\n\t\t\t\t\t\t\t<div class=\"wd-text-block reset-last-child text-left\">\n\t\t\t\n\t\t\t<p><span style=\"font-weight: 400;\">Za\u017eijte svou individualitu a vyj\u00e1d\u0159ete ji t\u00edmto<\/span><br><a href=\"https:\/\/varsityjacketsllc.com\/pink-varsity-jacket-hoodie\/\"><b> R\u016f\u017eov\u00e1 varsity bunda pro mu\u017ee a \u017eeny<\/b><\/a><span style=\"font-weight: 400;\">. Hled\u00e1te roztomil\u00e9 r\u016f\u017eov\u00e9 sako, kter\u00e9 nevypad\u00e1 p\u0159\u00edli\u0161 \u017eensky? Pak bude tato kombinace va\u0161\u00ed nejlep\u0161\u00ed s\u00e1zkou! Je to mistrovsk\u00e9 d\u00edlo, kter\u00e9 nevyjde z m\u00f3dy, zvl\u00e1\u0161t\u011b s t\u00edm <\/span><span style=\"font-weight: 400;\">ve stylu mikiny<\/span><span style=\"font-weight: 400;\"> l\u00edmec. Je \u010das oslavit spojen\u00ed tradice a sou\u010dasn\u00e9ho stylu t\u00edm, \u017ee si obl\u00e9knete n\u011bco, co vypov\u00edd\u00e1 o kvalit\u011b a designu. Vyrobeno z vlny prvot\u0159\u00eddn\u00ed kvality zaji\u0161\u0165uje m\u011bkkost a pohodl\u00ed bez ohledu na po\u010das\u00ed.<\/span> P\u0159izp\u016fsobte tyto <a href=\"https:\/\/varsityjacketsllc.com\/cs\/ruzove-univerzitni-bundy\/\"><b>r\u016f\u017eov\u00e9 varsity bundy<\/b><\/a> podle va\u0161eho stylu l\u00edmce (Byron nebo b\u011b\u017en\u00fd), velikosti, l\u00e1tky (sat\u00e9n nebo k\u016f\u017ee) a barevn\u00e9 kombinace!<br><br><br><\/p>\n\t\t\t\t\t<\/div>\n\t\t\t\t\t\t<\/div>\n\t\t\t\t<\/div>\n\t\t\t\t\t<\/div>\n\t\t<\/div>\n\t\t\t\t<div class=\"elementor-column elementor-col-25 elementor-top-column elementor-element elementor-element-24d91c8b\" data-id=\"24d91c8b\" data-element_type=\"column\" data-e-type=\"column\">\n\t\t\t<div class=\"elementor-widget-wrap elementor-element-populated\">\n\t\t\t\t\t\t<div class=\"elementor-element elementor-element-3d657c8f elementor-widget elementor-widget-wd_team_member\" data-id=\"3d657c8f\" data-element_type=\"widget\" data-e-type=\"widget\" data-widget_type=\"wd_team_member.default\">\n\t\t\t\t<div class=\"elementor-widget-container\">\n\t\t\t\t\t\t\t<div class=\"team-member member-layout-hover text-center color-scheme-light\">\n\t\t\t\t\t\t\t<div class=\"member-image-wrapper\">\n\t\t\t\t\t<div class=\"member-image\">\n\t\t\t\t\t\t<img fetchpriority=\"high\" decoding=\"async\" width=\"1000\" height=\"1000\" src=\"https:\/\/varsityjacketsllc.com\/wp-content\/uploads\/2023\/12\/Pink-Varsity-Jacket-Hoodie-Front.webp\" class=\"attachment-full size-full\" alt=\"Pink Varsity Jacket Hoodie Front\" srcset=\"https:\/\/varsityjacketsllc.com\/wp-content\/uploads\/2023\/12\/Pink-Varsity-Jacket-Hoodie-Front.webp 1000w, https:\/\/varsityjacketsllc.com\/wp-content\/uploads\/2023\/12\/Pink-Varsity-Jacket-Hoodie-Front-430x430.webp 430w, https:\/\/varsityjacketsllc.com\/wp-content\/uploads\/2023\/12\/Pink-Varsity-Jacket-Hoodie-Front-150x150.webp 150w, https:\/\/varsityjacketsllc.com\/wp-content\/uploads\/2023\/12\/Pink-Varsity-Jacket-Hoodie-Front-700x700.webp 700w, https:\/\/varsityjacketsllc.com\/wp-content\/uploads\/2023\/12\/Pink-Varsity-Jacket-Hoodie-Front-300x300.webp 300w, https:\/\/varsityjacketsllc.com\/wp-content\/uploads\/2023\/12\/Pink-Varsity-Jacket-Hoodie-Front-800x800.webp 800w, https:\/\/varsityjacketsllc.com\/wp-content\/uploads\/2023\/12\/Pink-Varsity-Jacket-Hoodie-Front-768x768.webp 768w, https:\/\/varsityjacketsllc.com\/wp-content\/uploads\/2023\/12\/Pink-Varsity-Jacket-Hoodie-Front-860x860.webp 860w\" sizes=\"(max-width: 1000px) 100vw, 1000px\" \/>\t\t\t\t\t<\/div>\n\t\t\t\t<\/div>\n\t\t\t\n\t\t\t<div class=\"member-details wd-set-mb reset-last-child\">\n\t\t\t\t\n\t\t\t\t\n\t\t\t\t\n\t\t\t\t\t\t\t<\/div>\n\t\t<\/div>\n\t\t\t\t\t\t<\/div>\n\t\t\t\t<\/div>\n\t\t\t\t\t<\/div>\n\t\t<\/div>\n\t\t\t\t<div class=\"elementor-column elementor-col-25 elementor-top-column elementor-element elementor-element-217b2faf\" data-id=\"217b2faf\" data-element_type=\"column\" data-e-type=\"column\">\n\t\t\t<div class=\"elementor-widget-wrap elementor-element-populated\">\n\t\t\t\t\t\t<div class=\"elementor-element elementor-element-3845f4 elementor-hidden-mobile elementor-widget elementor-widget-wd_team_member\" data-id=\"3845f4\" data-element_type=\"widget\" data-e-type=\"widget\" data-widget_type=\"wd_team_member.default\">\n\t\t\t\t<div class=\"elementor-widget-container\">\n\t\t\t\t\t\t\t<div class=\"team-member member-layout-hover text-center color-scheme-light\">\n\t\t\t\t\t\t\t<div class=\"member-image-wrapper\">\n\t\t\t\t\t<div class=\"member-image\">\n\t\t\t\t\t\t<img decoding=\"async\" width=\"1000\" height=\"1000\" src=\"https:\/\/varsityjacketsllc.com\/wp-content\/uploads\/2023\/12\/Pink-Varsity-Jacket-Hoodie-Back.webp\" class=\"attachment-full size-full\" alt=\"Pink Varsity Jacket Hoodie\" srcset=\"https:\/\/varsityjacketsllc.com\/wp-content\/uploads\/2023\/12\/Pink-Varsity-Jacket-Hoodie-Back.webp 1000w, https:\/\/varsityjacketsllc.com\/wp-content\/uploads\/2023\/12\/Pink-Varsity-Jacket-Hoodie-Back-430x430.webp 430w, https:\/\/varsityjacketsllc.com\/wp-content\/uploads\/2023\/12\/Pink-Varsity-Jacket-Hoodie-Back-150x150.webp 150w, https:\/\/varsityjacketsllc.com\/wp-content\/uploads\/2023\/12\/Pink-Varsity-Jacket-Hoodie-Back-700x700.webp 700w, https:\/\/varsityjacketsllc.com\/wp-content\/uploads\/2023\/12\/Pink-Varsity-Jacket-Hoodie-Back-300x300.webp 300w, https:\/\/varsityjacketsllc.com\/wp-content\/uploads\/2023\/12\/Pink-Varsity-Jacket-Hoodie-Back-800x800.webp 800w, https:\/\/varsityjacketsllc.com\/wp-content\/uploads\/2023\/12\/Pink-Varsity-Jacket-Hoodie-Back-768x768.webp 768w, https:\/\/varsityjacketsllc.com\/wp-content\/uploads\/2023\/12\/Pink-Varsity-Jacket-Hoodie-Back-860x860.webp 860w\" sizes=\"(max-width: 1000px) 100vw, 1000px\" \/>\t\t\t\t\t<\/div>\n\t\t\t\t<\/div>\n\t\t\t\n\t\t\t<div class=\"member-details wd-set-mb reset-last-child\">\n\t\t\t\t\n\t\t\t\t\n\t\t\t\t\n\t\t\t\t\t\t\t<\/div>\n\t\t<\/div>\n\t\t\t\t\t\t<\/div>\n\t\t\t\t<\/div>\n\t\t\t\t\t<\/div>\n\t\t<\/div>\n\t\t\t\t\t<\/div>\n\t\t<\/section>\n\t\t\t\t<section class=\"wd-negative-gap elementor-section elementor-top-section elementor-element elementor-element-31cf8a68 elementor-section-boxed elementor-section-height-default elementor-section-height-default\" data-id=\"31cf8a68\" data-element_type=\"section\" data-e-type=\"section\">\n\t\t\t\t\t\t<div class=\"elementor-container elementor-column-gap-default\">\n\t\t\t\t\t<div class=\"elementor-column elementor-col-100 elementor-top-column elementor-element elementor-element-716fab26\" data-id=\"716fab26\" data-element_type=\"column\" data-e-type=\"column\">\n\t\t\t<div class=\"elementor-widget-wrap elementor-element-populated\">\n\t\t\t\t\t\t<div class=\"elementor-element elementor-element-5df8c248 wd-width-100 elementor-widget elementor-widget-wd_title\" data-id=\"5df8c248\" data-element_type=\"widget\" data-e-type=\"widget\" data-widget_type=\"wd_title.default\">\n\t\t\t\t<div class=\"elementor-widget-container\">\n\t\t\t\t\t\t\t<div class=\"title-wrapper wd-set-mb reset-last-child wd-title-color-default wd-title-style-default wd-title-size-default text-center\">\n\n\t\t\t\n\t\t\t<div class=\"liner-continer\">\n\t\t\t\t<h2 class=\"woodmart-title-container title wd-fontsize-l wd-underline-colored\">Vlastnosti <u>bundy<\/u> <\/h2> \n\t\t\t\t\t\t\t<\/div>\n\n\t\t\t\t\t<\/div>\n\t\t\t\t\t\t<\/div>\n\t\t\t\t<\/div>\n\t\t\t\t\t<\/div>\n\t\t<\/div>\n\t\t\t\t\t<\/div>\n\t\t<\/section>\n\t\t\t\t<section class=\"wd-negative-gap elementor-section elementor-top-section elementor-element elementor-element-765e7842 elementor-section-content-middle elementor-section-boxed elementor-section-height-default elementor-section-height-default\" data-id=\"765e7842\" data-element_type=\"section\" data-e-type=\"section\">\n\t\t\t\t\t\t<div class=\"elementor-container elementor-column-gap-extended\">\n\t\t\t\t\t<div class=\"elementor-column elementor-col-50 elementor-top-column elementor-element elementor-element-4cba6942\" data-id=\"4cba6942\" data-element_type=\"column\" data-e-type=\"column\">\n\t\t\t<div class=\"elementor-widget-wrap elementor-element-populated\">\n\t\t\t\t\t\t<div class=\"elementor-element elementor-element-467b7eb elementor-widget elementor-widget-image\" data-id=\"467b7eb\" data-element_type=\"widget\" data-e-type=\"widget\" data-widget_type=\"image.default\">\n\t\t\t\t<div class=\"elementor-widget-container\">\n\t\t\t\t\t\t\t\t\t\t\t\t\t\t\t\t<a href=\"https:\/\/varsityjacketsllc.com\/pink-varsity-jackets\/\">\n\t\t\t\t\t\t\t<img decoding=\"async\" width=\"1000\" height=\"1000\" src=\"https:\/\/varsityjacketsllc.com\/wp-content\/uploads\/2023\/12\/Pink-Varsity-Jacket-Hoodie-Front.webp\" class=\"elementor-animation-hang attachment-full size-full wp-image-205884\" alt=\"\" srcset=\"https:\/\/varsityjacketsllc.com\/wp-content\/uploads\/2023\/12\/Pink-Varsity-Jacket-Hoodie-Front.webp 1000w, https:\/\/varsityjacketsllc.com\/wp-content\/uploads\/2023\/12\/Pink-Varsity-Jacket-Hoodie-Front-430x430.webp 430w, https:\/\/varsityjacketsllc.com\/wp-content\/uploads\/2023\/12\/Pink-Varsity-Jacket-Hoodie-Front-150x150.webp 150w, https:\/\/varsityjacketsllc.com\/wp-content\/uploads\/2023\/12\/Pink-Varsity-Jacket-Hoodie-Front-700x700.webp 700w, https:\/\/varsityjacketsllc.com\/wp-content\/uploads\/2023\/12\/Pink-Varsity-Jacket-Hoodie-Front-300x300.webp 300w, https:\/\/varsityjacketsllc.com\/wp-content\/uploads\/2023\/12\/Pink-Varsity-Jacket-Hoodie-Front-800x800.webp 800w, https:\/\/varsityjacketsllc.com\/wp-content\/uploads\/2023\/12\/Pink-Varsity-Jacket-Hoodie-Front-768x768.webp 768w, https:\/\/varsityjacketsllc.com\/wp-content\/uploads\/2023\/12\/Pink-Varsity-Jacket-Hoodie-Front-860x860.webp 860w\" sizes=\"(max-width: 1000px) 100vw, 1000px\" \/>\t\t\t\t\t\t\t\t<\/a>\n\t\t\t\t\t\t\t\t\t\t\t\t\t\t\t<\/div>\n\t\t\t\t<\/div>\n\t\t\t\t\t<\/div>\n\t\t<\/div>\n\t\t\t\t<div class=\"elementor-column elementor-col-50 elementor-top-column elementor-element elementor-element-3287a5f9\" data-id=\"3287a5f9\" data-element_type=\"column\" data-e-type=\"column\">\n\t\t\t<div class=\"elementor-widget-wrap elementor-element-populated\">\n\t\t\t\t\t\t<section class=\"wd-negative-gap elementor-section elementor-inner-section elementor-element elementor-element-60672b66 elementor-section-full_width elementor-section-height-default elementor-section-height-default\" data-id=\"60672b66\" data-element_type=\"section\" data-e-type=\"section\">\n\t\t\t\t\t\t<div class=\"elementor-container elementor-column-gap-default\">\n\t\t\t\t\t<div class=\"elementor-column elementor-col-33 elementor-inner-column elementor-element elementor-element-408d64cc\" data-id=\"408d64cc\" data-element_type=\"column\" data-e-type=\"column\">\n\t\t\t<div class=\"elementor-widget-wrap elementor-element-populated\">\n\t\t\t\t\t\t<div class=\"elementor-element elementor-element-47f3f97 elementor-widget elementor-widget-wd_infobox\" data-id=\"47f3f97\" data-element_type=\"widget\" data-e-type=\"widget\" data-widget_type=\"wd_infobox.default\">\n\t\t\t\t<div class=\"elementor-widget-container\">\n\t\t\t\t\t\t\t<div class=\"info-box-wrapper\">\n\t\t\t<div class=\"wd-info-box text-center box-icon-align-top box-style-base color-scheme-\">\n\t\t\t\t\t\t\t\t\t<div class=\"box-icon-wrapper  box-with-icon box-icon-simple\">\n\t\t\t\t\t\t<div class=\"info-box-icon\">\n\t\t\t\t\t\t\t\t\t\t\t\t\t\t\t<img loading=\"lazy\" decoding=\"async\" width=\"70\" height=\"70\" src=\"https:\/\/varsityjacketsllc.com\/wp-content\/uploads\/2023\/12\/Material.webp\" class=\"attachment-full size-full\" alt=\"Material\" \/>\t\t\t\t\t\t\t\t\t\t\t\t\t<\/div>\n\t\t\t\t\t<\/div>\n\t\t\t\t\n\t\t\t\t<div class=\"info-box-content\">\n\t\t\t\t\t\n\t\t\t\t\t\t\t\t\t\t\t<h4\t\t\t\t\t\tclass=\"info-box-title title box-title-style-default wd-fontsize-m\" data-elementor-setting-key=\"title\">\n\t\t\t\t\t\t\t\tMateri\u00e1l\t\t\t\t\t\t<\/h4>\n\t\t\t\t\t\n\t\t\t\t\t<div class=\"info-box-inner reset-last-child\"data-elementor-setting-key=\"content\"><p>100% vlna<\/p>\n<\/div>\n\n\t\t\t\t\t\t\t\t\t<\/div>\n\n\t\t\t\t\t\t\t<\/div>\n\t\t<\/div>\n\t\t\t\t\t\t<\/div>\n\t\t\t\t<\/div>\n\t\t\t\t<div class=\"elementor-element elementor-element-de5a630 elementor-widget elementor-widget-wd_infobox\" data-id=\"de5a630\" data-element_type=\"widget\" data-e-type=\"widget\" data-widget_type=\"wd_infobox.default\">\n\t\t\t\t<div class=\"elementor-widget-container\">\n\t\t\t\t\t\t\t<div class=\"info-box-wrapper\">\n\t\t\t<div class=\"wd-info-box text-center box-icon-align-top box-style-base color-scheme-\">\n\t\t\t\t\t\t\t\t\t<div class=\"box-icon-wrapper  box-with-icon box-icon-simple\">\n\t\t\t\t\t\t<div class=\"info-box-icon\">\n\t\t\t\t\t\t\t\t\t\t\t\t\t\t\t<img loading=\"lazy\" decoding=\"async\" width=\"70\" height=\"70\" src=\"https:\/\/varsityjacketsllc.com\/wp-content\/uploads\/2023\/12\/Sleeve-Color.webp\" class=\"attachment-full size-full\" alt=\"Sleeve-Color\" \/>\t\t\t\t\t\t\t\t\t\t\t\t\t<\/div>\n\t\t\t\t\t<\/div>\n\t\t\t\t\n\t\t\t\t<div class=\"info-box-content\">\n\t\t\t\t\t\n\t\t\t\t\t\t\t\t\t\t\t<h4\t\t\t\t\t\tclass=\"info-box-title title box-title-style-default wd-fontsize-m\" data-elementor-setting-key=\"title\">\n\t\t\t\t\t\t\t\tBarva ruk\u00e1vu\t\t\t\t\t\t<\/h4>\n\t\t\t\t\t\n\t\t\t\t\t<div class=\"info-box-inner reset-last-child\"data-elementor-setting-key=\"content\"><p>R\u016f\u017eov\u00fd<\/p>\n<\/div>\n\n\t\t\t\t\t\t\t\t\t<\/div>\n\n\t\t\t\t\t\t\t<\/div>\n\t\t<\/div>\n\t\t\t\t\t\t<\/div>\n\t\t\t\t<\/div>\n\t\t\t\t\t<\/div>\n\t\t<\/div>\n\t\t\t\t<div class=\"elementor-column elementor-col-33 elementor-top-column elementor-element elementor-element-6dbbe194\" data-id=\"6dbbe194\" data-element_type=\"column\" data-e-type=\"column\">\n\t\t\t<div class=\"elementor-widget-wrap elementor-element-populated\">\n\t\t\t\t\t\t<div class=\"elementor-element elementor-element-31770fb elementor-widget elementor-widget-wd_infobox\" data-id=\"31770fb\" data-element_type=\"widget\" data-e-type=\"widget\" data-widget_type=\"wd_infobox.default\">\n\t\t\t\t<div class=\"elementor-widget-container\">\n\t\t\t\t\t\t\t<div class=\"info-box-wrapper\">\n\t\t\t<div class=\"wd-info-box text-center box-icon-align-top box-style-base color-scheme-\">\n\t\t\t\t\t\t\t\t\t<div class=\"box-icon-wrapper  box-with-icon box-icon-simple\">\n\t\t\t\t\t\t<div class=\"info-box-icon\">\n\t\t\t\t\t\t\t\t\t\t\t\t\t\t\t<img loading=\"lazy\" decoding=\"async\" width=\"70\" height=\"70\" src=\"https:\/\/varsityjacketsllc.com\/wp-content\/uploads\/2023\/12\/Hoodie-Style.webp\" class=\"attachment-full size-full\" alt=\"Hoodie-Style\" \/>\t\t\t\t\t\t\t\t\t\t\t\t\t<\/div>\n\t\t\t\t\t<\/div>\n\t\t\t\t\n\t\t\t\t<div class=\"info-box-content\">\n\t\t\t\t\t\n\t\t\t\t\t\t\t\t\t\t\t<h4\t\t\t\t\t\tclass=\"info-box-title title box-title-style-default wd-fontsize-m\" data-elementor-setting-key=\"title\">\n\t\t\t\t\t\t\t\tCSS\t\t\t\t\t\t<\/h4>\n\t\t\t\t\t\n\t\t\t\t\t<div class=\"info-box-inner reset-last-child\"data-elementor-setting-key=\"content\"><p>Mikina<\/p>\n<\/div>\n\n\t\t\t\t\t\t\t\t\t<\/div>\n\n\t\t\t\t\t\t\t<\/div>\n\t\t<\/div>\n\t\t\t\t\t\t<\/div>\n\t\t\t\t<\/div>\n\t\t\t\t<div class=\"elementor-element elementor-element-3365ded elementor-widget elementor-widget-wd_infobox\" data-id=\"3365ded\" data-element_type=\"widget\" data-e-type=\"widget\" data-widget_type=\"wd_infobox.default\">\n\t\t\t\t<div class=\"elementor-widget-container\">\n\t\t\t\t\t\t\t<div class=\"info-box-wrapper\">\n\t\t\t<div class=\"wd-info-box text-center box-icon-align-top box-style-base color-scheme-\">\n\t\t\t\t\t\t\t\t\t<div class=\"box-icon-wrapper  box-with-icon box-icon-simple\">\n\t\t\t\t\t\t<div class=\"info-box-icon\">\n\t\t\t\t\t\t\t\t\t\t\t\t\t\t\t<img loading=\"lazy\" decoding=\"async\" width=\"50\" height=\"50\" src=\"https:\/\/varsityjacketsllc.com\/wp-content\/uploads\/2023\/12\/Button-Fastening-50x50.webp\" class=\"attachment-50x50 size-50x50\" alt=\"Button-Fastening\" srcset=\"https:\/\/varsityjacketsllc.com\/wp-content\/uploads\/2023\/12\/Button-Fastening-50x50.webp 50w, https:\/\/varsityjacketsllc.com\/wp-content\/uploads\/2023\/12\/Button-Fastening.webp 70w\" sizes=\"(max-width: 50px) 100vw, 50px\" \/>\t\t\t\t\t\t\t\t\t\t\t\t\t<\/div>\n\t\t\t\t\t<\/div>\n\t\t\t\t\n\t\t\t\t<div class=\"info-box-content\">\n\t\t\t\t\t\n\t\t\t\t\t\t\t\t\t\t\t<h4\t\t\t\t\t\tclass=\"info-box-title title box-title-style-default wd-fontsize-m\" data-elementor-setting-key=\"title\">\n\t\t\t\t\t\t\t\tZap\u00edn\u00e1n\u00ed\t\t\t\t\t\t<\/h4>\n\t\t\t\t\t\n\t\t\t\t\t<div class=\"info-box-inner reset-last-child\"data-elementor-setting-key=\"content\"><p>Tla\u010d\u00edtka<\/p>\n<\/div>\n\n\t\t\t\t\t\t\t\t\t<\/div>\n\n\t\t\t\t\t\t\t<\/div>\n\t\t<\/div>\n\t\t\t\t\t\t<\/div>\n\t\t\t\t<\/div>\n\t\t\t\t\t<\/div>\n\t\t<\/div>\n\t\t\t\t<div class=\"elementor-column elementor-col-33 elementor-top-column elementor-element elementor-element-1e92c44\" data-id=\"1e92c44\" data-element_type=\"column\" data-e-type=\"column\">\n\t\t\t<div class=\"elementor-widget-wrap elementor-element-populated\">\n\t\t\t\t\t\t<div class=\"elementor-element elementor-element-7cddb20f elementor-widget elementor-widget-wd_infobox\" data-id=\"7cddb20f\" data-element_type=\"widget\" data-e-type=\"widget\" data-widget_type=\"wd_infobox.default\">\n\t\t\t\t<div class=\"elementor-widget-container\">\n\t\t\t\t\t\t\t<div class=\"info-box-wrapper\">\n\t\t\t<div class=\"wd-info-box text-center box-icon-align-top box-style-base color-scheme-\">\n\t\t\t\t\t\t\t\t\t<div class=\"box-icon-wrapper  box-with-icon box-icon-simple\">\n\t\t\t\t\t\t<div class=\"info-box-icon\">\n\t\t\t\t\t\t\t\t\t\t\t\t\t\t\t<img loading=\"lazy\" decoding=\"async\" width=\"70\" height=\"70\" src=\"https:\/\/varsityjacketsllc.com\/wp-content\/uploads\/2023\/12\/Body-Color.webp\" class=\"attachment-full size-full\" alt=\"Body-Color\" \/>\t\t\t\t\t\t\t\t\t\t\t\t\t<\/div>\n\t\t\t\t\t<\/div>\n\t\t\t\t\n\t\t\t\t<div class=\"info-box-content\">\n\t\t\t\t\t\n\t\t\t\t\t\t\t\t\t\t\t<h4\t\t\t\t\t\tclass=\"info-box-title title box-title-style-default wd-fontsize-m\" data-elementor-setting-key=\"title\">\n\t\t\t\t\t\t\t\tBarva t\u011bla\t\t\t\t\t\t<\/h4>\n\t\t\t\t\t\n\t\t\t\t\t<div class=\"info-box-inner reset-last-child\"data-elementor-setting-key=\"content\"><p>R\u016f\u017eov\u00fd<\/p>\n<\/div>\n\n\t\t\t\t\t\t\t\t\t<\/div>\n\n\t\t\t\t\t\t\t<\/div>\n\t\t<\/div>\n\t\t\t\t\t\t<\/div>\n\t\t\t\t<\/div>\n\t\t\t\t\t<\/div>\n\t\t<\/div>\n\t\t\t\t\t<\/div>\n\t\t<\/section>\n\t\t\t\t<section class=\"wd-negative-gap elementor-section elementor-inner-section elementor-element elementor-element-7542f29b elementor-section-full_width elementor-section-height-default elementor-section-height-default\" data-id=\"7542f29b\" data-element_type=\"section\" data-e-type=\"section\">\n\t\t\t\t\t\t<div class=\"elementor-container elementor-column-gap-default\">\n\t\t\t\t\t<div class=\"elementor-column elementor-col-100 elementor-top-column elementor-element elementor-element-522b7b81\" data-id=\"522b7b81\" data-element_type=\"column\" data-e-type=\"column\">\n\t\t\t<div class=\"elementor-widget-wrap elementor-element-populated\">\n\t\t\t\t\t\t<div class=\"elementor-element elementor-element-2d5cb021 elementor-widget elementor-widget-wd_infobox\" data-id=\"2d5cb021\" data-element_type=\"widget\" data-e-type=\"widget\" data-widget_type=\"wd_infobox.default\">\n\t\t\t\t<div class=\"elementor-widget-container\">\n\t\t\t\t\t\t\t<div class=\"info-box-wrapper\">\n\t\t\t<div class=\"wd-info-box text-center box-icon-align-top box-style-base color-scheme-\">\n\t\t\t\t\t\t\t\t\t<div class=\"box-icon-wrapper  box-with-icon box-icon-simple\">\n\t\t\t\t\t\t<div class=\"info-box-icon\">\n\t\t\t\t\t\t\t\t\t\t\t\t\t\t\t<img loading=\"lazy\" decoding=\"async\" width=\"70\" height=\"70\" src=\"https:\/\/varsityjacketsllc.com\/wp-content\/uploads\/2023\/12\/Size.webp\" class=\"attachment-full size-full\" alt=\"Size\" \/>\t\t\t\t\t\t\t\t\t\t\t\t\t<\/div>\n\t\t\t\t\t<\/div>\n\t\t\t\t\n\t\t\t\t<div class=\"info-box-content\">\n\t\t\t\t\t\n\t\t\t\t\t\t\t\t\t\t\t<h4\t\t\t\t\t\tclass=\"info-box-title title box-title-style-default wd-fontsize-m\" data-elementor-setting-key=\"title\">\n\t\t\t\t\t\t\t\tVelikost\t\t\t\t\t\t<\/h4>\n\t\t\t\t\t\n\t\t\t\t\t<div class=\"info-box-inner reset-last-child\"data-elementor-setting-key=\"content\"><p>Vyrobeno na zak\u00e1zku<\/p>\n<\/div>\n\n\t\t\t\t\t\t\t\t\t<\/div>\n\n\t\t\t\t\t\t\t<\/div>\n\t\t<\/div>\n\t\t\t\t\t\t<\/div>\n\t\t\t\t<\/div>\n\t\t\t\t\t<\/div>\n\t\t<\/div>\n\t\t\t\t\t<\/div>\n\t\t<\/section>\n\t\t\t\t\t<\/div>\n\t\t<\/div>\n\t\t\t\t\t<\/div>\n\t\t<\/section>\n\t\t\t\t<section class=\"wd-negative-gap elementor-section elementor-top-section elementor-element elementor-element-de322c5 elementor-section-boxed elementor-section-height-default elementor-section-height-default\" data-id=\"de322c5\" data-element_type=\"section\" data-e-type=\"section\">\n\t\t\t\t\t\t<div class=\"elementor-container elementor-column-gap-default\">\n\t\t\t\t\t<div class=\"elementor-column elementor-col-100 elementor-top-column elementor-element elementor-element-dc02cd9\" data-id=\"dc02cd9\" data-element_type=\"column\" data-e-type=\"column\">\n\t\t\t<div class=\"elementor-widget-wrap elementor-element-populated\">\n\t\t\t\t\t\t<div class=\"elementor-element elementor-element-c5916e4 elementor-widget elementor-widget-html\" data-id=\"c5916e4\" data-element_type=\"widget\" data-e-type=\"widget\" data-widget_type=\"html.default\">\n\t\t\t\t<div class=\"elementor-widget-container\">\n\t\t\t\t\tR\u016f\u017eov\u00e1 varsity bunda s kapuc\u00ed<br> <br>\t\t\t\t<\/div>\n\t\t\t\t<\/div>\n\t\t\t\t\t<\/div>\n\t\t<\/div>\n\t\t\t\t\t<\/div>\n\t\t<\/section>\n\t\t\t\t<\/div>\n\t\t","protected":false},"excerpt":{"rendered":"<p>R\u016f\u017eov\u00e1 Varsity bunda s kapuc\u00edPro mu\u017ee a \u017eeny Za\u017eijte svou individualitu a vyj\u00e1d\u0159ete ji t\u00edmto R\u016f\u017eov\u00e1 varsity bunda pro mu\u017ee<\/p>\n","protected":false},"featured_media":205884,"template":"","meta":[],"product_brand":[],"product_cat":[1821,2497,386,7837],"product_tag":[],"class_list":{"0":"post-205883","1":"product","2":"type-product","3":"status-publish","4":"has-post-thumbnail","6":"product_cat-panske-varsity-bundy","7":"product_cat-ruzove-univerzitni-bundy","8":"product_cat-vsechny-kabaty","9":"product_cat-damske-varsity-bundy","10":"tm-no-options","12":"first","13":"instock","14":"sale","15":"shipping-taxable","16":"purchasable","17":"product-type-simple"},"_links":{"self":[{"href":"https:\/\/varsityjacketsllc.com\/cs\/wp-json\/wp\/v2\/product\/205883","targetHints":{"allow":["GET"]}}],"collection":[{"href":"https:\/\/varsityjacketsllc.com\/cs\/wp-json\/wp\/v2\/product"}],"about":[{"href":"https:\/\/varsityjacketsllc.com\/cs\/wp-json\/wp\/v2\/types\/product"}],"version-history":[{"count":1,"href":"https:\/\/varsityjacketsllc.com\/cs\/wp-json\/wp\/v2\/product\/205883\/revisions"}],"predecessor-version":[{"id":205887,"href":"https:\/\/varsityjacketsllc.com\/cs\/wp-json\/wp\/v2\/product\/205883\/revisions\/205887"}],"wp:featuredmedia":[{"embeddable":true,"href":"https:\/\/varsityjacketsllc.com\/cs\/wp-json\/wp\/v2\/media\/205884"}],"wp:attachment":[{"href":"https:\/\/varsityjacketsllc.com\/cs\/wp-json\/wp\/v2\/media?parent=205883"}],"wp:term":[{"taxonomy":"product_brand","embeddable":true,"href":"https:\/\/varsityjacketsllc.com\/cs\/wp-json\/wp\/v2\/product_brand?post=205883"},{"taxonomy":"product_cat","embeddable":true,"href":"https:\/\/varsityjacketsllc.com\/cs\/wp-json\/wp\/v2\/product_cat?post=205883"},{"taxonomy":"product_tag","embeddable":true,"href":"https:\/\/varsityjacketsllc.com\/cs\/wp-json\/wp\/v2\/product_tag?post=205883"}],"curies":[{"name":"wp","href":"https:\/\/api.w.org\/{rel}","templated":true}]}}