{"id":89106,"date":"2023-12-30T22:22:49","date_gmt":"2023-12-30T22:22:49","guid":{"rendered":"https:\/\/varsityjacketsllc.com\/shop\/modre-a-sede-oriznute-univerzitni-letterman-bunda-pro-zeny\/"},"modified":"2024-12-20T12:25:37","modified_gmt":"2024-12-20T07:25:37","slug":"modre-a-sede-oriznute-univerzitni-letterman-bunda-pro-zeny","status":"publish","type":"product","link":"https:\/\/varsityjacketsllc.com\/cs\/modre-a-sede-oriznute-univerzitni-letterman-bunda-pro-zeny\/","title":{"rendered":"Modr\u00e9 a \u0161ed\u00e9 o\u0159\u00edznut\u00e9 univerzitn\u00ed Letterman bunda pro \u017eeny"},"content":{"rendered":"","protected":false},"excerpt":{"rendered":"","protected":false},"featured_media":89107,"template":"","meta":[],"product_brand":[],"product_cat":[703,386,7837,1110],"product_tag":[],"class_list":{"0":"post-89106","1":"product","2":"type-product","3":"status-publish","4":"has-post-thumbnail","6":"product_cat-modre-dresove-bundy","7":"product_cat-vsechny-kabaty","8":"product_cat-damske-varsity-bundy","9":"product_cat-zkracene-varsity-bundy","10":"tm-has-options","12":"first","13":"instock","14":"sale","15":"shipping-taxable","16":"purchasable","17":"product-type-simple"},"_links":{"self":[{"href":"https:\/\/varsityjacketsllc.com\/cs\/wp-json\/wp\/v2\/product\/89106","targetHints":{"allow":["GET"]}}],"collection":[{"href":"https:\/\/varsityjacketsllc.com\/cs\/wp-json\/wp\/v2\/product"}],"about":[{"href":"https:\/\/varsityjacketsllc.com\/cs\/wp-json\/wp\/v2\/types\/product"}],"version-history":[{"count":1,"href":"https:\/\/varsityjacketsllc.com\/cs\/wp-json\/wp\/v2\/product\/89106\/revisions"}],"predecessor-version":[{"id":199192,"href":"https:\/\/varsityjacketsllc.com\/cs\/wp-json\/wp\/v2\/product\/89106\/revisions\/199192"}],"wp:featuredmedia":[{"embeddable":true,"href":"https:\/\/varsityjacketsllc.com\/cs\/wp-json\/wp\/v2\/media\/89107"}],"wp:attachment":[{"href":"https:\/\/varsityjacketsllc.com\/cs\/wp-json\/wp\/v2\/media?parent=89106"}],"wp:term":[{"taxonomy":"product_brand","embeddable":true,"href":"https:\/\/varsityjacketsllc.com\/cs\/wp-json\/wp\/v2\/product_brand?post=89106"},{"taxonomy":"product_cat","embeddable":true,"href":"https:\/\/varsityjacketsllc.com\/cs\/wp-json\/wp\/v2\/product_cat?post=89106"},{"taxonomy":"product_tag","embeddable":true,"href":"https:\/\/varsityjacketsllc.com\/cs\/wp-json\/wp\/v2\/product_tag?post=89106"}],"curies":[{"name":"wp","href":"https:\/\/api.w.org\/{rel}","templated":true}]}}