{"id":97129,"date":"2021-12-10T17:16:24","date_gmt":"2021-12-10T17:16:24","guid":{"rendered":"https:\/\/varsityjacketsllc.com\/fortrolighedspolitik\/"},"modified":"2024-02-22T09:38:24","modified_gmt":"2024-02-22T09:38:24","slug":"fortrolighedspolitik","status":"publish","type":"page","link":"https:\/\/varsityjacketsllc.com\/da\/fortrolighedspolitik\/","title":{"rendered":"Fortrolighedspolitik"},"content":{"rendered":"\t\t<div data-elementor-type=\"wp-page\" data-elementor-id=\"97129\" class=\"elementor elementor-97129 elementor-3\">\n\t\t\t\t\t\t<section class=\"wd-negative-gap elementor-section elementor-top-section elementor-element elementor-element-573d603 elementor-section-boxed elementor-section-height-default elementor-section-height-default\" data-id=\"573d603\" data-element_type=\"section\" data-e-type=\"section\">\n\t\t\t\t\t\t<div class=\"elementor-container elementor-column-gap-default\">\n\t\t\t\t\t<div class=\"elementor-column elementor-col-33 elementor-top-column elementor-element elementor-element-45febf7\" data-id=\"45febf7\" data-element_type=\"column\" data-e-type=\"column\">\n\t\t\t<div class=\"elementor-widget-wrap\">\n\t\t\t\t\t\t\t<\/div>\n\t\t<\/div>\n\t\t\t\t<div class=\"elementor-column elementor-col-33 elementor-top-column elementor-element elementor-element-b187ef2\" data-id=\"b187ef2\" data-element_type=\"column\" data-e-type=\"column\">\n\t\t\t<div class=\"elementor-widget-wrap elementor-element-populated\">\n\t\t\t\t\t\t<div class=\"elementor-element elementor-element-8fd24df wd-width-100 elementor-widget elementor-widget-wd_title\" data-id=\"8fd24df\" data-element_type=\"widget\" data-e-type=\"widget\" data-widget_type=\"wd_title.default\">\n\t\t\t\t<div class=\"elementor-widget-container\">\n\t\t\t\t\t\t\t<div class=\"title-wrapper wd-set-mb reset-last-child wd-title-color-default wd-title-style-default wd-title-size-default text-center\">\n\n\t\t\t\n\t\t\t<div class=\"liner-continer\">\n\t\t\t\t<h1 class=\"woodmart-title-container title wd-fontsize-l\">Fortrolighedspolitik<\/h1> \n\t\t\t\t\t\t\t<\/div>\n\n\t\t\t\t\t<\/div>\n\t\t\t\t\t\t<\/div>\n\t\t\t\t<\/div>\n\t\t\t\t<div class=\"elementor-element elementor-element-c76b6e3 wd-width-100 elementor-widget elementor-widget-wd_title\" data-id=\"c76b6e3\" data-element_type=\"widget\" data-e-type=\"widget\" data-widget_type=\"wd_title.default\">\n\t\t\t\t<div class=\"elementor-widget-container\">\n\t\t\t\t\t\t\t<div class=\"title-wrapper wd-set-mb reset-last-child wd-title-color-default wd-title-style-default wd-title-size-default text-left\">\n\n\t\t\t\n\t\t\t<div class=\"liner-continer\">\n\t\t\t\t<h1 class=\"woodmart-title-container title wd-fontsize-l\"><\/h1> \n\t\t\t\t\t\t\t<\/div>\n\n\t\t\t\t\t\t\t<div class=\"title-after_title reset-last-child wd-fontsize-xs\">\n\t\t\t\t\t<p><span style=\"font-weight: 400\">Hos Varsity Jacket-m\u00e6rket er vi forpligtet til at beskytte vores kunders privatliv og sikre, at deres personlige oplysninger opbevares sikkert og sikkert. For at give vores kunder den bedst mulige oplevelse, kan vi indsamle visse personlige oplysninger fra dem, n\u00e5r de bes\u00f8ger vores hjemmeside eller foretager et k\u00f8b hos os. Denne privatlivspolitik beskriver de typer af personlige oplysninger, vi indsamler, hvordan vi bruger dem, og de skridt, vi tager for at beskytte dem.<\/span><\/p>\t\t\t\t<\/div>\n\t\t\t\t\t<\/div>\n\t\t\t\t\t\t<\/div>\n\t\t\t\t<\/div>\n\t\t\t\t<div class=\"elementor-element elementor-element-bf03964 wd-width-100 elementor-widget elementor-widget-wd_title\" data-id=\"bf03964\" data-element_type=\"widget\" data-e-type=\"widget\" data-widget_type=\"wd_title.default\">\n\t\t\t\t<div class=\"elementor-widget-container\">\n\t\t\t\t\t\t\t<div class=\"title-wrapper wd-set-mb reset-last-child wd-title-color-default wd-title-style-default wd-title-size-default text-left\">\n\n\t\t\t\n\t\t\t<div class=\"liner-continer\">\n\t\t\t\t<h1 class=\"woodmart-title-container title wd-fontsize-l\">Typer af personlige oplysninger, vi indsamler:<\/h1> \n\t\t\t\t\t\t\t<\/div>\n\n\t\t\t\t\t\t\t<div class=\"title-after_title reset-last-child wd-fontsize-xs\">\n\t\t\t\t\t<p><span style=\"font-weight: 400\"><strong>Kontakt information:<\/strong> Vi kan indsamle personlige oplysninger s\u00e5som dit navn, e-mailadresse og telefonnummer for at kontakte dig med opdateringer eller besvare dine henvendelser. <\/span><\/p><p><span style=\"font-weight: 400\"><strong>Betalingsinformation:<\/strong> N\u00e5r du foretager et k\u00f8b hos os, kan vi indsamle betalingsoplysninger s\u00e5som dit kreditkortnummer eller andre \u00f8konomiske oplysninger for at kunne behandle din transaktion.<\/span><\/p><p><span style=\"font-weight: 400\"><strong>Demografiske oplysninger:<\/strong> Vi kan indsamle oplysninger s\u00e5som din alder, k\u00f8n og placering for bedre at forst\u00e5 vores kundebase og skr\u00e6ddersy vores produkter og tjenester til dine behov.<\/span><\/p><p><span style=\"font-weight: 400\"><strong>Brugsdata:<\/strong> Vi kan indsamle oplysninger om, hvordan du bruger vores hjemmeside og tjenester, herunder de sider, du bes\u00f8ger, og de produkter, du k\u00f8ber.<\/span><\/p>\t\t\t\t<\/div>\n\t\t\t\t\t<\/div>\n\t\t\t\t\t\t<\/div>\n\t\t\t\t<\/div>\n\t\t\t\t<div class=\"elementor-element elementor-element-8cca0ee wd-width-100 elementor-widget elementor-widget-wd_title\" data-id=\"8cca0ee\" data-element_type=\"widget\" data-e-type=\"widget\" data-widget_type=\"wd_title.default\">\n\t\t\t\t<div class=\"elementor-widget-container\">\n\t\t\t\t\t\t\t<div class=\"title-wrapper wd-set-mb reset-last-child wd-title-color-default wd-title-style-default wd-title-size-default text-left\">\n\n\t\t\t\n\t\t\t<div class=\"liner-continer\">\n\t\t\t\t<h1 class=\"woodmart-title-container title wd-fontsize-l\">S\u00e5dan bruger vi dine personlige oplysninger:<\/h1> \n\t\t\t\t\t\t\t<\/div>\n\n\t\t\t\t\t\t\t<div class=\"title-after_title reset-last-child wd-fontsize-xs\">\n\t\t\t\t\t<p><span style=\"font-weight: 400\"><strong>For at levere vores produkter og tjenester:<\/strong> Vi bruger dine personlige oplysninger til at udf\u00f8re ordrer, behandle betalinger og kommunikere med dig om dine k\u00f8b.<\/span><\/p><p><span style=\"font-weight: 400\"><strong>For at forbedre vores produkter og tjenester:<\/strong> Vi kan bruge dine personlige oplysninger til at forst\u00e5 dine pr\u00e6ferencer og forbedre vores produkter og tjenester for bedre at im\u00f8dekomme dine behov.<\/span><\/p><p><span style=\"font-weight: 400\"><strong>S\u00e5dan tilpasser du din oplevelse:<\/strong> Vi kan bruge dine personlige oplysninger til at skr\u00e6ddersy det indhold og de marketingmeddelelser, du modtager fra os, baseret p\u00e5 dine interesser og pr\u00e6ferencer.<\/span><\/p><p><span style=\"font-weight: 400\"><strong>For at beskytte mod svindel:<\/strong> Vi kan bruge dine personlige oplysninger til at forhindre, opdage og efterforske svigagtig aktivitet.<\/span><\/p>\t\t\t\t<\/div>\n\t\t\t\t\t<\/div>\n\t\t\t\t\t\t<\/div>\n\t\t\t\t<\/div>\n\t\t\t\t<div class=\"elementor-element elementor-element-1208636 wd-width-100 elementor-widget elementor-widget-wd_title\" data-id=\"1208636\" data-element_type=\"widget\" data-e-type=\"widget\" data-widget_type=\"wd_title.default\">\n\t\t\t\t<div class=\"elementor-widget-container\">\n\t\t\t\t\t\t\t<div class=\"title-wrapper wd-set-mb reset-last-child wd-title-color-default wd-title-style-default wd-title-size-default text-left\">\n\n\t\t\t\n\t\t\t<div class=\"liner-continer\">\n\t\t\t\t<h1 class=\"woodmart-title-container title wd-fontsize-l\">Beskyttelse af dine personlige oplysninger:<\/h1> \n\t\t\t\t\t\t\t<\/div>\n\n\t\t\t\t\t\t\t<div class=\"title-after_title reset-last-child wd-fontsize-xs\">\n\t\t\t\t\t<p><span style=\"font-weight: 400\">Vi tr\u00e6ffer passende sikkerhedsforanstaltninger for at beskytte dine personlige oplysninger mod uautoriseret adgang, brug eller videregivelse.<\/span><\/p><br \/>\n<p><span style=\"font-weight: 400\">Vi bruger sikre servere og krypteringsteknologier til at beskytte dine personlige oplysninger, n\u00e5r de transmitteres over internettet.<\/span><\/p>\t\t\t\t<\/div>\n\t\t\t\t\t<\/div>\n\t\t\t\t\t\t<\/div>\n\t\t\t\t<\/div>\n\t\t\t\t\t<\/div>\n\t\t<\/div>\n\t\t\t\t<div class=\"elementor-column elementor-col-33 elementor-top-column elementor-element elementor-element-3716fcc\" data-id=\"3716fcc\" data-element_type=\"column\" data-e-type=\"column\">\n\t\t\t<div class=\"elementor-widget-wrap\">\n\t\t\t\t\t\t\t<\/div>\n\t\t<\/div>\n\t\t\t\t\t<\/div>\n\t\t<\/section>\n\t\t\t\t<\/div>\n\t\t","protected":false},"excerpt":{"rendered":"<p>Fortrolighedspolitik Hos Varsity Jacket-m\u00e6rket er vi forpligtet til at beskytte vores kunders privatliv og sikre, at deres personlige oplysninger opbevares<\/p>\n","protected":false},"author":43,"featured_media":0,"parent":0,"menu_order":0,"comment_status":"closed","ping_status":"closed","template":"","meta":{"footnotes":""},"class_list":["post-97129","page","type-page","status-publish","hentry"],"_links":{"self":[{"href":"https:\/\/varsityjacketsllc.com\/da\/wp-json\/wp\/v2\/pages\/97129","targetHints":{"allow":["GET"]}}],"collection":[{"href":"https:\/\/varsityjacketsllc.com\/da\/wp-json\/wp\/v2\/pages"}],"about":[{"href":"https:\/\/varsityjacketsllc.com\/da\/wp-json\/wp\/v2\/types\/page"}],"author":[{"embeddable":true,"href":"https:\/\/varsityjacketsllc.com\/da\/wp-json\/wp\/v2\/users\/43"}],"replies":[{"embeddable":true,"href":"https:\/\/varsityjacketsllc.com\/da\/wp-json\/wp\/v2\/comments?post=97129"}],"version-history":[{"count":0,"href":"https:\/\/varsityjacketsllc.com\/da\/wp-json\/wp\/v2\/pages\/97129\/revisions"}],"wp:attachment":[{"href":"https:\/\/varsityjacketsllc.com\/da\/wp-json\/wp\/v2\/media?parent=97129"}],"curies":[{"name":"wp","href":"https:\/\/api.w.org\/{rel}","templated":true}]}}