{"id":113058,"date":"2023-12-27T17:43:17","date_gmt":"2023-12-27T17:43:17","guid":{"rendered":"https:\/\/varsityjacketsllc.com\/shop\/blaa-og-hvid-varsity-letterman-jakke-haettetroeje\/"},"modified":"2025-01-01T00:43:20","modified_gmt":"2024-12-31T19:43:20","slug":"blaa-og-hvid-varsity-letterman-jakke-haettetroeje","status":"publish","type":"product","link":"https:\/\/varsityjacketsllc.com\/da\/blaa-og-hvid-varsity-letterman-jakke-haettetroeje\/","title":{"rendered":"Bl\u00e5 og hvid Varsity Letterman jakke h\u00e6ttetr\u00f8je"},"content":{"rendered":"","protected":false},"excerpt":{"rendered":"","protected":false},"featured_media":113059,"template":"","meta":[],"product_brand":[],"product_cat":[387,704,7838,1822],"product_tag":[],"class_list":{"0":"post-113058","1":"product","2":"type-product","3":"status-publish","4":"has-post-thumbnail","6":"product_cat-alle-jakker","7":"product_cat-blaa-varsity-jakker","8":"product_cat-kvinders-varsity-jakker","9":"product_cat-maend-varsity-jakker","10":"tm-no-options","12":"first","13":"instock","14":"sale","15":"shipping-taxable","16":"purchasable","17":"product-type-simple"},"_links":{"self":[{"href":"https:\/\/varsityjacketsllc.com\/da\/wp-json\/wp\/v2\/product\/113058","targetHints":{"allow":["GET"]}}],"collection":[{"href":"https:\/\/varsityjacketsllc.com\/da\/wp-json\/wp\/v2\/product"}],"about":[{"href":"https:\/\/varsityjacketsllc.com\/da\/wp-json\/wp\/v2\/types\/product"}],"version-history":[{"count":1,"href":"https:\/\/varsityjacketsllc.com\/da\/wp-json\/wp\/v2\/product\/113058\/revisions"}],"predecessor-version":[{"id":204539,"href":"https:\/\/varsityjacketsllc.com\/da\/wp-json\/wp\/v2\/product\/113058\/revisions\/204539"}],"wp:featuredmedia":[{"embeddable":true,"href":"https:\/\/varsityjacketsllc.com\/da\/wp-json\/wp\/v2\/media\/113059"}],"wp:attachment":[{"href":"https:\/\/varsityjacketsllc.com\/da\/wp-json\/wp\/v2\/media?parent=113058"}],"wp:term":[{"taxonomy":"product_brand","embeddable":true,"href":"https:\/\/varsityjacketsllc.com\/da\/wp-json\/wp\/v2\/product_brand?post=113058"},{"taxonomy":"product_cat","embeddable":true,"href":"https:\/\/varsityjacketsllc.com\/da\/wp-json\/wp\/v2\/product_cat?post=113058"},{"taxonomy":"product_tag","embeddable":true,"href":"https:\/\/varsityjacketsllc.com\/da\/wp-json\/wp\/v2\/product_tag?post=113058"}],"curies":[{"name":"wp","href":"https:\/\/api.w.org\/{rel}","templated":true}]}}