{"id":113063,"date":"2023-12-27T17:17:51","date_gmt":"2023-12-27T17:17:51","guid":{"rendered":"https:\/\/varsityjacketsllc.com\/shop\/blaa-og-hvid-varsity-letterman-jakke-haettetroeje-2\/"},"modified":"2025-01-01T12:54:52","modified_gmt":"2025-01-01T07:54:52","slug":"blaa-og-hvid-varsity-letterman-jakke-haettetroeje-2","status":"publish","type":"product","link":"https:\/\/varsityjacketsllc.com\/da\/blaa-og-hvid-varsity-letterman-jakke-haettetroeje-2\/","title":{"rendered":"Bl\u00e5 og hvid Varsity Letterman jakke h\u00e6ttetr\u00f8je"},"content":{"rendered":"","protected":false},"excerpt":{"rendered":"","protected":false},"featured_media":113064,"template":"","meta":[],"product_brand":[],"product_cat":[387,7838,1822,670],"product_tag":[],"class_list":{"0":"post-113063","1":"product","2":"type-product","3":"status-publish","4":"has-post-thumbnail","6":"product_cat-alle-jakker","7":"product_cat-kvinders-varsity-jakker","8":"product_cat-maend-varsity-jakker","9":"product_cat-blank-varsity-jakker","10":"tm-no-options","12":"first","13":"instock","14":"sale","15":"shipping-taxable","16":"purchasable","17":"product-type-simple"},"_links":{"self":[{"href":"https:\/\/varsityjacketsllc.com\/da\/wp-json\/wp\/v2\/product\/113063","targetHints":{"allow":["GET"]}}],"collection":[{"href":"https:\/\/varsityjacketsllc.com\/da\/wp-json\/wp\/v2\/product"}],"about":[{"href":"https:\/\/varsityjacketsllc.com\/da\/wp-json\/wp\/v2\/types\/product"}],"version-history":[{"count":1,"href":"https:\/\/varsityjacketsllc.com\/da\/wp-json\/wp\/v2\/product\/113063\/revisions"}],"predecessor-version":[{"id":204721,"href":"https:\/\/varsityjacketsllc.com\/da\/wp-json\/wp\/v2\/product\/113063\/revisions\/204721"}],"wp:featuredmedia":[{"embeddable":true,"href":"https:\/\/varsityjacketsllc.com\/da\/wp-json\/wp\/v2\/media\/113064"}],"wp:attachment":[{"href":"https:\/\/varsityjacketsllc.com\/da\/wp-json\/wp\/v2\/media?parent=113063"}],"wp:term":[{"taxonomy":"product_brand","embeddable":true,"href":"https:\/\/varsityjacketsllc.com\/da\/wp-json\/wp\/v2\/product_brand?post=113063"},{"taxonomy":"product_cat","embeddable":true,"href":"https:\/\/varsityjacketsllc.com\/da\/wp-json\/wp\/v2\/product_cat?post=113063"},{"taxonomy":"product_tag","embeddable":true,"href":"https:\/\/varsityjacketsllc.com\/da\/wp-json\/wp\/v2\/product_tag?post=113063"}],"curies":[{"name":"wp","href":"https:\/\/api.w.org\/{rel}","templated":true}]}}