{"id":113188,"date":"2023-12-27T18:42:12","date_gmt":"2023-12-27T18:42:12","guid":{"rendered":"https:\/\/varsityjacketsllc.com\/shop\/moerkeblaa-og-hvid-varsity-letterman-jakke-haettetroeje\/"},"modified":"2024-12-31T18:01:50","modified_gmt":"2024-12-31T13:01:50","slug":"moerkeblaa-og-hvid-varsity-letterman-jakke-haettetroeje","status":"publish","type":"product","link":"https:\/\/varsityjacketsllc.com\/da\/moerkeblaa-og-hvid-varsity-letterman-jakke-haettetroeje\/","title":{"rendered":"M\u00f8rkebl\u00e5 og hvid Varsity Letterman jakke h\u00e6ttetr\u00f8je"},"content":{"rendered":"","protected":false},"excerpt":{"rendered":"","protected":false},"featured_media":113189,"template":"","meta":[],"product_brand":[],"product_cat":[387,7838,1822,1956,1177],"product_tag":[],"class_list":{"0":"post-113188","1":"product","2":"type-product","3":"status-publish","4":"has-post-thumbnail","6":"product_cat-alle-jakker","7":"product_cat-kvinders-varsity-jakker","8":"product_cat-maend-varsity-jakker","9":"product_cat-michigan-varsity-jakker","10":"product_cat-moerkeblaa-varsity-jakker","11":"tm-no-options","13":"first","14":"instock","15":"sale","16":"shipping-taxable","17":"purchasable","18":"product-type-simple"},"_links":{"self":[{"href":"https:\/\/varsityjacketsllc.com\/da\/wp-json\/wp\/v2\/product\/113188","targetHints":{"allow":["GET"]}}],"collection":[{"href":"https:\/\/varsityjacketsllc.com\/da\/wp-json\/wp\/v2\/product"}],"about":[{"href":"https:\/\/varsityjacketsllc.com\/da\/wp-json\/wp\/v2\/types\/product"}],"version-history":[{"count":1,"href":"https:\/\/varsityjacketsllc.com\/da\/wp-json\/wp\/v2\/product\/113188\/revisions"}],"predecessor-version":[{"id":204040,"href":"https:\/\/varsityjacketsllc.com\/da\/wp-json\/wp\/v2\/product\/113188\/revisions\/204040"}],"wp:featuredmedia":[{"embeddable":true,"href":"https:\/\/varsityjacketsllc.com\/da\/wp-json\/wp\/v2\/media\/113189"}],"wp:attachment":[{"href":"https:\/\/varsityjacketsllc.com\/da\/wp-json\/wp\/v2\/media?parent=113188"}],"wp:term":[{"taxonomy":"product_brand","embeddable":true,"href":"https:\/\/varsityjacketsllc.com\/da\/wp-json\/wp\/v2\/product_brand?post=113188"},{"taxonomy":"product_cat","embeddable":true,"href":"https:\/\/varsityjacketsllc.com\/da\/wp-json\/wp\/v2\/product_cat?post=113188"},{"taxonomy":"product_tag","embeddable":true,"href":"https:\/\/varsityjacketsllc.com\/da\/wp-json\/wp\/v2\/product_tag?post=113188"}],"curies":[{"name":"wp","href":"https:\/\/api.w.org\/{rel}","templated":true}]}}