{"id":113208,"date":"2023-12-27T18:40:03","date_gmt":"2023-12-27T18:40:03","guid":{"rendered":"https:\/\/varsityjacketsllc.com\/shop\/moerkeblaa-varsity-letterman-jakke-haettetroeje\/"},"modified":"2024-12-31T18:03:08","modified_gmt":"2024-12-31T13:03:08","slug":"moerkeblaa-varsity-letterman-jakke-haettetroeje","status":"publish","type":"product","link":"https:\/\/varsityjacketsllc.com\/da\/moerkeblaa-varsity-letterman-jakke-haettetroeje\/","title":{"rendered":"M\u00f8rkebl\u00e5 Varsity Letterman jakke h\u00e6ttetr\u00f8je"},"content":{"rendered":"","protected":false},"excerpt":{"rendered":"","protected":false},"featured_media":113213,"template":"","meta":[],"product_brand":[],"product_cat":[387,7838,1822,1177],"product_tag":[],"class_list":{"0":"post-113208","1":"product","2":"type-product","3":"status-publish","4":"has-post-thumbnail","6":"product_cat-alle-jakker","7":"product_cat-kvinders-varsity-jakker","8":"product_cat-maend-varsity-jakker","9":"product_cat-moerkeblaa-varsity-jakker","10":"tm-no-options","12":"first","13":"instock","14":"sale","15":"shipping-taxable","16":"purchasable","17":"product-type-simple"},"_links":{"self":[{"href":"https:\/\/varsityjacketsllc.com\/da\/wp-json\/wp\/v2\/product\/113208","targetHints":{"allow":["GET"]}}],"collection":[{"href":"https:\/\/varsityjacketsllc.com\/da\/wp-json\/wp\/v2\/product"}],"about":[{"href":"https:\/\/varsityjacketsllc.com\/da\/wp-json\/wp\/v2\/types\/product"}],"version-history":[{"count":1,"href":"https:\/\/varsityjacketsllc.com\/da\/wp-json\/wp\/v2\/product\/113208\/revisions"}],"predecessor-version":[{"id":204077,"href":"https:\/\/varsityjacketsllc.com\/da\/wp-json\/wp\/v2\/product\/113208\/revisions\/204077"}],"wp:featuredmedia":[{"embeddable":true,"href":"https:\/\/varsityjacketsllc.com\/da\/wp-json\/wp\/v2\/media\/113213"}],"wp:attachment":[{"href":"https:\/\/varsityjacketsllc.com\/da\/wp-json\/wp\/v2\/media?parent=113208"}],"wp:term":[{"taxonomy":"product_brand","embeddable":true,"href":"https:\/\/varsityjacketsllc.com\/da\/wp-json\/wp\/v2\/product_brand?post=113208"},{"taxonomy":"product_cat","embeddable":true,"href":"https:\/\/varsityjacketsllc.com\/da\/wp-json\/wp\/v2\/product_cat?post=113208"},{"taxonomy":"product_tag","embeddable":true,"href":"https:\/\/varsityjacketsllc.com\/da\/wp-json\/wp\/v2\/product_tag?post=113208"}],"curies":[{"name":"wp","href":"https:\/\/api.w.org\/{rel}","templated":true}]}}