{"id":96164,"date":"2021-08-25T07:26:28","date_gmt":"2021-08-25T02:26:28","guid":{"rendered":"https:\/\/varsityjacketsllc.com\/ueber-uns\/"},"modified":"2024-11-16T00:11:08","modified_gmt":"2024-11-15T19:11:08","slug":"ueber-uns__trashed","status":"publish","type":"page","link":"https:\/\/varsityjacketsllc.com\/de\/ueber-uns__trashed\/","title":{"rendered":"\u00dcber uns"},"content":{"rendered":"<p><img fetchpriority=\"high\" width=\"700\" height=\"618\" src=\"https:\/\/varsityjacketsllc.com\/wp-content\/uploads\/2022\/12\/lifting-ladies-think-twice-before-putting-on-the-belt-1-700xh-1.png\" alt=\"\" decoding=\"async\" srcset=\"https:\/\/varsityjacketsllc.com\/wp-content\/uploads\/2022\/12\/lifting-ladies-think-twice-before-putting-on-the-belt-1-700xh-1.png 700w, https:\/\/varsityjacketsllc.com\/wp-content\/uploads\/2022\/12\/lifting-ladies-think-twice-before-putting-on-the-belt-1-700xh-1-340x300.png 340w, https:\/\/varsityjacketsllc.com\/wp-content\/uploads\/2022\/12\/lifting-ladies-think-twice-before-putting-on-the-belt-1-700xh-1-430x380.png 430w, https:\/\/varsityjacketsllc.com\/wp-content\/uploads\/2022\/12\/lifting-ladies-think-twice-before-putting-on-the-belt-1-700xh-1-150x132.png 150w\" sizes=\"(max-width: 700px) 100vw, 700px\" \/><br \/>\n\t\t\t\t\tWER WIR SIND?\t\t\t\t<\/p>\n<h4>\u00dcBER UNSERE FABRIK<br \/>\nFIRMENGESCHICHTE &amp; FAKTEN<\/h4>\n<p>Die Marke Varsity Jacket (Baatner LLC) wurde 2012 mit dem Traum gegr\u00fcndet, Kunden auf der ganzen Welt hochwertige, ma\u00dfgeschneiderte College-Jacken, auch Letterman-Jacken genannt, anzubieten. Im Laufe der Jahre haben wir unser Angebot um College-Jacken f\u00fcr M\u00e4nner, Frauen und Kinder erweitert. Allein in den letzten Jahren haben wir \u00fcber 50.000 College-Jacken an Kunden auf der ganzen Welt geliefert und uns so einen treuen Kundenstamm und einen Ruf f\u00fcr Exzellenz aufgebaut.<\/p>\n<p>Unsere Individualisierungsm\u00f6glichkeiten zeichnen uns wirklich aus. Wir bieten ma\u00dfgeschneiderte Gr\u00f6\u00dfen an, um die perfekte Passform zu gew\u00e4hrleisten, sowie eine Reihe individueller Farben und Designs, um unseren Kunden dabei zu helfen, ihren einzigartigen Stil zum Ausdruck zu bringen. Wir bieten sogar individuelle Namensaufn\u00e4her an, damit Sie Ihre College-Jacke wirklich zu Ihrer eigenen machen k\u00f6nnen.<\/p>\n<p>Bei der Marke The Varsity Jacket sind wir bestrebt, jedem einzelnen unserer Kunden das bestm\u00f6gliche Erlebnis zu bieten. Unser Team legt gro\u00dfen Wert auf die Liebe zum Detail und stellt sicher, dass jede von uns hergestellte College-Jacke den h\u00f6chsten Anspr\u00fcchen an Qualit\u00e4t und Handwerkskunst entspricht. Es ist dieses Engagement, das uns den Ruf als f\u00fchrende Marke in der College-Jackenbranche eingebracht hat.<\/p>\n<p>Wenn Sie auf der Suche nach einer neuen College-Jacke sind, laden wir Sie ein, die Marke The Varsity Jacket auszuprobieren. Egal, ob Sie eine klassische Letterman-Jacke oder etwas Moderneres und Einzigartigeres suchen, bei uns sind Sie richtig. Kaufen Sie noch heute bei uns ein und erleben Sie den Unterschied selbst.<\/p>\n<p>********************************<\/p>\n<p>Bei der Marke The Varsity Jacket sind wir bestrebt, jedem einzelnen unserer Kunden das bestm\u00f6gliche Erlebnis zu bieten. Das beginnt damit, dass wir bei der Herstellung unserer College-Jacken nur die hochwertigsten Materialien verwenden. Von den feinsten Leder- und Wollstoffen bis hin zu den langlebigsten Beschl\u00e4gen und Konstruktionstechniken widmen wir uns der Herstellung von College-Jacken, die auf Langlebigkeit ausgelegt sind.<\/p>\n<p>Zus\u00e4tzlich zu unserem Engagement f\u00fcr hochwertige Materialien wenden wir auch ein einzigartiges Herstellungsverfahren an, das es uns erm\u00f6glicht, ma\u00dfgeschneiderte Uni-Jacken herzustellen, die wirklich einzigartig sind. Der Prozess umfasst die folgenden Schritte:<\/p>\n<p><strong>Design- und Musterentwicklung:<\/strong> Wir entscheiden gemeinsam mit unseren Kunden \u00fcber die Materialien, Farben und Details, die f\u00fcr die Herstellung ihrer College-Jacke verwendet werden. Anschlie\u00dfend erstellen wir ein Schnittmuster, das zum Zuschnitt und Zusammenbau der Jacke verwendet wird.<\/p>\n<p><strong>Stoffauswahl und Zuschnitt:<\/strong> Wir w\u00e4hlen sorgf\u00e4ltig die Materialien aus, aus denen die College-Jacke hergestellt wird, und schneiden sie dann anhand des Schnittmusters in die entsprechenden Gr\u00f6\u00dfen und Formen zu.<\/p>\n<p><strong>N\u00e4hen:<\/strong> Wir befestigen das Futter am Jackenk\u00f6rper sowie die \u00c4rmel und andere Details. Wir legen gro\u00dfen Wert darauf, dass jede Naht perfekt gen\u00e4ht ist.<\/p>\n<p><strong>Fertigstellung:<\/strong> Wir pr\u00fcfen die Jacke auf etwaige M\u00e4ngel oder Probleme und f\u00fchren gegebenenfalls erforderliche Reparaturen oder Anpassungen durch. Anschlie\u00dfend reinigen und b\u00fcgeln wir die Jacke, um ihr ein professionelles Finish zu verleihen.<\/p>\n<p><strong>Stickereien und andere Verzierungen:<\/strong> Viele unserer College-Jacken sind au\u00dferdem mit Stickereien, Aufn\u00e4hern oder anderen Verzierungen versehen, die mithilfe spezieller Maschinen oder Techniken angebracht werden.<\/p>\n<p><strong>Qualit\u00e4tskontrolle und Versand:<\/strong> Abschlie\u00dfend pr\u00fcfen wir die fertige College-Jacke, um sicherzustellen, dass sie den h\u00f6chsten Qualit\u00e4tsstandards entspricht. Anschlie\u00dfend wird es verpackt und an den Kunden versendet.<\/p>\n<p>Egal, ob Sie eine klassische Letterman-Jacke oder etwas Moderneres und Einzigartigeres suchen, bei uns sind Sie richtig. Kaufen Sie noch heute bei uns ein und erleben Sie den Unterschied selbst.<\/p>\n<p>\t\t\t<a href=\"https:\/\/uk.baatner.com\/about-us\/\" target=\"_blank\" rel=\"noopener\"><br \/>\n\t\t\t\t\tMehr erfahren<br \/>\n\t\t\t\t\t\t\t<\/a><br \/>\n\t\t\t<a href=\"https:\/\/uk.baatner.com\/about-us\/\" target=\"_blank\" rel=\"noopener\"><br \/>\n\t\t\t\t\tMein Account<br \/>\n\t\t\t\t\t\t\t<\/a><\/p>\n","protected":false},"excerpt":{"rendered":"<p>WER WIR SIND? \u00dcBER UNSERE FABRIK FIRMENGESCHICHTE &amp; FAKTEN Die Marke Varsity Jacket (Baatner LLC) wurde 2012 mit dem Traum<\/p>\n","protected":false},"author":43,"featured_media":0,"parent":0,"menu_order":0,"comment_status":"closed","ping_status":"closed","template":"","meta":{"footnotes":""},"class_list":["post-96164","page","type-page","status-publish","hentry"],"_links":{"self":[{"href":"https:\/\/varsityjacketsllc.com\/de\/wp-json\/wp\/v2\/pages\/96164","targetHints":{"allow":["GET"]}}],"collection":[{"href":"https:\/\/varsityjacketsllc.com\/de\/wp-json\/wp\/v2\/pages"}],"about":[{"href":"https:\/\/varsityjacketsllc.com\/de\/wp-json\/wp\/v2\/types\/page"}],"author":[{"embeddable":true,"href":"https:\/\/varsityjacketsllc.com\/de\/wp-json\/wp\/v2\/users\/43"}],"replies":[{"embeddable":true,"href":"https:\/\/varsityjacketsllc.com\/de\/wp-json\/wp\/v2\/comments?post=96164"}],"version-history":[{"count":1,"href":"https:\/\/varsityjacketsllc.com\/de\/wp-json\/wp\/v2\/pages\/96164\/revisions"}],"predecessor-version":[{"id":194084,"href":"https:\/\/varsityjacketsllc.com\/de\/wp-json\/wp\/v2\/pages\/96164\/revisions\/194084"}],"wp:attachment":[{"href":"https:\/\/varsityjacketsllc.com\/de\/wp-json\/wp\/v2\/media?parent=96164"}],"curies":[{"name":"wp","href":"https:\/\/api.w.org\/{rel}","templated":true}]}}