{"id":96397,"date":"2022-12-23T23:30:04","date_gmt":"2022-12-23T23:30:04","guid":{"rendered":"https:\/\/varsityjacketsllc.com\/versandbedingungen\/"},"modified":"2024-02-20T11:48:32","modified_gmt":"2024-02-20T11:48:32","slug":"versandbedingungen","status":"publish","type":"page","link":"https:\/\/varsityjacketsllc.com\/de\/versandbedingungen\/","title":{"rendered":"Versandbedingungen"},"content":{"rendered":"\t\t<div data-elementor-type=\"wp-page\" data-elementor-id=\"96397\" class=\"elementor elementor-96397 elementor-9615\">\n\t\t\t\t\t\t<section class=\"wd-negative-gap elementor-section elementor-top-section elementor-element elementor-element-6143eb6 elementor-section-boxed elementor-section-height-default elementor-section-height-default\" data-id=\"6143eb6\" data-element_type=\"section\" data-e-type=\"section\">\n\t\t\t\t\t\t<div class=\"elementor-container elementor-column-gap-default\">\n\t\t\t\t\t<div class=\"elementor-column elementor-col-100 elementor-top-column elementor-element elementor-element-fd92540\" data-id=\"fd92540\" data-element_type=\"column\" data-e-type=\"column\">\n\t\t\t<div class=\"elementor-widget-wrap elementor-element-populated\">\n\t\t\t\t\t\t<section class=\"wd-negative-gap elementor-section elementor-inner-section elementor-element elementor-element-d23ba51 elementor-section-boxed elementor-section-height-default elementor-section-height-default\" data-id=\"d23ba51\" data-element_type=\"section\" data-e-type=\"section\">\n\t\t\t\t\t\t<div class=\"elementor-container elementor-column-gap-default\">\n\t\t\t\t\t<div class=\"elementor-column elementor-col-33 elementor-inner-column elementor-element elementor-element-8d268c1\" data-id=\"8d268c1\" data-element_type=\"column\" data-e-type=\"column\">\n\t\t\t<div class=\"elementor-widget-wrap\">\n\t\t\t\t\t\t\t<\/div>\n\t\t<\/div>\n\t\t\t\t<div class=\"elementor-column elementor-col-33 elementor-inner-column elementor-element elementor-element-831ba82\" data-id=\"831ba82\" data-element_type=\"column\" data-e-type=\"column\">\n\t\t\t<div class=\"elementor-widget-wrap elementor-element-populated\">\n\t\t\t\t\t\t<div class=\"elementor-element elementor-element-9213906 wd-width-100 elementor-widget elementor-widget-wd_title\" data-id=\"9213906\" data-element_type=\"widget\" data-e-type=\"widget\" data-widget_type=\"wd_title.default\">\n\t\t\t\t<div class=\"elementor-widget-container\">\n\t\t\t\t\t\t\t<div class=\"title-wrapper wd-set-mb reset-last-child wd-title-color-default wd-title-style-default wd-title-size-default text-center\">\n\n\t\t\t\n\t\t\t<div class=\"liner-continer\">\n\t\t\t\t<h1 class=\"woodmart-title-container title wd-fontsize-l\">Versandbedingungen<\/h1> \n\t\t\t\t\t\t\t<\/div>\n\n\t\t\t\t\t<\/div>\n\t\t\t\t\t\t<\/div>\n\t\t\t\t<\/div>\n\t\t\t\t<div class=\"elementor-element elementor-element-ece54f9 wd-width-100 elementor-widget elementor-widget-wd_title\" data-id=\"ece54f9\" data-element_type=\"widget\" data-e-type=\"widget\" data-widget_type=\"wd_title.default\">\n\t\t\t\t<div class=\"elementor-widget-container\">\n\t\t\t\t\t\t\t<div class=\"title-wrapper wd-set-mb reset-last-child wd-title-color-default wd-title-style-default wd-title-size-default text-left\">\n\n\t\t\t\n\t\t\t<div class=\"liner-continer\">\n\t\t\t\t<h1 class=\"woodmart-title-container title wd-fontsize-l\"><\/h1> \n\t\t\t\t\t\t\t<\/div>\n\n\t\t\t\t\t\t\t<div class=\"title-after_title reset-last-child wd-fontsize-xs\">\n\t\t\t\t\t<p><span style=\"font-weight: 400\">Bei der Marke The Varsity Jacket sind wir bestrebt, unseren Kunden das bestm\u00f6gliche Einkaufserlebnis zu bieten, einschlie\u00dflich eines schnellen und zuverl\u00e4ssigen Versands. Hier sind unsere Versandrichtlinien:<\/span><\/p><ul><li>Bestellungen werden in der Regel innerhalb von 1\u20132 Werktagen nach Aufgabe bearbeitet und versendet, sofern auf der Produktseite oder beim Bezahlvorgang nichts anderes angegeben ist.<\/li><li>Die meisten Bestellungen werden per UPS oder USPS versendet und die Laufzeiten variieren je nach gew\u00e4hlter Versandart und Zielort des Pakets.<\/li><li>Wir bieten eine Vielzahl von Versandoptionen an, darunter Standard-, Express- und internationalen Versand, um den Bed\u00fcrfnissen unserer Kunden gerecht zu werden.<\/li><li>Die Versandkosten werden auf der Grundlage des Gewichts und der Gr\u00f6\u00dfe des Pakets sowie des Versandziels berechnet.<\/li><li>Wir sind nicht verantwortlich f\u00fcr Verz\u00f6gerungen, die durch Wetter, Naturkatastrophen oder andere Ereignisse au\u00dferhalb unserer Kontrolle verursacht werden.<\/li><li>Wir \u00fcbernehmen keine Verantwortung f\u00fcr verlorene oder gestohlene Pakete und empfehlen Kunden, zu ihrem Schutz eine Versandart mit Sendungsverfolgung und Versicherung zu w\u00e4hlen.<\/li><li>Der Kunde ist f\u00fcr etwaige Zoll- oder Einfuhrz\u00f6lle verantwortlich, die in seinem Wohnsitzland anfallen k\u00f6nnen.<\/li><li>Wir behalten uns das Recht vor, einem Kunden nach unserem alleinigen Ermessen aus beliebigem Grund den Service zu verweigern.<\/li><\/ul><p><span style=\"font-weight: 400\">Wenn Sie Fragen oder Bedenken zu unseren Versandrichtlinien haben, z\u00f6gern Sie bitte nicht, uns unter info@thevarsityjacket.us zu kontaktieren. Wir helfen Ihnen jederzeit gerne weiter, wo immer wir k\u00f6nnen.<\/span><\/p><br>\t\t\t\t<\/div>\n\t\t\t\t\t<\/div>\n\t\t\t\t\t\t<\/div>\n\t\t\t\t<\/div>\n\t\t\t\t\t<\/div>\n\t\t<\/div>\n\t\t\t\t<div class=\"elementor-column elementor-col-33 elementor-inner-column elementor-element elementor-element-3ca01b1\" data-id=\"3ca01b1\" data-element_type=\"column\" data-e-type=\"column\">\n\t\t\t<div class=\"elementor-widget-wrap\">\n\t\t\t\t\t\t\t<\/div>\n\t\t<\/div>\n\t\t\t\t\t<\/div>\n\t\t<\/section>\n\t\t\t\t\t<\/div>\n\t\t<\/div>\n\t\t\t\t\t<\/div>\n\t\t<\/section>\n\t\t\t\t<\/div>\n\t\t","protected":false},"excerpt":{"rendered":"<p>Versandbedingungen Bei der Marke The Varsity Jacket sind wir bestrebt, unseren Kunden das bestm\u00f6gliche Einkaufserlebnis zu bieten, einschlie\u00dflich eines schnellen<\/p>\n","protected":false},"author":43,"featured_media":0,"parent":0,"menu_order":0,"comment_status":"closed","ping_status":"closed","template":"","meta":{"footnotes":""},"class_list":["post-96397","page","type-page","status-publish","hentry"],"_links":{"self":[{"href":"https:\/\/varsityjacketsllc.com\/de\/wp-json\/wp\/v2\/pages\/96397","targetHints":{"allow":["GET"]}}],"collection":[{"href":"https:\/\/varsityjacketsllc.com\/de\/wp-json\/wp\/v2\/pages"}],"about":[{"href":"https:\/\/varsityjacketsllc.com\/de\/wp-json\/wp\/v2\/types\/page"}],"author":[{"embeddable":true,"href":"https:\/\/varsityjacketsllc.com\/de\/wp-json\/wp\/v2\/users\/43"}],"replies":[{"embeddable":true,"href":"https:\/\/varsityjacketsllc.com\/de\/wp-json\/wp\/v2\/comments?post=96397"}],"version-history":[{"count":0,"href":"https:\/\/varsityjacketsllc.com\/de\/wp-json\/wp\/v2\/pages\/96397\/revisions"}],"wp:attachment":[{"href":"https:\/\/varsityjacketsllc.com\/de\/wp-json\/wp\/v2\/media?parent=96397"}],"curies":[{"name":"wp","href":"https:\/\/api.w.org\/{rel}","templated":true}]}}