{"id":96916,"date":"2022-12-23T23:52:10","date_gmt":"2022-12-23T18:52:10","guid":{"rendered":"https:\/\/varsityjacketsllc.com\/umtausch-und-rueckerstattungen\/"},"modified":"2024-02-22T07:45:05","modified_gmt":"2024-02-22T07:45:05","slug":"umtausch-und-rueckerstattungen","status":"publish","type":"page","link":"https:\/\/varsityjacketsllc.com\/de\/umtausch-und-rueckerstattungen\/","title":{"rendered":"Umtausch und R\u00fcckerstattungen"},"content":{"rendered":"<h1>Umtausch und R\u00fcckerstattungen<\/h1>\n<h1><\/h1>\n<p>Bei der Marke The Varsity Jacket sind wir bestrebt, unseren Kunden das bestm\u00f6gliche Einkaufserlebnis zu bieten, einschlie\u00dflich problemlosem Umtausch und R\u00fcckerstattung. Hier sind unsere Richtlinien f\u00fcr Umtausch und R\u00fcckerstattung:<\/p>\n<\/p>\n<p><strong>Umtausch:<\/strong> Wenn Sie aus irgendeinem Grund mit Ihrer College-Jacke nicht zufrieden sind, k\u00f6nnen Sie sie innerhalb von 14 Tagen nach Erhalt gegen eine andere Gr\u00f6\u00dfe, Farbe oder einen anderen Stil umtauschen. Um einen Umtausch zu beantragen, kontaktieren Sie uns bitte unter info@thevarsityjacket.us und geben Sie Ihre Bestellnummer, den Grund f\u00fcr den Umtausch sowie die Gr\u00f6\u00dfe, Farbe oder den Stil an, gegen den Sie das Produkt umtauschen m\u00f6chten. Bitte beachten Sie, dass individuell angefertigte und ma\u00dfgefertigte Uni-Jacken vom Umtausch ausgeschlossen sind.<\/p>\n<p><strong>R\u00fcckerstattungen:<\/strong> Wenn Sie mit Ihrer College-Jacke nicht zufrieden sind und eine R\u00fcckerstattung w\u00fcnschen, k\u00f6nnen Sie innerhalb von 14 Tagen nach Erhalt eine R\u00fcckerstattung beantragen. Um eine R\u00fcckerstattung zu beantragen, kontaktieren Sie uns bitte unter info@thevarsityjacket.us und geben Sie Ihre Bestellnummer und den Grund f\u00fcr die R\u00fcckerstattung an. Bitte beachten Sie, dass f\u00fcr individuell angefertigte und ma\u00dfgefertigte Uni-Jacken kein Anspruch auf R\u00fcckerstattung besteht. R\u00fcckerstattungen erfolgen \u00fcber die urspr\u00fcngliche Zahlungsmethode.<\/p>\n<p><strong>Anpassungen und Patches:<\/strong> Anpassungsoptionen, einschlie\u00dflich benutzerdefinierter Farben, benutzerdefinierter Designs und benutzerdefinierter Namensaufn\u00e4her, sind vom Umtausch oder der R\u00fcckerstattung ausgeschlossen.<\/p>\n<p><strong>Versand:<\/strong> Kunden sind f\u00fcr die Kosten f\u00fcr den R\u00fcckversand bei Umtausch und R\u00fcckerstattungen verantwortlich.<\/p>\n<p><strong>Zustand:<\/strong> Alle College-Jacken m\u00fcssen im Originalzustand mit intakten Etiketten und intakter Verpackung zur\u00fcckgegeben werden. Abgenutzte, ver\u00e4nderte oder besch\u00e4digte Uni-Jacken werden nicht zum Umtausch oder zur R\u00fcckerstattung angenommen.<\/p>\n<p>Wir m\u00f6chten, dass unsere Kunden mit ihren College-Jacken rundum zufrieden sind, und werden unser Bestes tun, um Umtausch oder R\u00fcckerstattung im Rahmen unserer Richtlinien zu erm\u00f6glichen. Wenn Sie Fragen oder Bedenken zu unserer Richtlinie haben, z\u00f6gern Sie bitte nicht, uns unter info@thevarsityjacket.us zu kontaktieren. Wir helfen Ihnen jederzeit gerne weiter, wo immer wir k\u00f6nnen.<\/p>\n","protected":false},"excerpt":{"rendered":"<p>Umtausch und R\u00fcckerstattungen Bei der Marke The Varsity Jacket sind wir bestrebt, unseren Kunden das bestm\u00f6gliche Einkaufserlebnis zu bieten, einschlie\u00dflich<\/p>\n","protected":false},"author":43,"featured_media":0,"parent":0,"menu_order":0,"comment_status":"closed","ping_status":"closed","template":"","meta":{"footnotes":""},"class_list":["post-96916","page","type-page","status-publish","hentry"],"_links":{"self":[{"href":"https:\/\/varsityjacketsllc.com\/de\/wp-json\/wp\/v2\/pages\/96916","targetHints":{"allow":["GET"]}}],"collection":[{"href":"https:\/\/varsityjacketsllc.com\/de\/wp-json\/wp\/v2\/pages"}],"about":[{"href":"https:\/\/varsityjacketsllc.com\/de\/wp-json\/wp\/v2\/types\/page"}],"author":[{"embeddable":true,"href":"https:\/\/varsityjacketsllc.com\/de\/wp-json\/wp\/v2\/users\/43"}],"replies":[{"embeddable":true,"href":"https:\/\/varsityjacketsllc.com\/de\/wp-json\/wp\/v2\/comments?post=96916"}],"version-history":[{"count":0,"href":"https:\/\/varsityjacketsllc.com\/de\/wp-json\/wp\/v2\/pages\/96916\/revisions"}],"wp:attachment":[{"href":"https:\/\/varsityjacketsllc.com\/de\/wp-json\/wp\/v2\/media?parent=96916"}],"curies":[{"name":"wp","href":"https:\/\/api.w.org\/{rel}","templated":true}]}}