{"id":97181,"date":"2021-12-10T17:16:24","date_gmt":"2021-12-10T17:16:24","guid":{"rendered":"https:\/\/varsityjacketsllc.com\/datenschutzrichtlinie\/"},"modified":"2024-02-22T10:09:35","modified_gmt":"2024-02-22T10:09:35","slug":"datenschutzrichtlinie","status":"publish","type":"page","link":"https:\/\/varsityjacketsllc.com\/de\/datenschutzrichtlinie\/","title":{"rendered":"Datenschutzrichtlinie"},"content":{"rendered":"\t\t<div data-elementor-type=\"wp-page\" data-elementor-id=\"97181\" class=\"elementor elementor-97181 elementor-3\">\n\t\t\t\t\t\t<section class=\"wd-negative-gap elementor-section elementor-top-section elementor-element elementor-element-573d603 elementor-section-boxed elementor-section-height-default elementor-section-height-default\" data-id=\"573d603\" data-element_type=\"section\" data-e-type=\"section\">\n\t\t\t\t\t\t<div class=\"elementor-container elementor-column-gap-default\">\n\t\t\t\t\t<div class=\"elementor-column elementor-col-33 elementor-top-column elementor-element elementor-element-45febf7\" data-id=\"45febf7\" data-element_type=\"column\" data-e-type=\"column\">\n\t\t\t<div class=\"elementor-widget-wrap\">\n\t\t\t\t\t\t\t<\/div>\n\t\t<\/div>\n\t\t\t\t<div class=\"elementor-column elementor-col-33 elementor-top-column elementor-element elementor-element-b187ef2\" data-id=\"b187ef2\" data-element_type=\"column\" data-e-type=\"column\">\n\t\t\t<div class=\"elementor-widget-wrap elementor-element-populated\">\n\t\t\t\t\t\t<div class=\"elementor-element elementor-element-8fd24df wd-width-100 elementor-widget elementor-widget-wd_title\" data-id=\"8fd24df\" data-element_type=\"widget\" data-e-type=\"widget\" data-widget_type=\"wd_title.default\">\n\t\t\t\t<div class=\"elementor-widget-container\">\n\t\t\t\t\t\t\t<div class=\"title-wrapper wd-set-mb reset-last-child wd-title-color-default wd-title-style-default wd-title-size-default text-center\">\n\n\t\t\t\n\t\t\t<div class=\"liner-continer\">\n\t\t\t\t<h1 class=\"woodmart-title-container title wd-fontsize-l\">Datenschutzrichtlinie<\/h1> \n\t\t\t\t\t\t\t<\/div>\n\n\t\t\t\t\t<\/div>\n\t\t\t\t\t\t<\/div>\n\t\t\t\t<\/div>\n\t\t\t\t<div class=\"elementor-element elementor-element-c76b6e3 wd-width-100 elementor-widget elementor-widget-wd_title\" data-id=\"c76b6e3\" data-element_type=\"widget\" data-e-type=\"widget\" data-widget_type=\"wd_title.default\">\n\t\t\t\t<div class=\"elementor-widget-container\">\n\t\t\t\t\t\t\t<div class=\"title-wrapper wd-set-mb reset-last-child wd-title-color-default wd-title-style-default wd-title-size-default text-left\">\n\n\t\t\t\n\t\t\t<div class=\"liner-continer\">\n\t\t\t\t<h1 class=\"woodmart-title-container title wd-fontsize-l\"><\/h1> \n\t\t\t\t\t\t\t<\/div>\n\n\t\t\t\t\t\t\t<div class=\"title-after_title reset-last-child wd-fontsize-xs\">\n\t\t\t\t\t<p><span style=\"font-weight: 400\">Bei der Marke The Varsity Jacket sind wir bestrebt, die Privatsph\u00e4re unserer Kunden zu sch\u00fctzen und daf\u00fcr zu sorgen, dass ihre pers\u00f6nlichen Daten sicher und gesch\u00fctzt aufbewahrt werden. Um unseren Kunden das bestm\u00f6gliche Erlebnis zu bieten, erfassen wir m\u00f6glicherweise bestimmte personenbezogene Daten von ihnen, wenn sie unsere Website besuchen oder einen Kauf bei uns t\u00e4tigen. Diese Datenschutzrichtlinie beschreibt die Arten personenbezogener Daten, die wir sammeln, wie wir sie verwenden und die Schritte, die wir zu ihrem Schutz unternehmen.<\/span><\/p>\t\t\t\t<\/div>\n\t\t\t\t\t<\/div>\n\t\t\t\t\t\t<\/div>\n\t\t\t\t<\/div>\n\t\t\t\t<div class=\"elementor-element elementor-element-bf03964 wd-width-100 elementor-widget elementor-widget-wd_title\" data-id=\"bf03964\" data-element_type=\"widget\" data-e-type=\"widget\" data-widget_type=\"wd_title.default\">\n\t\t\t\t<div class=\"elementor-widget-container\">\n\t\t\t\t\t\t\t<div class=\"title-wrapper wd-set-mb reset-last-child wd-title-color-default wd-title-style-default wd-title-size-default text-left\">\n\n\t\t\t\n\t\t\t<div class=\"liner-continer\">\n\t\t\t\t<h1 class=\"woodmart-title-container title wd-fontsize-l\">Arten von personenbezogenen Daten, die wir sammeln:<\/h1> \n\t\t\t\t\t\t\t<\/div>\n\n\t\t\t\t\t\t\t<div class=\"title-after_title reset-last-child wd-fontsize-xs\">\n\t\t\t\t\t<p><span style=\"font-weight: 400\"><strong>Kontaktinformationen:<\/strong> Wir erfassen m\u00f6glicherweise personenbezogene Daten wie Ihren Namen, Ihre E-Mail-Adresse und Ihre Telefonnummer, um Sie \u00fcber Aktualisierungen zu kontaktieren oder auf Ihre Anfragen zu antworten. <\/span><\/p><p><span style=\"font-weight: 400\"><strong>Zahlungsinformationen:<\/strong> Wenn Sie bei uns einen Kauf t\u00e4tigen, erfassen wir m\u00f6glicherweise Zahlungsinformationen wie Ihre Kreditkartennummer oder andere Finanzinformationen, um Ihre Transaktion abzuwickeln.<\/span><\/p><p><span style=\"font-weight: 400\"><strong>Demographische Information:<\/strong> Wir erfassen m\u00f6glicherweise Informationen wie Ihr Alter, Geschlecht und Standort, um unseren Kundenstamm besser zu verstehen und unsere Produkte und Dienstleistungen an Ihre Bed\u00fcrfnisse anzupassen.<\/span><\/p><p><span style=\"font-weight: 400\"><strong>Nutzungsdaten:<\/strong> Wir erfassen m\u00f6glicherweise Informationen dar\u00fcber, wie Sie unsere Website und Dienste nutzen, einschlie\u00dflich der von Ihnen besuchten Seiten und der von Ihnen gekauften Produkte.<\/span><\/p>\t\t\t\t<\/div>\n\t\t\t\t\t<\/div>\n\t\t\t\t\t\t<\/div>\n\t\t\t\t<\/div>\n\t\t\t\t<div class=\"elementor-element elementor-element-8cca0ee wd-width-100 elementor-widget elementor-widget-wd_title\" data-id=\"8cca0ee\" data-element_type=\"widget\" data-e-type=\"widget\" data-widget_type=\"wd_title.default\">\n\t\t\t\t<div class=\"elementor-widget-container\">\n\t\t\t\t\t\t\t<div class=\"title-wrapper wd-set-mb reset-last-child wd-title-color-default wd-title-style-default wd-title-size-default text-left\">\n\n\t\t\t\n\t\t\t<div class=\"liner-continer\">\n\t\t\t\t<h1 class=\"woodmart-title-container title wd-fontsize-l\">Wie wir Ihre pers\u00f6nlichen Daten verwenden:<\/h1> \n\t\t\t\t\t\t\t<\/div>\n\n\t\t\t\t\t\t\t<div class=\"title-after_title reset-last-child wd-fontsize-xs\">\n\t\t\t\t\t<p><span style=\"font-weight: 400\"><strong>Zur Bereitstellung unserer Produkte und Dienstleistungen:<\/strong> Wir verwenden Ihre pers\u00f6nlichen Daten, um Bestellungen auszuf\u00fchren, Zahlungen abzuwickeln und mit Ihnen \u00fcber Ihre Eink\u00e4ufe zu kommunizieren.<\/span><\/p><p><span style=\"font-weight: 400\"><strong>Um unsere Produkte und Dienstleistungen zu verbessern:<\/strong> Wir k\u00f6nnen Ihre pers\u00f6nlichen Daten verwenden, um Ihre Pr\u00e4ferenzen zu verstehen und unsere Produkte und Dienstleistungen zu verbessern, um Ihren Bed\u00fcrfnissen besser gerecht zu werden.<\/span><\/p><p><span style=\"font-weight: 400\"><strong>So personalisieren Sie Ihr Erlebnis:<\/strong> Wir k\u00f6nnen Ihre pers\u00f6nlichen Daten verwenden, um die Inhalte und Marketingnachrichten, die Sie von uns erhalten, auf der Grundlage Ihrer Interessen und Vorlieben anzupassen.<\/span><\/p><p><span style=\"font-weight: 400\"><strong>Zum Schutz vor Betrug:<\/strong> Wir k\u00f6nnen Ihre personenbezogenen Daten verwenden, um betr\u00fcgerische Aktivit\u00e4ten zu verhindern, aufzudecken und zu untersuchen.<\/span><\/p>\t\t\t\t<\/div>\n\t\t\t\t\t<\/div>\n\t\t\t\t\t\t<\/div>\n\t\t\t\t<\/div>\n\t\t\t\t<div class=\"elementor-element elementor-element-1208636 wd-width-100 elementor-widget elementor-widget-wd_title\" data-id=\"1208636\" data-element_type=\"widget\" data-e-type=\"widget\" data-widget_type=\"wd_title.default\">\n\t\t\t\t<div class=\"elementor-widget-container\">\n\t\t\t\t\t\t\t<div class=\"title-wrapper wd-set-mb reset-last-child wd-title-color-default wd-title-style-default wd-title-size-default text-left\">\n\n\t\t\t\n\t\t\t<div class=\"liner-continer\">\n\t\t\t\t<h1 class=\"woodmart-title-container title wd-fontsize-l\">Schutz Ihrer pers\u00f6nlichen Daten:<\/h1> \n\t\t\t\t\t\t\t<\/div>\n\n\t\t\t\t\t\t\t<div class=\"title-after_title reset-last-child wd-fontsize-xs\">\n\t\t\t\t\t<p><span style=\"font-weight: 400\">Wir ergreifen geeignete Sicherheitsma\u00dfnahmen, um Ihre pers\u00f6nlichen Daten vor unbefugtem Zugriff, unbefugter Verwendung oder Offenlegung zu sch\u00fctzen.<\/span><\/p><br \/>\n<p><span style=\"font-weight: 400\">Wir verwenden sichere Server und Verschl\u00fcsselungstechnologien, um Ihre pers\u00f6nlichen Daten bei der \u00dcbertragung \u00fcber das Internet zu sch\u00fctzen.<\/span><\/p>\t\t\t\t<\/div>\n\t\t\t\t\t<\/div>\n\t\t\t\t\t\t<\/div>\n\t\t\t\t<\/div>\n\t\t\t\t\t<\/div>\n\t\t<\/div>\n\t\t\t\t<div class=\"elementor-column elementor-col-33 elementor-top-column elementor-element elementor-element-3716fcc\" data-id=\"3716fcc\" data-element_type=\"column\" data-e-type=\"column\">\n\t\t\t<div class=\"elementor-widget-wrap\">\n\t\t\t\t\t\t\t<\/div>\n\t\t<\/div>\n\t\t\t\t\t<\/div>\n\t\t<\/section>\n\t\t\t\t<\/div>\n\t\t","protected":false},"excerpt":{"rendered":"<p>Datenschutzrichtlinie Bei der Marke The Varsity Jacket sind wir bestrebt, die Privatsph\u00e4re unserer Kunden zu sch\u00fctzen und daf\u00fcr zu sorgen,<\/p>\n","protected":false},"author":43,"featured_media":0,"parent":0,"menu_order":0,"comment_status":"closed","ping_status":"closed","template":"","meta":{"footnotes":""},"class_list":["post-97181","page","type-page","status-publish","hentry"],"_links":{"self":[{"href":"https:\/\/varsityjacketsllc.com\/de\/wp-json\/wp\/v2\/pages\/97181","targetHints":{"allow":["GET"]}}],"collection":[{"href":"https:\/\/varsityjacketsllc.com\/de\/wp-json\/wp\/v2\/pages"}],"about":[{"href":"https:\/\/varsityjacketsllc.com\/de\/wp-json\/wp\/v2\/types\/page"}],"author":[{"embeddable":true,"href":"https:\/\/varsityjacketsllc.com\/de\/wp-json\/wp\/v2\/users\/43"}],"replies":[{"embeddable":true,"href":"https:\/\/varsityjacketsllc.com\/de\/wp-json\/wp\/v2\/comments?post=97181"}],"version-history":[{"count":0,"href":"https:\/\/varsityjacketsllc.com\/de\/wp-json\/wp\/v2\/pages\/97181\/revisions"}],"wp:attachment":[{"href":"https:\/\/varsityjacketsllc.com\/de\/wp-json\/wp\/v2\/media?parent=97181"}],"curies":[{"name":"wp","href":"https:\/\/api.w.org\/{rel}","templated":true}]}}