{"id":98432,"date":"2022-12-23T23:46:35","date_gmt":"2022-12-23T23:46:35","guid":{"rendered":"https:\/\/varsityjacketsllc.com\/allgemeine-geschaeftsbedingungen\/"},"modified":"2024-02-24T07:55:43","modified_gmt":"2024-02-24T07:55:43","slug":"allgemeine-geschaeftsbedingungen","status":"publish","type":"page","link":"https:\/\/varsityjacketsllc.com\/de\/allgemeine-geschaeftsbedingungen\/","title":{"rendered":"Allgemeine Gesch\u00e4ftsbedingungen"},"content":{"rendered":"\t\t<div data-elementor-type=\"wp-page\" data-elementor-id=\"98432\" class=\"elementor elementor-98432 elementor-9650\">\n\t\t\t\t\t\t<section class=\"wd-negative-gap elementor-section elementor-top-section elementor-element elementor-element-2ff8955c elementor-section-boxed elementor-section-height-default elementor-section-height-default\" data-id=\"2ff8955c\" data-element_type=\"section\" data-e-type=\"section\">\n\t\t\t\t\t\t<div class=\"elementor-container elementor-column-gap-default\">\n\t\t\t\t\t<div class=\"elementor-column elementor-col-100 elementor-top-column elementor-element elementor-element-65983252\" data-id=\"65983252\" data-element_type=\"column\" data-e-type=\"column\">\n\t\t\t<div class=\"elementor-widget-wrap elementor-element-populated\">\n\t\t\t\t\t\t<section class=\"wd-negative-gap elementor-section elementor-inner-section elementor-element elementor-element-4de97615 elementor-section-boxed elementor-section-height-default elementor-section-height-default\" data-id=\"4de97615\" data-element_type=\"section\" data-e-type=\"section\">\n\t\t\t\t\t\t<div class=\"elementor-container elementor-column-gap-default\">\n\t\t\t\t\t<div class=\"elementor-column elementor-col-33 elementor-inner-column elementor-element elementor-element-596e3f03\" data-id=\"596e3f03\" data-element_type=\"column\" data-e-type=\"column\">\n\t\t\t<div class=\"elementor-widget-wrap\">\n\t\t\t\t\t\t\t<\/div>\n\t\t<\/div>\n\t\t\t\t<div class=\"elementor-column elementor-col-33 elementor-inner-column elementor-element elementor-element-1038fb59\" data-id=\"1038fb59\" data-element_type=\"column\" data-e-type=\"column\">\n\t\t\t<div class=\"elementor-widget-wrap elementor-element-populated\">\n\t\t\t\t\t\t<div class=\"elementor-element elementor-element-7f1f38fe wd-width-100 elementor-widget elementor-widget-wd_title\" data-id=\"7f1f38fe\" data-element_type=\"widget\" data-e-type=\"widget\" data-widget_type=\"wd_title.default\">\n\t\t\t\t<div class=\"elementor-widget-container\">\n\t\t\t\t\t\t\t<div class=\"title-wrapper wd-set-mb reset-last-child wd-title-color-default wd-title-style-default wd-title-size-default text-center\">\n\n\t\t\t\n\t\t\t<div class=\"liner-continer\">\n\t\t\t\t<h1 class=\"woodmart-title-container title wd-fontsize-l\">Allgemeine Gesch\u00e4ftsbedingungen<\/h1> \n\t\t\t\t\t\t\t<\/div>\n\n\t\t\t\t\t<\/div>\n\t\t\t\t\t\t<\/div>\n\t\t\t\t<\/div>\n\t\t\t\t<div class=\"elementor-element elementor-element-755db082 wd-width-100 elementor-widget elementor-widget-wd_title\" data-id=\"755db082\" data-element_type=\"widget\" data-e-type=\"widget\" data-widget_type=\"wd_title.default\">\n\t\t\t\t<div class=\"elementor-widget-container\">\n\t\t\t\t\t\t\t<div class=\"title-wrapper wd-set-mb reset-last-child wd-title-color-default wd-title-style-default wd-title-size-default text-left\">\n\n\t\t\t\n\t\t\t<div class=\"liner-continer\">\n\t\t\t\t<h1 class=\"woodmart-title-container title wd-fontsize-l\"><\/h1> \n\t\t\t\t\t\t\t<\/div>\n\n\t\t\t\t\t\t\t<div class=\"title-after_title reset-last-child wd-fontsize-xs\">\n\t\t\t\t\t<p><span style=\"font-weight: 400\">Die Marke Varsity Jacket ist bestrebt, unseren Kunden ein positives und angenehmes Einkaufserlebnis zu bieten. Um sicherzustellen, dass unsere Kunden das bestm\u00f6gliche Erlebnis haben, haben wir die folgenden Allgemeinen Gesch\u00e4ftsbedingungen festgelegt:<\/span><\/p><ul><li><span style=\"font-weight: 400\"><strong>Nutzung der Website:<\/strong> Durch den Zugriff auf und die Nutzung unserer Website erkl\u00e4ren Sie sich mit diesen Allgemeinen Gesch\u00e4ftsbedingungen und allen geltenden Gesetzen einverstanden. Wenn Sie mit diesen Allgemeinen Gesch\u00e4ftsbedingungen nicht einverstanden sind, sollten Sie unsere Website nicht nutzen.<\/span><\/li><li><span style=\"font-weight: 400\"><strong>Datenschutzrichtlinie:<\/strong> Wir respektieren die Privatsph\u00e4re unserer Kunden und verpflichten uns zum Schutz ihrer pers\u00f6nlichen Daten. Weitere Informationen finden Sie in unserer Datenschutzerkl\u00e4rung.<\/span><\/li><li><span style=\"font-weight: 400\"><strong>Geistiges Eigentum:<\/strong> Alle Inhalte auf unserer Website, einschlie\u00dflich Texten, Bildern, Grafiken und Logos, sind Eigentum der Marke The Varsity Jacket und durch Urheberrechts- und Markengesetze gesch\u00fctzt. Sie d\u00fcrfen keinen dieser Inhalte ohne unsere ausdr\u00fcckliche schriftliche Zustimmung verwenden.<\/span><\/li><li><span style=\"font-weight: 400\"><strong>Produktbeschreibung:<\/strong> Wir sind bestrebt, genaue und vollst\u00e4ndige Beschreibungen unserer Produkte bereitzustellen, k\u00f6nnen jedoch nicht garantieren, dass alle Informationen fehlerfrei sind. Wenn Sie Fragen zu einem Produkt haben, kontaktieren Sie uns bitte unter info@thevarsityjacket.us.<\/span><\/li><li><span style=\"font-weight: 400\"><strong>Preisgestaltung:<\/strong> Die Preise f\u00fcr unsere Produkte k\u00f6nnen ohne vorherige Ank\u00fcndigung ge\u00e4ndert werden. Wir behalten uns das Recht vor, etwaige Preisfehler zu korrigieren.<\/span><\/li><li><span style=\"font-weight: 400\"><strong>Zahlung:<\/strong> Wir akzeptieren Zahlungen per Kreditkarte, Debitkarte und anderen auf unserer Website angegebenen Zahlungsarten. Wir behalten uns das Recht vor, jede Bestellung zu stornieren, wenn wir glauben, dass sie betr\u00fcgerisch oder unbefugt ist.<\/span><\/li><li><span style=\"font-weight: 400\"><strong>Versand:<\/strong> Wir bieten verschiedene Versandoptionen an, um den Bed\u00fcrfnissen unserer Kunden gerecht zu werden. Weitere Informationen finden Sie in unseren Versandrichtlinien.<\/span><\/li><li><span style=\"font-weight: 400\"><strong>R\u00fcckgabe und Umtausch:<\/strong> Wir m\u00f6chten, dass unsere Kunden mit ihren Eink\u00e4ufen rundum zufrieden sind. Weitere Informationen finden Sie in unseren Richtlinien f\u00fcr R\u00fcckgabe und Umtausch.<\/span><\/li><li><span style=\"font-weight: 400\"><strong>Haftungsausschluss:<\/strong> Wir geben keinerlei Zusicherungen oder Gew\u00e4hrleistungen jeglicher Art, weder ausdr\u00fccklich noch stillschweigend, hinsichtlich der Vollst\u00e4ndigkeit, Genauigkeit, Zuverl\u00e4ssigkeit, Eignung oder Verf\u00fcgbarkeit in Bezug auf unsere Website oder die auf unserer Website enthaltenen Informationen, Produkte, Dienstleistungen oder zugeh\u00f6rigen Grafiken f\u00fcr irgendeinen Zweck. Jegliches Vertrauen, das Sie auf solche Informationen setzen, erfolgt daher ausschlie\u00dflich auf Ihr eigenes Risiko.<\/span><\/li><li><span style=\"font-weight: 400\"><strong>Haftungsbeschr\u00e4nkung:<\/strong> Wir haften nicht f\u00fcr Verluste oder Sch\u00e4den, die durch Ihre Nutzung unserer Website oder Ihr Vertrauen auf die auf unserer Website enthaltenen Informationen entstehen.<\/span><\/li><li><span style=\"font-weight: 400\"><strong>Anwendbares Recht:<\/strong> Diese Gesch\u00e4ftsbedingungen unterliegen den Gesetzen des US-Bundesstaates Kalifornien und werden in \u00dcbereinstimmung mit diesen ausgelegt. Alle Streitigkeiten, die sich aus oder im Zusammenhang mit diesen Gesch\u00e4ftsbedingungen ergeben, unterliegen der Zust\u00e4ndigkeit der Gerichte des US-Bundesstaates Kalifornien.<\/span><\/li><\/ul><p><span style=\"font-weight: 400\">Wenn Sie Fragen oder Bedenken zu diesen Allgemeinen Gesch\u00e4ftsbedingungen haben, z\u00f6gern Sie bitte nicht, uns unter info@thevarsityjacket.us zu kontaktieren. Wir helfen Ihnen jederzeit gerne weiter, wo immer wir k\u00f6nnen.<\/span><\/p>\t\t\t\t<\/div>\n\t\t\t\t\t<\/div>\n\t\t\t\t\t\t<\/div>\n\t\t\t\t<\/div>\n\t\t\t\t\t<\/div>\n\t\t<\/div>\n\t\t\t\t<div class=\"elementor-column elementor-col-33 elementor-inner-column elementor-element elementor-element-28f3896b\" data-id=\"28f3896b\" data-element_type=\"column\" data-e-type=\"column\">\n\t\t\t<div class=\"elementor-widget-wrap\">\n\t\t\t\t\t\t\t<\/div>\n\t\t<\/div>\n\t\t\t\t\t<\/div>\n\t\t<\/section>\n\t\t\t\t\t<\/div>\n\t\t<\/div>\n\t\t\t\t\t<\/div>\n\t\t<\/section>\n\t\t\t\t<\/div>\n\t\t","protected":false},"excerpt":{"rendered":"<p>Allgemeine Gesch\u00e4ftsbedingungen Die Marke Varsity Jacket ist bestrebt, unseren Kunden ein positives und angenehmes Einkaufserlebnis zu bieten. Um sicherzustellen, dass<\/p>\n","protected":false},"author":43,"featured_media":0,"parent":0,"menu_order":0,"comment_status":"closed","ping_status":"closed","template":"","meta":{"footnotes":""},"class_list":["post-98432","page","type-page","status-publish","hentry"],"_links":{"self":[{"href":"https:\/\/varsityjacketsllc.com\/de\/wp-json\/wp\/v2\/pages\/98432","targetHints":{"allow":["GET"]}}],"collection":[{"href":"https:\/\/varsityjacketsllc.com\/de\/wp-json\/wp\/v2\/pages"}],"about":[{"href":"https:\/\/varsityjacketsllc.com\/de\/wp-json\/wp\/v2\/types\/page"}],"author":[{"embeddable":true,"href":"https:\/\/varsityjacketsllc.com\/de\/wp-json\/wp\/v2\/users\/43"}],"replies":[{"embeddable":true,"href":"https:\/\/varsityjacketsllc.com\/de\/wp-json\/wp\/v2\/comments?post=98432"}],"version-history":[{"count":0,"href":"https:\/\/varsityjacketsllc.com\/de\/wp-json\/wp\/v2\/pages\/98432\/revisions"}],"wp:attachment":[{"href":"https:\/\/varsityjacketsllc.com\/de\/wp-json\/wp\/v2\/media?parent=98432"}],"curies":[{"name":"wp","href":"https:\/\/api.w.org\/{rel}","templated":true}]}}