{"id":98661,"date":"2022-12-23T23:55:27","date_gmt":"2022-12-23T23:55:27","guid":{"rendered":"https:\/\/varsityjacketsllc.com\/warum-bei-uns-vorbeischauen\/"},"modified":"2024-02-24T11:41:38","modified_gmt":"2024-02-24T11:41:38","slug":"warum-bei-uns-vorbeischauen","status":"publish","type":"page","link":"https:\/\/varsityjacketsllc.com\/de\/warum-bei-uns-vorbeischauen\/","title":{"rendered":"Warum bei uns vorbeischauen"},"content":{"rendered":"\t\t<div data-elementor-type=\"wp-page\" data-elementor-id=\"98661\" class=\"elementor elementor-98661 elementor-9664\">\n\t\t\t\t\t\t<section class=\"wd-negative-gap elementor-section elementor-top-section elementor-element elementor-element-2c791db9 elementor-section-boxed elementor-section-height-default elementor-section-height-default\" data-id=\"2c791db9\" data-element_type=\"section\" data-e-type=\"section\">\n\t\t\t\t\t\t<div class=\"elementor-container elementor-column-gap-default\">\n\t\t\t\t\t<div class=\"elementor-column elementor-col-100 elementor-top-column elementor-element elementor-element-48450194\" data-id=\"48450194\" data-element_type=\"column\" data-e-type=\"column\">\n\t\t\t<div class=\"elementor-widget-wrap elementor-element-populated\">\n\t\t\t\t\t\t<section class=\"wd-negative-gap elementor-section elementor-inner-section elementor-element elementor-element-13dd2689 elementor-section-boxed elementor-section-height-default elementor-section-height-default\" data-id=\"13dd2689\" data-element_type=\"section\" data-e-type=\"section\">\n\t\t\t\t\t\t<div class=\"elementor-container elementor-column-gap-default\">\n\t\t\t\t\t<div class=\"elementor-column elementor-col-33 elementor-inner-column elementor-element elementor-element-6eb35606\" data-id=\"6eb35606\" data-element_type=\"column\" data-e-type=\"column\">\n\t\t\t<div class=\"elementor-widget-wrap\">\n\t\t\t\t\t\t\t<\/div>\n\t\t<\/div>\n\t\t\t\t<div class=\"elementor-column elementor-col-33 elementor-inner-column elementor-element elementor-element-6f4d5061\" data-id=\"6f4d5061\" data-element_type=\"column\" data-e-type=\"column\">\n\t\t\t<div class=\"elementor-widget-wrap elementor-element-populated\">\n\t\t\t\t\t\t<div class=\"elementor-element elementor-element-54ee2e7b wd-width-100 elementor-widget elementor-widget-wd_title\" data-id=\"54ee2e7b\" data-element_type=\"widget\" data-e-type=\"widget\" data-widget_type=\"wd_title.default\">\n\t\t\t\t<div class=\"elementor-widget-container\">\n\t\t\t\t\t\t\t<div class=\"title-wrapper wd-set-mb reset-last-child wd-title-color-default wd-title-style-default wd-title-size-default text-center\">\n\n\t\t\t\n\t\t\t<div class=\"liner-continer\">\n\t\t\t\t<h1 class=\"woodmart-title-container title wd-fontsize-l\">Warum bei uns vorbeischauen<\/h1> \n\t\t\t\t\t\t\t<\/div>\n\n\t\t\t\t\t<\/div>\n\t\t\t\t\t\t<\/div>\n\t\t\t\t<\/div>\n\t\t\t\t<div class=\"elementor-element elementor-element-73d3f202 wd-width-100 elementor-widget elementor-widget-wd_title\" data-id=\"73d3f202\" data-element_type=\"widget\" data-e-type=\"widget\" data-widget_type=\"wd_title.default\">\n\t\t\t\t<div class=\"elementor-widget-container\">\n\t\t\t\t\t\t\t<div class=\"title-wrapper wd-set-mb reset-last-child wd-title-color-default wd-title-style-default wd-title-size-default text-left\">\n\n\t\t\t\n\t\t\t<div class=\"liner-continer\">\n\t\t\t\t<h1 class=\"woodmart-title-container title wd-fontsize-l\"><\/h1> \n\t\t\t\t\t\t\t<\/div>\n\n\t\t\t\t\t\t\t<div class=\"title-after_title reset-last-child wd-fontsize-xs\">\n\t\t\t\t\t<p><strong>Warum bei uns vorbeischauen<\/strong><\/p><p><span style=\"font-weight: 400\">Gro\u00dfe Auswahl an College-Jacken f\u00fcr M\u00e4nner, Frauen und Kinder: Wir bieten eine gro\u00dfe Auswahl an College-Jacken in verschiedenen Gr\u00f6\u00dfen, Stilen und Farben, um den Bed\u00fcrfnissen und Vorlieben unserer Kunden gerecht zu werden. Klicken Sie hier, um unsere Auswahl an Uni-Jacken f\u00fcr Herren, Uni-Jacken f\u00fcr Damen und Uni-Jacken f\u00fcr Kinder zu durchsuchen.<\/span><\/p><p><span style=\"font-weight: 400\"><strong>Anpassungsm\u00f6glichkeiten:<\/strong> Wir bieten eine Vielzahl von Anpassungsoptionen, darunter ma\u00dfgeschneiderte Gr\u00f6\u00dfen, individuelle Farben, individuelle Designs und individuelle Namensaufn\u00e4her, um unseren Kunden dabei zu helfen, ihren einzigartigen Stil zum Ausdruck zu bringen. Klicken Sie hier, um mehr \u00fcber unsere Anpassungsoptionen zu erfahren.<\/span><\/p><p><span style=\"font-weight: 400\"><strong>Hochwertige Materialien und Konstruktion:<\/strong> Wir verwenden nur die besten Materialien und Konstruktionstechniken, um College-Jacken herzustellen, die auf Langlebigkeit ausgelegt sind. Unsere College-Jacken bestehen aus feinstem Leder und Wollstoffen und sind so konzipiert, dass sie den Strapazen des Alltags standhalten.<\/span><\/p><p><span style=\"font-weight: 400\"><strong>Exzellenter Kundenservice:<\/strong> Wir sind bestrebt, unseren Kunden das bestm\u00f6gliche Einkaufserlebnis zu bieten. Egal, ob Sie eine Frage zur Gr\u00f6\u00dfe, Individualisierung oder etwas anderem haben, unser freundliches und sachkundiges Kundendienstteam hilft Ihnen gerne weiter. Kontaktieren Sie uns unter info@thevarsityjacket.us, wenn Sie Fragen oder Bedenken haben.<\/span><\/p><p><span style=\"font-weight: 400\"><strong>Schneller und zuverl\u00e4ssiger Versand:<\/strong> Wir bieten eine Vielzahl von Versandoptionen an, um den Bed\u00fcrfnissen unserer Kunden gerecht zu werden, und arbeiten hart daran, sicherzustellen, dass Ihre College-Jacke umgehend versendet wird und in einwandfreiem Zustand ankommt.<\/span><\/p>\t\t\t\t<\/div>\n\t\t\t\t\t<\/div>\n\t\t\t\t\t\t<\/div>\n\t\t\t\t<\/div>\n\t\t\t\t\t<\/div>\n\t\t<\/div>\n\t\t\t\t<div class=\"elementor-column elementor-col-33 elementor-inner-column elementor-element elementor-element-6fc70473\" data-id=\"6fc70473\" data-element_type=\"column\" data-e-type=\"column\">\n\t\t\t<div class=\"elementor-widget-wrap\">\n\t\t\t\t\t\t\t<\/div>\n\t\t<\/div>\n\t\t\t\t\t<\/div>\n\t\t<\/section>\n\t\t\t\t\t<\/div>\n\t\t<\/div>\n\t\t\t\t\t<\/div>\n\t\t<\/section>\n\t\t\t\t<\/div>\n\t\t","protected":false},"excerpt":{"rendered":"<p>Warum bei uns vorbeischauen Warum bei uns vorbeischauen Gro\u00dfe Auswahl an College-Jacken f\u00fcr M\u00e4nner, Frauen und Kinder: Wir bieten eine<\/p>\n","protected":false},"author":43,"featured_media":0,"parent":0,"menu_order":0,"comment_status":"closed","ping_status":"closed","template":"","meta":{"footnotes":""},"class_list":["post-98661","page","type-page","status-publish","hentry"],"_links":{"self":[{"href":"https:\/\/varsityjacketsllc.com\/de\/wp-json\/wp\/v2\/pages\/98661","targetHints":{"allow":["GET"]}}],"collection":[{"href":"https:\/\/varsityjacketsllc.com\/de\/wp-json\/wp\/v2\/pages"}],"about":[{"href":"https:\/\/varsityjacketsllc.com\/de\/wp-json\/wp\/v2\/types\/page"}],"author":[{"embeddable":true,"href":"https:\/\/varsityjacketsllc.com\/de\/wp-json\/wp\/v2\/users\/43"}],"replies":[{"embeddable":true,"href":"https:\/\/varsityjacketsllc.com\/de\/wp-json\/wp\/v2\/comments?post=98661"}],"version-history":[{"count":0,"href":"https:\/\/varsityjacketsllc.com\/de\/wp-json\/wp\/v2\/pages\/98661\/revisions"}],"wp:attachment":[{"href":"https:\/\/varsityjacketsllc.com\/de\/wp-json\/wp\/v2\/media?parent=98661"}],"curies":[{"name":"wp","href":"https:\/\/api.w.org\/{rel}","templated":true}]}}