{"id":98553,"date":"2022-12-23T23:46:35","date_gmt":"2022-12-23T23:46:35","guid":{"rendered":"https:\/\/varsityjacketsllc.com\/terminos-y-condiciones\/"},"modified":"2024-02-24T10:39:24","modified_gmt":"2024-02-24T10:39:24","slug":"terminos-y-condiciones","status":"publish","type":"page","link":"https:\/\/varsityjacketsllc.com\/es\/terminos-y-condiciones\/","title":{"rendered":"T\u00e9rminos y condiciones"},"content":{"rendered":"\t\t<div data-elementor-type=\"wp-page\" data-elementor-id=\"98553\" class=\"elementor elementor-98553 elementor-9650\">\n\t\t\t\t\t\t<section class=\"wd-negative-gap elementor-section elementor-top-section elementor-element elementor-element-2ff8955c elementor-section-boxed elementor-section-height-default elementor-section-height-default\" data-id=\"2ff8955c\" data-element_type=\"section\" data-e-type=\"section\">\n\t\t\t\t\t\t<div class=\"elementor-container elementor-column-gap-default\">\n\t\t\t\t\t<div class=\"elementor-column elementor-col-100 elementor-top-column elementor-element elementor-element-65983252\" data-id=\"65983252\" data-element_type=\"column\" data-e-type=\"column\">\n\t\t\t<div class=\"elementor-widget-wrap elementor-element-populated\">\n\t\t\t\t\t\t<section class=\"wd-negative-gap elementor-section elementor-inner-section elementor-element elementor-element-4de97615 elementor-section-boxed elementor-section-height-default elementor-section-height-default\" data-id=\"4de97615\" data-element_type=\"section\" data-e-type=\"section\">\n\t\t\t\t\t\t<div class=\"elementor-container elementor-column-gap-default\">\n\t\t\t\t\t<div class=\"elementor-column elementor-col-33 elementor-inner-column elementor-element elementor-element-596e3f03\" data-id=\"596e3f03\" data-element_type=\"column\" data-e-type=\"column\">\n\t\t\t<div class=\"elementor-widget-wrap\">\n\t\t\t\t\t\t\t<\/div>\n\t\t<\/div>\n\t\t\t\t<div class=\"elementor-column elementor-col-33 elementor-inner-column elementor-element elementor-element-1038fb59\" data-id=\"1038fb59\" data-element_type=\"column\" data-e-type=\"column\">\n\t\t\t<div class=\"elementor-widget-wrap elementor-element-populated\">\n\t\t\t\t\t\t<div class=\"elementor-element elementor-element-7f1f38fe wd-width-100 elementor-widget elementor-widget-wd_title\" data-id=\"7f1f38fe\" data-element_type=\"widget\" data-e-type=\"widget\" data-widget_type=\"wd_title.default\">\n\t\t\t\t<div class=\"elementor-widget-container\">\n\t\t\t\t\t\t\t<div class=\"title-wrapper wd-set-mb reset-last-child wd-title-color-default wd-title-style-default wd-title-size-default text-center\">\n\n\t\t\t\n\t\t\t<div class=\"liner-continer\">\n\t\t\t\t<h1 class=\"woodmart-title-container title wd-fontsize-l\">T\u00e9rminos y condiciones<\/h1> \n\t\t\t\t\t\t\t<\/div>\n\n\t\t\t\t\t<\/div>\n\t\t\t\t\t\t<\/div>\n\t\t\t\t<\/div>\n\t\t\t\t<div class=\"elementor-element elementor-element-755db082 wd-width-100 elementor-widget elementor-widget-wd_title\" data-id=\"755db082\" data-element_type=\"widget\" data-e-type=\"widget\" data-widget_type=\"wd_title.default\">\n\t\t\t\t<div class=\"elementor-widget-container\">\n\t\t\t\t\t\t\t<div class=\"title-wrapper wd-set-mb reset-last-child wd-title-color-default wd-title-style-default wd-title-size-default text-left\">\n\n\t\t\t\n\t\t\t<div class=\"liner-continer\">\n\t\t\t\t<h1 class=\"woodmart-title-container title wd-fontsize-l\"><\/h1> \n\t\t\t\t\t\t\t<\/div>\n\n\t\t\t\t\t\t\t<div class=\"title-after_title reset-last-child wd-fontsize-xs\">\n\t\t\t\t\t<p><span style=\"font-weight: 400\">La marca Varsity Jacket se compromete a brindar a nuestros clientes una experiencia de compra positiva y agradable. Para garantizar que nuestros clientes tengan la mejor experiencia posible, hemos establecido los siguientes t\u00e9rminos y condiciones:<\/span><\/p><ul><li><span style=\"font-weight: 400\"><strong>Uso del sitio web:<\/strong> Al acceder y utilizar nuestro sitio web, usted acepta estar sujeto a estos t\u00e9rminos y condiciones y a todas las leyes aplicables. Si no est\u00e1 de acuerdo con estos t\u00e9rminos y condiciones, no debe utilizar nuestro sitio web.<\/span><\/li><li><span style=\"font-weight: 400\"><strong>Pol\u00edtica de privacidad:<\/strong> Respetamos la privacidad de nuestros clientes y estamos comprometidos a proteger su informaci\u00f3n personal. Por favor, consulte nuestra pol\u00edtica de privacidad para m\u00e1s informaci\u00f3n.<\/span><\/li><li><span style=\"font-weight: 400\"><strong>Propiedad intelectual:<\/strong> Todo el contenido de nuestro sitio web, incluidos textos, im\u00e1genes, gr\u00e1ficos y logotipos, es propiedad de la marca The Varsity Jacket y est\u00e1 protegido por las leyes de derechos de autor y marcas registradas. No puede utilizar nada de este contenido sin nuestro consentimiento expreso por escrito.<\/span><\/li><li><span style=\"font-weight: 400\"><strong>Descripciones de productos:<\/strong> Nos esforzamos por proporcionar descripciones precisas y completas de nuestros productos, pero no podemos garantizar que toda la informaci\u00f3n est\u00e9 libre de errores. Si tiene alguna pregunta sobre un producto, cont\u00e1ctenos en info@thevarsityjacket.us.<\/span><\/li><li><span style=\"font-weight: 400\"><strong>Precios:<\/strong> Los precios de nuestros productos est\u00e1n sujetos a cambios sin previo aviso. Nos reservamos el derecho de corregir cualquier error en los precios que pueda ocurrir.<\/span><\/li><li><span style=\"font-weight: 400\"><strong>Pago:<\/strong> Aceptamos pagos con tarjeta de cr\u00e9dito, tarjeta de d\u00e9bito y otras formas de pago como se indica en nuestro sitio web. Nos reservamos el derecho de cancelar cualquier pedido que creamos que puede ser fraudulento o no autorizado.<\/span><\/li><li><span style=\"font-weight: 400\"><strong>Env\u00edo:<\/strong> Ofrecemos una variedad de opciones de env\u00edo para satisfacer las necesidades de nuestros clientes. Consulte nuestra pol\u00edtica de env\u00edo para obtener m\u00e1s informaci\u00f3n.<\/span><\/li><li><span style=\"font-weight: 400\"><strong>Devoluciones y cambios:<\/strong> Queremos que nuestros clientes queden completamente satisfechos con sus compras. Consulte nuestra pol\u00edtica de devoluciones y cambios para obtener m\u00e1s informaci\u00f3n.<\/span><\/li><li><span style=\"font-weight: 400\"><strong>Descargo de responsabilidad:<\/strong> No hacemos representaciones ni garant\u00edas de ning\u00fan tipo, expresas o impl\u00edcitas, sobre la integridad, exactitud, confiabilidad, idoneidad o disponibilidad con respecto a nuestro sitio web o la informaci\u00f3n, productos, servicios o gr\u00e1ficos relacionados contenidos en nuestro sitio web para cualquier prop\u00f3sito. Por lo tanto, cualquier confianza que usted deposite en dicha informaci\u00f3n es estrictamente bajo su propio riesgo.<\/span><\/li><li><span style=\"font-weight: 400\"><strong>Limitaci\u00f3n de responsabilidad:<\/strong> No seremos responsables de ninguna p\u00e9rdida o da\u00f1o que surja del uso de nuestro sitio web o de su confianza en la informaci\u00f3n contenida en nuestro sitio web.<\/span><\/li><li><span style=\"font-weight: 400\"><strong>Ley que rige:<\/strong> Estos t\u00e9rminos y condiciones se regir\u00e1n e interpretar\u00e1n de acuerdo con las leyes del Estado de California, y cualquier disputa que surja de estos t\u00e9rminos y condiciones o est\u00e9 relacionada con ellos estar\u00e1 sujeta a la jurisdicci\u00f3n de los tribunales del Estado de California.<\/span><\/li><\/ul><p><span style=\"font-weight: 400\">Si tiene alguna pregunta o inquietud sobre estos t\u00e9rminos y condiciones, no dude en contactarnos en info@thevarsityjacket.us. Siempre estaremos encantados de ayudar en todo lo que podamos.<\/span><\/p>\t\t\t\t<\/div>\n\t\t\t\t\t<\/div>\n\t\t\t\t\t\t<\/div>\n\t\t\t\t<\/div>\n\t\t\t\t\t<\/div>\n\t\t<\/div>\n\t\t\t\t<div class=\"elementor-column elementor-col-33 elementor-inner-column elementor-element elementor-element-28f3896b\" data-id=\"28f3896b\" data-element_type=\"column\" data-e-type=\"column\">\n\t\t\t<div class=\"elementor-widget-wrap\">\n\t\t\t\t\t\t\t<\/div>\n\t\t<\/div>\n\t\t\t\t\t<\/div>\n\t\t<\/section>\n\t\t\t\t\t<\/div>\n\t\t<\/div>\n\t\t\t\t\t<\/div>\n\t\t<\/section>\n\t\t\t\t<\/div>\n\t\t","protected":false},"excerpt":{"rendered":"<p>T\u00e9rminos y condiciones La marca Varsity Jacket se compromete a brindar a nuestros clientes una experiencia de compra positiva y<\/p>\n","protected":false},"author":43,"featured_media":0,"parent":0,"menu_order":0,"comment_status":"closed","ping_status":"closed","template":"","meta":{"footnotes":""},"class_list":["post-98553","page","type-page","status-publish","hentry"],"_links":{"self":[{"href":"https:\/\/varsityjacketsllc.com\/es\/wp-json\/wp\/v2\/pages\/98553","targetHints":{"allow":["GET"]}}],"collection":[{"href":"https:\/\/varsityjacketsllc.com\/es\/wp-json\/wp\/v2\/pages"}],"about":[{"href":"https:\/\/varsityjacketsllc.com\/es\/wp-json\/wp\/v2\/types\/page"}],"author":[{"embeddable":true,"href":"https:\/\/varsityjacketsllc.com\/es\/wp-json\/wp\/v2\/users\/43"}],"replies":[{"embeddable":true,"href":"https:\/\/varsityjacketsllc.com\/es\/wp-json\/wp\/v2\/comments?post=98553"}],"version-history":[{"count":0,"href":"https:\/\/varsityjacketsllc.com\/es\/wp-json\/wp\/v2\/pages\/98553\/revisions"}],"wp:attachment":[{"href":"https:\/\/varsityjacketsllc.com\/es\/wp-json\/wp\/v2\/media?parent=98553"}],"curies":[{"name":"wp","href":"https:\/\/api.w.org\/{rel}","templated":true}]}}