{"id":96156,"date":"2021-08-25T07:26:28","date_gmt":"2021-08-25T02:26:28","guid":{"rendered":"https:\/\/varsityjacketsllc.com\/meist\/"},"modified":"2024-11-16T00:11:50","modified_gmt":"2024-11-15T19:11:50","slug":"meist__trashed","status":"publish","type":"page","link":"https:\/\/varsityjacketsllc.com\/et\/meist__trashed\/","title":{"rendered":"Meist"},"content":{"rendered":"<p><img fetchpriority=\"high\" width=\"700\" height=\"618\" src=\"https:\/\/varsityjacketsllc.com\/wp-content\/uploads\/2022\/12\/lifting-ladies-think-twice-before-putting-on-the-belt-1-700xh-1.png\" alt=\"\" decoding=\"async\" srcset=\"https:\/\/varsityjacketsllc.com\/wp-content\/uploads\/2022\/12\/lifting-ladies-think-twice-before-putting-on-the-belt-1-700xh-1.png 700w, https:\/\/varsityjacketsllc.com\/wp-content\/uploads\/2022\/12\/lifting-ladies-think-twice-before-putting-on-the-belt-1-700xh-1-340x300.png 340w, https:\/\/varsityjacketsllc.com\/wp-content\/uploads\/2022\/12\/lifting-ladies-think-twice-before-putting-on-the-belt-1-700xh-1-430x380.png 430w, https:\/\/varsityjacketsllc.com\/wp-content\/uploads\/2022\/12\/lifting-ladies-think-twice-before-putting-on-the-belt-1-700xh-1-150x132.png 150w\" sizes=\"(max-width: 700px) 100vw, 700px\" \/><br \/>\n\t\t\t\t\tKES ME OLEME?\t\t\t\t<\/p>\n<h4>MEIE TEHASE KOHTA<br \/>\nETTEV\u00d5TTE AJALUGU JA FAKTID<\/h4>\n<p>Br\u00e4nd Varsity Jacket ( Baatner LLC ) asutati 2012. aastal unistusega pakkuda klientidele \u00fcle kogu maailma kvaliteetseid eritellimusel valmistatud \u00fclikoolijopesid, tuntud ka kui letterman jakid. Aastate jooksul oleme laiendanud oma pakkumist meeste, naiste ja laste \u00fclikoolijopede jaoks. Ainu\u00fcksi viimaste aastate jooksul oleme klientidele \u00fcle maailma tarninud \u00fcle 50 000 \u00fclikoolijope, mis on loonud lojaalse kliendibaasi ja oivalise maine.<\/p>\n<p>Meie kohandamisvalikud on need, mis meid t\u00f5eliselt eristavad. Pakume m\u00f5\u00f5tude j\u00e4rgi valmistatud suurusi, et tagada t\u00e4iuslik sobivus, samuti erinevaid kohandatud v\u00e4rve ja kujundusi, mis aitavad klientidel v\u00e4ljendada oma ainulaadset stiili. Pakume isegi kohandatud nimeplaastreid, et saaksite oma \u00fclikoolijope t\u00f5eliselt enda omaks muuta.<\/p>\n<p>Br\u00e4nd The Varsity Jacket on p\u00fchendunud sellele, et pakkuda igale oma kliendile parimat v\u00f5imalikku kogemust. Meie meeskond on p\u00fchendunud detailidele t\u00e4helepanu p\u00f6\u00f6ramisele ja selle tagamisele, et iga meie loodud \u00fclikoolijope vastaks k\u00f5rgeimatele kvaliteedi- ja viimistlusstandarditele. Just see p\u00fchendumus on toonud meile maine \u00fclikoolijopedet\u00f6\u00f6stuse juhtiva kaubam\u00e4rgina.<\/p>\n<p>Kui otsite uut \u00fclikoolijopet, kutsume teid proovima The Varsity Jacketi kaubam\u00e4rki. \u00dcksk\u00f5ik, kas otsite klassikalist Letterman jopet v\u00f5i midagi moodsamat ja unikaalsemat, oleme teiega kaetud. Ostke meie juurest juba t\u00e4na ja kogege erinevust ise.<\/p>\n<p>********************************<\/p>\n<p>Br\u00e4nd The Varsity Jacket on p\u00fchendunud sellele, et pakkuda igale oma kliendile parimat v\u00f5imalikku kogemust. See algab sellest, et meie \u00fclikoolijopede valmistamisel kasutatakse ainult k\u00f5rgeima kvaliteediga materjale. Alates parimast nahast ja villasest kangast kuni k\u00f5ige vastupidavamate riistvara ja ehitustehnikateni \u2013 oleme p\u00fchendunud kestma ehitatud \u00fclikoolijopede loomisele.<\/p>\n<p>Lisaks p\u00fchendumisele kvaliteetsetele materjalidele kasutame ka ainulaadset tootmisprotsessi, mis v\u00f5imaldab meil luua kohandatud \u00fclikoolijopesid, mis on t\u00f5eliselt ainulaadsed. Protsess h\u00f5lmab j\u00e4rgmisi samme:<\/p>\n<p><strong>Disain ja mustri v\u00e4ljat\u00f6\u00f6tamine:<\/strong> Teeme oma klientidega koost\u00f6\u00f6d, et otsustada materjalide, v\u00e4rvide ja detailide \u00fcle, mida nende \u00fclikoolijope loomisel kasutada. Teeme oma klientidega koost\u00f6\u00f6d, et otsustada materjalide, v\u00e4rvide ja detailide \u00fcle, mida nende \u00fclikoolijope loomisel kasutada.<\/p>\n<p><strong>Kanga valik ja l\u00f5ikamine:<\/strong> Valime hoolikalt v\u00e4lja materjalid, millest \u00fclikoolijope valmistame ning seej\u00e4rel l\u00f5ikame need mustri j\u00e4rgi sobiva suuruse ja kujuga.<\/p>\n<p><strong>\u00d5mblemine:<\/strong> Kinnitame jope keha k\u00fclge voodri, samuti kinnitame varrukad ja muud detailid. Me hoolitseme selle eest, et iga \u00f5mblus oleks t\u00e4iuslikult \u00f5mmeldud.<\/p>\n<p><strong>Viimistlus:<\/strong> Kontrollime jope defektide v\u00f5i probleemide suhtes ning teeme vajalikud parandused v\u00f5i kohandused. Seej\u00e4rel puhastame ja vajutame jope, et anda sellele professionaalne viimistlus.<\/p>\n<p><strong>Tikand ja muud kaunistused:<\/strong> Paljud meie \u00fclikoolijoped sisaldavad ka tikandeid, plaastreid v\u00f5i muid kaunistusi, mis lisatakse spetsiaalsete masinate v\u00f5i tehnikate abil.<\/p>\n<p><strong>Kvaliteedikontroll ja saatmine:<\/strong> L\u00f5puks kontrollime valmis \u00fclikoolijope, et tagada selle vastavus k\u00f5rgeimatele kvaliteedistandarditele. Seej\u00e4rel see pakitakse ja saadetakse kliendile.<\/p>\n<p>\u00dcksk\u00f5ik, kas otsite klassikalist Letterman jopet v\u00f5i midagi moodsamat ja unikaalsemat, oleme teiega kaetud. Ostke meie juurest juba t\u00e4na ja kogege erinevust ise.<\/p>\n<p>\t\t\t<a href=\"https:\/\/uk.baatner.com\/about-us\/\" target=\"_blank\" rel=\"noopener\"><br \/>\n\t\t\t\t\tLoe veel<br \/>\n\t\t\t\t\t\t\t<\/a><br \/>\n\t\t\t<a href=\"https:\/\/uk.baatner.com\/about-us\/\" target=\"_blank\" rel=\"noopener\"><br \/>\n\t\t\t\t\tMinu konto<br \/>\n\t\t\t\t\t\t\t<\/a><\/p>\n","protected":false},"excerpt":{"rendered":"<p>KES ME OLEME? MEIE TEHASE KOHTA ETTEV\u00d5TTE AJALUGU JA FAKTID Br\u00e4nd Varsity Jacket ( Baatner LLC ) asutati 2012. aastal<\/p>\n","protected":false},"author":43,"featured_media":0,"parent":0,"menu_order":0,"comment_status":"closed","ping_status":"closed","template":"","meta":{"footnotes":""},"class_list":["post-96156","page","type-page","status-publish","hentry"],"_links":{"self":[{"href":"https:\/\/varsityjacketsllc.com\/et\/wp-json\/wp\/v2\/pages\/96156","targetHints":{"allow":["GET"]}}],"collection":[{"href":"https:\/\/varsityjacketsllc.com\/et\/wp-json\/wp\/v2\/pages"}],"about":[{"href":"https:\/\/varsityjacketsllc.com\/et\/wp-json\/wp\/v2\/types\/page"}],"author":[{"embeddable":true,"href":"https:\/\/varsityjacketsllc.com\/et\/wp-json\/wp\/v2\/users\/43"}],"replies":[{"embeddable":true,"href":"https:\/\/varsityjacketsllc.com\/et\/wp-json\/wp\/v2\/comments?post=96156"}],"version-history":[{"count":1,"href":"https:\/\/varsityjacketsllc.com\/et\/wp-json\/wp\/v2\/pages\/96156\/revisions"}],"predecessor-version":[{"id":194131,"href":"https:\/\/varsityjacketsllc.com\/et\/wp-json\/wp\/v2\/pages\/96156\/revisions\/194131"}],"wp:attachment":[{"href":"https:\/\/varsityjacketsllc.com\/et\/wp-json\/wp\/v2\/media?parent=96156"}],"curies":[{"name":"wp","href":"https:\/\/api.w.org\/{rel}","templated":true}]}}