{"id":98414,"date":"2022-12-23T23:46:35","date_gmt":"2022-12-23T23:46:35","guid":{"rendered":"https:\/\/varsityjacketsllc.com\/tingimused\/"},"modified":"2024-02-24T07:42:57","modified_gmt":"2024-02-24T07:42:57","slug":"tingimused","status":"publish","type":"page","link":"https:\/\/varsityjacketsllc.com\/et\/tingimused\/","title":{"rendered":"Tingimused"},"content":{"rendered":"\t\t<div data-elementor-type=\"wp-page\" data-elementor-id=\"98414\" class=\"elementor elementor-98414 elementor-9650\">\n\t\t\t\t\t\t<section class=\"wd-negative-gap elementor-section elementor-top-section elementor-element elementor-element-2ff8955c elementor-section-boxed elementor-section-height-default elementor-section-height-default\" data-id=\"2ff8955c\" data-element_type=\"section\" data-e-type=\"section\">\n\t\t\t\t\t\t<div class=\"elementor-container elementor-column-gap-default\">\n\t\t\t\t\t<div class=\"elementor-column elementor-col-100 elementor-top-column elementor-element elementor-element-65983252\" data-id=\"65983252\" data-element_type=\"column\" data-e-type=\"column\">\n\t\t\t<div class=\"elementor-widget-wrap elementor-element-populated\">\n\t\t\t\t\t\t<section class=\"wd-negative-gap elementor-section elementor-inner-section elementor-element elementor-element-4de97615 elementor-section-boxed elementor-section-height-default elementor-section-height-default\" data-id=\"4de97615\" data-element_type=\"section\" data-e-type=\"section\">\n\t\t\t\t\t\t<div class=\"elementor-container elementor-column-gap-default\">\n\t\t\t\t\t<div class=\"elementor-column elementor-col-33 elementor-inner-column elementor-element elementor-element-596e3f03\" data-id=\"596e3f03\" data-element_type=\"column\" data-e-type=\"column\">\n\t\t\t<div class=\"elementor-widget-wrap\">\n\t\t\t\t\t\t\t<\/div>\n\t\t<\/div>\n\t\t\t\t<div class=\"elementor-column elementor-col-33 elementor-inner-column elementor-element elementor-element-1038fb59\" data-id=\"1038fb59\" data-element_type=\"column\" data-e-type=\"column\">\n\t\t\t<div class=\"elementor-widget-wrap elementor-element-populated\">\n\t\t\t\t\t\t<div class=\"elementor-element elementor-element-7f1f38fe wd-width-100 elementor-widget elementor-widget-wd_title\" data-id=\"7f1f38fe\" data-element_type=\"widget\" data-e-type=\"widget\" data-widget_type=\"wd_title.default\">\n\t\t\t\t<div class=\"elementor-widget-container\">\n\t\t\t\t\t\t\t<div class=\"title-wrapper wd-set-mb reset-last-child wd-title-color-default wd-title-style-default wd-title-size-default text-center\">\n\n\t\t\t\n\t\t\t<div class=\"liner-continer\">\n\t\t\t\t<h1 class=\"woodmart-title-container title wd-fontsize-l\">Tingimused<\/h1> \n\t\t\t\t\t\t\t<\/div>\n\n\t\t\t\t\t<\/div>\n\t\t\t\t\t\t<\/div>\n\t\t\t\t<\/div>\n\t\t\t\t<div class=\"elementor-element elementor-element-755db082 wd-width-100 elementor-widget elementor-widget-wd_title\" data-id=\"755db082\" data-element_type=\"widget\" data-e-type=\"widget\" data-widget_type=\"wd_title.default\">\n\t\t\t\t<div class=\"elementor-widget-container\">\n\t\t\t\t\t\t\t<div class=\"title-wrapper wd-set-mb reset-last-child wd-title-color-default wd-title-style-default wd-title-size-default text-left\">\n\n\t\t\t\n\t\t\t<div class=\"liner-continer\">\n\t\t\t\t<h1 class=\"woodmart-title-container title wd-fontsize-l\"><\/h1> \n\t\t\t\t\t\t\t<\/div>\n\n\t\t\t\t\t\t\t<div class=\"title-after_title reset-last-child wd-fontsize-xs\">\n\t\t\t\t\t<p><span style=\"font-weight: 400\">Varsity Jacketi br\u00e4nd on p\u00fchendunud oma klientidele positiivse ja nauditava ostukogemuse pakkumisele. Selleks, et tagada meie klientidele parim v\u00f5imalik kogemus, oleme kehtestanud j\u00e4rgmised tingimused:<\/span><\/p><ul><li><span style=\"font-weight: 400\"><strong>Veebilehe kasutamine:<\/strong> Meie veebisaidile sisenedes ja seda kasutades n\u00f5ustute j\u00e4rgima neid tingimusi ja k\u00f5iki kohaldatavaid seadusi. Kui te nende tingimustega ei n\u00f5ustu, ei tohiks te meie veebisaiti kasutada.<\/span><\/li><li><span style=\"font-weight: 400\"><strong>Privaatsuspoliitika:<\/strong> Austame oma klientide privaatsust ja oleme p\u00fchendunud nende isikuandmete kaitsmisele. Lisateabe saamiseks vaadake meie privaatsuspoliitikat.<\/span><\/li><li><span style=\"font-weight: 400\"><strong>Intellektuaalne omand:<\/strong> Kogu meie veebisaidil olev sisu, sealhulgas tekst, pildid, graafika ja logod, on The Varsity Jacketi kaubam\u00e4rgi omand ning on kaitstud autori\u00f5iguse ja kaubam\u00e4rgiseadustega. Te ei tohi seda sisu kasutada ilma meie selges\u00f5nalise kirjaliku n\u00f5usolekuta.<\/span><\/li><li><span style=\"font-weight: 400\"><strong>Toodete kirjeldused:<\/strong> P\u00fc\u00fcame pakkuda oma toodete kohta t\u00e4pseid ja t\u00e4ielikke kirjeldusi, kuid me ei saa garanteerida, et kogu teave on veatu. Kui teil on toote kohta k\u00fcsimusi, v\u00f5tke meiega \u00fchendust aadressil info@thevarsityjacket.us.<\/span><\/li><li><span style=\"font-weight: 400\"><strong>Hinnakujundus:<\/strong> Meie toodete hinnad v\u00f5ivad muutuda ilma ette teatamata. J\u00e4tame endale \u00f5iguse parandada k\u00f5ik hinnakujunduses esinevad vead.<\/span><\/li><li><span style=\"font-weight: 400\"><strong>Makse:<\/strong> Aktsepteerime makseid krediitkaardi, deebetkaardi ja muude meie veebisaidil n\u00e4idatud makseviisidega. J\u00e4tame endale \u00f5iguse t\u00fchistada k\u00f5ik tellimused, mis meie arvates v\u00f5ivad olla petturlikud v\u00f5i volitamata.<\/span><\/li><li><span style=\"font-weight: 400\"><strong>Kohaletoimetamine:<\/strong> Pakume erinevaid saatmisv\u00f5imalusi, et rahuldada meie klientide vajadusi. Lisateabe saamiseks vaadake meie tarnepoliitikat.<\/span><\/li><li><span style=\"font-weight: 400\"><strong>Tagastamine ja vahetus:<\/strong> Soovime, et meie kliendid oleksid oma ostudega igati rahul. Lisateabe saamiseks vaadake meie tagastus- ja vahetuspoliitikat.<\/span><\/li><li><span style=\"font-weight: 400\"><strong>Vastutusest loobumine:<\/strong> Me ei anna mingeid otseseid ega kaudseid v\u00e4iteid ega garantiisid meie veebisaidi v\u00f5i meie veebisaidil sisalduva teabe, toodete, teenuste v\u00f5i seotud graafika t\u00e4ielikkuse, t\u00e4psuse, usaldusv\u00e4\u00e4rsuse, sobivuse v\u00f5i k\u00e4ttesaadavuse kohta mis tahes eesm\u00e4rgil. Igasugune sellisele teabele tuginemine on seega rangelt teie enda riisikol.<\/span><\/li><li><span style=\"font-weight: 400\"><strong>Vastutuse piirang:<\/strong> Me ei vastuta kahjude v\u00f5i kahjude eest, mis tulenevad meie veebisaidi kasutamisest v\u00f5i meie veebisaidil sisalduva teabe usaldamisest.<\/span><\/li><li><span style=\"font-weight: 400\"><strong>Kehtiv seadus:<\/strong> Neid tingimusi reguleerivad ja t\u00f5lgendatakse California osariigi seaduste kohaselt ning k\u00f5ik nendest tingimustest tulenevad v\u00f5i nendega seotud vaidlused kuuluvad California osariigi kohtute jurisdiktsiooni alla.<\/span><\/li><\/ul><p><span style=\"font-weight: 400\">Kui teil on nende tingimuste kohta k\u00fcsimusi v\u00f5i muresid, v\u00f5tke meiega \u00fchendust aadressil info@thevarsityjacket.us. Meil on alati hea meel aidata igal v\u00f5imalikul viisil.<\/span><\/p>\t\t\t\t<\/div>\n\t\t\t\t\t<\/div>\n\t\t\t\t\t\t<\/div>\n\t\t\t\t<\/div>\n\t\t\t\t\t<\/div>\n\t\t<\/div>\n\t\t\t\t<div class=\"elementor-column elementor-col-33 elementor-inner-column elementor-element elementor-element-28f3896b\" data-id=\"28f3896b\" data-element_type=\"column\" data-e-type=\"column\">\n\t\t\t<div class=\"elementor-widget-wrap\">\n\t\t\t\t\t\t\t<\/div>\n\t\t<\/div>\n\t\t\t\t\t<\/div>\n\t\t<\/section>\n\t\t\t\t\t<\/div>\n\t\t<\/div>\n\t\t\t\t\t<\/div>\n\t\t<\/section>\n\t\t\t\t<\/div>\n\t\t","protected":false},"excerpt":{"rendered":"<p>Tingimused Varsity Jacketi br\u00e4nd on p\u00fchendunud oma klientidele positiivse ja nauditava ostukogemuse pakkumisele. Selleks, et tagada meie klientidele parim v\u00f5imalik<\/p>\n","protected":false},"author":43,"featured_media":0,"parent":0,"menu_order":0,"comment_status":"closed","ping_status":"closed","template":"","meta":{"footnotes":""},"class_list":["post-98414","page","type-page","status-publish","hentry"],"_links":{"self":[{"href":"https:\/\/varsityjacketsllc.com\/et\/wp-json\/wp\/v2\/pages\/98414","targetHints":{"allow":["GET"]}}],"collection":[{"href":"https:\/\/varsityjacketsllc.com\/et\/wp-json\/wp\/v2\/pages"}],"about":[{"href":"https:\/\/varsityjacketsllc.com\/et\/wp-json\/wp\/v2\/types\/page"}],"author":[{"embeddable":true,"href":"https:\/\/varsityjacketsllc.com\/et\/wp-json\/wp\/v2\/users\/43"}],"replies":[{"embeddable":true,"href":"https:\/\/varsityjacketsllc.com\/et\/wp-json\/wp\/v2\/comments?post=98414"}],"version-history":[{"count":0,"href":"https:\/\/varsityjacketsllc.com\/et\/wp-json\/wp\/v2\/pages\/98414\/revisions"}],"wp:attachment":[{"href":"https:\/\/varsityjacketsllc.com\/et\/wp-json\/wp\/v2\/media?parent=98414"}],"curies":[{"name":"wp","href":"https:\/\/api.w.org\/{rel}","templated":true}]}}