{"id":94492,"date":"2022-12-24T00:06:04","date_gmt":"2022-12-24T00:06:04","guid":{"rendered":"https:\/\/varsityjacketsllc.com\/guide-de-mesure-universitaire\/"},"modified":"2024-09-03T11:16:56","modified_gmt":"2024-09-03T11:16:56","slug":"guide-de-mesure-universitaire","status":"publish","type":"page","link":"https:\/\/varsityjacketsllc.com\/fr\/guide-de-mesure-universitaire\/","title":{"rendered":"Guide de mesure universitaire"},"content":{"rendered":"\t\t<div data-elementor-type=\"wp-page\" data-elementor-id=\"94492\" class=\"elementor elementor-94492 elementor-9678\">\n\t\t\t\t\t\t<section class=\"wd-negative-gap elementor-section elementor-top-section elementor-element elementor-element-3f2079ee elementor-section-boxed elementor-section-height-default elementor-section-height-default\" data-id=\"3f2079ee\" data-element_type=\"section\" data-e-type=\"section\">\n\t\t\t\t\t\t<div class=\"elementor-container elementor-column-gap-default\">\n\t\t\t\t\t<div class=\"elementor-column elementor-col-100 elementor-top-column elementor-element elementor-element-74eaccda\" data-id=\"74eaccda\" data-element_type=\"column\" data-e-type=\"column\">\n\t\t\t<div class=\"elementor-widget-wrap elementor-element-populated\">\n\t\t\t\t\t\t<section class=\"wd-negative-gap elementor-section elementor-inner-section elementor-element elementor-element-318d6b7d elementor-section-boxed elementor-section-height-default elementor-section-height-default\" data-id=\"318d6b7d\" data-element_type=\"section\" data-e-type=\"section\">\n\t\t\t\t\t\t<div class=\"elementor-container elementor-column-gap-default\">\n\t\t\t\t\t<div class=\"elementor-column elementor-col-33 elementor-inner-column elementor-element elementor-element-59baead4\" data-id=\"59baead4\" data-element_type=\"column\" data-e-type=\"column\">\n\t\t\t<div class=\"elementor-widget-wrap\">\n\t\t\t\t\t\t\t<\/div>\n\t\t<\/div>\n\t\t\t\t<div class=\"elementor-column elementor-col-33 elementor-inner-column elementor-element elementor-element-7a8f46cf\" data-id=\"7a8f46cf\" data-element_type=\"column\" data-e-type=\"column\">\n\t\t\t<div class=\"elementor-widget-wrap elementor-element-populated\">\n\t\t\t\t\t\t<div class=\"elementor-element elementor-element-32079443 wd-width-100 elementor-widget elementor-widget-wd_title\" data-id=\"32079443\" data-element_type=\"widget\" data-e-type=\"widget\" data-widget_type=\"wd_title.default\">\n\t\t\t\t<div class=\"elementor-widget-container\">\n\t\t\t\t\t\t\t<div class=\"title-wrapper wd-set-mb reset-last-child wd-title-color-default wd-title-style-default wd-title-size-default text-center\">\n\n\t\t\t\n\t\t\t<div class=\"liner-continer\">\n\t\t\t\t<h1 class=\"woodmart-title-container title wd-fontsize-l\">Guide de mesure<\/h1> \n\t\t\t\t\t\t\t<\/div>\n\n\t\t\t\t\t<\/div>\n\t\t\t\t\t\t<\/div>\n\t\t\t\t<\/div>\n\t\t\t\t<div class=\"elementor-element elementor-element-709bad25 wd-width-100 elementor-widget elementor-widget-wd_title\" data-id=\"709bad25\" data-element_type=\"widget\" data-e-type=\"widget\" data-widget_type=\"wd_title.default\">\n\t\t\t\t<div class=\"elementor-widget-container\">\n\t\t\t\t\t\t\t<div class=\"title-wrapper wd-set-mb reset-last-child wd-title-color-default wd-title-style-default wd-title-size-default text-left\">\n\n\t\t\t\n\t\t\t<div class=\"liner-continer\">\n\t\t\t\t<h1 class=\"woodmart-title-container title wd-fontsize-l\"><\/h1> \n\t\t\t\t\t\t\t<\/div>\n\n\t\t\t\t\t\t\t<div class=\"title-after_title reset-last-child wd-fontsize-xs\">\n\t\t\t\t\t<p><span style=\"font-weight: 400\">Les vestes universitaires sont un incontournable de la mode classique et intemporel, et avoir la bonne coupe est essentiel pour para\u00eetre et se sentir mieux. La cl\u00e9 pour obtenir un ajustement parfait est de prendre des mesures pr\u00e9cises et de les utiliser pour s\u00e9lectionner la bonne taille ou de faire fabriquer une veste universitaire sur mesure \u00e0 vos mesures. Voici un guide \u00e9tape par \u00e9tape pour prendre les mesures d\u2019une veste universitaire :<\/span><\/p><p><span style=\"font-weight: 400\"><strong>Mesurez votre poitrine :<\/strong> Pour mesurer votre poitrine, enroulez un ruban \u00e0 mesurer autour de la partie la plus large de votre poitrine, juste sous vos bras. Assurez-vous que le ruban \u00e0 mesurer est de niveau et qu\u2019il n\u2019est ni trop serr\u00e9 ni trop l\u00e2che. Notez la mesure en pouces.<\/span><\/p><p><span style=\"font-weight: 400\"><strong>Mesurez votre taille :<\/strong> Pour mesurer votre taille, enroulez un ruban \u00e0 mesurer autour de la partie la plus \u00e9troite de votre taille, juste au-dessus de vos hanches. Encore une fois, assurez-vous que le ruban \u00e0 mesurer est de niveau et qu\u2019il n\u2019est ni trop serr\u00e9 ni trop l\u00e2che. Notez la mesure en pouces.<\/span><\/p><p><span style=\"font-weight: 400\"><strong>Mesurez vos hanches :<\/strong> Pour mesurer vos hanches, enroulez un ruban \u00e0 mesurer autour de la partie la plus large de vos hanches, juste en dessous de votre taille. Comme auparavant, assurez-vous que le ruban \u00e0 mesurer est de niveau et qu\u2019il n\u2019est ni trop serr\u00e9 ni trop l\u00e2che. Notez la mesure en pouces.<\/span><\/p><p><span style=\"font-weight: 400\"><strong>Mesurez la longueur de vos bras :<\/strong> Pour mesurer la longueur de votre bras, tenez votre bras droit et pliez-le l\u00e9g\u00e8rement au niveau du coude. Demandez \u00e0 un ami ou \u00e0 un membre de votre famille de mesurer du centre de votre dos jusqu'\u00e0 l'os du poignet, en veillant \u00e0 garder le ruban \u00e0 mesurer droit et ni trop serr\u00e9 ni trop l\u00e2che. Notez la mesure en pouces.<\/span><\/p><p><span style=\"font-weight: 400\"><strong>Mesurez la longueur de votre corps :<\/strong> Pour mesurer la longueur de votre corps, demandez \u00e0 un ami ou \u00e0 un membre de votre famille de mesurer du centre de la nuque jusqu'au bas de vos hanches. Assurez-vous que le ruban \u00e0 mesurer est droit et ni trop serr\u00e9 ni trop l\u00e2che. Notez la mesure en pouces.<\/span><\/p><p><span style=\"font-weight: 400\">Une fois que vous avez pris toutes ces mesures, vous pouvez les utiliser pour s\u00e9lectionner la veste universitaire de la bonne taille ou faire fabriquer une veste universitaire personnalis\u00e9e \u00e0 vos mesures. C'est une bonne id\u00e9e de vous mesurer plusieurs fois pour vous assurer d'obtenir les mesures les plus pr\u00e9cises possibles. Si vous n'\u00eates pas s\u00fbr de vos mesures ou si vous avez des questions sur les tailles, c'est toujours une bonne id\u00e9e de consulter un professionnel ou de contacter le fabricant pour obtenir des conseils.<\/span><\/p><p><br><br><\/p>\t\t\t\t<\/div>\n\t\t\t\t\t<\/div>\n\t\t\t\t\t\t<\/div>\n\t\t\t\t<\/div>\n\t\t\t\t\t<\/div>\n\t\t<\/div>\n\t\t\t\t<div class=\"elementor-column elementor-col-33 elementor-inner-column elementor-element elementor-element-26e68764\" data-id=\"26e68764\" data-element_type=\"column\" data-e-type=\"column\">\n\t\t\t<div class=\"elementor-widget-wrap\">\n\t\t\t\t\t\t\t<\/div>\n\t\t<\/div>\n\t\t\t\t\t<\/div>\n\t\t<\/section>\n\t\t\t\t\t<\/div>\n\t\t<\/div>\n\t\t\t\t\t<\/div>\n\t\t<\/section>\n\t\t\t\t<\/div>\n\t\t","protected":false},"excerpt":{"rendered":"<p>Guide de mesure Les vestes universitaires sont un incontournable de la mode classique et intemporel, et avoir la bonne coupe<\/p>\n","protected":false},"author":43,"featured_media":0,"parent":0,"menu_order":0,"comment_status":"closed","ping_status":"closed","template":"","meta":{"footnotes":""},"class_list":["post-94492","page","type-page","status-publish","hentry"],"_links":{"self":[{"href":"https:\/\/varsityjacketsllc.com\/fr\/wp-json\/wp\/v2\/pages\/94492","targetHints":{"allow":["GET"]}}],"collection":[{"href":"https:\/\/varsityjacketsllc.com\/fr\/wp-json\/wp\/v2\/pages"}],"about":[{"href":"https:\/\/varsityjacketsllc.com\/fr\/wp-json\/wp\/v2\/types\/page"}],"author":[{"embeddable":true,"href":"https:\/\/varsityjacketsllc.com\/fr\/wp-json\/wp\/v2\/users\/43"}],"replies":[{"embeddable":true,"href":"https:\/\/varsityjacketsllc.com\/fr\/wp-json\/wp\/v2\/comments?post=94492"}],"version-history":[{"count":0,"href":"https:\/\/varsityjacketsllc.com\/fr\/wp-json\/wp\/v2\/pages\/94492\/revisions"}],"wp:attachment":[{"href":"https:\/\/varsityjacketsllc.com\/fr\/wp-json\/wp\/v2\/media?parent=94492"}],"curies":[{"name":"wp","href":"https:\/\/api.w.org\/{rel}","templated":true}]}}