{"id":98382,"date":"2022-12-23T23:46:35","date_gmt":"2022-12-23T23:46:35","guid":{"rendered":"https:\/\/varsityjacketsllc.com\/odredbe-i-uvjeti\/"},"modified":"2024-02-24T07:12:56","modified_gmt":"2024-02-24T07:12:56","slug":"odredbe-i-uvjeti","status":"publish","type":"page","link":"https:\/\/varsityjacketsllc.com\/hr\/odredbe-i-uvjeti\/","title":{"rendered":"Odredbe i uvjeti"},"content":{"rendered":"\t\t<div data-elementor-type=\"wp-page\" data-elementor-id=\"98382\" class=\"elementor elementor-98382 elementor-9650\">\n\t\t\t\t\t\t<section class=\"wd-negative-gap elementor-section elementor-top-section elementor-element elementor-element-2ff8955c elementor-section-boxed elementor-section-height-default elementor-section-height-default\" data-id=\"2ff8955c\" data-element_type=\"section\" data-e-type=\"section\">\n\t\t\t\t\t\t<div class=\"elementor-container elementor-column-gap-default\">\n\t\t\t\t\t<div class=\"elementor-column elementor-col-100 elementor-top-column elementor-element elementor-element-65983252\" data-id=\"65983252\" data-element_type=\"column\" data-e-type=\"column\">\n\t\t\t<div class=\"elementor-widget-wrap elementor-element-populated\">\n\t\t\t\t\t\t<section class=\"wd-negative-gap elementor-section elementor-inner-section elementor-element elementor-element-4de97615 elementor-section-boxed elementor-section-height-default elementor-section-height-default\" data-id=\"4de97615\" data-element_type=\"section\" data-e-type=\"section\">\n\t\t\t\t\t\t<div class=\"elementor-container elementor-column-gap-default\">\n\t\t\t\t\t<div class=\"elementor-column elementor-col-33 elementor-inner-column elementor-element elementor-element-596e3f03\" data-id=\"596e3f03\" data-element_type=\"column\" data-e-type=\"column\">\n\t\t\t<div class=\"elementor-widget-wrap\">\n\t\t\t\t\t\t\t<\/div>\n\t\t<\/div>\n\t\t\t\t<div class=\"elementor-column elementor-col-33 elementor-inner-column elementor-element elementor-element-1038fb59\" data-id=\"1038fb59\" data-element_type=\"column\" data-e-type=\"column\">\n\t\t\t<div class=\"elementor-widget-wrap elementor-element-populated\">\n\t\t\t\t\t\t<div class=\"elementor-element elementor-element-7f1f38fe wd-width-100 elementor-widget elementor-widget-wd_title\" data-id=\"7f1f38fe\" data-element_type=\"widget\" data-e-type=\"widget\" data-widget_type=\"wd_title.default\">\n\t\t\t\t<div class=\"elementor-widget-container\">\n\t\t\t\t\t\t\t<div class=\"title-wrapper wd-set-mb reset-last-child wd-title-color-default wd-title-style-default wd-title-size-default text-center\">\n\n\t\t\t\n\t\t\t<div class=\"liner-continer\">\n\t\t\t\t<h1 class=\"woodmart-title-container title wd-fontsize-l\">Odredbe i uvjeti<\/h1> \n\t\t\t\t\t\t\t<\/div>\n\n\t\t\t\t\t<\/div>\n\t\t\t\t\t\t<\/div>\n\t\t\t\t<\/div>\n\t\t\t\t<div class=\"elementor-element elementor-element-755db082 wd-width-100 elementor-widget elementor-widget-wd_title\" data-id=\"755db082\" data-element_type=\"widget\" data-e-type=\"widget\" data-widget_type=\"wd_title.default\">\n\t\t\t\t<div class=\"elementor-widget-container\">\n\t\t\t\t\t\t\t<div class=\"title-wrapper wd-set-mb reset-last-child wd-title-color-default wd-title-style-default wd-title-size-default text-left\">\n\n\t\t\t\n\t\t\t<div class=\"liner-continer\">\n\t\t\t\t<h1 class=\"woodmart-title-container title wd-fontsize-l\"><\/h1> \n\t\t\t\t\t\t\t<\/div>\n\n\t\t\t\t\t\t\t<div class=\"title-after_title reset-last-child wd-fontsize-xs\">\n\t\t\t\t\t<p><span style=\"font-weight: 400\">Robna marka Varsity Jacket posve\u0107ena je pru\u017eanju pozitivnog i ugodnog iskustva kupnje na\u0161im kupcima. Kako bismo osigurali da na\u0161i kupci imaju najbolje mogu\u0107e iskustvo, uspostavili smo sljede\u0107e odredbe i uvjete:<\/span><\/p><ul><li><span style=\"font-weight: 400\"><strong>Upotreba web stranice:<\/strong> Pristupom i kori\u0161tenjem na\u0161e web stranice, sla\u017eete se s ovim uvjetima i odredbama te svim primjenjivim zakonima. Ako se ne sla\u017eete s ovim uvjetima i odredbama, ne biste trebali koristiti na\u0161u web stranicu.<\/span><\/li><li><span style=\"font-weight: 400\"><strong>Politika privatnosti:<\/strong> Po\u0161tujemo privatnost na\u0161ih kupaca i predani smo za\u0161titi njihovih osobnih podataka. Vi\u0161e informacija potra\u017eite u na\u0161im pravilima o privatnosti.<\/span><\/li><li><span style=\"font-weight: 400\"><strong>Intelektualno vlasni\u0161tvo:<\/strong> Sav sadr\u017eaj na na\u0161oj web stranici, uklju\u010duju\u0107i tekst, slike, grafiku i logotipe, vlasni\u0161tvo je brenda The Varsity Jacket i za\u0161ti\u0107en je zakonima o autorskim pravima i za\u0161titnim znakovima. Ne smijete koristiti ni\u0161ta od ovog sadr\u017eaja bez na\u0161eg izri\u010ditog pismenog pristanka.<\/span><\/li><li><span style=\"font-weight: 400\"><strong>Opis proizvoda:<\/strong> Nastojimo pru\u017eiti to\u010dne i potpune opise na\u0161ih proizvoda, ali ne mo\u017eemo jam\u010diti da su sve informacije bez gre\u0161aka. Ako imate pitanja o proizvodu, obratite nam se na info@thevarsityjacket.us.<\/span><\/li><li><span style=\"font-weight: 400\"><strong>Cijene:<\/strong> Cijene na\u0161ih proizvoda podlo\u017ene su promjenama bez prethodne najave. Zadr\u017eavamo pravo ispravljanja eventualnih pogre\u0161aka u cijenama.<\/span><\/li><li><span style=\"font-weight: 400\"><strong>Pla\u0107anje:<\/strong> Prihva\u0107amo pla\u0107anje kreditnom karticom, debitnom karticom i drugim oblicima pla\u0107anja navedenima na na\u0161oj web stranici. Zadr\u017eavamo pravo otkazivanja bilo koje narud\u017ebe za koju smatramo da bi mogla biti la\u017ena ili neovla\u0161tena.<\/span><\/li><li><span style=\"font-weight: 400\"><strong>Dostava:<\/strong> Nudimo razne mogu\u0107nosti dostave kako bismo zadovoljili potrebe na\u0161ih kupaca. Za vi\u0161e informacija pogledajte na\u0161u politiku slanja.<\/span><\/li><li><span style=\"font-weight: 400\"><strong>Povrati i zamjene:<\/strong> \u017delimo da na\u0161i kupci budu potpuno zadovoljni kupnjom. Za vi\u0161e informacija pogledajte na\u0161u politiku povrata i zamjene.<\/span><\/li><li><span style=\"font-weight: 400\"><strong>Odricanje:<\/strong> Ne dajemo nikakva jamstva bilo koje vrste, izri\u010dita ili implicitna, o potpunosti, to\u010dnosti, pouzdanosti, prikladnosti ili dostupnosti s obzirom na na\u0161u web stranicu ili informacije, proizvode, usluge ili povezane grafike sadr\u017eane na na\u0161oj web stranici za bilo koju svrhu. Svako oslanjanje na takve informacije stoga je isklju\u010divo na vlastitu odgovornost.<\/span><\/li><li><span style=\"font-weight: 400\"><strong>Ograni\u010denje odgovornosti:<\/strong> Ne\u0107emo biti odgovorni ni za kakav gubitak ili \u0161tetu nastalu va\u0161im kori\u0161tenjem na\u0161e web stranice ili va\u0161im oslanjanjem na bilo koje informacije sadr\u017eane na na\u0161oj web stranici.<\/span><\/li><li><span style=\"font-weight: 400\"><strong>Mjerodavno pravo:<\/strong> Ovi uvjeti i odredbe regulirat \u0107e se i tuma\u010diti u skladu sa zakonima dr\u017eave Kalifornije, a svi sporovi proiza\u0161li iz ili u vezi s ovim uvjetima i odredbama bit \u0107e podlo\u017eni nadle\u017enosti sudova dr\u017eave Kalifornije.<\/span><\/li><\/ul><p><span style=\"font-weight: 400\">Ako imate bilo kakvih pitanja ili nedoumica u vezi s ovim uvjetima i odredbama, slobodno nam se obratite na info@thevarsityjacket.us. Uvijek nam je drago pomo\u0107i na bilo koji na\u010din.<\/span><\/p>\t\t\t\t<\/div>\n\t\t\t\t\t<\/div>\n\t\t\t\t\t\t<\/div>\n\t\t\t\t<\/div>\n\t\t\t\t\t<\/div>\n\t\t<\/div>\n\t\t\t\t<div class=\"elementor-column elementor-col-33 elementor-inner-column elementor-element elementor-element-28f3896b\" data-id=\"28f3896b\" data-element_type=\"column\" data-e-type=\"column\">\n\t\t\t<div class=\"elementor-widget-wrap\">\n\t\t\t\t\t\t\t<\/div>\n\t\t<\/div>\n\t\t\t\t\t<\/div>\n\t\t<\/section>\n\t\t\t\t\t<\/div>\n\t\t<\/div>\n\t\t\t\t\t<\/div>\n\t\t<\/section>\n\t\t\t\t<\/div>\n\t\t","protected":false},"excerpt":{"rendered":"<p>Odredbe i uvjeti Robna marka Varsity Jacket posve\u0107ena je pru\u017eanju pozitivnog i ugodnog iskustva kupnje na\u0161im kupcima. Kako bismo osigurali<\/p>\n","protected":false},"author":43,"featured_media":0,"parent":0,"menu_order":0,"comment_status":"closed","ping_status":"closed","template":"","meta":{"footnotes":""},"class_list":["post-98382","page","type-page","status-publish","hentry"],"_links":{"self":[{"href":"https:\/\/varsityjacketsllc.com\/hr\/wp-json\/wp\/v2\/pages\/98382","targetHints":{"allow":["GET"]}}],"collection":[{"href":"https:\/\/varsityjacketsllc.com\/hr\/wp-json\/wp\/v2\/pages"}],"about":[{"href":"https:\/\/varsityjacketsllc.com\/hr\/wp-json\/wp\/v2\/types\/page"}],"author":[{"embeddable":true,"href":"https:\/\/varsityjacketsllc.com\/hr\/wp-json\/wp\/v2\/users\/43"}],"replies":[{"embeddable":true,"href":"https:\/\/varsityjacketsllc.com\/hr\/wp-json\/wp\/v2\/comments?post=98382"}],"version-history":[{"count":0,"href":"https:\/\/varsityjacketsllc.com\/hr\/wp-json\/wp\/v2\/pages\/98382\/revisions"}],"wp:attachment":[{"href":"https:\/\/varsityjacketsllc.com\/hr\/wp-json\/wp\/v2\/media?parent=98382"}],"curies":[{"name":"wp","href":"https:\/\/api.w.org\/{rel}","templated":true}]}}