{"id":89157,"date":"2023-12-30T22:22:49","date_gmt":"2023-12-30T22:22:49","guid":{"rendered":"https:\/\/varsityjacketsllc.com\/shop\/kek-es-szurke-vagott-varsity-letterman-dzseki-noknek\/"},"modified":"2023-12-30T22:22:49","modified_gmt":"2023-12-30T22:22:49","slug":"kek-es-szurke-vagott-varsity-letterman-dzseki-noknek","status":"publish","type":"product","link":"https:\/\/varsityjacketsllc.com\/hu\/kek-es-szurke-vagott-varsity-letterman-dzseki-noknek\/","title":{"rendered":"K\u00e9k \u00e9s sz\u00fcrke v\u00e1gott Varsity Letterman dzseki n\u0151knek"},"content":{"rendered":"","protected":false},"excerpt":{"rendered":"","protected":false},"featured_media":89158,"template":"","meta":[],"product_brand":[],"product_cat":[711,395,7842,1118],"product_tag":[],"class_list":{"0":"post-89157","1":"product","2":"type-product","3":"status-publish","4":"has-post-thumbnail","6":"product_cat-kek-varosi-kabat","7":"product_cat-minden-dzseki","8":"product_cat-noi-varsity-dzsekik","9":"product_cat-roviditett-varsity-dzsekik","10":"tm-has-options","12":"first","13":"instock","14":"sale","15":"shipping-taxable","16":"purchasable","17":"product-type-simple"},"_links":{"self":[{"href":"https:\/\/varsityjacketsllc.com\/hu\/wp-json\/wp\/v2\/product\/89157","targetHints":{"allow":["GET"]}}],"collection":[{"href":"https:\/\/varsityjacketsllc.com\/hu\/wp-json\/wp\/v2\/product"}],"about":[{"href":"https:\/\/varsityjacketsllc.com\/hu\/wp-json\/wp\/v2\/types\/product"}],"version-history":[{"count":0,"href":"https:\/\/varsityjacketsllc.com\/hu\/wp-json\/wp\/v2\/product\/89157\/revisions"}],"wp:featuredmedia":[{"embeddable":true,"href":"https:\/\/varsityjacketsllc.com\/hu\/wp-json\/wp\/v2\/media\/89158"}],"wp:attachment":[{"href":"https:\/\/varsityjacketsllc.com\/hu\/wp-json\/wp\/v2\/media?parent=89157"}],"wp:term":[{"taxonomy":"product_brand","embeddable":true,"href":"https:\/\/varsityjacketsllc.com\/hu\/wp-json\/wp\/v2\/product_brand?post=89157"},{"taxonomy":"product_cat","embeddable":true,"href":"https:\/\/varsityjacketsllc.com\/hu\/wp-json\/wp\/v2\/product_cat?post=89157"},{"taxonomy":"product_tag","embeddable":true,"href":"https:\/\/varsityjacketsllc.com\/hu\/wp-json\/wp\/v2\/product_tag?post=89157"}],"curies":[{"name":"wp","href":"https:\/\/api.w.org\/{rel}","templated":true}]}}