{"id":89485,"date":"2023-12-30T22:21:15","date_gmt":"2023-12-30T22:21:15","guid":{"rendered":"https:\/\/varsityjacketsllc.com\/shop\/kek-es-tortfeher-vagott-varsity-letterman-dzseki-noknek\/"},"modified":"2023-12-30T22:21:15","modified_gmt":"2023-12-30T22:21:15","slug":"kek-es-tortfeher-vagott-varsity-letterman-dzseki-noknek","status":"publish","type":"product","link":"https:\/\/varsityjacketsllc.com\/hu\/kek-es-tortfeher-vagott-varsity-letterman-dzseki-noknek\/","title":{"rendered":"K\u00e9k \u00e9s t\u00f6rtfeh\u00e9r V\u00e1gott Varsity Letterman dzseki n\u0151knek"},"content":{"rendered":"","protected":false},"excerpt":{"rendered":"","protected":false},"featured_media":89486,"template":"","meta":[],"product_brand":[],"product_cat":[711,395,7842,1118],"product_tag":[],"class_list":{"0":"post-89485","1":"product","2":"type-product","3":"status-publish","4":"has-post-thumbnail","6":"product_cat-kek-varosi-kabat","7":"product_cat-minden-dzseki","8":"product_cat-noi-varsity-dzsekik","9":"product_cat-roviditett-varsity-dzsekik","10":"tm-has-options","12":"first","13":"instock","14":"sale","15":"shipping-taxable","16":"purchasable","17":"product-type-simple"},"_links":{"self":[{"href":"https:\/\/varsityjacketsllc.com\/hu\/wp-json\/wp\/v2\/product\/89485","targetHints":{"allow":["GET"]}}],"collection":[{"href":"https:\/\/varsityjacketsllc.com\/hu\/wp-json\/wp\/v2\/product"}],"about":[{"href":"https:\/\/varsityjacketsllc.com\/hu\/wp-json\/wp\/v2\/types\/product"}],"version-history":[{"count":0,"href":"https:\/\/varsityjacketsllc.com\/hu\/wp-json\/wp\/v2\/product\/89485\/revisions"}],"wp:featuredmedia":[{"embeddable":true,"href":"https:\/\/varsityjacketsllc.com\/hu\/wp-json\/wp\/v2\/media\/89486"}],"wp:attachment":[{"href":"https:\/\/varsityjacketsllc.com\/hu\/wp-json\/wp\/v2\/media?parent=89485"}],"wp:term":[{"taxonomy":"product_brand","embeddable":true,"href":"https:\/\/varsityjacketsllc.com\/hu\/wp-json\/wp\/v2\/product_brand?post=89485"},{"taxonomy":"product_cat","embeddable":true,"href":"https:\/\/varsityjacketsllc.com\/hu\/wp-json\/wp\/v2\/product_cat?post=89485"},{"taxonomy":"product_tag","embeddable":true,"href":"https:\/\/varsityjacketsllc.com\/hu\/wp-json\/wp\/v2\/product_tag?post=89485"}],"curies":[{"name":"wp","href":"https:\/\/api.w.org\/{rel}","templated":true}]}}