{"id":96174,"date":"2021-08-25T07:26:28","date_gmt":"2021-08-25T02:26:28","guid":{"rendered":"https:\/\/varsityjacketsllc.com\/um-okkur\/"},"modified":"2024-11-16T00:12:28","modified_gmt":"2024-11-15T19:12:28","slug":"um-okkur__trashed","status":"publish","type":"page","link":"https:\/\/varsityjacketsllc.com\/is\/um-okkur__trashed\/","title":{"rendered":"Um okkur"},"content":{"rendered":"<p><img fetchpriority=\"high\" width=\"700\" height=\"618\" src=\"https:\/\/varsityjacketsllc.com\/wp-content\/uploads\/2022\/12\/lifting-ladies-think-twice-before-putting-on-the-belt-1-700xh-1.png\" alt=\"\" decoding=\"async\" srcset=\"https:\/\/varsityjacketsllc.com\/wp-content\/uploads\/2022\/12\/lifting-ladies-think-twice-before-putting-on-the-belt-1-700xh-1.png 700w, https:\/\/varsityjacketsllc.com\/wp-content\/uploads\/2022\/12\/lifting-ladies-think-twice-before-putting-on-the-belt-1-700xh-1-340x300.png 340w, https:\/\/varsityjacketsllc.com\/wp-content\/uploads\/2022\/12\/lifting-ladies-think-twice-before-putting-on-the-belt-1-700xh-1-430x380.png 430w, https:\/\/varsityjacketsllc.com\/wp-content\/uploads\/2022\/12\/lifting-ladies-think-twice-before-putting-on-the-belt-1-700xh-1-150x132.png 150w\" sizes=\"(max-width: 700px) 100vw, 700px\" \/><br \/>\n\t\t\t\t\tHVER VI\u00d0 ERUM?\t\t\t\t<\/p>\n<h4>UM VERKSMI\u00d0JAN OKKAR<br \/>\nFYRIRT\u00c6KSSAGA &amp; STA\u00d0REYNDIR<\/h4>\n<p>V\u00f6rumerki\u00f0 Varsity Jacket ( Baatner LLC ) var stofna\u00f0 \u00e1ri\u00f0 2012 me\u00f0 draum um a\u00f0 veita vi\u00f0skiptavinum um allan heim h\u00e1g\u00e6\u00f0a s\u00e9rsm\u00ed\u00f0a\u00f0a h\u00e1sk\u00f3lajakka, einnig \u00feekkta sem letterman jakka. \u00cd gegnum \u00e1rin h\u00f6fum vi\u00f0 st\u00e6kka\u00f0 frambo\u00f0 okkar til a\u00f0 innihalda h\u00e1sk\u00f3lajakka fyrir karla, konur og b\u00f6rn. A\u00f0eins \u00e1 undanf\u00f6rnum \u00e1rum h\u00f6fum vi\u00f0 afhent yfir 50.000 h\u00e1sk\u00f3lajakka til vi\u00f0skiptavina um allan heim, byggt upp tryggan vi\u00f0skiptavinah\u00f3p og or\u00f0spor fyrir fram\u00farskarandi.<\/p>\n<p>A\u00f0l\u00f6gunarvalkostir okkar eru \u00fea\u00f0 sem a\u00f0greinir okkur sannarlega. Vi\u00f0 bj\u00f3\u00f0um upp \u00e1 s\u00e9rsni\u00f0nar st\u00e6r\u00f0ir til a\u00f0 tryggja fullkomna passa, auk \u00farvals s\u00e9rsni\u00f0inna lita og h\u00f6nnunar til a\u00f0 hj\u00e1lpa vi\u00f0skiptavinum okkar a\u00f0 tj\u00e1 einstakan st\u00edl sinn. Vi\u00f0 bj\u00f3\u00f0um jafnvel upp \u00e1 s\u00e9rsni\u00f0na nafnapl\u00e1stra, svo \u00fe\u00fa getir sannarlega gert h\u00e1sk\u00f3lajakkann \u00feinn a\u00f0 \u00fe\u00ednum eigin.<\/p>\n<p>Vi\u00f0 hj\u00e1 The Varsity Jacket v\u00f6rumerkinu erum sta\u00f0r\u00e1\u00f0in \u00ed a\u00f0 skila bestu m\u00f6gulegu upplifun til hvers og eins vi\u00f0skiptavinar okkar. Li\u00f0 okkar leggur metna\u00f0 sinn \u00ed sm\u00e1atri\u00f0in og til a\u00f0 tryggja a\u00f0 s\u00e9rhver h\u00e1sk\u00f3lajakki sem vi\u00f0 b\u00faum til standist str\u00f6ngustu kr\u00f6fur um g\u00e6\u00f0i og handverk. \u00dea\u00f0 er \u00feessi skuldbinding sem hefur afla\u00f0 okkur or\u00f0spors sem lei\u00f0andi v\u00f6rumerkis \u00ed h\u00e1sk\u00f3lajakkai\u00f0na\u00f0inum.<\/p>\n<p>Ef \u00fe\u00fa ert a\u00f0 leita a\u00f0 n\u00fdjum h\u00e1sk\u00f3lajakka, bj\u00f3\u00f0um vi\u00f0 \u00fe\u00e9r a\u00f0 pr\u00f3fa v\u00f6rumerki\u00f0 Varsity Jacket. Hvort sem \u00fe\u00fa ert a\u00f0 leita a\u00f0 klass\u00edskum Letterman jakka e\u00f0a einhverju n\u00fat\u00edmalegra og einst\u00f6ku, \u00fe\u00e1 erum vi\u00f0 me\u00f0 \u00feig. Versla\u00f0u hj\u00e1 okkur \u00ed dag og upplif\u00f0u muninn sj\u00e1lfur.<\/p>\n<p>********************************<\/p>\n<p>Vi\u00f0 hj\u00e1 The Varsity Jacket v\u00f6rumerkinu erum sta\u00f0r\u00e1\u00f0in \u00ed a\u00f0 skila bestu m\u00f6gulegu upplifun til hvers og eins vi\u00f0skiptavinar okkar. \u00dea\u00f0 byrjar me\u00f0 \u00fev\u00ed a\u00f0 nota a\u00f0eins h\u00e1g\u00e6\u00f0a efni vi\u00f0 framlei\u00f0slu h\u00e1sk\u00f3lajakkanna okkar. Allt fr\u00e1 f\u00ednasta le\u00f0ri og ullarefnum til endingarg\u00f3\u00f0ustu v\u00e9lb\u00fana\u00f0ar og byggingart\u00e6kni, vi\u00f0 erum sta\u00f0r\u00e1\u00f0in \u00ed a\u00f0 b\u00faa til h\u00e1sk\u00f3lajakka sem eru sm\u00ed\u00f0a\u00f0ir til a\u00f0 endast.<\/p>\n<p>Til vi\u00f0b\u00f3tar vi\u00f0 skuldbindingu okkar vi\u00f0 g\u00e6\u00f0aefni, notum vi\u00f0 einnig einstakt framlei\u00f0sluferli sem gerir okkur kleift a\u00f0 b\u00faa til s\u00e9rsni\u00f0na h\u00e1sk\u00f3lajakka sem eru sannarlega einstakir. Ferli\u00f0 felur \u00ed s\u00e9r eftirfarandi skref:<\/p>\n<p><strong>H\u00f6nnun og mynstur\u00fer\u00f3un:<\/strong> Vi\u00f0 vinnum me\u00f0 vi\u00f0skiptavinum okkar a\u00f0 \u00fev\u00ed a\u00f0 \u00e1kve\u00f0a efni, liti og sm\u00e1atri\u00f0i sem ver\u00f0a notu\u00f0 til a\u00f0 b\u00faa til h\u00e1sk\u00f3lajakkann \u00feeirra. Vi\u00f0 b\u00faum svo til mynstur sem ver\u00f0ur nota\u00f0 til a\u00f0 klippa og setja saman jakkann.<\/p>\n<p><strong>Efnaval og klipping:<\/strong> Vi\u00f0 veljum vandlega efnin sem ver\u00f0a notu\u00f0 til a\u00f0 b\u00faa til h\u00e1sk\u00f3lajakkann og klippum \u00fe\u00e1 s\u00ed\u00f0an \u00ed vi\u00f0eigandi st\u00e6r\u00f0ir og sni\u00f0 \u00fat fr\u00e1 mynstrinu.<\/p>\n<p><strong>Saumaskapur:<\/strong> Vi\u00f0 festum f\u00f3\u00f0ri\u00f0 \u00e1 l\u00edkama jakkans, auk \u00feess a\u00f0 festa ermarnar og \u00f6nnur sm\u00e1atri\u00f0i. Vi\u00f0 leggjum mikla \u00e1herslu \u00e1 a\u00f0 hver saumur s\u00e9 sauma\u00f0ur til fullkomnunar.<\/p>\n<p><strong>Fr\u00e1gangur:<\/strong> Vi\u00f0 sko\u00f0um jakkann me\u00f0 tilliti til galla e\u00f0a vandam\u00e1la og gerum nau\u00f0synlegar vi\u00f0ger\u00f0ir e\u00f0a lagf\u00e6ringar. Vi\u00f0 \u00fer\u00edfum s\u00ed\u00f0an og \u00fer\u00fdstum \u00e1 jakkann til a\u00f0 f\u00e1 hann fagmannlegan fr\u00e1gang.<\/p>\n<p><strong>\u00datsaumur og anna\u00f0 skraut:<\/strong> Margir af h\u00e1sk\u00f3lajakkunum okkar innihalda einnig \u00fatsaum, pl\u00e1stra e\u00f0a anna\u00f0 skraut, sem er b\u00e6tt vi\u00f0 me\u00f0 s\u00e9rh\u00e6f\u00f0um v\u00e9lum e\u00f0a t\u00e6kni.<\/p>\n<p><strong>G\u00e6\u00f0aeftirlit og sendingarkostna\u00f0ur:<\/strong> A\u00f0 lokum sko\u00f0um vi\u00f0 fullb\u00fana h\u00e1sk\u00f3lajakkann til a\u00f0 tryggja a\u00f0 hann uppfylli str\u00f6ngustu g\u00e6\u00f0akr\u00f6fur. \u00dea\u00f0 er s\u00ed\u00f0an pakka\u00f0 og sent til vi\u00f0skiptavinarins.<\/p>\n<p>Hvort sem \u00fe\u00fa ert a\u00f0 leita a\u00f0 klass\u00edskum Letterman jakka e\u00f0a einhverju n\u00fat\u00edmalegra og einst\u00f6ku, \u00fe\u00e1 erum vi\u00f0 me\u00f0 \u00feig. Versla\u00f0u hj\u00e1 okkur \u00ed dag og upplif\u00f0u muninn sj\u00e1lfur.<\/p>\n<p>\t\t\t<a href=\"https:\/\/uk.baatner.com\/about-us\/\" target=\"_blank\" rel=\"noopener\"><br \/>\n\t\t\t\t\tL\u00e6ra meira<br \/>\n\t\t\t\t\t\t\t<\/a><br \/>\n\t\t\t<a href=\"https:\/\/uk.baatner.com\/about-us\/\" target=\"_blank\" rel=\"noopener\"><br \/>\n\t\t\t\t\tMinn reikningur<br \/>\n\t\t\t\t\t\t\t<\/a><\/p>\n","protected":false},"excerpt":{"rendered":"<p>HVER VI\u00d0 ERUM? UM VERKSMI\u00d0JAN OKKAR FYRIRT\u00c6KSSAGA &amp; STA\u00d0REYNDIR V\u00f6rumerki\u00f0 Varsity Jacket ( Baatner LLC ) var stofna\u00f0 \u00e1ri\u00f0 2012<\/p>\n","protected":false},"author":43,"featured_media":0,"parent":0,"menu_order":0,"comment_status":"closed","ping_status":"closed","template":"","meta":{"footnotes":""},"class_list":["post-96174","page","type-page","status-publish","hentry"],"_links":{"self":[{"href":"https:\/\/varsityjacketsllc.com\/is\/wp-json\/wp\/v2\/pages\/96174","targetHints":{"allow":["GET"]}}],"collection":[{"href":"https:\/\/varsityjacketsllc.com\/is\/wp-json\/wp\/v2\/pages"}],"about":[{"href":"https:\/\/varsityjacketsllc.com\/is\/wp-json\/wp\/v2\/types\/page"}],"author":[{"embeddable":true,"href":"https:\/\/varsityjacketsllc.com\/is\/wp-json\/wp\/v2\/users\/43"}],"replies":[{"embeddable":true,"href":"https:\/\/varsityjacketsllc.com\/is\/wp-json\/wp\/v2\/comments?post=96174"}],"version-history":[{"count":1,"href":"https:\/\/varsityjacketsllc.com\/is\/wp-json\/wp\/v2\/pages\/96174\/revisions"}],"predecessor-version":[{"id":194181,"href":"https:\/\/varsityjacketsllc.com\/is\/wp-json\/wp\/v2\/pages\/96174\/revisions\/194181"}],"wp:attachment":[{"href":"https:\/\/varsityjacketsllc.com\/is\/wp-json\/wp\/v2\/media?parent=96174"}],"curies":[{"name":"wp","href":"https:\/\/api.w.org\/{rel}","templated":true}]}}