{"id":97598,"date":"2021-12-10T17:37:42","date_gmt":"2021-12-10T17:37:42","guid":{"rendered":"https:\/\/varsityjacketsllc.com\/politica-di-rimborso-e-restituzione\/"},"modified":"2024-02-23T06:18:30","modified_gmt":"2024-02-23T06:18:30","slug":"politica-di-rimborso-e-restituzione","status":"publish","type":"page","link":"https:\/\/varsityjacketsllc.com\/it\/politica-di-rimborso-e-restituzione\/","title":{"rendered":"Politica di rimborso e restituzione"},"content":{"rendered":"\n<p><b>Questa \u00e8 una pagina di esempio.<\/b><\/p>\n\n<h3>Overview<\/h3>\n\n<p>La nostra politica di rimborso e restituzione dura 30 giorni. Se sono trascorsi 30 giorni dal tuo acquisto, non possiamo offrirti un rimborso completo o uno scambio.<\/p>\n\n<p>Per avere diritto a un reso, il tuo articolo deve essere inutilizzato e nelle stesse condizioni in cui lo hai ricevuto. Inoltre deve essere nella confezione originale.<\/p>\n\n<p>Diversi tipi di merci sono esenti dalla restituzione. Non \u00e8 possibile restituire beni deperibili come cibo, fiori, giornali o riviste. Inoltre, non accettiamo prodotti che siano articoli intimi o sanitari, materiali pericolosi o liquidi o gas infiammabili.<\/p>\n\n<p>Articoli aggiuntivi non restituibili:<\/p>\n\n<ul class=\"wp-block-list\">\n<li>Carte regalo<\/li>\n<li>Prodotti software scaricabili<\/li>\n<li>Alcuni articoli per la salute e la cura della persona<\/li>\n<\/ul>\n\n<p>Per completare il reso, abbiamo bisogno di una ricevuta o di una prova d&#8217;acquisto.<\/p>\n\n<p>Si prega di non rispedire l&#8217;acquisto al produttore.<\/p>\n\n<p>Ci sono alcune situazioni in cui vengono concessi solo rimborsi parziali:<\/p>\n\n<ul class=\"wp-block-list\">\n<li>Libro con evidenti segni d&#8217;uso<\/li>\n<li>CD, DVD, nastro VHS, software, videogioco, cassetta o disco in vinile che \u00e8 stato aperto.<\/li>\n<li>Qualsiasi articolo non nelle sue condizioni originali, \u00e8 danneggiato o presenta parti mancanti per ragioni non dovute al nostro errore.<\/li>\n<li>Qualsiasi articolo restituito pi\u00f9 di 30 giorni dopo la consegna<\/li>\n<\/ul>\n\n<h2>Refunds<\/h2>\n\n<p>Una volta ricevuto e ispezionato il tuo reso, ti invieremo un&#8217;e-mail per informarti che abbiamo ricevuto il tuo articolo restituito. Ti informeremo inoltre dell&#8217;approvazione o del rifiuto del tuo rimborso.<\/p>\n\n<p>Se sei approvato, il tuo rimborso verr\u00e0 elaborato e un credito verr\u00e0 automaticamente applicato alla tua carta di credito o al metodo di pagamento originale, entro un certo numero di giorni.<\/p>\n\n<b>Late or missing refunds<\/b>\n\n<p>Se non hai ancora ricevuto un rimborso, controlla prima di nuovo il tuo conto bancario.<\/p>\n\n<p>Quindi contatta la compagnia della tua carta di credito, potrebbe volerci del tempo prima che il rimborso venga registrato ufficialmente.<\/p>\n\n<p>Successivamente contatta la tua banca. Spesso \u00e8 necessario del tempo di elaborazione prima che venga registrato un rimborso.<\/p>\n\n<p>Se hai fatto tutto questo e non hai ancora ricevuto il rimborso, contattaci all&#8217;indirizzo {indirizzo email}.<\/p>\n\n<b>Sale items<\/b>\n\n<p>Possono essere rimborsati solo gli articoli a prezzo normale. Gli articoli in saldo non possono essere rimborsati.<\/p>\n\n<h2>Exchanges<\/h2>\n\n<p>Sostituiamo gli articoli solo se difettosi o danneggiati. Se devi cambiarlo con lo stesso articolo, inviaci un&#8217;email a {indirizzo email} e invia il tuo articolo a: {indirizzo fisico}.<\/p>\n\n<h2>Gifts<\/h2>\n\n<p>Se l&#8217;articolo \u00e8 stato contrassegnato come regalo al momento dell&#8217;acquisto e ti \u00e8 stato spedito direttamente, riceverai un credito regalo pari al valore del tuo reso. Una volta ricevuto l&#8217;articolo restituito, ti verr\u00e0 inviato un buono regalo.<\/p>\n\n<p>Se l&#8217;articolo non \u00e8 stato contrassegnato come regalo al momento dell&#8217;acquisto, o se il donatore si \u00e8 fatto spedire l&#8217;ordine per dartelo in seguito, invieremo un rimborso al donatore e lui verr\u00e0 a conoscenza del tuo reso.<\/p>\n\n<h2>Shipping returns<\/h2>\n\n<p>Per restituire il prodotto, \u00e8 necessario spedire il prodotto a: {indirizzo fisico}.<\/p>\n\n<p>Sarai responsabile del pagamento delle spese di spedizione per la restituzione del tuo articolo. Le spese di spedizione non sono rimborsabili. Se ricevi un rimborso, il costo della spedizione per la restituzione verr\u00e0 detratto dal rimborso.<\/p>\n\n<p>A seconda di dove vivi, il tempo necessario affinch\u00e9 il prodotto sostituito ti arrivi pu\u00f2 variare.<\/p>\n\n<p>Se stai restituendo articoli pi\u00f9 costosi, potresti prendere in considerazione l&#8217;utilizzo di un servizio di spedizione tracciabile o l&#8217;acquisto di un&#8217;assicurazione sulla spedizione. Non garantiamo che riceveremo l&#8217;articolo restituito.<\/p>\n\n<h2>Need help?<\/h2>\n\n<p>Contattaci al {email} per domande relative a rimborsi e resi.<\/p>\n","protected":false},"excerpt":{"rendered":"<p>Questa \u00e8 una pagina di esempio. Overview La nostra politica di rimborso e restituzione dura 30 giorni. Se sono trascorsi<\/p>\n","protected":false},"author":43,"featured_media":0,"parent":0,"menu_order":0,"comment_status":"closed","ping_status":"closed","template":"","meta":{"footnotes":""},"class_list":["post-97598","page","type-page","status-publish","hentry"],"_links":{"self":[{"href":"https:\/\/varsityjacketsllc.com\/it\/wp-json\/wp\/v2\/pages\/97598","targetHints":{"allow":["GET"]}}],"collection":[{"href":"https:\/\/varsityjacketsllc.com\/it\/wp-json\/wp\/v2\/pages"}],"about":[{"href":"https:\/\/varsityjacketsllc.com\/it\/wp-json\/wp\/v2\/types\/page"}],"author":[{"embeddable":true,"href":"https:\/\/varsityjacketsllc.com\/it\/wp-json\/wp\/v2\/users\/43"}],"replies":[{"embeddable":true,"href":"https:\/\/varsityjacketsllc.com\/it\/wp-json\/wp\/v2\/comments?post=97598"}],"version-history":[{"count":0,"href":"https:\/\/varsityjacketsllc.com\/it\/wp-json\/wp\/v2\/pages\/97598\/revisions"}],"wp:attachment":[{"href":"https:\/\/varsityjacketsllc.com\/it\/wp-json\/wp\/v2\/media?parent=97598"}],"curies":[{"name":"wp","href":"https:\/\/api.w.org\/{rel}","templated":true}]}}