{"id":105216,"date":"2024-01-01T09:03:35","date_gmt":"2024-01-01T09:03:35","guid":{"rendered":"https:\/\/varsityjacketsllc.com\/shop\/giacca-da-donna-varsity-letterman-corta-marrone-e-arancione\/"},"modified":"2024-12-14T13:53:05","modified_gmt":"2024-12-14T08:53:05","slug":"giacca-da-donna-varsity-letterman-corta-marrone-e-arancione","status":"publish","type":"product","link":"https:\/\/varsityjacketsllc.com\/it\/giacca-da-donna-varsity-letterman-corta-marrone-e-arancione\/","title":{"rendered":"Giacca da donna Varsity Letterman corta marrone e arancione"},"content":{"rendered":"\t\t<div data-elementor-type=\"wp-post\" data-elementor-id=\"105216\" class=\"elementor elementor-105216 elementor-12951\">\n\t\t\t\t\t\t<section class=\"wd-negative-gap elementor-section elementor-top-section elementor-element elementor-element-424632f6 elementor-section-boxed elementor-section-height-default elementor-section-height-default\" data-id=\"424632f6\" data-element_type=\"section\" data-e-type=\"section\">\n\t\t\t\t\t\t<div class=\"elementor-container elementor-column-gap-default\">\n\t\t\t\t\t<div class=\"elementor-column elementor-col-100 elementor-top-column elementor-element elementor-element-2d7eee86\" data-id=\"2d7eee86\" data-element_type=\"column\" data-e-type=\"column\">\n\t\t\t<div class=\"elementor-widget-wrap elementor-element-populated\">\n\t\t\t\t\t\t<div class=\"elementor-element elementor-element-6c82c291 wd-width-100 elementor-widget elementor-widget-wd_title\" data-id=\"6c82c291\" data-element_type=\"widget\" data-e-type=\"widget\" data-widget_type=\"wd_title.default\">\n\t\t\t\t<div class=\"elementor-widget-container\">\n\t\t\t\t\t\t\t<div class=\"title-wrapper wd-set-mb reset-last-child wd-title-color-default wd-title-style-default wd-title-size-default text-center\">\n\n\t\t\t\n\t\t\t<div class=\"liner-continer\">\n\t\t\t\t<h2 class=\"woodmart-title-container title wd-fontsize-l wd-underline-colored\">Marrone e arancione <u>Giacca varsity corta con colletto classico<\/u> Per donne<br><br><br><\/h2> \n\t\t\t\t\t\t\t<\/div>\n\n\t\t\t\t\t<\/div>\n\t\t\t\t\t\t<\/div>\n\t\t\t\t<\/div>\n\t\t\t\t\t<\/div>\n\t\t<\/div>\n\t\t\t\t\t<\/div>\n\t\t<\/section>\n\t\t\t\t<section class=\"wd-negative-gap elementor-section elementor-top-section elementor-element elementor-element-5115cc80 elementor-section-content-middle elementor-section-boxed elementor-section-height-default elementor-section-height-default\" data-id=\"5115cc80\" data-element_type=\"section\" data-e-type=\"section\">\n\t\t\t\t\t\t<div class=\"elementor-container elementor-column-gap-extended\">\n\t\t\t\t\t<div class=\"elementor-column elementor-col-50 elementor-top-column elementor-element elementor-element-4f254797\" data-id=\"4f254797\" data-element_type=\"column\" data-e-type=\"column\">\n\t\t\t<div class=\"elementor-widget-wrap elementor-element-populated\">\n\t\t\t\t\t\t<div class=\"elementor-element elementor-element-41bb3104 elementor-widget elementor-widget-wd_text_block\" data-id=\"41bb3104\" data-element_type=\"widget\" data-e-type=\"widget\" data-widget_type=\"wd_text_block.default\">\n\t\t\t\t<div class=\"elementor-widget-container\">\n\t\t\t\t\t\t\t<div class=\"wd-text-block reset-last-child text-left\">\n\t\t\t\n\t\t\t<p><span style=\"font-weight: 400;\">Entra nel comfort con questo elegante<\/span><br><a href=\"https:\/\/varsityjacketsllc.com\/brown-and-orange-cropped-varsity-jacket\/\"> <b>giacca<\/b> <b>varsity corta marrone e arancione per donne<\/b><\/a><span style=\"font-weight: 400;\">. La combinazione di colori ha davvero rubato la scena, ma non \u00e8 solo questo, questa giacca \u00e8 realizzata in lana di alta qualit\u00e0 e il <\/span><span style=\"font-weight: 400;\">stile regolare<\/span><span style=\"font-weight: 400;\"> il colletto dona una finitura di lusso all'intero look. Questo <\/span><a href=\"https:\/\/varsityjacketsllc.com\/brown-and-orange-cropped-varsity-jacket\/\"><b>giacca letterman corta marrone e arancione<\/b><\/a><span style=\"font-weight: 400;\"> \u00e8 un must per tutti gli amanti delle giacche che cercano un'aggiunta unica. \u00c8 facile da lavare e non sbiadisce dopo il lavaggio. E se ti dicessimo che puoi progettare la tua giacca varsity?<\/span> Personalizza queste <a href=\"https:\/\/varsityjacketsllc.com\/it\/giacche-marroni-varsity\/\"><b>giacche varsity marroni<\/b><\/a> in base al tuo stile di colletto (Byron o regolare), taglia, tessuto (raso o pelle) e combinazione di colori!<br><br><br><\/p>\n\t\t\t\t\t<\/div>\n\t\t\t\t\t\t<\/div>\n\t\t\t\t<\/div>\n\t\t\t\t\t<\/div>\n\t\t<\/div>\n\t\t\t\t<div class=\"elementor-column elementor-col-25 elementor-top-column elementor-element elementor-element-55aa2dc1\" data-id=\"55aa2dc1\" data-element_type=\"column\" data-e-type=\"column\">\n\t\t\t<div class=\"elementor-widget-wrap elementor-element-populated\">\n\t\t\t\t\t\t<div class=\"elementor-element elementor-element-62d776af elementor-widget elementor-widget-wd_team_member\" data-id=\"62d776af\" data-element_type=\"widget\" data-e-type=\"widget\" data-widget_type=\"wd_team_member.default\">\n\t\t\t\t<div class=\"elementor-widget-container\">\n\t\t\t\t\t\t\t<div class=\"team-member member-layout-hover text-center color-scheme-light\">\n\t\t\t\t\t\t\t<div class=\"member-image-wrapper\">\n\t\t\t\t\t<div class=\"member-image\">\n\t\t\t\t\t\t<img fetchpriority=\"high\" decoding=\"async\" width=\"1000\" height=\"1000\" src=\"https:\/\/varsityjacketsllc.com\/wp-content\/uploads\/2024\/01\/Brown-And-Orange-Cropped-Varsity-Jacket-For-Women-Front.webp\" class=\"attachment-full size-full\" alt=\"Brown And Orange Cropped Varsity Jacket For Women Front\" srcset=\"https:\/\/varsityjacketsllc.com\/wp-content\/uploads\/2024\/01\/Brown-And-Orange-Cropped-Varsity-Jacket-For-Women-Front.webp 1000w, https:\/\/varsityjacketsllc.com\/wp-content\/uploads\/2024\/01\/Brown-And-Orange-Cropped-Varsity-Jacket-For-Women-Front-430x430.webp 430w, https:\/\/varsityjacketsllc.com\/wp-content\/uploads\/2024\/01\/Brown-And-Orange-Cropped-Varsity-Jacket-For-Women-Front-150x150.webp 150w, https:\/\/varsityjacketsllc.com\/wp-content\/uploads\/2024\/01\/Brown-And-Orange-Cropped-Varsity-Jacket-For-Women-Front-700x700.webp 700w, https:\/\/varsityjacketsllc.com\/wp-content\/uploads\/2024\/01\/Brown-And-Orange-Cropped-Varsity-Jacket-For-Women-Front-300x300.webp 300w, https:\/\/varsityjacketsllc.com\/wp-content\/uploads\/2024\/01\/Brown-And-Orange-Cropped-Varsity-Jacket-For-Women-Front-800x800.webp 800w, https:\/\/varsityjacketsllc.com\/wp-content\/uploads\/2024\/01\/Brown-And-Orange-Cropped-Varsity-Jacket-For-Women-Front-768x768.webp 768w, https:\/\/varsityjacketsllc.com\/wp-content\/uploads\/2024\/01\/Brown-And-Orange-Cropped-Varsity-Jacket-For-Women-Front-860x860.webp 860w\" sizes=\"(max-width: 1000px) 100vw, 1000px\" \/>\t\t\t\t\t<\/div>\n\t\t\t\t<\/div>\n\t\t\t\n\t\t\t<div class=\"member-details wd-set-mb reset-last-child\">\n\t\t\t\t\n\t\t\t\t\n\t\t\t\t\n\t\t\t\t\t\t\t<\/div>\n\t\t<\/div>\n\t\t\t\t\t\t<\/div>\n\t\t\t\t<\/div>\n\t\t\t\t\t<\/div>\n\t\t<\/div>\n\t\t\t\t<div class=\"elementor-column elementor-col-25 elementor-top-column elementor-element elementor-element-13cdb3a\" data-id=\"13cdb3a\" data-element_type=\"column\" data-e-type=\"column\">\n\t\t\t<div class=\"elementor-widget-wrap elementor-element-populated\">\n\t\t\t\t\t\t<div class=\"elementor-element elementor-element-204008e8 elementor-hidden-mobile elementor-widget elementor-widget-wd_team_member\" data-id=\"204008e8\" data-element_type=\"widget\" data-e-type=\"widget\" data-widget_type=\"wd_team_member.default\">\n\t\t\t\t<div class=\"elementor-widget-container\">\n\t\t\t\t\t\t\t<div class=\"team-member member-layout-hover text-center color-scheme-light\">\n\t\t\t\t\t\t\t<div class=\"member-image-wrapper\">\n\t\t\t\t\t<div class=\"member-image\">\n\t\t\t\t\t\t<img decoding=\"async\" width=\"1000\" height=\"1000\" src=\"https:\/\/varsityjacketsllc.com\/wp-content\/uploads\/2024\/01\/Brown-And-Orange-Cropped-Varsity-Jacket-For-Women-Back.webp\" class=\"attachment-full size-full\" alt=\"Brown And Orange Cropped Varsity Jacket For Women Back\" srcset=\"https:\/\/varsityjacketsllc.com\/wp-content\/uploads\/2024\/01\/Brown-And-Orange-Cropped-Varsity-Jacket-For-Women-Back.webp 1000w, https:\/\/varsityjacketsllc.com\/wp-content\/uploads\/2024\/01\/Brown-And-Orange-Cropped-Varsity-Jacket-For-Women-Back-430x430.webp 430w, https:\/\/varsityjacketsllc.com\/wp-content\/uploads\/2024\/01\/Brown-And-Orange-Cropped-Varsity-Jacket-For-Women-Back-150x150.webp 150w, https:\/\/varsityjacketsllc.com\/wp-content\/uploads\/2024\/01\/Brown-And-Orange-Cropped-Varsity-Jacket-For-Women-Back-700x700.webp 700w, https:\/\/varsityjacketsllc.com\/wp-content\/uploads\/2024\/01\/Brown-And-Orange-Cropped-Varsity-Jacket-For-Women-Back-300x300.webp 300w, https:\/\/varsityjacketsllc.com\/wp-content\/uploads\/2024\/01\/Brown-And-Orange-Cropped-Varsity-Jacket-For-Women-Back-800x800.webp 800w, https:\/\/varsityjacketsllc.com\/wp-content\/uploads\/2024\/01\/Brown-And-Orange-Cropped-Varsity-Jacket-For-Women-Back-768x768.webp 768w, https:\/\/varsityjacketsllc.com\/wp-content\/uploads\/2024\/01\/Brown-And-Orange-Cropped-Varsity-Jacket-For-Women-Back-860x860.webp 860w\" sizes=\"(max-width: 1000px) 100vw, 1000px\" \/>\t\t\t\t\t<\/div>\n\t\t\t\t<\/div>\n\t\t\t\n\t\t\t<div class=\"member-details wd-set-mb reset-last-child\">\n\t\t\t\t\n\t\t\t\t\n\t\t\t\t\n\t\t\t\t\t\t\t<\/div>\n\t\t<\/div>\n\t\t\t\t\t\t<\/div>\n\t\t\t\t<\/div>\n\t\t\t\t\t<\/div>\n\t\t<\/div>\n\t\t\t\t\t<\/div>\n\t\t<\/section>\n\t\t\t\t<section class=\"wd-negative-gap elementor-section elementor-top-section elementor-element elementor-element-6a7a0ff6 elementor-section-boxed elementor-section-height-default elementor-section-height-default\" data-id=\"6a7a0ff6\" data-element_type=\"section\" data-e-type=\"section\">\n\t\t\t\t\t\t<div class=\"elementor-container elementor-column-gap-default\">\n\t\t\t\t\t<div class=\"elementor-column elementor-col-100 elementor-top-column elementor-element elementor-element-3057cd59\" data-id=\"3057cd59\" data-element_type=\"column\" data-e-type=\"column\">\n\t\t\t<div class=\"elementor-widget-wrap elementor-element-populated\">\n\t\t\t\t\t\t<div class=\"elementor-element elementor-element-3eabdef8 wd-width-100 elementor-widget elementor-widget-wd_title\" data-id=\"3eabdef8\" data-element_type=\"widget\" data-e-type=\"widget\" data-widget_type=\"wd_title.default\">\n\t\t\t\t<div class=\"elementor-widget-container\">\n\t\t\t\t\t\t\t<div class=\"title-wrapper wd-set-mb reset-last-child wd-title-color-default wd-title-style-default wd-title-size-default text-center\">\n\n\t\t\t\n\t\t\t<div class=\"liner-continer\">\n\t\t\t\t<h2 class=\"woodmart-title-container title wd-fontsize-l wd-underline-colored\"><u>Caratteristiche<\/u> della giacca <\/h2> \n\t\t\t\t\t\t\t<\/div>\n\n\t\t\t\t\t<\/div>\n\t\t\t\t\t\t<\/div>\n\t\t\t\t<\/div>\n\t\t\t\t\t<\/div>\n\t\t<\/div>\n\t\t\t\t\t<\/div>\n\t\t<\/section>\n\t\t\t\t<section class=\"wd-negative-gap elementor-section elementor-top-section elementor-element elementor-element-7bf509e6 elementor-section-content-middle elementor-section-boxed elementor-section-height-default elementor-section-height-default\" data-id=\"7bf509e6\" data-element_type=\"section\" data-e-type=\"section\">\n\t\t\t\t\t\t<div class=\"elementor-container elementor-column-gap-extended\">\n\t\t\t\t\t<div class=\"elementor-column elementor-col-50 elementor-top-column elementor-element elementor-element-19085251\" data-id=\"19085251\" data-element_type=\"column\" data-e-type=\"column\">\n\t\t\t<div class=\"elementor-widget-wrap elementor-element-populated\">\n\t\t\t\t\t\t<div class=\"elementor-element elementor-element-b2f0d02 elementor-widget elementor-widget-image\" data-id=\"b2f0d02\" data-element_type=\"widget\" data-e-type=\"widget\" data-widget_type=\"image.default\">\n\t\t\t\t<div class=\"elementor-widget-container\">\n\t\t\t\t\t\t\t\t\t\t\t\t\t\t\t\t<a href=\"https:\/\/varsityjacketsllc.com\/brown-varsity-jackets\/\">\n\t\t\t\t\t\t\t<img decoding=\"async\" width=\"1000\" height=\"1000\" src=\"https:\/\/varsityjacketsllc.com\/wp-content\/uploads\/2024\/01\/Brown-And-Orange-Cropped-Varsity-Jacket-For-Women-Front.webp\" class=\"elementor-animation-hang attachment-full size-full wp-image-105217\" alt=\"\" srcset=\"https:\/\/varsityjacketsllc.com\/wp-content\/uploads\/2024\/01\/Brown-And-Orange-Cropped-Varsity-Jacket-For-Women-Front.webp 1000w, https:\/\/varsityjacketsllc.com\/wp-content\/uploads\/2024\/01\/Brown-And-Orange-Cropped-Varsity-Jacket-For-Women-Front-430x430.webp 430w, https:\/\/varsityjacketsllc.com\/wp-content\/uploads\/2024\/01\/Brown-And-Orange-Cropped-Varsity-Jacket-For-Women-Front-150x150.webp 150w, https:\/\/varsityjacketsllc.com\/wp-content\/uploads\/2024\/01\/Brown-And-Orange-Cropped-Varsity-Jacket-For-Women-Front-700x700.webp 700w, https:\/\/varsityjacketsllc.com\/wp-content\/uploads\/2024\/01\/Brown-And-Orange-Cropped-Varsity-Jacket-For-Women-Front-300x300.webp 300w, https:\/\/varsityjacketsllc.com\/wp-content\/uploads\/2024\/01\/Brown-And-Orange-Cropped-Varsity-Jacket-For-Women-Front-800x800.webp 800w, https:\/\/varsityjacketsllc.com\/wp-content\/uploads\/2024\/01\/Brown-And-Orange-Cropped-Varsity-Jacket-For-Women-Front-768x768.webp 768w, https:\/\/varsityjacketsllc.com\/wp-content\/uploads\/2024\/01\/Brown-And-Orange-Cropped-Varsity-Jacket-For-Women-Front-860x860.webp 860w\" sizes=\"(max-width: 1000px) 100vw, 1000px\" \/>\t\t\t\t\t\t\t\t<\/a>\n\t\t\t\t\t\t\t\t\t\t\t\t\t\t\t<\/div>\n\t\t\t\t<\/div>\n\t\t\t\t\t<\/div>\n\t\t<\/div>\n\t\t\t\t<div class=\"elementor-column elementor-col-50 elementor-top-column elementor-element elementor-element-68e6a40d\" data-id=\"68e6a40d\" data-element_type=\"column\" data-e-type=\"column\">\n\t\t\t<div class=\"elementor-widget-wrap elementor-element-populated\">\n\t\t\t\t\t\t<section class=\"wd-negative-gap elementor-section elementor-inner-section elementor-element elementor-element-6d580625 elementor-section-full_width elementor-section-height-default elementor-section-height-default\" data-id=\"6d580625\" data-element_type=\"section\" data-e-type=\"section\">\n\t\t\t\t\t\t<div class=\"elementor-container elementor-column-gap-default\">\n\t\t\t\t\t<div class=\"elementor-column elementor-col-33 elementor-inner-column elementor-element elementor-element-30a40142\" data-id=\"30a40142\" data-element_type=\"column\" data-e-type=\"column\">\n\t\t\t<div class=\"elementor-widget-wrap elementor-element-populated\">\n\t\t\t\t\t\t<div class=\"elementor-element elementor-element-8e68a48 elementor-widget elementor-widget-wd_infobox\" data-id=\"8e68a48\" data-element_type=\"widget\" data-e-type=\"widget\" data-widget_type=\"wd_infobox.default\">\n\t\t\t\t<div class=\"elementor-widget-container\">\n\t\t\t\t\t\t\t<div class=\"info-box-wrapper\">\n\t\t\t<div class=\"wd-info-box text-center box-icon-align-top box-style-base color-scheme-\">\n\t\t\t\t\t\t\t\t\t<div class=\"box-icon-wrapper  box-with-icon box-icon-simple\">\n\t\t\t\t\t\t<div class=\"info-box-icon\">\n\t\t\t\t\t\t\t\t\t\t\t\t\t\t\t<img loading=\"lazy\" decoding=\"async\" width=\"70\" height=\"70\" src=\"https:\/\/varsityjacketsllc.com\/wp-content\/uploads\/2023\/12\/Material.webp\" class=\"attachment-full size-full\" alt=\"Material\" \/>\t\t\t\t\t\t\t\t\t\t\t\t\t<\/div>\n\t\t\t\t\t<\/div>\n\t\t\t\t\n\t\t\t\t<div class=\"info-box-content\">\n\t\t\t\t\t\n\t\t\t\t\t\t\t\t\t\t\t<h4\t\t\t\t\t\tclass=\"info-box-title title box-title-style-default wd-fontsize-m\" data-elementor-setting-key=\"title\">\n\t\t\t\t\t\t\t\tMateriale\t\t\t\t\t\t<\/h4>\n\t\t\t\t\t\n\t\t\t\t\t<div class=\"info-box-inner reset-last-child\"data-elementor-setting-key=\"content\"><p>100% lana<\/p>\n<\/div>\n\n\t\t\t\t\t\t\t\t\t<\/div>\n\n\t\t\t\t\t\t\t<\/div>\n\t\t<\/div>\n\t\t\t\t\t\t<\/div>\n\t\t\t\t<\/div>\n\t\t\t\t<div class=\"elementor-element elementor-element-711d796a elementor-widget elementor-widget-wd_infobox\" data-id=\"711d796a\" data-element_type=\"widget\" data-e-type=\"widget\" data-widget_type=\"wd_infobox.default\">\n\t\t\t\t<div class=\"elementor-widget-container\">\n\t\t\t\t\t\t\t<div class=\"info-box-wrapper\">\n\t\t\t<div class=\"wd-info-box text-center box-icon-align-top box-style-base color-scheme-\">\n\t\t\t\t\t\t\t\t\t<div class=\"box-icon-wrapper  box-with-icon box-icon-simple\">\n\t\t\t\t\t\t<div class=\"info-box-icon\">\n\t\t\t\t\t\t\t\t\t\t\t\t\t\t\t<img loading=\"lazy\" decoding=\"async\" width=\"70\" height=\"70\" src=\"https:\/\/varsityjacketsllc.com\/wp-content\/uploads\/2023\/12\/Sleeve-Color.webp\" class=\"attachment-full size-full\" alt=\"Sleeve-Color\" \/>\t\t\t\t\t\t\t\t\t\t\t\t\t<\/div>\n\t\t\t\t\t<\/div>\n\t\t\t\t\n\t\t\t\t<div class=\"info-box-content\">\n\t\t\t\t\t\n\t\t\t\t\t\t\t\t\t\t\t<h4\t\t\t\t\t\tclass=\"info-box-title title box-title-style-default wd-fontsize-m\" data-elementor-setting-key=\"title\">\n\t\t\t\t\t\t\t\tColore manica\t\t\t\t\t\t<\/h4>\n\t\t\t\t\t\n\t\t\t\t\t<div class=\"info-box-inner reset-last-child\"data-elementor-setting-key=\"content\"><p>Arancia<\/p>\n<\/div>\n\n\t\t\t\t\t\t\t\t\t<\/div>\n\n\t\t\t\t\t\t\t<\/div>\n\t\t<\/div>\n\t\t\t\t\t\t<\/div>\n\t\t\t\t<\/div>\n\t\t\t\t\t<\/div>\n\t\t<\/div>\n\t\t\t\t<div class=\"elementor-column elementor-col-33 elementor-top-column elementor-element elementor-element-5a05ddc9\" data-id=\"5a05ddc9\" data-element_type=\"column\" data-e-type=\"column\">\n\t\t\t<div class=\"elementor-widget-wrap elementor-element-populated\">\n\t\t\t\t\t\t<div class=\"elementor-element elementor-element-7bd0a916 elementor-widget elementor-widget-wd_infobox\" data-id=\"7bd0a916\" data-element_type=\"widget\" data-e-type=\"widget\" data-widget_type=\"wd_infobox.default\">\n\t\t\t\t<div class=\"elementor-widget-container\">\n\t\t\t\t\t\t\t<div class=\"info-box-wrapper\">\n\t\t\t<div class=\"wd-info-box text-center box-icon-align-top box-style-base color-scheme-\">\n\t\t\t\t\t\t\t\t\t<div class=\"box-icon-wrapper  box-with-icon box-icon-simple\">\n\t\t\t\t\t\t<div class=\"info-box-icon\">\n\t\t\t\t\t\t\t\t\t\t\t\t\t\t\t<img loading=\"lazy\" decoding=\"async\" width=\"70\" height=\"70\" src=\"https:\/\/varsityjacketsllc.com\/wp-content\/uploads\/2023\/12\/Cropped.webp\" class=\"attachment-full size-full\" alt=\"Cropped\" \/>\t\t\t\t\t\t\t\t\t\t\t\t\t<\/div>\n\t\t\t\t\t<\/div>\n\t\t\t\t\n\t\t\t\t<div class=\"info-box-content\">\n\t\t\t\t\t\n\t\t\t\t\t\t\t\t\t\t\t<h4\t\t\t\t\t\tclass=\"info-box-title title box-title-style-default wd-fontsize-m\" data-elementor-setting-key=\"title\">\n\t\t\t\t\t\t\t\tStile\t\t\t\t\t\t<\/h4>\n\t\t\t\t\t\n\t\t\t\t\t<div class=\"info-box-inner reset-last-child\"data-elementor-setting-key=\"content\"><p>Collare regolare<\/p>\n<\/div>\n\n\t\t\t\t\t\t\t\t\t<\/div>\n\n\t\t\t\t\t\t\t<\/div>\n\t\t<\/div>\n\t\t\t\t\t\t<\/div>\n\t\t\t\t<\/div>\n\t\t\t\t<div class=\"elementor-element elementor-element-347e98ed elementor-widget elementor-widget-wd_infobox\" data-id=\"347e98ed\" data-element_type=\"widget\" data-e-type=\"widget\" data-widget_type=\"wd_infobox.default\">\n\t\t\t\t<div class=\"elementor-widget-container\">\n\t\t\t\t\t\t\t<div class=\"info-box-wrapper\">\n\t\t\t<div class=\"wd-info-box text-center box-icon-align-top box-style-base color-scheme-\">\n\t\t\t\t\t\t\t\t\t<div class=\"box-icon-wrapper  box-with-icon box-icon-simple\">\n\t\t\t\t\t\t<div class=\"info-box-icon\">\n\t\t\t\t\t\t\t\t\t\t\t\t\t\t\t<img loading=\"lazy\" decoding=\"async\" width=\"50\" height=\"50\" src=\"https:\/\/varsityjacketsllc.com\/wp-content\/uploads\/2023\/12\/Button-Fastening-50x50.webp\" class=\"attachment-50x50 size-50x50\" alt=\"Button-Fastening\" srcset=\"https:\/\/varsityjacketsllc.com\/wp-content\/uploads\/2023\/12\/Button-Fastening-50x50.webp 50w, https:\/\/varsityjacketsllc.com\/wp-content\/uploads\/2023\/12\/Button-Fastening.webp 70w\" sizes=\"(max-width: 50px) 100vw, 50px\" \/>\t\t\t\t\t\t\t\t\t\t\t\t\t<\/div>\n\t\t\t\t\t<\/div>\n\t\t\t\t\n\t\t\t\t<div class=\"info-box-content\">\n\t\t\t\t\t\n\t\t\t\t\t\t\t\t\t\t\t<h4\t\t\t\t\t\tclass=\"info-box-title title box-title-style-default wd-fontsize-m\" data-elementor-setting-key=\"title\">\n\t\t\t\t\t\t\t\tFissaggio\t\t\t\t\t\t<\/h4>\n\t\t\t\t\t\n\t\t\t\t\t<div class=\"info-box-inner reset-last-child\"data-elementor-setting-key=\"content\"><p>Pulsanti<\/p>\n<\/div>\n\n\t\t\t\t\t\t\t\t\t<\/div>\n\n\t\t\t\t\t\t\t<\/div>\n\t\t<\/div>\n\t\t\t\t\t\t<\/div>\n\t\t\t\t<\/div>\n\t\t\t\t\t<\/div>\n\t\t<\/div>\n\t\t\t\t<div class=\"elementor-column elementor-col-33 elementor-top-column elementor-element elementor-element-69b623a0\" data-id=\"69b623a0\" data-element_type=\"column\" data-e-type=\"column\">\n\t\t\t<div class=\"elementor-widget-wrap elementor-element-populated\">\n\t\t\t\t\t\t<div class=\"elementor-element elementor-element-53cdae84 elementor-widget elementor-widget-wd_infobox\" data-id=\"53cdae84\" data-element_type=\"widget\" data-e-type=\"widget\" data-widget_type=\"wd_infobox.default\">\n\t\t\t\t<div class=\"elementor-widget-container\">\n\t\t\t\t\t\t\t<div class=\"info-box-wrapper\">\n\t\t\t<div class=\"wd-info-box text-center box-icon-align-top box-style-base color-scheme-\">\n\t\t\t\t\t\t\t\t\t<div class=\"box-icon-wrapper  box-with-icon box-icon-simple\">\n\t\t\t\t\t\t<div class=\"info-box-icon\">\n\t\t\t\t\t\t\t\t\t\t\t\t\t\t\t<img loading=\"lazy\" decoding=\"async\" width=\"70\" height=\"70\" src=\"https:\/\/varsityjacketsllc.com\/wp-content\/uploads\/2023\/12\/Body-Color.webp\" class=\"attachment-full size-full\" alt=\"Body-Color\" \/>\t\t\t\t\t\t\t\t\t\t\t\t\t<\/div>\n\t\t\t\t\t<\/div>\n\t\t\t\t\n\t\t\t\t<div class=\"info-box-content\">\n\t\t\t\t\t\n\t\t\t\t\t\t\t\t\t\t\t<h4\t\t\t\t\t\tclass=\"info-box-title title box-title-style-default wd-fontsize-m\" data-elementor-setting-key=\"title\">\n\t\t\t\t\t\t\t\tColore del corpo\t\t\t\t\t\t<\/h4>\n\t\t\t\t\t\n\t\t\t\t\t<div class=\"info-box-inner reset-last-child\"data-elementor-setting-key=\"content\"><p>Marrone<\/p>\n<\/div>\n\n\t\t\t\t\t\t\t\t\t<\/div>\n\n\t\t\t\t\t\t\t<\/div>\n\t\t<\/div>\n\t\t\t\t\t\t<\/div>\n\t\t\t\t<\/div>\n\t\t\t\t\t<\/div>\n\t\t<\/div>\n\t\t\t\t\t<\/div>\n\t\t<\/section>\n\t\t\t\t<section class=\"wd-negative-gap elementor-section elementor-inner-section elementor-element elementor-element-75b11c07 elementor-section-full_width elementor-section-height-default elementor-section-height-default\" data-id=\"75b11c07\" data-element_type=\"section\" data-e-type=\"section\">\n\t\t\t\t\t\t<div class=\"elementor-container elementor-column-gap-default\">\n\t\t\t\t\t<div class=\"elementor-column elementor-col-100 elementor-top-column elementor-element elementor-element-18bc2ecd\" data-id=\"18bc2ecd\" data-element_type=\"column\" data-e-type=\"column\">\n\t\t\t<div class=\"elementor-widget-wrap elementor-element-populated\">\n\t\t\t\t\t\t<div class=\"elementor-element elementor-element-3cd95f2e elementor-widget elementor-widget-wd_infobox\" data-id=\"3cd95f2e\" data-element_type=\"widget\" data-e-type=\"widget\" data-widget_type=\"wd_infobox.default\">\n\t\t\t\t<div class=\"elementor-widget-container\">\n\t\t\t\t\t\t\t<div class=\"info-box-wrapper\">\n\t\t\t<div class=\"wd-info-box text-center box-icon-align-top box-style-base color-scheme-\">\n\t\t\t\t\t\t\t\t\t<div class=\"box-icon-wrapper  box-with-icon box-icon-simple\">\n\t\t\t\t\t\t<div class=\"info-box-icon\">\n\t\t\t\t\t\t\t\t\t\t\t\t\t\t\t<img loading=\"lazy\" decoding=\"async\" width=\"70\" height=\"70\" src=\"https:\/\/varsityjacketsllc.com\/wp-content\/uploads\/2023\/12\/Size.webp\" class=\"attachment-full size-full\" alt=\"Size\" \/>\t\t\t\t\t\t\t\t\t\t\t\t\t<\/div>\n\t\t\t\t\t<\/div>\n\t\t\t\t\n\t\t\t\t<div class=\"info-box-content\">\n\t\t\t\t\t\n\t\t\t\t\t\t\t\t\t\t\t<h4\t\t\t\t\t\tclass=\"info-box-title title box-title-style-default wd-fontsize-m\" data-elementor-setting-key=\"title\">\n\t\t\t\t\t\t\t\tDimensione\t\t\t\t\t\t<\/h4>\n\t\t\t\t\t\n\t\t\t\t\t<div class=\"info-box-inner reset-last-child\"data-elementor-setting-key=\"content\"><p>Fatto su ordinazione<\/p>\n<\/div>\n\n\t\t\t\t\t\t\t\t\t<\/div>\n\n\t\t\t\t\t\t\t<\/div>\n\t\t<\/div>\n\t\t\t\t\t\t<\/div>\n\t\t\t\t<\/div>\n\t\t\t\t\t<\/div>\n\t\t<\/div>\n\t\t\t\t\t<\/div>\n\t\t<\/section>\n\t\t\t\t\t<\/div>\n\t\t<\/div>\n\t\t\t\t\t<\/div>\n\t\t<\/section>\n\t\t\t\t<\/div>\n\t\t","protected":false},"excerpt":{"rendered":"<p>Marrone e arancione Giacca varsity corta con colletto classico Per donne Entra nel comfort con questo elegante giacca varsity corta<\/p>\n","protected":false},"featured_media":105217,"template":"","meta":[],"product_brand":[],"product_cat":[7844,815,1121,398],"product_tag":[],"class_list":{"0":"post-105216","1":"product","2":"type-product","3":"status-publish","4":"has-post-thumbnail","6":"product_cat-giacche-varsity-da-donna","7":"product_cat-giacche-marroni-varsity","8":"product_cat-giacche-varsity-accorciate","9":"product_cat-tutte-le-giacche","10":"tm-has-options","12":"first","13":"instock","14":"sale","15":"shipping-taxable","16":"purchasable","17":"product-type-simple"},"_links":{"self":[{"href":"https:\/\/varsityjacketsllc.com\/it\/wp-json\/wp\/v2\/product\/105216","targetHints":{"allow":["GET"]}}],"collection":[{"href":"https:\/\/varsityjacketsllc.com\/it\/wp-json\/wp\/v2\/product"}],"about":[{"href":"https:\/\/varsityjacketsllc.com\/it\/wp-json\/wp\/v2\/types\/product"}],"version-history":[{"count":4,"href":"https:\/\/varsityjacketsllc.com\/it\/wp-json\/wp\/v2\/product\/105216\/revisions"}],"predecessor-version":[{"id":198309,"href":"https:\/\/varsityjacketsllc.com\/it\/wp-json\/wp\/v2\/product\/105216\/revisions\/198309"}],"wp:featuredmedia":[{"embeddable":true,"href":"https:\/\/varsityjacketsllc.com\/it\/wp-json\/wp\/v2\/media\/105217"}],"wp:attachment":[{"href":"https:\/\/varsityjacketsllc.com\/it\/wp-json\/wp\/v2\/media?parent=105216"}],"wp:term":[{"taxonomy":"product_brand","embeddable":true,"href":"https:\/\/varsityjacketsllc.com\/it\/wp-json\/wp\/v2\/product_brand?post=105216"},{"taxonomy":"product_cat","embeddable":true,"href":"https:\/\/varsityjacketsllc.com\/it\/wp-json\/wp\/v2\/product_cat?post=105216"},{"taxonomy":"product_tag","embeddable":true,"href":"https:\/\/varsityjacketsllc.com\/it\/wp-json\/wp\/v2\/product_tag?post=105216"}],"curies":[{"name":"wp","href":"https:\/\/api.w.org\/{rel}","templated":true}]}}