{"id":118761,"date":"2023-12-23T20:01:29","date_gmt":"2023-12-23T20:01:29","guid":{"rendered":"https:\/\/varsityjacketsllc.com\/shop\/felpa-con-cappuccio-rosa-della-giacca-varsity-letterman\/"},"modified":"2025-01-02T13:25:51","modified_gmt":"2025-01-02T08:25:51","slug":"felpa-con-cappuccio-rosa-della-giacca-varsity-letterman","status":"publish","type":"product","link":"https:\/\/varsityjacketsllc.com\/it\/felpa-con-cappuccio-rosa-della-giacca-varsity-letterman\/","title":{"rendered":"Felpa con cappuccio rosa della giacca Varsity Letterman"},"content":{"rendered":"\t\t<div data-elementor-type=\"wp-post\" data-elementor-id=\"118761\" class=\"elementor elementor-118761 elementor-11159\">\n\t\t\t\t\t\t<section class=\"wd-negative-gap elementor-section elementor-top-section elementor-element elementor-element-48d28fde elementor-section-boxed elementor-section-height-default elementor-section-height-default\" data-id=\"48d28fde\" data-element_type=\"section\" data-e-type=\"section\">\n\t\t\t\t\t\t<div class=\"elementor-container elementor-column-gap-default\">\n\t\t\t\t\t<div class=\"elementor-column elementor-col-100 elementor-top-column elementor-element elementor-element-56528fc5\" data-id=\"56528fc5\" data-element_type=\"column\" data-e-type=\"column\">\n\t\t\t<div class=\"elementor-widget-wrap elementor-element-populated\">\n\t\t\t\t\t\t<div class=\"elementor-element elementor-element-40f18d27 wd-width-100 elementor-widget elementor-widget-wd_title\" data-id=\"40f18d27\" data-element_type=\"widget\" data-e-type=\"widget\" data-widget_type=\"wd_title.default\">\n\t\t\t\t<div class=\"elementor-widget-container\">\n\t\t\t\t\t\t\t<div class=\"title-wrapper wd-set-mb reset-last-child wd-title-color-default wd-title-style-default wd-title-size-default text-center\">\n\n\t\t\t\n\t\t\t<div class=\"liner-continer\">\n\t\t\t\t<h2 class=\"woodmart-title-container title wd-fontsize-l wd-underline-colored\">Rosa<br><u> Giacca varsity con cappuccio<\/u><br> Per uomini e donne<br><\/h2> \n\t\t\t\t\t\t\t<\/div>\n\n\t\t\t\t\t<\/div>\n\t\t\t\t\t\t<\/div>\n\t\t\t\t<\/div>\n\t\t\t\t\t<\/div>\n\t\t<\/div>\n\t\t\t\t\t<\/div>\n\t\t<\/section>\n\t\t\t\t<section class=\"wd-negative-gap elementor-section elementor-top-section elementor-element elementor-element-27d21371 elementor-section-content-middle elementor-section-boxed elementor-section-height-default elementor-section-height-default\" data-id=\"27d21371\" data-element_type=\"section\" data-e-type=\"section\">\n\t\t\t\t\t\t<div class=\"elementor-container elementor-column-gap-extended\">\n\t\t\t\t\t<div class=\"elementor-column elementor-col-50 elementor-top-column elementor-element elementor-element-303c4871\" data-id=\"303c4871\" data-element_type=\"column\" data-e-type=\"column\">\n\t\t\t<div class=\"elementor-widget-wrap elementor-element-populated\">\n\t\t\t\t\t\t<div class=\"elementor-element elementor-element-4a01ca0b elementor-widget elementor-widget-wd_text_block\" data-id=\"4a01ca0b\" data-element_type=\"widget\" data-e-type=\"widget\" data-widget_type=\"wd_text_block.default\">\n\t\t\t\t<div class=\"elementor-widget-container\">\n\t\t\t\t\t\t\t<div class=\"wd-text-block reset-last-child text-left\">\n\t\t\t\n\t\t\t<p><span style=\"font-weight: 400;\">Vivi la tua individualit\u00e0 ed esprimila con questo<\/span><br><a href=\"https:\/\/varsityjacketsllc.com\/pink-varsity-jacket-hoodie\/\"><b> Giacca varsity rosa per uomini e donne<\/b><\/a><br><span style=\"font-weight: 400;\">. Cerchi una giacca da mignolo carina che non sembri troppo femminile? Allora questa combinazione sar\u00e0 la soluzione migliore! \u00c8 un capolavoro che non passer\u00e0 di moda, soprattutto con quello <\/span><span style=\"font-weight: 400;\">stile felpa con cappuccio<\/span><span style=\"font-weight: 400;\"> collare. \u00c8 tempo di celebrare la fusione tra tradizione e stile contemporaneo indossando qualcosa che la dice lunga sulla qualit\u00e0 e sul design. Realizzato in lana di prima qualit\u00e0 assicura morbidezza e comfort indipendentemente dalle condizioni atmosferiche.<\/span> Personalizza questi<br><a href=\"https:\/\/varsityjacketsllc.com\/it\/giacche-universitarie-rosa\/\"><b> giacche varsity rosa<\/b><\/a><br> in base al tuo stile di colletto (Byron o regolare), alla taglia, al tessuto (raso o pelle) e alla combinazione di colori!<br><\/p>\n\t\t\t\t\t<\/div>\n\t\t\t\t\t\t<\/div>\n\t\t\t\t<\/div>\n\t\t\t\t\t<\/div>\n\t\t<\/div>\n\t\t\t\t<div class=\"elementor-column elementor-col-25 elementor-top-column elementor-element elementor-element-24d91c8b\" data-id=\"24d91c8b\" data-element_type=\"column\" data-e-type=\"column\">\n\t\t\t<div class=\"elementor-widget-wrap elementor-element-populated\">\n\t\t\t\t\t\t<div class=\"elementor-element elementor-element-3d657c8f elementor-widget elementor-widget-wd_team_member\" data-id=\"3d657c8f\" data-element_type=\"widget\" data-e-type=\"widget\" data-widget_type=\"wd_team_member.default\">\n\t\t\t\t<div class=\"elementor-widget-container\">\n\t\t\t\t\t\t\t<div class=\"team-member member-layout-hover text-center color-scheme-light\">\n\t\t\t\t\t\t\t<div class=\"member-image-wrapper\">\n\t\t\t\t\t<div class=\"member-image\">\n\t\t\t\t\t\t<img fetchpriority=\"high\" decoding=\"async\" width=\"1000\" height=\"1000\" src=\"https:\/\/varsityjacketsllc.com\/wp-content\/uploads\/2023\/12\/Pink-Varsity-Jacket-Hoodie-Front.webp\" class=\"attachment-full size-full\" alt=\"Pink Varsity Jacket Hoodie Front\" srcset=\"https:\/\/varsityjacketsllc.com\/wp-content\/uploads\/2023\/12\/Pink-Varsity-Jacket-Hoodie-Front.webp 1000w, https:\/\/varsityjacketsllc.com\/wp-content\/uploads\/2023\/12\/Pink-Varsity-Jacket-Hoodie-Front-430x430.webp 430w, https:\/\/varsityjacketsllc.com\/wp-content\/uploads\/2023\/12\/Pink-Varsity-Jacket-Hoodie-Front-150x150.webp 150w, https:\/\/varsityjacketsllc.com\/wp-content\/uploads\/2023\/12\/Pink-Varsity-Jacket-Hoodie-Front-700x700.webp 700w, https:\/\/varsityjacketsllc.com\/wp-content\/uploads\/2023\/12\/Pink-Varsity-Jacket-Hoodie-Front-300x300.webp 300w, https:\/\/varsityjacketsllc.com\/wp-content\/uploads\/2023\/12\/Pink-Varsity-Jacket-Hoodie-Front-800x800.webp 800w, https:\/\/varsityjacketsllc.com\/wp-content\/uploads\/2023\/12\/Pink-Varsity-Jacket-Hoodie-Front-768x768.webp 768w, https:\/\/varsityjacketsllc.com\/wp-content\/uploads\/2023\/12\/Pink-Varsity-Jacket-Hoodie-Front-860x860.webp 860w\" sizes=\"(max-width: 1000px) 100vw, 1000px\" \/>\t\t\t\t\t<\/div>\n\t\t\t\t<\/div>\n\t\t\t\n\t\t\t<div class=\"member-details wd-set-mb reset-last-child\">\n\t\t\t\t\n\t\t\t\t\n\t\t\t\t\n\t\t\t\t\t\t\t<\/div>\n\t\t<\/div>\n\t\t\t\t\t\t<\/div>\n\t\t\t\t<\/div>\n\t\t\t\t\t<\/div>\n\t\t<\/div>\n\t\t\t\t<div class=\"elementor-column elementor-col-25 elementor-top-column elementor-element elementor-element-217b2faf\" data-id=\"217b2faf\" data-element_type=\"column\" data-e-type=\"column\">\n\t\t\t<div class=\"elementor-widget-wrap elementor-element-populated\">\n\t\t\t\t\t\t<div class=\"elementor-element elementor-element-3845f4 elementor-hidden-mobile elementor-widget elementor-widget-wd_team_member\" data-id=\"3845f4\" data-element_type=\"widget\" data-e-type=\"widget\" data-widget_type=\"wd_team_member.default\">\n\t\t\t\t<div class=\"elementor-widget-container\">\n\t\t\t\t\t\t\t<div class=\"team-member member-layout-hover text-center color-scheme-light\">\n\t\t\t\t\t\t\t<div class=\"member-image-wrapper\">\n\t\t\t\t\t<div class=\"member-image\">\n\t\t\t\t\t\t<img decoding=\"async\" width=\"1000\" height=\"1000\" src=\"https:\/\/varsityjacketsllc.com\/wp-content\/uploads\/2023\/12\/Pink-Varsity-Jacket-Hoodie-Back.webp\" class=\"attachment-full size-full\" alt=\"Pink Varsity Jacket Hoodie\" srcset=\"https:\/\/varsityjacketsllc.com\/wp-content\/uploads\/2023\/12\/Pink-Varsity-Jacket-Hoodie-Back.webp 1000w, https:\/\/varsityjacketsllc.com\/wp-content\/uploads\/2023\/12\/Pink-Varsity-Jacket-Hoodie-Back-430x430.webp 430w, https:\/\/varsityjacketsllc.com\/wp-content\/uploads\/2023\/12\/Pink-Varsity-Jacket-Hoodie-Back-150x150.webp 150w, https:\/\/varsityjacketsllc.com\/wp-content\/uploads\/2023\/12\/Pink-Varsity-Jacket-Hoodie-Back-700x700.webp 700w, https:\/\/varsityjacketsllc.com\/wp-content\/uploads\/2023\/12\/Pink-Varsity-Jacket-Hoodie-Back-300x300.webp 300w, https:\/\/varsityjacketsllc.com\/wp-content\/uploads\/2023\/12\/Pink-Varsity-Jacket-Hoodie-Back-800x800.webp 800w, https:\/\/varsityjacketsllc.com\/wp-content\/uploads\/2023\/12\/Pink-Varsity-Jacket-Hoodie-Back-768x768.webp 768w, https:\/\/varsityjacketsllc.com\/wp-content\/uploads\/2023\/12\/Pink-Varsity-Jacket-Hoodie-Back-860x860.webp 860w\" sizes=\"(max-width: 1000px) 100vw, 1000px\" \/>\t\t\t\t\t<\/div>\n\t\t\t\t<\/div>\n\t\t\t\n\t\t\t<div class=\"member-details wd-set-mb reset-last-child\">\n\t\t\t\t\n\t\t\t\t\n\t\t\t\t\n\t\t\t\t\t\t\t<\/div>\n\t\t<\/div>\n\t\t\t\t\t\t<\/div>\n\t\t\t\t<\/div>\n\t\t\t\t\t<\/div>\n\t\t<\/div>\n\t\t\t\t\t<\/div>\n\t\t<\/section>\n\t\t\t\t<section class=\"wd-negative-gap elementor-section elementor-top-section elementor-element elementor-element-31cf8a68 elementor-section-boxed elementor-section-height-default elementor-section-height-default\" data-id=\"31cf8a68\" data-element_type=\"section\" data-e-type=\"section\">\n\t\t\t\t\t\t<div class=\"elementor-container elementor-column-gap-default\">\n\t\t\t\t\t<div class=\"elementor-column elementor-col-100 elementor-top-column elementor-element elementor-element-716fab26\" data-id=\"716fab26\" data-element_type=\"column\" data-e-type=\"column\">\n\t\t\t<div class=\"elementor-widget-wrap elementor-element-populated\">\n\t\t\t\t\t\t<div class=\"elementor-element elementor-element-5df8c248 wd-width-100 elementor-widget elementor-widget-wd_title\" data-id=\"5df8c248\" data-element_type=\"widget\" data-e-type=\"widget\" data-widget_type=\"wd_title.default\">\n\t\t\t\t<div class=\"elementor-widget-container\">\n\t\t\t\t\t\t\t<div class=\"title-wrapper wd-set-mb reset-last-child wd-title-color-default wd-title-style-default wd-title-size-default text-center\">\n\n\t\t\t\n\t\t\t<div class=\"liner-continer\">\n\t\t\t\t<h2 class=\"woodmart-title-container title wd-fontsize-l wd-underline-colored\"><u>Caratteristiche<\/u> della giacca <\/h2> \n\t\t\t\t\t\t\t<\/div>\n\n\t\t\t\t\t<\/div>\n\t\t\t\t\t\t<\/div>\n\t\t\t\t<\/div>\n\t\t\t\t\t<\/div>\n\t\t<\/div>\n\t\t\t\t\t<\/div>\n\t\t<\/section>\n\t\t\t\t<section class=\"wd-negative-gap elementor-section elementor-top-section elementor-element elementor-element-765e7842 elementor-section-content-middle elementor-section-boxed elementor-section-height-default elementor-section-height-default\" data-id=\"765e7842\" data-element_type=\"section\" data-e-type=\"section\">\n\t\t\t\t\t\t<div class=\"elementor-container elementor-column-gap-extended\">\n\t\t\t\t\t<div class=\"elementor-column elementor-col-50 elementor-top-column elementor-element elementor-element-4cba6942\" data-id=\"4cba6942\" data-element_type=\"column\" data-e-type=\"column\">\n\t\t\t<div class=\"elementor-widget-wrap elementor-element-populated\">\n\t\t\t\t\t\t<div class=\"elementor-element elementor-element-467b7eb elementor-widget elementor-widget-image\" data-id=\"467b7eb\" data-element_type=\"widget\" data-e-type=\"widget\" data-widget_type=\"image.default\">\n\t\t\t\t<div class=\"elementor-widget-container\">\n\t\t\t\t\t\t\t\t\t\t\t\t\t\t\t\t<a href=\"https:\/\/varsityjacketsllc.com\/it\/giacche-universitarie-rosa\/\">\n\t\t\t\t\t\t\t<img decoding=\"async\" width=\"1000\" height=\"1000\" src=\"https:\/\/varsityjacketsllc.com\/wp-content\/uploads\/2023\/12\/Pink-Varsity-Jacket-Hoodie-Front.webp\" class=\"elementor-animation-hang attachment-full size-full wp-image-118762\" alt=\"\" srcset=\"https:\/\/varsityjacketsllc.com\/wp-content\/uploads\/2023\/12\/Pink-Varsity-Jacket-Hoodie-Front.webp 1000w, https:\/\/varsityjacketsllc.com\/wp-content\/uploads\/2023\/12\/Pink-Varsity-Jacket-Hoodie-Front-430x430.webp 430w, https:\/\/varsityjacketsllc.com\/wp-content\/uploads\/2023\/12\/Pink-Varsity-Jacket-Hoodie-Front-150x150.webp 150w, https:\/\/varsityjacketsllc.com\/wp-content\/uploads\/2023\/12\/Pink-Varsity-Jacket-Hoodie-Front-700x700.webp 700w, https:\/\/varsityjacketsllc.com\/wp-content\/uploads\/2023\/12\/Pink-Varsity-Jacket-Hoodie-Front-300x300.webp 300w, https:\/\/varsityjacketsllc.com\/wp-content\/uploads\/2023\/12\/Pink-Varsity-Jacket-Hoodie-Front-800x800.webp 800w, https:\/\/varsityjacketsllc.com\/wp-content\/uploads\/2023\/12\/Pink-Varsity-Jacket-Hoodie-Front-768x768.webp 768w, https:\/\/varsityjacketsllc.com\/wp-content\/uploads\/2023\/12\/Pink-Varsity-Jacket-Hoodie-Front-860x860.webp 860w\" sizes=\"(max-width: 1000px) 100vw, 1000px\" \/>\t\t\t\t\t\t\t\t<\/a>\n\t\t\t\t\t\t\t\t\t\t\t\t\t\t\t<\/div>\n\t\t\t\t<\/div>\n\t\t\t\t\t<\/div>\n\t\t<\/div>\n\t\t\t\t<div class=\"elementor-column elementor-col-50 elementor-top-column elementor-element elementor-element-3287a5f9\" data-id=\"3287a5f9\" data-element_type=\"column\" data-e-type=\"column\">\n\t\t\t<div class=\"elementor-widget-wrap elementor-element-populated\">\n\t\t\t\t\t\t<section class=\"wd-negative-gap elementor-section elementor-inner-section elementor-element elementor-element-60672b66 elementor-section-full_width elementor-section-height-default elementor-section-height-default\" data-id=\"60672b66\" data-element_type=\"section\" data-e-type=\"section\">\n\t\t\t\t\t\t<div class=\"elementor-container elementor-column-gap-default\">\n\t\t\t\t\t<div class=\"elementor-column elementor-col-33 elementor-inner-column elementor-element elementor-element-408d64cc\" data-id=\"408d64cc\" data-element_type=\"column\" data-e-type=\"column\">\n\t\t\t<div class=\"elementor-widget-wrap elementor-element-populated\">\n\t\t\t\t\t\t<div class=\"elementor-element elementor-element-47f3f97 elementor-widget elementor-widget-wd_infobox\" data-id=\"47f3f97\" data-element_type=\"widget\" data-e-type=\"widget\" data-widget_type=\"wd_infobox.default\">\n\t\t\t\t<div class=\"elementor-widget-container\">\n\t\t\t\t\t\t\t<div class=\"info-box-wrapper\">\n\t\t\t<div class=\"wd-info-box text-center box-icon-align-top box-style-base color-scheme-\">\n\t\t\t\t\t\t\t\t\t<div class=\"box-icon-wrapper  box-with-icon box-icon-simple\">\n\t\t\t\t\t\t<div class=\"info-box-icon\">\n\t\t\t\t\t\t\t\t\t\t\t\t\t\t\t<img loading=\"lazy\" decoding=\"async\" width=\"70\" height=\"70\" src=\"https:\/\/varsityjacketsllc.com\/wp-content\/uploads\/2023\/12\/Material.webp\" class=\"attachment-full size-full\" alt=\"Material\" \/>\t\t\t\t\t\t\t\t\t\t\t\t\t<\/div>\n\t\t\t\t\t<\/div>\n\t\t\t\t\n\t\t\t\t<div class=\"info-box-content\">\n\t\t\t\t\t\n\t\t\t\t\t\t\t\t\t\t\t<h4\t\t\t\t\t\tclass=\"info-box-title title box-title-style-default wd-fontsize-m\" data-elementor-setting-key=\"title\">\n\t\t\t\t\t\t\t\tMateriale\t\t\t\t\t\t<\/h4>\n\t\t\t\t\t\n\t\t\t\t\t<div class=\"info-box-inner reset-last-child\"data-elementor-setting-key=\"content\"><p>100% lana<\/p>\n<\/div>\n\n\t\t\t\t\t\t\t\t\t<\/div>\n\n\t\t\t\t\t\t\t<\/div>\n\t\t<\/div>\n\t\t\t\t\t\t<\/div>\n\t\t\t\t<\/div>\n\t\t\t\t<div class=\"elementor-element elementor-element-de5a630 elementor-widget elementor-widget-wd_infobox\" data-id=\"de5a630\" data-element_type=\"widget\" data-e-type=\"widget\" data-widget_type=\"wd_infobox.default\">\n\t\t\t\t<div class=\"elementor-widget-container\">\n\t\t\t\t\t\t\t<div class=\"info-box-wrapper\">\n\t\t\t<div class=\"wd-info-box text-center box-icon-align-top box-style-base color-scheme-\">\n\t\t\t\t\t\t\t\t\t<div class=\"box-icon-wrapper  box-with-icon box-icon-simple\">\n\t\t\t\t\t\t<div class=\"info-box-icon\">\n\t\t\t\t\t\t\t\t\t\t\t\t\t\t\t<img loading=\"lazy\" decoding=\"async\" width=\"70\" height=\"70\" src=\"https:\/\/varsityjacketsllc.com\/wp-content\/uploads\/2023\/12\/Sleeve-Color.webp\" class=\"attachment-full size-full\" alt=\"Sleeve-Color\" \/>\t\t\t\t\t\t\t\t\t\t\t\t\t<\/div>\n\t\t\t\t\t<\/div>\n\t\t\t\t\n\t\t\t\t<div class=\"info-box-content\">\n\t\t\t\t\t\n\t\t\t\t\t\t\t\t\t\t\t<h4\t\t\t\t\t\tclass=\"info-box-title title box-title-style-default wd-fontsize-m\" data-elementor-setting-key=\"title\">\n\t\t\t\t\t\t\t\tColore manica\t\t\t\t\t\t<\/h4>\n\t\t\t\t\t\n\t\t\t\t\t<div class=\"info-box-inner reset-last-child\"data-elementor-setting-key=\"content\"><p>Rosa<\/p>\n<\/div>\n\n\t\t\t\t\t\t\t\t\t<\/div>\n\n\t\t\t\t\t\t\t<\/div>\n\t\t<\/div>\n\t\t\t\t\t\t<\/div>\n\t\t\t\t<\/div>\n\t\t\t\t\t<\/div>\n\t\t<\/div>\n\t\t\t\t<div class=\"elementor-column elementor-col-33 elementor-top-column elementor-element elementor-element-6dbbe194\" data-id=\"6dbbe194\" data-element_type=\"column\" data-e-type=\"column\">\n\t\t\t<div class=\"elementor-widget-wrap elementor-element-populated\">\n\t\t\t\t\t\t<div class=\"elementor-element elementor-element-31770fb elementor-widget elementor-widget-wd_infobox\" data-id=\"31770fb\" data-element_type=\"widget\" data-e-type=\"widget\" data-widget_type=\"wd_infobox.default\">\n\t\t\t\t<div class=\"elementor-widget-container\">\n\t\t\t\t\t\t\t<div class=\"info-box-wrapper\">\n\t\t\t<div class=\"wd-info-box text-center box-icon-align-top box-style-base color-scheme-\">\n\t\t\t\t\t\t\t\t\t<div class=\"box-icon-wrapper  box-with-icon box-icon-simple\">\n\t\t\t\t\t\t<div class=\"info-box-icon\">\n\t\t\t\t\t\t\t\t\t\t\t\t\t\t\t<img loading=\"lazy\" decoding=\"async\" width=\"70\" height=\"70\" src=\"https:\/\/varsityjacketsllc.com\/wp-content\/uploads\/2023\/12\/Hoodie-Style.webp\" class=\"attachment-full size-full\" alt=\"Hoodie-Style\" \/>\t\t\t\t\t\t\t\t\t\t\t\t\t<\/div>\n\t\t\t\t\t<\/div>\n\t\t\t\t\n\t\t\t\t<div class=\"info-box-content\">\n\t\t\t\t\t\n\t\t\t\t\t\t\t\t\t\t\t<h4\t\t\t\t\t\tclass=\"info-box-title title box-title-style-default wd-fontsize-m\" data-elementor-setting-key=\"title\">\n\t\t\t\t\t\t\t\tStile\t\t\t\t\t\t<\/h4>\n\t\t\t\t\t\n\t\t\t\t\t<div class=\"info-box-inner reset-last-child\"data-elementor-setting-key=\"content\"><p>Felpa<\/p>\n<\/div>\n\n\t\t\t\t\t\t\t\t\t<\/div>\n\n\t\t\t\t\t\t\t<\/div>\n\t\t<\/div>\n\t\t\t\t\t\t<\/div>\n\t\t\t\t<\/div>\n\t\t\t\t<div class=\"elementor-element elementor-element-3365ded elementor-widget elementor-widget-wd_infobox\" data-id=\"3365ded\" data-element_type=\"widget\" data-e-type=\"widget\" data-widget_type=\"wd_infobox.default\">\n\t\t\t\t<div class=\"elementor-widget-container\">\n\t\t\t\t\t\t\t<div class=\"info-box-wrapper\">\n\t\t\t<div class=\"wd-info-box text-center box-icon-align-top box-style-base color-scheme-\">\n\t\t\t\t\t\t\t\t\t<div class=\"box-icon-wrapper  box-with-icon box-icon-simple\">\n\t\t\t\t\t\t<div class=\"info-box-icon\">\n\t\t\t\t\t\t\t\t\t\t\t\t\t\t\t<img loading=\"lazy\" decoding=\"async\" width=\"50\" height=\"50\" src=\"https:\/\/varsityjacketsllc.com\/wp-content\/uploads\/2023\/12\/Button-Fastening-50x50.webp\" class=\"attachment-50x50 size-50x50\" alt=\"Button-Fastening\" srcset=\"https:\/\/varsityjacketsllc.com\/wp-content\/uploads\/2023\/12\/Button-Fastening-50x50.webp 50w, https:\/\/varsityjacketsllc.com\/wp-content\/uploads\/2023\/12\/Button-Fastening.webp 70w\" sizes=\"(max-width: 50px) 100vw, 50px\" \/>\t\t\t\t\t\t\t\t\t\t\t\t\t<\/div>\n\t\t\t\t\t<\/div>\n\t\t\t\t\n\t\t\t\t<div class=\"info-box-content\">\n\t\t\t\t\t\n\t\t\t\t\t\t\t\t\t\t\t<h4\t\t\t\t\t\tclass=\"info-box-title title box-title-style-default wd-fontsize-m\" data-elementor-setting-key=\"title\">\n\t\t\t\t\t\t\t\tFissaggio\t\t\t\t\t\t<\/h4>\n\t\t\t\t\t\n\t\t\t\t\t<div class=\"info-box-inner reset-last-child\"data-elementor-setting-key=\"content\"><p>Pulsanti<\/p>\n<\/div>\n\n\t\t\t\t\t\t\t\t\t<\/div>\n\n\t\t\t\t\t\t\t<\/div>\n\t\t<\/div>\n\t\t\t\t\t\t<\/div>\n\t\t\t\t<\/div>\n\t\t\t\t\t<\/div>\n\t\t<\/div>\n\t\t\t\t<div class=\"elementor-column elementor-col-33 elementor-top-column elementor-element elementor-element-1e92c44\" data-id=\"1e92c44\" data-element_type=\"column\" data-e-type=\"column\">\n\t\t\t<div class=\"elementor-widget-wrap elementor-element-populated\">\n\t\t\t\t\t\t<div class=\"elementor-element elementor-element-7cddb20f elementor-widget elementor-widget-wd_infobox\" data-id=\"7cddb20f\" data-element_type=\"widget\" data-e-type=\"widget\" data-widget_type=\"wd_infobox.default\">\n\t\t\t\t<div class=\"elementor-widget-container\">\n\t\t\t\t\t\t\t<div class=\"info-box-wrapper\">\n\t\t\t<div class=\"wd-info-box text-center box-icon-align-top box-style-base color-scheme-\">\n\t\t\t\t\t\t\t\t\t<div class=\"box-icon-wrapper  box-with-icon box-icon-simple\">\n\t\t\t\t\t\t<div class=\"info-box-icon\">\n\t\t\t\t\t\t\t\t\t\t\t\t\t\t\t<img loading=\"lazy\" decoding=\"async\" width=\"70\" height=\"70\" src=\"https:\/\/varsityjacketsllc.com\/wp-content\/uploads\/2023\/12\/Body-Color.webp\" class=\"attachment-full size-full\" alt=\"Body-Color\" \/>\t\t\t\t\t\t\t\t\t\t\t\t\t<\/div>\n\t\t\t\t\t<\/div>\n\t\t\t\t\n\t\t\t\t<div class=\"info-box-content\">\n\t\t\t\t\t\n\t\t\t\t\t\t\t\t\t\t\t<h4\t\t\t\t\t\tclass=\"info-box-title title box-title-style-default wd-fontsize-m\" data-elementor-setting-key=\"title\">\n\t\t\t\t\t\t\t\tColore del corpo\t\t\t\t\t\t<\/h4>\n\t\t\t\t\t\n\t\t\t\t\t<div class=\"info-box-inner reset-last-child\"data-elementor-setting-key=\"content\"><p>Rosa<\/p>\n<\/div>\n\n\t\t\t\t\t\t\t\t\t<\/div>\n\n\t\t\t\t\t\t\t<\/div>\n\t\t<\/div>\n\t\t\t\t\t\t<\/div>\n\t\t\t\t<\/div>\n\t\t\t\t\t<\/div>\n\t\t<\/div>\n\t\t\t\t\t<\/div>\n\t\t<\/section>\n\t\t\t\t<section class=\"wd-negative-gap elementor-section elementor-inner-section elementor-element elementor-element-7542f29b elementor-section-full_width elementor-section-height-default elementor-section-height-default\" data-id=\"7542f29b\" data-element_type=\"section\" data-e-type=\"section\">\n\t\t\t\t\t\t<div class=\"elementor-container elementor-column-gap-default\">\n\t\t\t\t\t<div class=\"elementor-column elementor-col-100 elementor-top-column elementor-element elementor-element-522b7b81\" data-id=\"522b7b81\" data-element_type=\"column\" data-e-type=\"column\">\n\t\t\t<div class=\"elementor-widget-wrap elementor-element-populated\">\n\t\t\t\t\t\t<div class=\"elementor-element elementor-element-2d5cb021 elementor-widget elementor-widget-wd_infobox\" data-id=\"2d5cb021\" data-element_type=\"widget\" data-e-type=\"widget\" data-widget_type=\"wd_infobox.default\">\n\t\t\t\t<div class=\"elementor-widget-container\">\n\t\t\t\t\t\t\t<div class=\"info-box-wrapper\">\n\t\t\t<div class=\"wd-info-box text-center box-icon-align-top box-style-base color-scheme-\">\n\t\t\t\t\t\t\t\t\t<div class=\"box-icon-wrapper  box-with-icon box-icon-simple\">\n\t\t\t\t\t\t<div class=\"info-box-icon\">\n\t\t\t\t\t\t\t\t\t\t\t\t\t\t\t<img loading=\"lazy\" decoding=\"async\" width=\"70\" height=\"70\" src=\"https:\/\/varsityjacketsllc.com\/wp-content\/uploads\/2023\/12\/Size.webp\" class=\"attachment-full size-full\" alt=\"Size\" \/>\t\t\t\t\t\t\t\t\t\t\t\t\t<\/div>\n\t\t\t\t\t<\/div>\n\t\t\t\t\n\t\t\t\t<div class=\"info-box-content\">\n\t\t\t\t\t\n\t\t\t\t\t\t\t\t\t\t\t<h4\t\t\t\t\t\tclass=\"info-box-title title box-title-style-default wd-fontsize-m\" data-elementor-setting-key=\"title\">\n\t\t\t\t\t\t\t\tDimensione\t\t\t\t\t\t<\/h4>\n\t\t\t\t\t\n\t\t\t\t\t<div class=\"info-box-inner reset-last-child\"data-elementor-setting-key=\"content\"><p>Fatto su ordinazione<\/p>\n<\/div>\n\n\t\t\t\t\t\t\t\t\t<\/div>\n\n\t\t\t\t\t\t\t<\/div>\n\t\t<\/div>\n\t\t\t\t\t\t<\/div>\n\t\t\t\t<\/div>\n\t\t\t\t\t<\/div>\n\t\t<\/div>\n\t\t\t\t\t<\/div>\n\t\t<\/section>\n\t\t\t\t\t<\/div>\n\t\t<\/div>\n\t\t\t\t\t<\/div>\n\t\t<\/section>\n\t\t\t\t<section class=\"wd-negative-gap elementor-section elementor-top-section elementor-element elementor-element-de322c5 elementor-section-boxed elementor-section-height-default elementor-section-height-default\" data-id=\"de322c5\" data-element_type=\"section\" data-e-type=\"section\">\n\t\t\t\t\t\t<div class=\"elementor-container elementor-column-gap-default\">\n\t\t\t\t\t<div class=\"elementor-column elementor-col-100 elementor-top-column elementor-element elementor-element-dc02cd9\" data-id=\"dc02cd9\" data-element_type=\"column\" data-e-type=\"column\">\n\t\t\t<div class=\"elementor-widget-wrap elementor-element-populated\">\n\t\t\t\t\t\t<div class=\"elementor-element elementor-element-c5916e4 elementor-widget elementor-widget-html\" data-id=\"c5916e4\" data-element_type=\"widget\" data-e-type=\"widget\" data-widget_type=\"html.default\">\n\t\t\t\t<div class=\"elementor-widget-container\">\n\t\t\t\t\tFelpa con cappuccio giacca college rosa\t\t\t\t<\/div>\n\t\t\t\t<\/div>\n\t\t\t\t\t<\/div>\n\t\t<\/div>\n\t\t\t\t\t<\/div>\n\t\t<\/section>\n\t\t\t\t<\/div>\n\t\t","protected":false},"excerpt":{"rendered":"<p>Rosa Giacca varsity con cappuccio Per uomini e donne Vivi la tua individualit\u00e0 ed esprimila con questo Giacca varsity rosa<\/p>\n","protected":false},"featured_media":118762,"template":"","meta":[],"product_brand":[],"product_cat":[7844,2508,398,1832],"product_tag":[],"class_list":{"0":"post-118761","1":"product","2":"type-product","3":"status-publish","4":"has-post-thumbnail","6":"product_cat-giacche-varsity-da-donna","7":"product_cat-giacche-universitarie-rosa","8":"product_cat-tutte-le-giacche","9":"product_cat-giacche-varsity-uomo","10":"tm-no-options","12":"first","13":"instock","14":"sale","15":"shipping-taxable","16":"purchasable","17":"product-type-simple"},"_links":{"self":[{"href":"https:\/\/varsityjacketsllc.com\/it\/wp-json\/wp\/v2\/product\/118761","targetHints":{"allow":["GET"]}}],"collection":[{"href":"https:\/\/varsityjacketsllc.com\/it\/wp-json\/wp\/v2\/product"}],"about":[{"href":"https:\/\/varsityjacketsllc.com\/it\/wp-json\/wp\/v2\/types\/product"}],"version-history":[{"count":2,"href":"https:\/\/varsityjacketsllc.com\/it\/wp-json\/wp\/v2\/product\/118761\/revisions"}],"predecessor-version":[{"id":205876,"href":"https:\/\/varsityjacketsllc.com\/it\/wp-json\/wp\/v2\/product\/118761\/revisions\/205876"}],"wp:featuredmedia":[{"embeddable":true,"href":"https:\/\/varsityjacketsllc.com\/it\/wp-json\/wp\/v2\/media\/118762"}],"wp:attachment":[{"href":"https:\/\/varsityjacketsllc.com\/it\/wp-json\/wp\/v2\/media?parent=118761"}],"wp:term":[{"taxonomy":"product_brand","embeddable":true,"href":"https:\/\/varsityjacketsllc.com\/it\/wp-json\/wp\/v2\/product_brand?post=118761"},{"taxonomy":"product_cat","embeddable":true,"href":"https:\/\/varsityjacketsllc.com\/it\/wp-json\/wp\/v2\/product_cat?post=118761"},{"taxonomy":"product_tag","embeddable":true,"href":"https:\/\/varsityjacketsllc.com\/it\/wp-json\/wp\/v2\/product_tag?post=118761"}],"curies":[{"name":"wp","href":"https:\/\/api.w.org\/{rel}","templated":true}]}}