{"id":97229,"date":"2021-12-10T17:16:24","date_gmt":"2021-12-10T17:16:24","guid":{"rendered":"https:\/\/varsityjacketsllc.com\/privatumo-politika\/"},"modified":"2024-02-22T10:38:41","modified_gmt":"2024-02-22T10:38:41","slug":"privatumo-politika","status":"publish","type":"page","link":"https:\/\/varsityjacketsllc.com\/lt\/privatumo-politika\/","title":{"rendered":"Privatumo politika"},"content":{"rendered":"\t\t<div data-elementor-type=\"wp-page\" data-elementor-id=\"97229\" class=\"elementor elementor-97229 elementor-3\">\n\t\t\t\t\t\t<section class=\"wd-negative-gap elementor-section elementor-top-section elementor-element elementor-element-573d603 elementor-section-boxed elementor-section-height-default elementor-section-height-default\" data-id=\"573d603\" data-element_type=\"section\" data-e-type=\"section\">\n\t\t\t\t\t\t<div class=\"elementor-container elementor-column-gap-default\">\n\t\t\t\t\t<div class=\"elementor-column elementor-col-33 elementor-top-column elementor-element elementor-element-45febf7\" data-id=\"45febf7\" data-element_type=\"column\" data-e-type=\"column\">\n\t\t\t<div class=\"elementor-widget-wrap\">\n\t\t\t\t\t\t\t<\/div>\n\t\t<\/div>\n\t\t\t\t<div class=\"elementor-column elementor-col-33 elementor-top-column elementor-element elementor-element-b187ef2\" data-id=\"b187ef2\" data-element_type=\"column\" data-e-type=\"column\">\n\t\t\t<div class=\"elementor-widget-wrap elementor-element-populated\">\n\t\t\t\t\t\t<div class=\"elementor-element elementor-element-8fd24df wd-width-100 elementor-widget elementor-widget-wd_title\" data-id=\"8fd24df\" data-element_type=\"widget\" data-e-type=\"widget\" data-widget_type=\"wd_title.default\">\n\t\t\t\t<div class=\"elementor-widget-container\">\n\t\t\t\t\t\t\t<div class=\"title-wrapper wd-set-mb reset-last-child wd-title-color-default wd-title-style-default wd-title-size-default text-center\">\n\n\t\t\t\n\t\t\t<div class=\"liner-continer\">\n\t\t\t\t<h1 class=\"woodmart-title-container title wd-fontsize-l\">Privatumo politika<\/h1> \n\t\t\t\t\t\t\t<\/div>\n\n\t\t\t\t\t<\/div>\n\t\t\t\t\t\t<\/div>\n\t\t\t\t<\/div>\n\t\t\t\t<div class=\"elementor-element elementor-element-c76b6e3 wd-width-100 elementor-widget elementor-widget-wd_title\" data-id=\"c76b6e3\" data-element_type=\"widget\" data-e-type=\"widget\" data-widget_type=\"wd_title.default\">\n\t\t\t\t<div class=\"elementor-widget-container\">\n\t\t\t\t\t\t\t<div class=\"title-wrapper wd-set-mb reset-last-child wd-title-color-default wd-title-style-default wd-title-size-default text-left\">\n\n\t\t\t\n\t\t\t<div class=\"liner-continer\">\n\t\t\t\t<h1 class=\"woodmart-title-container title wd-fontsize-l\"><\/h1> \n\t\t\t\t\t\t\t<\/div>\n\n\t\t\t\t\t\t\t<div class=\"title-after_title reset-last-child wd-fontsize-xs\">\n\t\t\t\t\t<p><span style=\"font-weight: 400\">\u201eThe Varsity Jacket\u201c prek\u0117s \u017eenklas yra \u012fsipareigoj\u0119s saugoti savo klient\u0173 privatum\u0105 ir u\u017etikrinti, kad j\u0173 asmenin\u0117 informacija b\u016bt\u0173 saugi ir saugi. Siekdami suteikti klientams geriausi\u0105 \u012fmanom\u0105 patirt\u012f, galime rinkti i\u0161 j\u0173 tam tikr\u0105 asmenin\u0119 informacij\u0105, kai jie lankosi m\u016bs\u0173 svetain\u0117je arba perka i\u0161 m\u016bs\u0173. \u0160ioje privatumo politikoje apra\u0161omi renkamos asmenin\u0117s informacijos tipai, kaip j\u0105 naudojame ir veiksmai, kuri\u0173 imam\u0117s, kad j\u0105 apsaugotume.<\/span><\/p>\t\t\t\t<\/div>\n\t\t\t\t\t<\/div>\n\t\t\t\t\t\t<\/div>\n\t\t\t\t<\/div>\n\t\t\t\t<div class=\"elementor-element elementor-element-bf03964 wd-width-100 elementor-widget elementor-widget-wd_title\" data-id=\"bf03964\" data-element_type=\"widget\" data-e-type=\"widget\" data-widget_type=\"wd_title.default\">\n\t\t\t\t<div class=\"elementor-widget-container\">\n\t\t\t\t\t\t\t<div class=\"title-wrapper wd-set-mb reset-last-child wd-title-color-default wd-title-style-default wd-title-size-default text-left\">\n\n\t\t\t\n\t\t\t<div class=\"liner-continer\">\n\t\t\t\t<h1 class=\"woodmart-title-container title wd-fontsize-l\">M\u016bs\u0173 renkamos asmenin\u0117s informacijos tipai:<\/h1> \n\t\t\t\t\t\t\t<\/div>\n\n\t\t\t\t\t\t\t<div class=\"title-after_title reset-last-child wd-fontsize-xs\">\n\t\t\t\t\t<p><span style=\"font-weight: 400\"><strong>Kontaktin\u0117 informacija:<\/strong> Galime rinkti asmenin\u0119 informacij\u0105, toki\u0105 kaip j\u016bs\u0173 vardas, el. pa\u0161to adresas ir telefono numeris, kad gal\u0117tume susisiekti su jumis d\u0117l atnaujinim\u0173 arba atsakyti \u012f j\u016bs\u0173 u\u017eklausas. <\/span><\/p><p><span style=\"font-weight: 400\"><strong>Mok\u0117jimo informacija:<\/strong> Kai perkate i\u0161 m\u016bs\u0173, galime rinkti mok\u0117jimo informacij\u0105, pvz., kredito kortel\u0117s numer\u012f ar kit\u0105 finansin\u0119 informacij\u0105, kad gal\u0117tume apdoroti j\u016bs\u0173 operacij\u0105.<\/span><\/p><p><span style=\"font-weight: 400\"><strong>Demografin\u0117 informacija:<\/strong> Galime rinkti toki\u0105 informacij\u0105 kaip j\u016bs\u0173 am\u017eius, lytis ir vieta, kad geriau suprastume savo klient\u0173 baz\u0119 ir pritaikytume produktus bei paslaugas pagal j\u016bs\u0173 poreikius.<\/span><\/p><p><span style=\"font-weight: 400\"><strong>Naudojimo duomenys:<\/strong> Galime rinkti informacij\u0105 apie tai, kaip naudojat\u0117s m\u016bs\u0173 svetaine ir paslaugomis, \u012fskaitant puslapius, kuriuose lankot\u0117s, ir perkamus produktus.<\/span><\/p>\t\t\t\t<\/div>\n\t\t\t\t\t<\/div>\n\t\t\t\t\t\t<\/div>\n\t\t\t\t<\/div>\n\t\t\t\t<div class=\"elementor-element elementor-element-8cca0ee wd-width-100 elementor-widget elementor-widget-wd_title\" data-id=\"8cca0ee\" data-element_type=\"widget\" data-e-type=\"widget\" data-widget_type=\"wd_title.default\">\n\t\t\t\t<div class=\"elementor-widget-container\">\n\t\t\t\t\t\t\t<div class=\"title-wrapper wd-set-mb reset-last-child wd-title-color-default wd-title-style-default wd-title-size-default text-left\">\n\n\t\t\t\n\t\t\t<div class=\"liner-continer\">\n\t\t\t\t<h1 class=\"woodmart-title-container title wd-fontsize-l\">Kaip naudojame j\u016bs\u0173 asmenin\u0119 informacij\u0105:<\/h1> \n\t\t\t\t\t\t\t<\/div>\n\n\t\t\t\t\t\t\t<div class=\"title-after_title reset-last-child wd-fontsize-xs\">\n\t\t\t\t\t<p><span style=\"font-weight: 400\"><strong>Nor\u0117dami teikti m\u016bs\u0173 produktus ir paslaugas:<\/strong> Naudojame j\u016bs\u0173 asmenin\u0119 informacij\u0105 u\u017esakymams vykdyti, mok\u0117jimams apdoroti ir bendrauti su jumis apie pirkinius.<\/span><\/p><p><span style=\"font-weight: 400\"><strong>Nor\u0117dami patobulinti savo produktus ir paslaugas:<\/strong> Galime naudoti j\u016bs\u0173 asmenin\u0119 informacij\u0105, kad suprastume j\u016bs\u0173 pageidavimus ir patobulintume savo produktus bei paslaugas, kad jie geriau atitikt\u0173 j\u016bs\u0173 poreikius.<\/span><\/p><p><span style=\"font-weight: 400\"><strong>Nor\u0117dami suasmeninti savo patirt\u012f:<\/strong> Mes galime naudoti j\u016bs\u0173 asmenin\u0119 informacij\u0105, kad pritaikytume turin\u012f ir rinkodaros prane\u0161imus, kuriuos gaunate i\u0161 m\u016bs\u0173, atsi\u017evelgdami \u012f j\u016bs\u0173 pom\u0117gius ir pageidavimus.<\/span><\/p><p><span style=\"font-weight: 400\"><strong>Nor\u0117dami apsisaugoti nuo suk\u010diavimo:<\/strong> Mes galime naudoti j\u016bs\u0173 asmenin\u0119 informacij\u0105, kad i\u0161vengtume, aptiktume ir i\u0161tirtume nes\u0105\u017eining\u0105 veikl\u0105.<\/span><\/p>\t\t\t\t<\/div>\n\t\t\t\t\t<\/div>\n\t\t\t\t\t\t<\/div>\n\t\t\t\t<\/div>\n\t\t\t\t<div class=\"elementor-element elementor-element-1208636 wd-width-100 elementor-widget elementor-widget-wd_title\" data-id=\"1208636\" data-element_type=\"widget\" data-e-type=\"widget\" data-widget_type=\"wd_title.default\">\n\t\t\t\t<div class=\"elementor-widget-container\">\n\t\t\t\t\t\t\t<div class=\"title-wrapper wd-set-mb reset-last-child wd-title-color-default wd-title-style-default wd-title-size-default text-left\">\n\n\t\t\t\n\t\t\t<div class=\"liner-continer\">\n\t\t\t\t<h1 class=\"woodmart-title-container title wd-fontsize-l\">J\u016bs\u0173 asmenin\u0117s informacijos apsauga:<\/h1> \n\t\t\t\t\t\t\t<\/div>\n\n\t\t\t\t\t\t\t<div class=\"title-after_title reset-last-child wd-fontsize-xs\">\n\t\t\t\t\t<p><span style=\"font-weight: 400\">Mes imam\u0117s atitinkam\u0173 saugumo priemoni\u0173, kad apsaugotume j\u016bs\u0173 asmenin\u0119 informacij\u0105 nuo neteis\u0117tos prieigos, naudojimo ar atskleidimo.<\/span><\/p><br \/>\n<p><span style=\"font-weight: 400\">Mes naudojame saugius serverius ir \u0161ifravimo technologijas, kad apsaugotume j\u016bs\u0173 asmenin\u0119 informacij\u0105, kai ji perduodama internetu.<\/span><\/p>\t\t\t\t<\/div>\n\t\t\t\t\t<\/div>\n\t\t\t\t\t\t<\/div>\n\t\t\t\t<\/div>\n\t\t\t\t\t<\/div>\n\t\t<\/div>\n\t\t\t\t<div class=\"elementor-column elementor-col-33 elementor-top-column elementor-element elementor-element-3716fcc\" data-id=\"3716fcc\" data-element_type=\"column\" data-e-type=\"column\">\n\t\t\t<div class=\"elementor-widget-wrap\">\n\t\t\t\t\t\t\t<\/div>\n\t\t<\/div>\n\t\t\t\t\t<\/div>\n\t\t<\/section>\n\t\t\t\t<\/div>\n\t\t","protected":false},"excerpt":{"rendered":"<p>Privatumo politika \u201eThe Varsity Jacket\u201c prek\u0117s \u017eenklas yra \u012fsipareigoj\u0119s saugoti savo klient\u0173 privatum\u0105 ir u\u017etikrinti, kad j\u0173 asmenin\u0117 informacija b\u016bt\u0173<\/p>\n","protected":false},"author":43,"featured_media":0,"parent":0,"menu_order":0,"comment_status":"closed","ping_status":"closed","template":"","meta":{"footnotes":""},"class_list":["post-97229","page","type-page","status-publish","hentry"],"_links":{"self":[{"href":"https:\/\/varsityjacketsllc.com\/lt\/wp-json\/wp\/v2\/pages\/97229","targetHints":{"allow":["GET"]}}],"collection":[{"href":"https:\/\/varsityjacketsllc.com\/lt\/wp-json\/wp\/v2\/pages"}],"about":[{"href":"https:\/\/varsityjacketsllc.com\/lt\/wp-json\/wp\/v2\/types\/page"}],"author":[{"embeddable":true,"href":"https:\/\/varsityjacketsllc.com\/lt\/wp-json\/wp\/v2\/users\/43"}],"replies":[{"embeddable":true,"href":"https:\/\/varsityjacketsllc.com\/lt\/wp-json\/wp\/v2\/comments?post=97229"}],"version-history":[{"count":0,"href":"https:\/\/varsityjacketsllc.com\/lt\/wp-json\/wp\/v2\/pages\/97229\/revisions"}],"wp:attachment":[{"href":"https:\/\/varsityjacketsllc.com\/lt\/wp-json\/wp\/v2\/media?parent=97229"}],"curies":[{"name":"wp","href":"https:\/\/api.w.org\/{rel}","templated":true}]}}