{"id":98314,"date":"2021-08-25T09:00:10","date_gmt":"2021-08-25T04:00:10","guid":{"rendered":"https:\/\/varsityjacketsllc.com\/susisiekite-su-mumis\/"},"modified":"2024-02-24T06:24:59","modified_gmt":"2024-02-24T06:24:59","slug":"susisiekite-su-mumis","status":"publish","type":"page","link":"https:\/\/varsityjacketsllc.com\/lt\/susisiekite-su-mumis\/","title":{"rendered":"Susisiekite su mumis"},"content":{"rendered":"<h4>M\u016aS\u0172 ADRESAS<\/h4>\n<h4><strong>Adresas:<\/strong><\/h4>\n<p>56 E. Fieldstone gatv\u0117<br \/>Summerville, SC 29483<\/p>\n<p><strong>El. pa\u0161tas: <\/strong>info@varsityjacket.com<\/p>\n<h4><strong>Pary\u017eius:<\/strong><\/h4>\n<p>28 Boulevard des<br \/>Nasturt\u0117s, 75009<\/p>\n<p><strong>Telefonas: <\/strong><a href=\"https:\/\/wa.me\/message\/2SHAJJP2LX5OG1\" target=\"_blank\" rel=\"noopener\">+92 343 6608089<\/a><\/p>\n<h4>Apie mus!<\/h4>\n<p>Mes siekiame pagerinti param\u0105, kurios jums reikia sunkiosios atletikos ir treniruo\u010di\u0173 metu. <\/p>\n<p>\t\t\t<a href=\"https:\/\/uk.baatner.com\/about-us\/\" target=\"_blank\" rel=\"noopener\"><br \/>\n\t\t\t\t\tSkaityti daugiau!<br \/>\n\t\t\t\t\t\t\t<\/a><br \/>\n\t\t\t\t\t\t\t\t<img fetchpriority=\"high\" width=\"1200\" height=\"801\" src=\"https:\/\/varsityjacketsllc.com\/wp-content\/uploads\/2022\/12\/Resize-1200-x-801.......png\" alt=\"\" decoding=\"async\" srcset=\"https:\/\/varsityjacketsllc.com\/wp-content\/uploads\/2022\/12\/Resize-1200-x-801.......png 1200w, https:\/\/varsityjacketsllc.com\/wp-content\/uploads\/2022\/12\/Resize-1200-x-801......-400x267.png 400w, https:\/\/varsityjacketsllc.com\/wp-content\/uploads\/2022\/12\/Resize-1200-x-801......-768x513.png 768w, https:\/\/varsityjacketsllc.com\/wp-content\/uploads\/2022\/12\/Resize-1200-x-801......-860x574.png 860w, https:\/\/varsityjacketsllc.com\/wp-content\/uploads\/2022\/12\/Resize-1200-x-801......-430x287.png 430w, https:\/\/varsityjacketsllc.com\/wp-content\/uploads\/2022\/12\/Resize-1200-x-801......-700x467.png 700w, https:\/\/varsityjacketsllc.com\/wp-content\/uploads\/2022\/12\/Resize-1200-x-801......-150x100.png 150w\" sizes=\"(max-width: 1200px) 100vw, 1200px\" \/><\/p>\n","protected":false},"excerpt":{"rendered":"<p>M\u016aS\u0172 ADRESAS Adresas: 56 E. Fieldstone gatv\u0117Summerville, SC 29483 El. pa\u0161tas: info@varsityjacket.com Pary\u017eius: 28 Boulevard desNasturt\u0117s, 75009 Telefonas: +92 343<\/p>\n","protected":false},"author":43,"featured_media":0,"parent":0,"menu_order":0,"comment_status":"closed","ping_status":"closed","template":"","meta":{"footnotes":""},"class_list":["post-98314","page","type-page","status-publish","hentry"],"_links":{"self":[{"href":"https:\/\/varsityjacketsllc.com\/lt\/wp-json\/wp\/v2\/pages\/98314","targetHints":{"allow":["GET"]}}],"collection":[{"href":"https:\/\/varsityjacketsllc.com\/lt\/wp-json\/wp\/v2\/pages"}],"about":[{"href":"https:\/\/varsityjacketsllc.com\/lt\/wp-json\/wp\/v2\/types\/page"}],"author":[{"embeddable":true,"href":"https:\/\/varsityjacketsllc.com\/lt\/wp-json\/wp\/v2\/users\/43"}],"replies":[{"embeddable":true,"href":"https:\/\/varsityjacketsllc.com\/lt\/wp-json\/wp\/v2\/comments?post=98314"}],"version-history":[{"count":0,"href":"https:\/\/varsityjacketsllc.com\/lt\/wp-json\/wp\/v2\/pages\/98314\/revisions"}],"wp:attachment":[{"href":"https:\/\/varsityjacketsllc.com\/lt\/wp-json\/wp\/v2\/media?parent=98314"}],"curies":[{"name":"wp","href":"https:\/\/api.w.org\/{rel}","templated":true}]}}