{"id":96178,"date":"2021-08-25T07:26:28","date_gmt":"2021-08-25T02:26:28","guid":{"rendered":"https:\/\/varsityjacketsllc.com\/par-mums\/"},"modified":"2024-11-16T00:12:38","modified_gmt":"2024-11-15T19:12:38","slug":"par-mums__trashed","status":"publish","type":"page","link":"https:\/\/varsityjacketsllc.com\/lv\/par-mums__trashed\/","title":{"rendered":"Par mums"},"content":{"rendered":"<p><img fetchpriority=\"high\" width=\"700\" height=\"618\" src=\"https:\/\/varsityjacketsllc.com\/wp-content\/uploads\/2022\/12\/lifting-ladies-think-twice-before-putting-on-the-belt-1-700xh-1.png\" alt=\"\" decoding=\"async\" srcset=\"https:\/\/varsityjacketsllc.com\/wp-content\/uploads\/2022\/12\/lifting-ladies-think-twice-before-putting-on-the-belt-1-700xh-1.png 700w, https:\/\/varsityjacketsllc.com\/wp-content\/uploads\/2022\/12\/lifting-ladies-think-twice-before-putting-on-the-belt-1-700xh-1-340x300.png 340w, https:\/\/varsityjacketsllc.com\/wp-content\/uploads\/2022\/12\/lifting-ladies-think-twice-before-putting-on-the-belt-1-700xh-1-430x380.png 430w, https:\/\/varsityjacketsllc.com\/wp-content\/uploads\/2022\/12\/lifting-ladies-think-twice-before-putting-on-the-belt-1-700xh-1-150x132.png 150w\" sizes=\"(max-width: 700px) 100vw, 700px\" \/><br \/>\n\t\t\t\t\tKAS M\u0112S ESAM?\t\t\t\t<\/p>\n<h4>PAR M\u016aSU R\u016aPNIEC\u012aBU<br \/>\nUZ\u0145\u0112MUMA V\u0112STURE UN FAKTI<\/h4>\n<p>Z\u012bmols Varsity Jacket ( Baatner LLC ) tika dibin\u0101ts 2012. gad\u0101 ar sapni klientiem vis\u0101 pasaul\u0113 nodro\u0161in\u0101t augstas kvalit\u0101tes, p\u0113c pas\u016bt\u012bjuma izgatavotas universit\u0101tes jakas, kas paz\u012bstamas ar\u012b k\u0101 Letterman jakas. Gadu gait\u0101 m\u0113s esam papla\u0161in\u0101ju\u0161i savu pied\u0101v\u0101jumu, iek\u013caujot universit\u0101tes jakas v\u012brie\u0161iem, sieviet\u0113m un b\u0113rniem. Da\u017eu p\u0113d\u0113jo gadu laik\u0101 vien esam pieg\u0101d\u0101ju\u0161i vair\u0101k nek\u0101 50 000 universit\u0101\u0161u jaku klientiem vis\u0101 pasaul\u0113, veidojot loj\u0101lu klientu b\u0101zi un izcil\u012bbas reput\u0101ciju.<\/p>\n<p>M\u016bsu piel\u0101go\u0161anas iesp\u0113jas ir t\u0101s, kas m\u016bs patiesi at\u0161\u0137ir. M\u0113s pied\u0101v\u0101jam p\u0113c izm\u0113ra izgatavotus izm\u0113rus, lai nodro\u0161in\u0101tu perfektu piem\u0113rot\u012bbu, k\u0101 ar\u012b virkni piel\u0101gotu kr\u0101su un dizainu, lai pal\u012bdz\u0113tu m\u016bsu klientiem izteikt savu unik\u0101lo stilu. M\u0113s pat pied\u0101v\u0101jam piel\u0101gotus nosaukumu iel\u0101pus, lai j\u016bs patie\u0161\u0101m var\u0113tu padar\u012bt savu universit\u0101tes jaku par savu.<\/p>\n<p>Z\u012bmols The Varsity Jacket m\u0113s esam ap\u0146\u0113mu\u0161ies nodro\u0161in\u0101t vislab\u0101ko iesp\u0113jamo pieredzi katram m\u016bsu klientam. M\u016bsu komanda piev\u0113r\u0161 uzman\u012bbu deta\u013c\u0101m un nodro\u0161ina, ka katra m\u016bsu rad\u012bt\u0101 universit\u0101tes jaka atbilst augst\u0101kajiem kvalit\u0101tes un meistar\u012bbas standartiem. Tie\u0161i \u0161\u012b ap\u0146em\u0161an\u0101s mums ir iemantojusi vado\u0161\u0101 z\u012bmola reput\u0101ciju universit\u0101\u0161u jaku nozar\u0113.<\/p>\n<p>Ja j\u016bs mekl\u0113jat jaunu universit\u0101tes jaku, m\u0113s aicin\u0101m j\u016bs izm\u0113\u0123in\u0101t The Varsity Jacket z\u012bmolu. Neatkar\u012bgi no t\u0101, vai mekl\u0113jat klasisku Letterman jaku vai ko modern\u0101ku un unik\u0101l\u0101ku, m\u0113s to nodro\u0161in\u0101sim. Iep\u0113rcieties pie mums jau \u0161odien un izbaudiet at\u0161\u0137ir\u012bbu pa\u0161i.<\/p>\n<p>********************************<\/p>\n<p>Z\u012bmols The Varsity Jacket m\u0113s esam ap\u0146\u0113mu\u0161ies nodro\u0161in\u0101t vislab\u0101ko iesp\u0113jamo pieredzi katram m\u016bsu klientam. Tas s\u0101kas ar tikai augst\u0101k\u0101s kvalit\u0101tes materi\u0101lu izmanto\u0161anu m\u016bsu universit\u0101tes jaku ra\u017eo\u0161an\u0101. No vislab\u0101kaj\u0101m \u0101d\u0101m un vilnas audumiem l\u012bdz visiztur\u012bg\u0101kaj\u0101m aparat\u016bras un celtniec\u012bbas tehnik\u0101m, m\u0113s esam ap\u0146\u0113mu\u0161ies rad\u012bt universit\u0101\u0161u jakas, kas ir veidotas t\u0101, lai t\u0101s b\u016btu iztur\u012bgas.<\/p>\n<p>Papildus m\u016bsu ap\u0146em\u0161an\u0101s nodro\u0161in\u0101t kvalitat\u012bvus materi\u0101lus, m\u0113s izmantojam ar\u012b unik\u0101lu ra\u017eo\u0161anas procesu, kas \u013cauj mums izveidot piel\u0101gotas universit\u0101tes jakas, kas ir patiesi unik\u0101las. Process ietver \u0161\u0101das darb\u012bbas:<\/p>\n<p><strong>Dizains un mode\u013cu izstr\u0101de:<\/strong> M\u0113s sadarbojamies ar saviem klientiem, lai izlemtu par materi\u0101liem, kr\u0101s\u0101m un deta\u013c\u0101m, kas tiks izmantotas vi\u0146u universit\u0101tes jakas izveidei. P\u0113c tam izveidojam modeli, kas tiks izmantots jakas grie\u0161anai un salik\u0161anai.<\/p>\n<p><strong>Auduma izv\u0113le un grie\u0161ana:<\/strong> M\u0113s r\u016bp\u012bgi izv\u0113lamies materi\u0101lus, kas tiks izmantoti universit\u0101tes jakas izgatavo\u0161anai, un p\u0113c tam sagrie\u017eam tos atbilsto\u0161os izm\u0113ros un form\u0101s, pamatojoties uz modeli.<\/p>\n<p><strong>\u0160\u016b\u0161ana:<\/strong> Piestiprin\u0101m oderi pie jakas korpusa, k\u0101 ar\u012b piestiprin\u0101m piedurknes un citas deta\u013cas. M\u0113s \u013coti r\u016bp\u0113jamies par to, lai katra \u0161uve b\u016btu perfekti no\u0161\u016bta.<\/p>\n<p><strong>Apdare:<\/strong> M\u0113s p\u0101rbaud\u0101m jaku, vai tai nav defektu vai probl\u0113mu, un veicam nepiecie\u0161amos remontdarbus vai piel\u0101gojumus. P\u0113c tam jaku not\u012br\u0101m un nospie\u017eam, lai ieg\u016btu tai profesion\u0101lu apdari.<\/p>\n<p><strong>Iz\u0161uvumi un citi rot\u0101jumi:<\/strong> Daudz\u0101m m\u016bsu universit\u0101\u0161u jak\u0101m ir ar\u012b iz\u0161uvumi, iel\u0101pi vai citi rot\u0101jumi, kas tiek pievienoti, izmantojot specializ\u0113tas ma\u0161\u012bnas vai metodes.<\/p>\n<p><strong>Kvalit\u0101tes kontrole un pieg\u0101de:<\/strong> Visbeidzot, m\u0113s p\u0101rbaud\u0101m gatavo universit\u0101tes jaku, lai p\u0101rliecin\u0101tos, ka t\u0101 atbilst augst\u0101kajiem kvalit\u0101tes standartiem. P\u0113c tam tas tiek iesai\u0146ots un nos\u016bt\u012bts klientam.<\/p>\n<p>Neatkar\u012bgi no t\u0101, vai mekl\u0113jat klasisku Letterman jaku vai ko modern\u0101ku un unik\u0101l\u0101ku, m\u0113s to nodro\u0161in\u0101sim. Iep\u0113rcieties pie mums jau \u0161odien un izbaudiet at\u0161\u0137ir\u012bbu pa\u0161i.<\/p>\n<p>\t\t\t<a href=\"https:\/\/uk.baatner.com\/about-us\/\" target=\"_blank\" rel=\"noopener\"><br \/>\n\t\t\t\t\tUzzin\u0101t vair\u0101k<br \/>\n\t\t\t\t\t\t\t<\/a><br \/>\n\t\t\t<a href=\"https:\/\/uk.baatner.com\/about-us\/\" target=\"_blank\" rel=\"noopener\"><br \/>\n\t\t\t\t\tMans Konts<br \/>\n\t\t\t\t\t\t\t<\/a><\/p>\n","protected":false},"excerpt":{"rendered":"<p>KAS M\u0112S ESAM? PAR M\u016aSU R\u016aPNIEC\u012aBU UZ\u0145\u0112MUMA V\u0112STURE UN FAKTI Z\u012bmols Varsity Jacket ( Baatner LLC ) tika dibin\u0101ts 2012.<\/p>\n","protected":false},"author":43,"featured_media":0,"parent":0,"menu_order":0,"comment_status":"closed","ping_status":"closed","template":"","meta":{"footnotes":""},"class_list":["post-96178","page","type-page","status-publish","hentry"],"_links":{"self":[{"href":"https:\/\/varsityjacketsllc.com\/lv\/wp-json\/wp\/v2\/pages\/96178","targetHints":{"allow":["GET"]}}],"collection":[{"href":"https:\/\/varsityjacketsllc.com\/lv\/wp-json\/wp\/v2\/pages"}],"about":[{"href":"https:\/\/varsityjacketsllc.com\/lv\/wp-json\/wp\/v2\/types\/page"}],"author":[{"embeddable":true,"href":"https:\/\/varsityjacketsllc.com\/lv\/wp-json\/wp\/v2\/users\/43"}],"replies":[{"embeddable":true,"href":"https:\/\/varsityjacketsllc.com\/lv\/wp-json\/wp\/v2\/comments?post=96178"}],"version-history":[{"count":1,"href":"https:\/\/varsityjacketsllc.com\/lv\/wp-json\/wp\/v2\/pages\/96178\/revisions"}],"predecessor-version":[{"id":194195,"href":"https:\/\/varsityjacketsllc.com\/lv\/wp-json\/wp\/v2\/pages\/96178\/revisions\/194195"}],"wp:attachment":[{"href":"https:\/\/varsityjacketsllc.com\/lv\/wp-json\/wp\/v2\/media?parent=96178"}],"curies":[{"name":"wp","href":"https:\/\/api.w.org\/{rel}","templated":true}]}}