{"id":97259,"date":"2021-12-10T17:16:24","date_gmt":"2021-12-10T17:16:24","guid":{"rendered":"https:\/\/varsityjacketsllc.com\/personvernerklaering\/"},"modified":"2024-02-22T10:44:13","modified_gmt":"2024-02-22T10:44:13","slug":"personvernerklaering","status":"publish","type":"page","link":"https:\/\/varsityjacketsllc.com\/no\/personvernerklaering\/","title":{"rendered":"Personvernerkl\u00e6ring"},"content":{"rendered":"\t\t<div data-elementor-type=\"wp-page\" data-elementor-id=\"97259\" class=\"elementor elementor-97259 elementor-3\">\n\t\t\t\t\t\t<section class=\"wd-negative-gap elementor-section elementor-top-section elementor-element elementor-element-573d603 elementor-section-boxed elementor-section-height-default elementor-section-height-default\" data-id=\"573d603\" data-element_type=\"section\" data-e-type=\"section\">\n\t\t\t\t\t\t<div class=\"elementor-container elementor-column-gap-default\">\n\t\t\t\t\t<div class=\"elementor-column elementor-col-33 elementor-top-column elementor-element elementor-element-45febf7\" data-id=\"45febf7\" data-element_type=\"column\" data-e-type=\"column\">\n\t\t\t<div class=\"elementor-widget-wrap\">\n\t\t\t\t\t\t\t<\/div>\n\t\t<\/div>\n\t\t\t\t<div class=\"elementor-column elementor-col-33 elementor-top-column elementor-element elementor-element-b187ef2\" data-id=\"b187ef2\" data-element_type=\"column\" data-e-type=\"column\">\n\t\t\t<div class=\"elementor-widget-wrap elementor-element-populated\">\n\t\t\t\t\t\t<div class=\"elementor-element elementor-element-8fd24df wd-width-100 elementor-widget elementor-widget-wd_title\" data-id=\"8fd24df\" data-element_type=\"widget\" data-e-type=\"widget\" data-widget_type=\"wd_title.default\">\n\t\t\t\t<div class=\"elementor-widget-container\">\n\t\t\t\t\t\t\t<div class=\"title-wrapper wd-set-mb reset-last-child wd-title-color-default wd-title-style-default wd-title-size-default text-center\">\n\n\t\t\t\n\t\t\t<div class=\"liner-continer\">\n\t\t\t\t<h1 class=\"woodmart-title-container title wd-fontsize-l\">Personvernerkl\u00e6ring<\/h1> \n\t\t\t\t\t\t\t<\/div>\n\n\t\t\t\t\t<\/div>\n\t\t\t\t\t\t<\/div>\n\t\t\t\t<\/div>\n\t\t\t\t<div class=\"elementor-element elementor-element-c76b6e3 wd-width-100 elementor-widget elementor-widget-wd_title\" data-id=\"c76b6e3\" data-element_type=\"widget\" data-e-type=\"widget\" data-widget_type=\"wd_title.default\">\n\t\t\t\t<div class=\"elementor-widget-container\">\n\t\t\t\t\t\t\t<div class=\"title-wrapper wd-set-mb reset-last-child wd-title-color-default wd-title-style-default wd-title-size-default text-left\">\n\n\t\t\t\n\t\t\t<div class=\"liner-continer\">\n\t\t\t\t<h1 class=\"woodmart-title-container title wd-fontsize-l\"><\/h1> \n\t\t\t\t\t\t\t<\/div>\n\n\t\t\t\t\t\t\t<div class=\"title-after_title reset-last-child wd-fontsize-xs\">\n\t\t\t\t\t<p><span style=\"font-weight: 400\">Hos Varsity Jacket-merket er vi forpliktet til \u00e5 beskytte personvernet til kundene v\u00e5re og s\u00f8rge for at deres personlige opplysninger oppbevares trygt og sikkert. For \u00e5 gi kundene v\u00e5re en best mulig opplevelse, kan vi samle inn visse personopplysninger fra dem n\u00e5r de bes\u00f8ker nettstedet v\u00e5rt eller foretar et kj\u00f8p fra oss. Denne personvernerkl\u00e6ringen skisserer typene personopplysninger vi samler inn, hvordan vi bruker dem og trinnene vi tar for \u00e5 beskytte den.<\/span><\/p>\t\t\t\t<\/div>\n\t\t\t\t\t<\/div>\n\t\t\t\t\t\t<\/div>\n\t\t\t\t<\/div>\n\t\t\t\t<div class=\"elementor-element elementor-element-bf03964 wd-width-100 elementor-widget elementor-widget-wd_title\" data-id=\"bf03964\" data-element_type=\"widget\" data-e-type=\"widget\" data-widget_type=\"wd_title.default\">\n\t\t\t\t<div class=\"elementor-widget-container\">\n\t\t\t\t\t\t\t<div class=\"title-wrapper wd-set-mb reset-last-child wd-title-color-default wd-title-style-default wd-title-size-default text-left\">\n\n\t\t\t\n\t\t\t<div class=\"liner-continer\">\n\t\t\t\t<h1 class=\"woodmart-title-container title wd-fontsize-l\">Typer personopplysninger vi samler inn:<\/h1> \n\t\t\t\t\t\t\t<\/div>\n\n\t\t\t\t\t\t\t<div class=\"title-after_title reset-last-child wd-fontsize-xs\">\n\t\t\t\t\t<p><span style=\"font-weight: 400\"><strong>Kontaktinformasjon:<\/strong> Vi kan samle inn personlig informasjon som navn, e-postadresse og telefonnummer for \u00e5 kontakte deg med oppdateringer eller svare p\u00e5 dine henvendelser. <\/span><\/p><p><span style=\"font-weight: 400\"><strong>Betalingsinformasjon:<\/strong> N\u00e5r du foretar et kj\u00f8p fra oss, kan vi samle inn betalingsinformasjon som kredittkortnummeret ditt eller annen finansiell informasjon for \u00e5 behandle transaksjonen din.<\/span><\/p><p><span style=\"font-weight: 400\"><strong>Demografisk informasjon:<\/strong> Vi kan samle inn informasjon som din alder, kj\u00f8nn og plassering for \u00e5 bedre forst\u00e5 kundebasen v\u00e5r og skreddersy produktene og tjenestene v\u00e5re til dine behov.<\/span><\/p><p><span style=\"font-weight: 400\"><strong>Bruksdata:<\/strong> Vi kan samle inn informasjon om hvordan du bruker nettsiden og tjenestene v\u00e5re, inkludert sidene du bes\u00f8ker og produktene du kj\u00f8per.<\/span><\/p>\t\t\t\t<\/div>\n\t\t\t\t\t<\/div>\n\t\t\t\t\t\t<\/div>\n\t\t\t\t<\/div>\n\t\t\t\t<div class=\"elementor-element elementor-element-8cca0ee wd-width-100 elementor-widget elementor-widget-wd_title\" data-id=\"8cca0ee\" data-element_type=\"widget\" data-e-type=\"widget\" data-widget_type=\"wd_title.default\">\n\t\t\t\t<div class=\"elementor-widget-container\">\n\t\t\t\t\t\t\t<div class=\"title-wrapper wd-set-mb reset-last-child wd-title-color-default wd-title-style-default wd-title-size-default text-left\">\n\n\t\t\t\n\t\t\t<div class=\"liner-continer\">\n\t\t\t\t<h1 class=\"woodmart-title-container title wd-fontsize-l\">Hvordan vi bruker dine personopplysninger:<\/h1> \n\t\t\t\t\t\t\t<\/div>\n\n\t\t\t\t\t\t\t<div class=\"title-after_title reset-last-child wd-fontsize-xs\">\n\t\t\t\t\t<p><span style=\"font-weight: 400\"><strong>For \u00e5 tilby v\u00e5re produkter og tjenester:<\/strong> Vi bruker din personlige informasjon til \u00e5 utf\u00f8re bestillinger, behandle betalinger og kommunisere med deg om kj\u00f8pene dine.<\/span><\/p><p><span style=\"font-weight: 400\"><strong>For \u00e5 forbedre v\u00e5re produkter og tjenester:<\/strong> Vi kan bruke din personlige informasjon for \u00e5 forst\u00e5 dine preferanser og forbedre produktene og tjenestene v\u00e5re for \u00e5 bedre m\u00f8te dine behov.<\/span><\/p><p><span style=\"font-weight: 400\"><strong>Slik tilpasser du opplevelsen din:<\/strong> Vi kan bruke din personlige informasjon til \u00e5 skreddersy innholdet og markedsf\u00f8ringsmeldingene du mottar fra oss basert p\u00e5 dine interesser og preferanser.<\/span><\/p><p><span style=\"font-weight: 400\"><strong>For \u00e5 beskytte mot svindel:<\/strong> Vi kan bruke din personlige informasjon til \u00e5 forhindre, oppdage og etterforske uredelig aktivitet.<\/span><\/p>\t\t\t\t<\/div>\n\t\t\t\t\t<\/div>\n\t\t\t\t\t\t<\/div>\n\t\t\t\t<\/div>\n\t\t\t\t<div class=\"elementor-element elementor-element-1208636 wd-width-100 elementor-widget elementor-widget-wd_title\" data-id=\"1208636\" data-element_type=\"widget\" data-e-type=\"widget\" data-widget_type=\"wd_title.default\">\n\t\t\t\t<div class=\"elementor-widget-container\">\n\t\t\t\t\t\t\t<div class=\"title-wrapper wd-set-mb reset-last-child wd-title-color-default wd-title-style-default wd-title-size-default text-left\">\n\n\t\t\t\n\t\t\t<div class=\"liner-continer\">\n\t\t\t\t<h1 class=\"woodmart-title-container title wd-fontsize-l\">Beskyttelse av din personlige informasjon:<\/h1> \n\t\t\t\t\t\t\t<\/div>\n\n\t\t\t\t\t\t\t<div class=\"title-after_title reset-last-child wd-fontsize-xs\">\n\t\t\t\t\t<p><span style=\"font-weight: 400\">Vi tar passende sikkerhetstiltak for \u00e5 beskytte din personlige informasjon mot uautorisert tilgang, bruk eller avsl\u00f8ring.<\/span><\/p><br \/>\n<p><span style=\"font-weight: 400\">Vi bruker sikre servere og krypteringsteknologier for \u00e5 beskytte din personlige informasjon n\u00e5r den overf\u00f8res over internett.<\/span><\/p>\t\t\t\t<\/div>\n\t\t\t\t\t<\/div>\n\t\t\t\t\t\t<\/div>\n\t\t\t\t<\/div>\n\t\t\t\t\t<\/div>\n\t\t<\/div>\n\t\t\t\t<div class=\"elementor-column elementor-col-33 elementor-top-column elementor-element elementor-element-3716fcc\" data-id=\"3716fcc\" data-element_type=\"column\" data-e-type=\"column\">\n\t\t\t<div class=\"elementor-widget-wrap\">\n\t\t\t\t\t\t\t<\/div>\n\t\t<\/div>\n\t\t\t\t\t<\/div>\n\t\t<\/section>\n\t\t\t\t<\/div>\n\t\t","protected":false},"excerpt":{"rendered":"<p>Personvernerkl\u00e6ring Hos Varsity Jacket-merket er vi forpliktet til \u00e5 beskytte personvernet til kundene v\u00e5re og s\u00f8rge for at deres personlige<\/p>\n","protected":false},"author":43,"featured_media":0,"parent":0,"menu_order":0,"comment_status":"closed","ping_status":"closed","template":"","meta":{"footnotes":""},"class_list":["post-97259","page","type-page","status-publish","hentry"],"_links":{"self":[{"href":"https:\/\/varsityjacketsllc.com\/no\/wp-json\/wp\/v2\/pages\/97259","targetHints":{"allow":["GET"]}}],"collection":[{"href":"https:\/\/varsityjacketsllc.com\/no\/wp-json\/wp\/v2\/pages"}],"about":[{"href":"https:\/\/varsityjacketsllc.com\/no\/wp-json\/wp\/v2\/types\/page"}],"author":[{"embeddable":true,"href":"https:\/\/varsityjacketsllc.com\/no\/wp-json\/wp\/v2\/users\/43"}],"replies":[{"embeddable":true,"href":"https:\/\/varsityjacketsllc.com\/no\/wp-json\/wp\/v2\/comments?post=97259"}],"version-history":[{"count":0,"href":"https:\/\/varsityjacketsllc.com\/no\/wp-json\/wp\/v2\/pages\/97259\/revisions"}],"wp:attachment":[{"href":"https:\/\/varsityjacketsllc.com\/no\/wp-json\/wp\/v2\/media?parent=97259"}],"curies":[{"name":"wp","href":"https:\/\/api.w.org\/{rel}","templated":true}]}}