{"id":97632,"date":"2021-12-10T17:37:42","date_gmt":"2021-12-10T17:37:42","guid":{"rendered":"https:\/\/varsityjacketsllc.com\/retningslinjer-for-refusjon-og-retur\/"},"modified":"2024-02-23T06:40:22","modified_gmt":"2024-02-23T06:40:22","slug":"retningslinjer-for-refusjon-og-retur","status":"publish","type":"page","link":"https:\/\/varsityjacketsllc.com\/no\/retningslinjer-for-refusjon-og-retur\/","title":{"rendered":"Retningslinjer for refusjon og retur"},"content":{"rendered":"\n<p><b>Dette er en eksempelside.<\/b><\/p>\n\n<h3>Overview<\/h3>\n\n<p>V\u00e5r refusjons- og returpolicy varer i 30 dager. Hvis det har g\u00e5tt 30 dager siden kj\u00f8pet ditt, kan vi ikke tilby deg full refusjon eller bytte.<\/p>\n\n<p>For \u00e5 v\u00e6re kvalifisert for retur m\u00e5 varen din v\u00e6re ubrukt og i samme stand som du mottok den. Den m\u00e5 ogs\u00e5 v\u00e6re i originalemballasjen.<\/p>\n\n<p>Flere typer varer er unntatt retur. Bedervelige varer som mat, blomster, aviser eller magasiner kan ikke returneres. Vi godtar heller ikke produkter som er intim- eller sanit\u00e6rvarer, farlige materialer eller brennbare v\u00e6sker eller gasser.<\/p>\n\n<p>Ytterligere ikke-returbare varer:<\/p>\n\n<ul class=\"wp-block-list\">\n<li>Gavekort<\/li>\n<li>Nedlastbare programvareprodukter<\/li>\n<li>Noen helse- og personlig pleieartikler<\/li>\n<\/ul>\n\n<p>For \u00e5 fullf\u00f8re returen trenger vi en kvittering eller kj\u00f8psbevis.<\/p>\n\n<p>Vennligst ikke send kj\u00f8pet tilbake til produsenten.<\/p>\n\n<p>Det er visse situasjoner der bare delvis refusjon gis:<\/p>\n\n<ul class=\"wp-block-list\">\n<li>Bok med tydelige bruksmerker<\/li>\n<li>CD, DVD, VHS-b\u00e5nd, programvare, videospill, kassettb\u00e5nd eller vinylplate som er \u00e5pnet.<\/li>\n<li>Enhver vare som ikke er i sin opprinnelige tilstand, er skadet eller mangler deler av \u00e5rsaker som ikke skyldes v\u00e5r feil.<\/li>\n<li>Enhver vare som returneres mer enn 30 dager etter levering<\/li>\n<\/ul>\n\n<h2>Refunds<\/h2>\n\n<p>N\u00e5r returen er mottatt og inspisert, sender vi deg en e-post for \u00e5 varsle deg om at vi har mottatt den returnerte varen. Vi vil ogs\u00e5 varsle deg om godkjenning eller avvisning av refusjonen.<\/p>\n\n<p>Hvis du blir godkjent, vil tilbakebetalingen din bli behandlet, og en kreditt vil automatisk bli brukt p\u00e5 kredittkortet ditt eller den opprinnelige betalingsm\u00e5ten innen et visst antall dager.<\/p>\n\n<b>Late or missing refunds<\/b>\n\n<p>Hvis du ikke har mottatt refusjon enn\u00e5, m\u00e5 du f\u00f8rst sjekke bankkontoen din p\u00e5 nytt.<\/p>\n\n<p>Ta s\u00e5 kontakt med kredittkortselskapet ditt, det kan ta litt tid f\u00f8r refusjonen er offisielt publisert.<\/p>\n\n<p>Ta deretter kontakt med banken din. Det er ofte noe behandlingstid f\u00f8r refusjon bokf\u00f8res.<\/p>\n\n<p>Hvis du har gjort alt dette og du fortsatt ikke har mottatt refusjonen enn\u00e5, kan du kontakte oss p\u00e5 {email address}.<\/p>\n\n<b>Sale items<\/b>\n\n<p>Kun varer med ordin\u00e6r pris kan refunderes. Salgsvarer kan ikke refunderes.<\/p>\n\n<h2>Exchanges<\/h2>\n\n<p>Vi erstatter kun varer hvis de er defekte eller skadet. Hvis du trenger \u00e5 bytte den mot samme vare, send oss \u200b\u200ben e-post p\u00e5 {email address} og send varen din til: {physical address}.<\/p>\n\n<h2>Gifts<\/h2>\n\n<p>Hvis varen ble merket som en gave da den ble kj\u00f8pt og sendt direkte til deg, vil du motta en gavekreditt for verdien av returen. N\u00e5r den returnerte varen er mottatt, vil et gavekort bli sendt til deg.<\/p>\n\n<p>Hvis varen ikke ble merket som en gave da den ble kj\u00f8pt, eller gavegiveren fikk bestillingen sendt til seg selv for \u00e5 gi deg senere, vil vi sende en refusjon til gavegiveren, og de vil finne ut om returen din.<\/p>\n\n<h2>Shipping returns<\/h2>\n\n<p>For \u00e5 returnere produktet, b\u00f8r du sende produktet til: {fysisk adresse}.<\/p>\n\n<p>Du vil v\u00e6re ansvarlig for \u00e5 betale for dine egne fraktkostnader for \u00e5 returnere varen din. Fraktkostnader refunderes ikke. Hvis du mottar refusjon, vil kostnaden for returfrakt bli trukket fra refusjonen.<\/p>\n\n<p>Avhengig av hvor du bor, kan tiden det kan ta f\u00f8r bytteproduktet ditt n\u00e5r deg, variere.<\/p>\n\n<p>Hvis du returnerer dyrere varer, kan du vurdere \u00e5 bruke en sporbar frakttjeneste eller kj\u00f8pe fraktforsikring. Vi garanterer ikke at vi vil motta din returnerte vare.<\/p>\n\n<h2>Need help?<\/h2>\n\n<p>Kontakt oss p\u00e5 {email} for sp\u00f8rsm\u00e5l knyttet til refusjoner og returer.<\/p>\n","protected":false},"excerpt":{"rendered":"<p>Dette er en eksempelside. Overview V\u00e5r refusjons- og returpolicy varer i 30 dager. Hvis det har g\u00e5tt 30 dager siden<\/p>\n","protected":false},"author":43,"featured_media":0,"parent":0,"menu_order":0,"comment_status":"closed","ping_status":"closed","template":"","meta":{"footnotes":""},"class_list":["post-97632","page","type-page","status-publish","hentry"],"_links":{"self":[{"href":"https:\/\/varsityjacketsllc.com\/no\/wp-json\/wp\/v2\/pages\/97632","targetHints":{"allow":["GET"]}}],"collection":[{"href":"https:\/\/varsityjacketsllc.com\/no\/wp-json\/wp\/v2\/pages"}],"about":[{"href":"https:\/\/varsityjacketsllc.com\/no\/wp-json\/wp\/v2\/types\/page"}],"author":[{"embeddable":true,"href":"https:\/\/varsityjacketsllc.com\/no\/wp-json\/wp\/v2\/users\/43"}],"replies":[{"embeddable":true,"href":"https:\/\/varsityjacketsllc.com\/no\/wp-json\/wp\/v2\/comments?post=97632"}],"version-history":[{"count":0,"href":"https:\/\/varsityjacketsllc.com\/no\/wp-json\/wp\/v2\/pages\/97632\/revisions"}],"wp:attachment":[{"href":"https:\/\/varsityjacketsllc.com\/no\/wp-json\/wp\/v2\/media?parent=97632"}],"curies":[{"name":"wp","href":"https:\/\/api.w.org\/{rel}","templated":true}]}}