{"id":204112,"date":"2023-12-27T18:37:27","date_gmt":"2023-12-27T13:37:27","guid":{"rendered":"https:\/\/varsityjacketsllc.com\/mork-bla-og-gra-varsity-letterman-jakke-med-byron-krage\/"},"modified":"2023-12-27T18:37:27","modified_gmt":"2023-12-27T13:37:27","slug":"mork-bla-og-gra-varsity-letterman-jakke-med-byron-krage","status":"publish","type":"product","link":"https:\/\/varsityjacketsllc.com\/no\/mork-bla-og-gra-varsity-letterman-jakke-med-byron-krage\/","title":{"rendered":"M\u00f8rk bl\u00e5 og gr\u00e5 varsity-letterman-jakke med Byron-krage<br>"},"content":{"rendered":"","protected":false},"excerpt":{"rendered":"","protected":false},"featured_media":204113,"template":"","meta":[],"product_brand":[],"product_cat":[403,7849,1837,1192],"product_tag":[],"class_list":{"0":"post-204112","1":"product","2":"type-product","3":"status-publish","4":"has-post-thumbnail","6":"product_cat-alle-jakker","7":"product_cat-kvinners-varsity-jakker","8":"product_cat-mens-varsity-jakker","9":"product_cat-morke-bla-varsity-jakker","10":"tm-no-options","12":"first","13":"instock","14":"sale","15":"shipping-taxable","16":"purchasable","17":"product-type-simple"},"_links":{"self":[{"href":"https:\/\/varsityjacketsllc.com\/no\/wp-json\/wp\/v2\/product\/204112","targetHints":{"allow":["GET"]}}],"collection":[{"href":"https:\/\/varsityjacketsllc.com\/no\/wp-json\/wp\/v2\/product"}],"about":[{"href":"https:\/\/varsityjacketsllc.com\/no\/wp-json\/wp\/v2\/types\/product"}],"version-history":[{"count":0,"href":"https:\/\/varsityjacketsllc.com\/no\/wp-json\/wp\/v2\/product\/204112\/revisions"}],"wp:featuredmedia":[{"embeddable":true,"href":"https:\/\/varsityjacketsllc.com\/no\/wp-json\/wp\/v2\/media\/204113"}],"wp:attachment":[{"href":"https:\/\/varsityjacketsllc.com\/no\/wp-json\/wp\/v2\/media?parent=204112"}],"wp:term":[{"taxonomy":"product_brand","embeddable":true,"href":"https:\/\/varsityjacketsllc.com\/no\/wp-json\/wp\/v2\/product_brand?post=204112"},{"taxonomy":"product_cat","embeddable":true,"href":"https:\/\/varsityjacketsllc.com\/no\/wp-json\/wp\/v2\/product_cat?post=204112"},{"taxonomy":"product_tag","embeddable":true,"href":"https:\/\/varsityjacketsllc.com\/no\/wp-json\/wp\/v2\/product_tag?post=204112"}],"curies":[{"name":"wp","href":"https:\/\/api.w.org\/{rel}","templated":true}]}}