{"id":104887,"date":"2024-01-01T09:03:35","date_gmt":"2024-01-01T09:03:35","guid":{"rendered":"https:\/\/varsityjacketsllc.com\/shop\/brazowo-pomaranczowa-krotka-kurtka-uniwersytecka-dla-kobiet\/"},"modified":"2024-12-14T13:12:23","modified_gmt":"2024-12-14T08:12:23","slug":"brazowo-pomaranczowa-krotka-kurtka-uniwersytecka-dla-kobiet","status":"publish","type":"product","link":"https:\/\/varsityjacketsllc.com\/pl\/brazowo-pomaranczowa-krotka-kurtka-uniwersytecka-dla-kobiet\/","title":{"rendered":"Br\u0105zowo-pomara\u0144czowa, kr\u00f3tka kurtka uniwersytecka dla kobiet"},"content":{"rendered":"\t\t<div data-elementor-type=\"wp-post\" data-elementor-id=\"104887\" class=\"elementor elementor-104887 elementor-12951\">\n\t\t\t\t\t\t<section class=\"wd-negative-gap elementor-section elementor-top-section elementor-element elementor-element-424632f6 elementor-section-boxed elementor-section-height-default elementor-section-height-default\" data-id=\"424632f6\" data-element_type=\"section\" data-e-type=\"section\">\n\t\t\t\t\t\t<div class=\"elementor-container elementor-column-gap-default\">\n\t\t\t\t\t<div class=\"elementor-column elementor-col-100 elementor-top-column elementor-element elementor-element-2d7eee86\" data-id=\"2d7eee86\" data-element_type=\"column\" data-e-type=\"column\">\n\t\t\t<div class=\"elementor-widget-wrap elementor-element-populated\">\n\t\t\t\t\t\t<div class=\"elementor-element elementor-element-6c82c291 wd-width-100 elementor-widget elementor-widget-wd_title\" data-id=\"6c82c291\" data-element_type=\"widget\" data-e-type=\"widget\" data-widget_type=\"wd_title.default\">\n\t\t\t\t<div class=\"elementor-widget-container\">\n\t\t\t\t\t\t\t<div class=\"title-wrapper wd-set-mb reset-last-child wd-title-color-default wd-title-style-default wd-title-size-default text-center\">\n\n\t\t\t\n\t\t\t<div class=\"liner-continer\">\n\t\t\t\t<h2 class=\"woodmart-title-container title wd-fontsize-l wd-underline-colored\">Br\u0105zowy i pomara\u0144czowy <u>Kr\u00f3tka kurtka varsity z klasycznym ko\u0142nierzem <\/u>Dla kobiet<br> <br> <br><\/h2> \n\t\t\t\t\t\t\t<\/div>\n\n\t\t\t\t\t<\/div>\n\t\t\t\t\t\t<\/div>\n\t\t\t\t<\/div>\n\t\t\t\t\t<\/div>\n\t\t<\/div>\n\t\t\t\t\t<\/div>\n\t\t<\/section>\n\t\t\t\t<section class=\"wd-negative-gap elementor-section elementor-top-section elementor-element elementor-element-5115cc80 elementor-section-content-middle elementor-section-boxed elementor-section-height-default elementor-section-height-default\" data-id=\"5115cc80\" data-element_type=\"section\" data-e-type=\"section\">\n\t\t\t\t\t\t<div class=\"elementor-container elementor-column-gap-extended\">\n\t\t\t\t\t<div class=\"elementor-column elementor-col-50 elementor-top-column elementor-element elementor-element-4f254797\" data-id=\"4f254797\" data-element_type=\"column\" data-e-type=\"column\">\n\t\t\t<div class=\"elementor-widget-wrap elementor-element-populated\">\n\t\t\t\t\t\t<div class=\"elementor-element elementor-element-41bb3104 elementor-widget elementor-widget-wd_text_block\" data-id=\"41bb3104\" data-element_type=\"widget\" data-e-type=\"widget\" data-widget_type=\"wd_text_block.default\">\n\t\t\t\t<div class=\"elementor-widget-container\">\n\t\t\t\t\t\t\t<div class=\"wd-text-block reset-last-child text-left\">\n\t\t\t\n\t\t\t<p><span style=\"font-weight: 400;\">Ciesz si\u0119 wygod\u0105 z t\u0105 stylow\u0105<\/span><br><a href=\"https:\/\/varsityjacketsllc.com\/brown-and-orange-cropped-varsity-jacket\/\"><b> br\u0105zowo<\/b>-<b>pomara\u0144czowa kr\u00f3tka kurtka varsity dla kobiet<\/b><\/a><span style=\"font-weight: 400;\">. Zestawienie kolor\u00f3w rzeczywi\u015bcie skrad\u0142o show, ale to nie wszystko, ta kurtka jest wykonana z wysokiej jako\u015bci we\u0142ny <\/span><span style=\"font-weight: 400;\">w stylu regularnym<\/span><span style=\"font-weight: 400;\"> ko\u0142nierzyk nadaje luksusowe wyko\u0144czenie ca\u0142o\u015bci. Ten <\/span><a href=\"https:\/\/varsityjacketsllc.com\/brown-and-orange-cropped-varsity-jacket\/\"><b>br\u0105zowo-pomara\u0144czowa, kr\u00f3tka kurtka letterman<\/b><\/a><span style=\"font-weight: 400;\"> to pozycja obowi\u0105zkowa dla wszystkich mi\u0142o\u015bnik\u00f3w marynarek poszukuj\u0105cych wyj\u0105tkowego dodatku. \u0141atwo si\u0119 zmywa i nie blaknie po praniu. A co je\u015bli powiemy Ci, \u017ce mo\u017cesz zaprojektowa\u0107 swoj\u0105 kurtk\u0119 uniwersyteck\u0105?<\/span> Dostosuj te <a href=\"https:\/\/varsityjacketsllc.com\/pl\/brazowe-kurtki-varsity\/\"><b>br\u0105zowe kurtki varsity<\/b><\/a> zgodnie z Twoim stylem ko\u0142nierza (Byron lub zwyk\u0142y), rozmiarem, materia\u0142em (satyna lub sk\u00f3ra) i kombinacj\u0105 kolor\u00f3w!<br> <br> <br><\/p>\n\t\t\t\t\t<\/div>\n\t\t\t\t\t\t<\/div>\n\t\t\t\t<\/div>\n\t\t\t\t\t<\/div>\n\t\t<\/div>\n\t\t\t\t<div class=\"elementor-column elementor-col-25 elementor-top-column elementor-element elementor-element-55aa2dc1\" data-id=\"55aa2dc1\" data-element_type=\"column\" data-e-type=\"column\">\n\t\t\t<div class=\"elementor-widget-wrap elementor-element-populated\">\n\t\t\t\t\t\t<div class=\"elementor-element elementor-element-62d776af elementor-widget elementor-widget-wd_team_member\" data-id=\"62d776af\" data-element_type=\"widget\" data-e-type=\"widget\" data-widget_type=\"wd_team_member.default\">\n\t\t\t\t<div class=\"elementor-widget-container\">\n\t\t\t\t\t\t\t<div class=\"team-member member-layout-hover text-center color-scheme-light\">\n\t\t\t\t\t\t\t<div class=\"member-image-wrapper\">\n\t\t\t\t\t<div class=\"member-image\">\n\t\t\t\t\t\t<img fetchpriority=\"high\" decoding=\"async\" width=\"1000\" height=\"1000\" src=\"https:\/\/varsityjacketsllc.com\/wp-content\/uploads\/2024\/01\/Brown-And-Orange-Cropped-Varsity-Jacket-For-Women-Front.webp\" class=\"attachment-full size-full\" alt=\"Brown And Orange Cropped Varsity Jacket For Women Front\" srcset=\"https:\/\/varsityjacketsllc.com\/wp-content\/uploads\/2024\/01\/Brown-And-Orange-Cropped-Varsity-Jacket-For-Women-Front.webp 1000w, https:\/\/varsityjacketsllc.com\/wp-content\/uploads\/2024\/01\/Brown-And-Orange-Cropped-Varsity-Jacket-For-Women-Front-430x430.webp 430w, https:\/\/varsityjacketsllc.com\/wp-content\/uploads\/2024\/01\/Brown-And-Orange-Cropped-Varsity-Jacket-For-Women-Front-150x150.webp 150w, https:\/\/varsityjacketsllc.com\/wp-content\/uploads\/2024\/01\/Brown-And-Orange-Cropped-Varsity-Jacket-For-Women-Front-700x700.webp 700w, https:\/\/varsityjacketsllc.com\/wp-content\/uploads\/2024\/01\/Brown-And-Orange-Cropped-Varsity-Jacket-For-Women-Front-300x300.webp 300w, https:\/\/varsityjacketsllc.com\/wp-content\/uploads\/2024\/01\/Brown-And-Orange-Cropped-Varsity-Jacket-For-Women-Front-800x800.webp 800w, https:\/\/varsityjacketsllc.com\/wp-content\/uploads\/2024\/01\/Brown-And-Orange-Cropped-Varsity-Jacket-For-Women-Front-768x768.webp 768w, https:\/\/varsityjacketsllc.com\/wp-content\/uploads\/2024\/01\/Brown-And-Orange-Cropped-Varsity-Jacket-For-Women-Front-860x860.webp 860w\" sizes=\"(max-width: 1000px) 100vw, 1000px\" \/>\t\t\t\t\t<\/div>\n\t\t\t\t<\/div>\n\t\t\t\n\t\t\t<div class=\"member-details wd-set-mb reset-last-child\">\n\t\t\t\t\n\t\t\t\t\n\t\t\t\t\n\t\t\t\t\t\t\t<\/div>\n\t\t<\/div>\n\t\t\t\t\t\t<\/div>\n\t\t\t\t<\/div>\n\t\t\t\t\t<\/div>\n\t\t<\/div>\n\t\t\t\t<div class=\"elementor-column elementor-col-25 elementor-top-column elementor-element elementor-element-13cdb3a\" data-id=\"13cdb3a\" data-element_type=\"column\" data-e-type=\"column\">\n\t\t\t<div class=\"elementor-widget-wrap elementor-element-populated\">\n\t\t\t\t\t\t<div class=\"elementor-element elementor-element-204008e8 elementor-hidden-mobile elementor-widget elementor-widget-wd_team_member\" data-id=\"204008e8\" data-element_type=\"widget\" data-e-type=\"widget\" data-widget_type=\"wd_team_member.default\">\n\t\t\t\t<div class=\"elementor-widget-container\">\n\t\t\t\t\t\t\t<div class=\"team-member member-layout-hover text-center color-scheme-light\">\n\t\t\t\t\t\t\t<div class=\"member-image-wrapper\">\n\t\t\t\t\t<div class=\"member-image\">\n\t\t\t\t\t\t<img decoding=\"async\" width=\"1000\" height=\"1000\" src=\"https:\/\/varsityjacketsllc.com\/wp-content\/uploads\/2024\/01\/Brown-And-Orange-Cropped-Varsity-Jacket-For-Women-Back.webp\" class=\"attachment-full size-full\" alt=\"Brown And Orange Cropped Varsity Jacket For Women Back\" srcset=\"https:\/\/varsityjacketsllc.com\/wp-content\/uploads\/2024\/01\/Brown-And-Orange-Cropped-Varsity-Jacket-For-Women-Back.webp 1000w, https:\/\/varsityjacketsllc.com\/wp-content\/uploads\/2024\/01\/Brown-And-Orange-Cropped-Varsity-Jacket-For-Women-Back-430x430.webp 430w, https:\/\/varsityjacketsllc.com\/wp-content\/uploads\/2024\/01\/Brown-And-Orange-Cropped-Varsity-Jacket-For-Women-Back-150x150.webp 150w, https:\/\/varsityjacketsllc.com\/wp-content\/uploads\/2024\/01\/Brown-And-Orange-Cropped-Varsity-Jacket-For-Women-Back-700x700.webp 700w, https:\/\/varsityjacketsllc.com\/wp-content\/uploads\/2024\/01\/Brown-And-Orange-Cropped-Varsity-Jacket-For-Women-Back-300x300.webp 300w, https:\/\/varsityjacketsllc.com\/wp-content\/uploads\/2024\/01\/Brown-And-Orange-Cropped-Varsity-Jacket-For-Women-Back-800x800.webp 800w, https:\/\/varsityjacketsllc.com\/wp-content\/uploads\/2024\/01\/Brown-And-Orange-Cropped-Varsity-Jacket-For-Women-Back-768x768.webp 768w, https:\/\/varsityjacketsllc.com\/wp-content\/uploads\/2024\/01\/Brown-And-Orange-Cropped-Varsity-Jacket-For-Women-Back-860x860.webp 860w\" sizes=\"(max-width: 1000px) 100vw, 1000px\" \/>\t\t\t\t\t<\/div>\n\t\t\t\t<\/div>\n\t\t\t\n\t\t\t<div class=\"member-details wd-set-mb reset-last-child\">\n\t\t\t\t\n\t\t\t\t\n\t\t\t\t\n\t\t\t\t\t\t\t<\/div>\n\t\t<\/div>\n\t\t\t\t\t\t<\/div>\n\t\t\t\t<\/div>\n\t\t\t\t\t<\/div>\n\t\t<\/div>\n\t\t\t\t\t<\/div>\n\t\t<\/section>\n\t\t\t\t<section class=\"wd-negative-gap elementor-section elementor-top-section elementor-element elementor-element-6a7a0ff6 elementor-section-boxed elementor-section-height-default elementor-section-height-default\" data-id=\"6a7a0ff6\" data-element_type=\"section\" data-e-type=\"section\">\n\t\t\t\t\t\t<div class=\"elementor-container elementor-column-gap-default\">\n\t\t\t\t\t<div class=\"elementor-column elementor-col-100 elementor-top-column elementor-element elementor-element-3057cd59\" data-id=\"3057cd59\" data-element_type=\"column\" data-e-type=\"column\">\n\t\t\t<div class=\"elementor-widget-wrap elementor-element-populated\">\n\t\t\t\t\t\t<div class=\"elementor-element elementor-element-3eabdef8 wd-width-100 elementor-widget elementor-widget-wd_title\" data-id=\"3eabdef8\" data-element_type=\"widget\" data-e-type=\"widget\" data-widget_type=\"wd_title.default\">\n\t\t\t\t<div class=\"elementor-widget-container\">\n\t\t\t\t\t\t\t<div class=\"title-wrapper wd-set-mb reset-last-child wd-title-color-default wd-title-style-default wd-title-size-default text-center\">\n\n\t\t\t\n\t\t\t<div class=\"liner-continer\">\n\t\t\t\t<h2 class=\"woodmart-title-container title wd-fontsize-l wd-underline-colored\">Kurtka <u>Cechy<\/u> <\/h2> \n\t\t\t\t\t\t\t<\/div>\n\n\t\t\t\t\t<\/div>\n\t\t\t\t\t\t<\/div>\n\t\t\t\t<\/div>\n\t\t\t\t\t<\/div>\n\t\t<\/div>\n\t\t\t\t\t<\/div>\n\t\t<\/section>\n\t\t\t\t<section class=\"wd-negative-gap elementor-section elementor-top-section elementor-element elementor-element-7bf509e6 elementor-section-content-middle elementor-section-boxed elementor-section-height-default elementor-section-height-default\" data-id=\"7bf509e6\" data-element_type=\"section\" data-e-type=\"section\">\n\t\t\t\t\t\t<div class=\"elementor-container elementor-column-gap-extended\">\n\t\t\t\t\t<div class=\"elementor-column elementor-col-50 elementor-top-column elementor-element elementor-element-19085251\" data-id=\"19085251\" data-element_type=\"column\" data-e-type=\"column\">\n\t\t\t<div class=\"elementor-widget-wrap elementor-element-populated\">\n\t\t\t\t\t\t<div class=\"elementor-element elementor-element-b2f0d02 elementor-widget elementor-widget-image\" data-id=\"b2f0d02\" data-element_type=\"widget\" data-e-type=\"widget\" data-widget_type=\"image.default\">\n\t\t\t\t<div class=\"elementor-widget-container\">\n\t\t\t\t\t\t\t\t\t\t\t\t\t\t\t\t<a href=\"https:\/\/varsityjacketsllc.com\/brown-varsity-jackets\/\">\n\t\t\t\t\t\t\t<img decoding=\"async\" width=\"1000\" height=\"1000\" src=\"https:\/\/varsityjacketsllc.com\/wp-content\/uploads\/2024\/01\/Brown-And-Orange-Cropped-Varsity-Jacket-For-Women-Front.webp\" class=\"elementor-animation-hang attachment-full size-full wp-image-104888\" alt=\"\" srcset=\"https:\/\/varsityjacketsllc.com\/wp-content\/uploads\/2024\/01\/Brown-And-Orange-Cropped-Varsity-Jacket-For-Women-Front.webp 1000w, https:\/\/varsityjacketsllc.com\/wp-content\/uploads\/2024\/01\/Brown-And-Orange-Cropped-Varsity-Jacket-For-Women-Front-430x430.webp 430w, https:\/\/varsityjacketsllc.com\/wp-content\/uploads\/2024\/01\/Brown-And-Orange-Cropped-Varsity-Jacket-For-Women-Front-150x150.webp 150w, https:\/\/varsityjacketsllc.com\/wp-content\/uploads\/2024\/01\/Brown-And-Orange-Cropped-Varsity-Jacket-For-Women-Front-700x700.webp 700w, https:\/\/varsityjacketsllc.com\/wp-content\/uploads\/2024\/01\/Brown-And-Orange-Cropped-Varsity-Jacket-For-Women-Front-300x300.webp 300w, https:\/\/varsityjacketsllc.com\/wp-content\/uploads\/2024\/01\/Brown-And-Orange-Cropped-Varsity-Jacket-For-Women-Front-800x800.webp 800w, https:\/\/varsityjacketsllc.com\/wp-content\/uploads\/2024\/01\/Brown-And-Orange-Cropped-Varsity-Jacket-For-Women-Front-768x768.webp 768w, https:\/\/varsityjacketsllc.com\/wp-content\/uploads\/2024\/01\/Brown-And-Orange-Cropped-Varsity-Jacket-For-Women-Front-860x860.webp 860w\" sizes=\"(max-width: 1000px) 100vw, 1000px\" \/>\t\t\t\t\t\t\t\t<\/a>\n\t\t\t\t\t\t\t\t\t\t\t\t\t\t\t<\/div>\n\t\t\t\t<\/div>\n\t\t\t\t\t<\/div>\n\t\t<\/div>\n\t\t\t\t<div class=\"elementor-column elementor-col-50 elementor-top-column elementor-element elementor-element-68e6a40d\" data-id=\"68e6a40d\" data-element_type=\"column\" data-e-type=\"column\">\n\t\t\t<div class=\"elementor-widget-wrap elementor-element-populated\">\n\t\t\t\t\t\t<section class=\"wd-negative-gap elementor-section elementor-inner-section elementor-element elementor-element-6d580625 elementor-section-full_width elementor-section-height-default elementor-section-height-default\" data-id=\"6d580625\" data-element_type=\"section\" data-e-type=\"section\">\n\t\t\t\t\t\t<div class=\"elementor-container elementor-column-gap-default\">\n\t\t\t\t\t<div class=\"elementor-column elementor-col-33 elementor-inner-column elementor-element elementor-element-30a40142\" data-id=\"30a40142\" data-element_type=\"column\" data-e-type=\"column\">\n\t\t\t<div class=\"elementor-widget-wrap elementor-element-populated\">\n\t\t\t\t\t\t<div class=\"elementor-element elementor-element-8e68a48 elementor-widget elementor-widget-wd_infobox\" data-id=\"8e68a48\" data-element_type=\"widget\" data-e-type=\"widget\" data-widget_type=\"wd_infobox.default\">\n\t\t\t\t<div class=\"elementor-widget-container\">\n\t\t\t\t\t\t\t<div class=\"info-box-wrapper\">\n\t\t\t<div class=\"wd-info-box text-center box-icon-align-top box-style-base color-scheme-\">\n\t\t\t\t\t\t\t\t\t<div class=\"box-icon-wrapper  box-with-icon box-icon-simple\">\n\t\t\t\t\t\t<div class=\"info-box-icon\">\n\t\t\t\t\t\t\t\t\t\t\t\t\t\t\t<img loading=\"lazy\" decoding=\"async\" width=\"70\" height=\"70\" src=\"https:\/\/varsityjacketsllc.com\/wp-content\/uploads\/2023\/12\/Material.webp\" class=\"attachment-full size-full\" alt=\"Material\" \/>\t\t\t\t\t\t\t\t\t\t\t\t\t<\/div>\n\t\t\t\t\t<\/div>\n\t\t\t\t\n\t\t\t\t<div class=\"info-box-content\">\n\t\t\t\t\t\n\t\t\t\t\t\t\t\t\t\t\t<h4\t\t\t\t\t\tclass=\"info-box-title title box-title-style-default wd-fontsize-m\" data-elementor-setting-key=\"title\">\n\t\t\t\t\t\t\t\tMateria\u0142\t\t\t\t\t\t<\/h4>\n\t\t\t\t\t\n\t\t\t\t\t<div class=\"info-box-inner reset-last-child\"data-elementor-setting-key=\"content\"><p>100% we\u0142ny<\/p>\n<\/div>\n\n\t\t\t\t\t\t\t\t\t<\/div>\n\n\t\t\t\t\t\t\t<\/div>\n\t\t<\/div>\n\t\t\t\t\t\t<\/div>\n\t\t\t\t<\/div>\n\t\t\t\t<div class=\"elementor-element elementor-element-711d796a elementor-widget elementor-widget-wd_infobox\" data-id=\"711d796a\" data-element_type=\"widget\" data-e-type=\"widget\" data-widget_type=\"wd_infobox.default\">\n\t\t\t\t<div class=\"elementor-widget-container\">\n\t\t\t\t\t\t\t<div class=\"info-box-wrapper\">\n\t\t\t<div class=\"wd-info-box text-center box-icon-align-top box-style-base color-scheme-\">\n\t\t\t\t\t\t\t\t\t<div class=\"box-icon-wrapper  box-with-icon box-icon-simple\">\n\t\t\t\t\t\t<div class=\"info-box-icon\">\n\t\t\t\t\t\t\t\t\t\t\t\t\t\t\t<img loading=\"lazy\" decoding=\"async\" width=\"70\" height=\"70\" src=\"https:\/\/varsityjacketsllc.com\/wp-content\/uploads\/2023\/12\/Sleeve-Color.webp\" class=\"attachment-full size-full\" alt=\"Sleeve-Color\" \/>\t\t\t\t\t\t\t\t\t\t\t\t\t<\/div>\n\t\t\t\t\t<\/div>\n\t\t\t\t\n\t\t\t\t<div class=\"info-box-content\">\n\t\t\t\t\t\n\t\t\t\t\t\t\t\t\t\t\t<h4\t\t\t\t\t\tclass=\"info-box-title title box-title-style-default wd-fontsize-m\" data-elementor-setting-key=\"title\">\n\t\t\t\t\t\t\t\tKolor r\u0119kawa\t\t\t\t\t\t<\/h4>\n\t\t\t\t\t\n\t\t\t\t\t<div class=\"info-box-inner reset-last-child\"data-elementor-setting-key=\"content\"><p>Pomara\u0144czowy<\/p>\n<\/div>\n\n\t\t\t\t\t\t\t\t\t<\/div>\n\n\t\t\t\t\t\t\t<\/div>\n\t\t<\/div>\n\t\t\t\t\t\t<\/div>\n\t\t\t\t<\/div>\n\t\t\t\t\t<\/div>\n\t\t<\/div>\n\t\t\t\t<div class=\"elementor-column elementor-col-33 elementor-top-column elementor-element elementor-element-5a05ddc9\" data-id=\"5a05ddc9\" data-element_type=\"column\" data-e-type=\"column\">\n\t\t\t<div class=\"elementor-widget-wrap elementor-element-populated\">\n\t\t\t\t\t\t<div class=\"elementor-element elementor-element-7bd0a916 elementor-widget elementor-widget-wd_infobox\" data-id=\"7bd0a916\" data-element_type=\"widget\" data-e-type=\"widget\" data-widget_type=\"wd_infobox.default\">\n\t\t\t\t<div class=\"elementor-widget-container\">\n\t\t\t\t\t\t\t<div class=\"info-box-wrapper\">\n\t\t\t<div class=\"wd-info-box text-center box-icon-align-top box-style-base color-scheme-\">\n\t\t\t\t\t\t\t\t\t<div class=\"box-icon-wrapper  box-with-icon box-icon-simple\">\n\t\t\t\t\t\t<div class=\"info-box-icon\">\n\t\t\t\t\t\t\t\t\t\t\t\t\t\t\t<img loading=\"lazy\" decoding=\"async\" width=\"70\" height=\"70\" src=\"https:\/\/varsityjacketsllc.com\/wp-content\/uploads\/2023\/12\/Cropped.webp\" class=\"attachment-full size-full\" alt=\"Cropped\" \/>\t\t\t\t\t\t\t\t\t\t\t\t\t<\/div>\n\t\t\t\t\t<\/div>\n\t\t\t\t\n\t\t\t\t<div class=\"info-box-content\">\n\t\t\t\t\t\n\t\t\t\t\t\t\t\t\t\t\t<h4\t\t\t\t\t\tclass=\"info-box-title title box-title-style-default wd-fontsize-m\" data-elementor-setting-key=\"title\">\n\t\t\t\t\t\t\t\tStyl\t\t\t\t\t\t<\/h4>\n\t\t\t\t\t\n\t\t\t\t\t<div class=\"info-box-inner reset-last-child\"data-elementor-setting-key=\"content\"><p>Zwyk\u0142y ko\u0142nierz<\/p>\n<\/div>\n\n\t\t\t\t\t\t\t\t\t<\/div>\n\n\t\t\t\t\t\t\t<\/div>\n\t\t<\/div>\n\t\t\t\t\t\t<\/div>\n\t\t\t\t<\/div>\n\t\t\t\t<div class=\"elementor-element elementor-element-347e98ed elementor-widget elementor-widget-wd_infobox\" data-id=\"347e98ed\" data-element_type=\"widget\" data-e-type=\"widget\" data-widget_type=\"wd_infobox.default\">\n\t\t\t\t<div class=\"elementor-widget-container\">\n\t\t\t\t\t\t\t<div class=\"info-box-wrapper\">\n\t\t\t<div class=\"wd-info-box text-center box-icon-align-top box-style-base color-scheme-\">\n\t\t\t\t\t\t\t\t\t<div class=\"box-icon-wrapper  box-with-icon box-icon-simple\">\n\t\t\t\t\t\t<div class=\"info-box-icon\">\n\t\t\t\t\t\t\t\t\t\t\t\t\t\t\t<img loading=\"lazy\" decoding=\"async\" width=\"50\" height=\"50\" src=\"https:\/\/varsityjacketsllc.com\/wp-content\/uploads\/2023\/12\/Button-Fastening-50x50.webp\" class=\"attachment-50x50 size-50x50\" alt=\"Button-Fastening\" srcset=\"https:\/\/varsityjacketsllc.com\/wp-content\/uploads\/2023\/12\/Button-Fastening-50x50.webp 50w, https:\/\/varsityjacketsllc.com\/wp-content\/uploads\/2023\/12\/Button-Fastening.webp 70w\" sizes=\"(max-width: 50px) 100vw, 50px\" \/>\t\t\t\t\t\t\t\t\t\t\t\t\t<\/div>\n\t\t\t\t\t<\/div>\n\t\t\t\t\n\t\t\t\t<div class=\"info-box-content\">\n\t\t\t\t\t\n\t\t\t\t\t\t\t\t\t\t\t<h4\t\t\t\t\t\tclass=\"info-box-title title box-title-style-default wd-fontsize-m\" data-elementor-setting-key=\"title\">\n\t\t\t\t\t\t\t\tZapi\u0119cie\t\t\t\t\t\t<\/h4>\n\t\t\t\t\t\n\t\t\t\t\t<div class=\"info-box-inner reset-last-child\"data-elementor-setting-key=\"content\"><p>guziki<\/p>\n<\/div>\n\n\t\t\t\t\t\t\t\t\t<\/div>\n\n\t\t\t\t\t\t\t<\/div>\n\t\t<\/div>\n\t\t\t\t\t\t<\/div>\n\t\t\t\t<\/div>\n\t\t\t\t\t<\/div>\n\t\t<\/div>\n\t\t\t\t<div class=\"elementor-column elementor-col-33 elementor-top-column elementor-element elementor-element-69b623a0\" data-id=\"69b623a0\" data-element_type=\"column\" data-e-type=\"column\">\n\t\t\t<div class=\"elementor-widget-wrap elementor-element-populated\">\n\t\t\t\t\t\t<div class=\"elementor-element elementor-element-53cdae84 elementor-widget elementor-widget-wd_infobox\" data-id=\"53cdae84\" data-element_type=\"widget\" data-e-type=\"widget\" data-widget_type=\"wd_infobox.default\">\n\t\t\t\t<div class=\"elementor-widget-container\">\n\t\t\t\t\t\t\t<div class=\"info-box-wrapper\">\n\t\t\t<div class=\"wd-info-box text-center box-icon-align-top box-style-base color-scheme-\">\n\t\t\t\t\t\t\t\t\t<div class=\"box-icon-wrapper  box-with-icon box-icon-simple\">\n\t\t\t\t\t\t<div class=\"info-box-icon\">\n\t\t\t\t\t\t\t\t\t\t\t\t\t\t\t<img loading=\"lazy\" decoding=\"async\" width=\"70\" height=\"70\" src=\"https:\/\/varsityjacketsllc.com\/wp-content\/uploads\/2023\/12\/Body-Color.webp\" class=\"attachment-full size-full\" alt=\"Body-Color\" \/>\t\t\t\t\t\t\t\t\t\t\t\t\t<\/div>\n\t\t\t\t\t<\/div>\n\t\t\t\t\n\t\t\t\t<div class=\"info-box-content\">\n\t\t\t\t\t\n\t\t\t\t\t\t\t\t\t\t\t<h4\t\t\t\t\t\tclass=\"info-box-title title box-title-style-default wd-fontsize-m\" data-elementor-setting-key=\"title\">\n\t\t\t\t\t\t\t\tKolor sk\u00f3ry\t\t\t\t\t\t<\/h4>\n\t\t\t\t\t\n\t\t\t\t\t<div class=\"info-box-inner reset-last-child\"data-elementor-setting-key=\"content\"><p>br\u0105zowy<\/p>\n<\/div>\n\n\t\t\t\t\t\t\t\t\t<\/div>\n\n\t\t\t\t\t\t\t<\/div>\n\t\t<\/div>\n\t\t\t\t\t\t<\/div>\n\t\t\t\t<\/div>\n\t\t\t\t\t<\/div>\n\t\t<\/div>\n\t\t\t\t\t<\/div>\n\t\t<\/section>\n\t\t\t\t<section class=\"wd-negative-gap elementor-section elementor-inner-section elementor-element elementor-element-75b11c07 elementor-section-full_width elementor-section-height-default elementor-section-height-default\" data-id=\"75b11c07\" data-element_type=\"section\" data-e-type=\"section\">\n\t\t\t\t\t\t<div class=\"elementor-container elementor-column-gap-default\">\n\t\t\t\t\t<div class=\"elementor-column elementor-col-100 elementor-top-column elementor-element elementor-element-18bc2ecd\" data-id=\"18bc2ecd\" data-element_type=\"column\" data-e-type=\"column\">\n\t\t\t<div class=\"elementor-widget-wrap elementor-element-populated\">\n\t\t\t\t\t\t<div class=\"elementor-element elementor-element-3cd95f2e elementor-widget elementor-widget-wd_infobox\" data-id=\"3cd95f2e\" data-element_type=\"widget\" data-e-type=\"widget\" data-widget_type=\"wd_infobox.default\">\n\t\t\t\t<div class=\"elementor-widget-container\">\n\t\t\t\t\t\t\t<div class=\"info-box-wrapper\">\n\t\t\t<div class=\"wd-info-box text-center box-icon-align-top box-style-base color-scheme-\">\n\t\t\t\t\t\t\t\t\t<div class=\"box-icon-wrapper  box-with-icon box-icon-simple\">\n\t\t\t\t\t\t<div class=\"info-box-icon\">\n\t\t\t\t\t\t\t\t\t\t\t\t\t\t\t<img loading=\"lazy\" decoding=\"async\" width=\"70\" height=\"70\" src=\"https:\/\/varsityjacketsllc.com\/wp-content\/uploads\/2023\/12\/Size.webp\" class=\"attachment-full size-full\" alt=\"Size\" \/>\t\t\t\t\t\t\t\t\t\t\t\t\t<\/div>\n\t\t\t\t\t<\/div>\n\t\t\t\t\n\t\t\t\t<div class=\"info-box-content\">\n\t\t\t\t\t\n\t\t\t\t\t\t\t\t\t\t\t<h4\t\t\t\t\t\tclass=\"info-box-title title box-title-style-default wd-fontsize-m\" data-elementor-setting-key=\"title\">\n\t\t\t\t\t\t\t\tRozmiar\t\t\t\t\t\t<\/h4>\n\t\t\t\t\t\n\t\t\t\t\t<div class=\"info-box-inner reset-last-child\"data-elementor-setting-key=\"content\"><p>Wykonany na zam\u00f3wienie<\/p>\n<\/div>\n\n\t\t\t\t\t\t\t\t\t<\/div>\n\n\t\t\t\t\t\t\t<\/div>\n\t\t<\/div>\n\t\t\t\t\t\t<\/div>\n\t\t\t\t<\/div>\n\t\t\t\t\t<\/div>\n\t\t<\/div>\n\t\t\t\t\t<\/div>\n\t\t<\/section>\n\t\t\t\t\t<\/div>\n\t\t<\/div>\n\t\t\t\t\t<\/div>\n\t\t<\/section>\n\t\t\t\t<\/div>\n\t\t","protected":false},"excerpt":{"rendered":"<p>Br\u0105zowy i pomara\u0144czowy Kr\u00f3tka kurtka varsity z klasycznym ko\u0142nierzem Dla kobiet Ciesz si\u0119 wygod\u0105 z t\u0105 stylow\u0105 br\u0105zowo&#8211;pomara\u0144czowa kr\u00f3tka kurtka<\/p>\n","protected":false},"featured_media":104888,"template":"","meta":[],"product_brand":[],"product_cat":[821,7850,1127,404],"product_tag":[],"class_list":{"0":"post-104887","1":"product","2":"type-product","3":"status-publish","4":"has-post-thumbnail","6":"product_cat-brazowe-kurtki-varsity","7":"product_cat-kurtki-varsity-dla-kobiet-pl","8":"product_cat-skrocone-varsity-kurtki","9":"product_cat-wszystkie-kurtki","10":"tm-has-options","12":"first","13":"instock","14":"sale","15":"shipping-taxable","16":"purchasable","17":"product-type-simple"},"_links":{"self":[{"href":"https:\/\/varsityjacketsllc.com\/pl\/wp-json\/wp\/v2\/product\/104887","targetHints":{"allow":["GET"]}}],"collection":[{"href":"https:\/\/varsityjacketsllc.com\/pl\/wp-json\/wp\/v2\/product"}],"about":[{"href":"https:\/\/varsityjacketsllc.com\/pl\/wp-json\/wp\/v2\/types\/product"}],"version-history":[{"count":2,"href":"https:\/\/varsityjacketsllc.com\/pl\/wp-json\/wp\/v2\/product\/104887\/revisions"}],"predecessor-version":[{"id":198218,"href":"https:\/\/varsityjacketsllc.com\/pl\/wp-json\/wp\/v2\/product\/104887\/revisions\/198218"}],"wp:featuredmedia":[{"embeddable":true,"href":"https:\/\/varsityjacketsllc.com\/pl\/wp-json\/wp\/v2\/media\/104888"}],"wp:attachment":[{"href":"https:\/\/varsityjacketsllc.com\/pl\/wp-json\/wp\/v2\/media?parent=104887"}],"wp:term":[{"taxonomy":"product_brand","embeddable":true,"href":"https:\/\/varsityjacketsllc.com\/pl\/wp-json\/wp\/v2\/product_brand?post=104887"},{"taxonomy":"product_cat","embeddable":true,"href":"https:\/\/varsityjacketsllc.com\/pl\/wp-json\/wp\/v2\/product_cat?post=104887"},{"taxonomy":"product_tag","embeddable":true,"href":"https:\/\/varsityjacketsllc.com\/pl\/wp-json\/wp\/v2\/product_tag?post=104887"}],"curies":[{"name":"wp","href":"https:\/\/api.w.org\/{rel}","templated":true}]}}