{"id":95813,"date":"2022-12-24T00:06:04","date_gmt":"2022-12-24T00:06:04","guid":{"rendered":"https:\/\/varsityjacketsllc.com\/sprievodca-meranim-univerzit\/"},"modified":"2024-09-03T11:17:24","modified_gmt":"2024-09-03T11:17:24","slug":"sprievodca-meranim-univerzit","status":"publish","type":"page","link":"https:\/\/varsityjacketsllc.com\/sk\/sprievodca-meranim-univerzit\/","title":{"rendered":"Sprievodca meran\u00edm univerz\u00edt"},"content":{"rendered":"\t\t<div data-elementor-type=\"wp-page\" data-elementor-id=\"95813\" class=\"elementor elementor-95813 elementor-9678\">\n\t\t\t\t\t\t<section class=\"wd-negative-gap elementor-section elementor-top-section elementor-element elementor-element-3f2079ee elementor-section-boxed elementor-section-height-default elementor-section-height-default\" data-id=\"3f2079ee\" data-element_type=\"section\" data-e-type=\"section\">\n\t\t\t\t\t\t<div class=\"elementor-container elementor-column-gap-default\">\n\t\t\t\t\t<div class=\"elementor-column elementor-col-100 elementor-top-column elementor-element elementor-element-74eaccda\" data-id=\"74eaccda\" data-element_type=\"column\" data-e-type=\"column\">\n\t\t\t<div class=\"elementor-widget-wrap elementor-element-populated\">\n\t\t\t\t\t\t<section class=\"wd-negative-gap elementor-section elementor-inner-section elementor-element elementor-element-318d6b7d elementor-section-boxed elementor-section-height-default elementor-section-height-default\" data-id=\"318d6b7d\" data-element_type=\"section\" data-e-type=\"section\">\n\t\t\t\t\t\t<div class=\"elementor-container elementor-column-gap-default\">\n\t\t\t\t\t<div class=\"elementor-column elementor-col-33 elementor-inner-column elementor-element elementor-element-59baead4\" data-id=\"59baead4\" data-element_type=\"column\" data-e-type=\"column\">\n\t\t\t<div class=\"elementor-widget-wrap\">\n\t\t\t\t\t\t\t<\/div>\n\t\t<\/div>\n\t\t\t\t<div class=\"elementor-column elementor-col-33 elementor-inner-column elementor-element elementor-element-7a8f46cf\" data-id=\"7a8f46cf\" data-element_type=\"column\" data-e-type=\"column\">\n\t\t\t<div class=\"elementor-widget-wrap elementor-element-populated\">\n\t\t\t\t\t\t<div class=\"elementor-element elementor-element-32079443 wd-width-100 elementor-widget elementor-widget-wd_title\" data-id=\"32079443\" data-element_type=\"widget\" data-e-type=\"widget\" data-widget_type=\"wd_title.default\">\n\t\t\t\t<div class=\"elementor-widget-container\">\n\t\t\t\t\t\t\t<div class=\"title-wrapper wd-set-mb reset-last-child wd-title-color-default wd-title-style-default wd-title-size-default text-center\">\n\n\t\t\t\n\t\t\t<div class=\"liner-continer\">\n\t\t\t\t<h1 class=\"woodmart-title-container title wd-fontsize-l\">Sprievodca meran\u00edm<\/h1> \n\t\t\t\t\t\t\t<\/div>\n\n\t\t\t\t\t<\/div>\n\t\t\t\t\t\t<\/div>\n\t\t\t\t<\/div>\n\t\t\t\t<div class=\"elementor-element elementor-element-709bad25 wd-width-100 elementor-widget elementor-widget-wd_title\" data-id=\"709bad25\" data-element_type=\"widget\" data-e-type=\"widget\" data-widget_type=\"wd_title.default\">\n\t\t\t\t<div class=\"elementor-widget-container\">\n\t\t\t\t\t\t\t<div class=\"title-wrapper wd-set-mb reset-last-child wd-title-color-default wd-title-style-default wd-title-size-default text-left\">\n\n\t\t\t\n\t\t\t<div class=\"liner-continer\">\n\t\t\t\t<h1 class=\"woodmart-title-container title wd-fontsize-l\"><\/h1> \n\t\t\t\t\t\t\t<\/div>\n\n\t\t\t\t\t\t\t<div class=\"title-after_title reset-last-child wd-fontsize-xs\">\n\t\t\t\t\t<p><span style=\"font-weight: 400\">Bundy Varsity s\u00fa klasick\u00fdm a nad\u010dasov\u00fdm m\u00f3dnym z\u00e1kladom a spr\u00e1vny strih je z\u00e1kladom pre to, aby ste vyzerali a c\u00edtili sa \u010do najlep\u0161ie. K\u013e\u00fa\u010dom k dokonal\u00e9mu strihu je urobi\u0165 presn\u00e9 merania a pou\u017ei\u0165 ich na v\u00fdber spr\u00e1vnej ve\u013ekosti alebo si necha\u0165 u\u0161i\u0165 univerzitn\u00fa bundu na mieru pod\u013ea va\u0161ich mier. Tu je podrobn\u00fd n\u00e1vod na meranie univerzitnej bundy:<\/span><\/p><p><span style=\"font-weight: 400\"><strong>Zmerajte si hrudn\u00edk:<\/strong> Ak chcete zmera\u0165 hrudn\u00edk, obto\u010dte si meter okolo najpln\u0161ej \u010dasti hrudn\u00edka, tesne pod rukami. Uistite sa, \u017ee meradlo je rovn\u00e9 a nie je pr\u00edli\u0161 tesn\u00e9 alebo pr\u00edli\u0161 vo\u013en\u00e9. Zap\u00ed\u0161te si mieru v palcoch.<\/span><\/p><p><span style=\"font-weight: 400\"><strong>Zmerajte si p\u00e1s:<\/strong> Ak si chcete zmera\u0165 p\u00e1s, omotajte si meter okolo naju\u017e\u0161ej \u010dasti p\u00e1su, tesne nad bokmi. Op\u00e4\u0165 sa uistite, \u017ee meter je vyrovnan\u00fd a nie je pr\u00edli\u0161 tesn\u00fd alebo pr\u00edli\u0161 vo\u013en\u00fd. Zap\u00ed\u0161te si mieru v palcoch.<\/span><\/p><p><span style=\"font-weight: 400\"><strong>Zmerajte si boky:<\/strong> Ak chcete zmera\u0165 boky, omotajte si meter okolo naj\u0161ir\u0161ej \u010dasti bokov, tesne pod p\u00e1som. Rovnako ako predt\u00fdm sa uistite, \u017ee meter je vyrovnan\u00fd a nie je pr\u00edli\u0161 tesn\u00fd alebo pr\u00edli\u0161 vo\u013en\u00fd. Zap\u00ed\u0161te si mieru v palcoch.<\/span><\/p><p><span style=\"font-weight: 400\"><strong>Zmerajte si d\u013a\u017eku ruky:<\/strong> Ak chcete zmera\u0165 d\u013a\u017eku pa\u017ee, dr\u017ete ju rovno a mierne ju ohnite v lakti. Nechajte priate\u013ea alebo \u010dlena rodiny zmera\u0165 od stredu chrbta po z\u00e1p\u00e4stn\u00fa kos\u0165, pri\u010dom dbajte na to, aby bol meter rovn\u00fd a nebol pr\u00edli\u0161 tesn\u00fd alebo pr\u00edli\u0161 vo\u013en\u00fd. Zap\u00ed\u0161te si mieru v palcoch.<\/span><\/p><p><span style=\"font-weight: 400\"><strong>Zmerajte si d\u013a\u017eku tela:<\/strong> Ak chcete zmera\u0165 d\u013a\u017eku tela, nechajte priate\u013ea alebo \u010dlena rodiny zmera\u0165 od stredu zadnej \u010dasti krku po spodok va\u0161ich bokov. Uistite sa, \u017ee meter je rovn\u00fd a nie pr\u00edli\u0161 tesn\u00fd alebo pr\u00edli\u0161 vo\u013en\u00fd. Zap\u00ed\u0161te si mieru v palcoch.<\/span><\/p><p><span style=\"font-weight: 400\">Po vykonan\u00ed v\u0161etk\u00fdch t\u00fdchto meran\u00ed ich m\u00f4\u017eete pou\u017ei\u0165 na v\u00fdber spr\u00e1vnej ve\u013ekosti univerzitnej bundy alebo si necha\u0165 vyrobi\u0165 univerzitn\u00fa bundu na mieru pod\u013ea va\u0161ich mier. Je dobr\u00e9 sa nieko\u013ekokr\u00e1t premera\u0165, aby ste mali istotu, \u017ee z\u00edskate \u010do najpresnej\u0161ie merania. Ak si nie ste ist\u00ed svojimi mierami alebo m\u00e1te ak\u00e9ko\u013evek ot\u00e1zky t\u00fdkaj\u00face sa ve\u013ekosti, v\u017edy je dobr\u00e9 poradi\u0165 sa s odborn\u00edkom alebo sa obr\u00e1ti\u0165 na v\u00fdrobcu so \u017eiados\u0165ou o radu.<\/span><\/p><p><br><br><\/p>\t\t\t\t<\/div>\n\t\t\t\t\t<\/div>\n\t\t\t\t\t\t<\/div>\n\t\t\t\t<\/div>\n\t\t\t\t\t<\/div>\n\t\t<\/div>\n\t\t\t\t<div class=\"elementor-column elementor-col-33 elementor-inner-column elementor-element elementor-element-26e68764\" data-id=\"26e68764\" data-element_type=\"column\" data-e-type=\"column\">\n\t\t\t<div class=\"elementor-widget-wrap\">\n\t\t\t\t\t\t\t<\/div>\n\t\t<\/div>\n\t\t\t\t\t<\/div>\n\t\t<\/section>\n\t\t\t\t\t<\/div>\n\t\t<\/div>\n\t\t\t\t\t<\/div>\n\t\t<\/section>\n\t\t\t\t<\/div>\n\t\t","protected":false},"excerpt":{"rendered":"<p>Sprievodca meran\u00edm Bundy Varsity s\u00fa klasick\u00fdm a nad\u010dasov\u00fdm m\u00f3dnym z\u00e1kladom a spr\u00e1vny strih je z\u00e1kladom pre to, aby ste vyzerali<\/p>\n","protected":false},"author":43,"featured_media":0,"parent":0,"menu_order":0,"comment_status":"closed","ping_status":"closed","template":"","meta":{"footnotes":""},"class_list":["post-95813","page","type-page","status-publish","hentry"],"_links":{"self":[{"href":"https:\/\/varsityjacketsllc.com\/sk\/wp-json\/wp\/v2\/pages\/95813","targetHints":{"allow":["GET"]}}],"collection":[{"href":"https:\/\/varsityjacketsllc.com\/sk\/wp-json\/wp\/v2\/pages"}],"about":[{"href":"https:\/\/varsityjacketsllc.com\/sk\/wp-json\/wp\/v2\/types\/page"}],"author":[{"embeddable":true,"href":"https:\/\/varsityjacketsllc.com\/sk\/wp-json\/wp\/v2\/users\/43"}],"replies":[{"embeddable":true,"href":"https:\/\/varsityjacketsllc.com\/sk\/wp-json\/wp\/v2\/comments?post=95813"}],"version-history":[{"count":0,"href":"https:\/\/varsityjacketsllc.com\/sk\/wp-json\/wp\/v2\/pages\/95813\/revisions"}],"wp:attachment":[{"href":"https:\/\/varsityjacketsllc.com\/sk\/wp-json\/wp\/v2\/media?parent=95813"}],"curies":[{"name":"wp","href":"https:\/\/api.w.org\/{rel}","templated":true}]}}