{"id":96334,"date":"2021-12-10T18:49:53","date_gmt":"2021-12-10T13:49:53","guid":{"rendered":"https:\/\/varsityjacketsllc.com\/caste-otazky\/"},"modified":"2021-12-10T18:49:53","modified_gmt":"2021-12-10T18:49:53","slug":"caste-otazky","status":"publish","type":"page","link":"https:\/\/varsityjacketsllc.com\/sk\/caste-otazky\/","title":{"rendered":"\u010cast\u00e9 ot\u00e1zky"},"content":{"rendered":"","protected":false},"excerpt":{"rendered":"","protected":false},"author":43,"featured_media":0,"parent":0,"menu_order":0,"comment_status":"closed","ping_status":"closed","template":"","meta":{"footnotes":""},"class_list":["post-96334","page","type-page","status-publish","hentry"],"_links":{"self":[{"href":"https:\/\/varsityjacketsllc.com\/sk\/wp-json\/wp\/v2\/pages\/96334","targetHints":{"allow":["GET"]}}],"collection":[{"href":"https:\/\/varsityjacketsllc.com\/sk\/wp-json\/wp\/v2\/pages"}],"about":[{"href":"https:\/\/varsityjacketsllc.com\/sk\/wp-json\/wp\/v2\/types\/page"}],"author":[{"embeddable":true,"href":"https:\/\/varsityjacketsllc.com\/sk\/wp-json\/wp\/v2\/users\/43"}],"replies":[{"embeddable":true,"href":"https:\/\/varsityjacketsllc.com\/sk\/wp-json\/wp\/v2\/comments?post=96334"}],"version-history":[{"count":0,"href":"https:\/\/varsityjacketsllc.com\/sk\/wp-json\/wp\/v2\/pages\/96334\/revisions"}],"wp:attachment":[{"href":"https:\/\/varsityjacketsllc.com\/sk\/wp-json\/wp\/v2\/media?parent=96334"}],"curies":[{"name":"wp","href":"https:\/\/api.w.org\/{rel}","templated":true}]}}