{"id":96204,"date":"2021-08-25T07:26:28","date_gmt":"2021-08-25T02:26:28","guid":{"rendered":"https:\/\/varsityjacketsllc.com\/om-oss\/"},"modified":"2024-11-16T00:13:31","modified_gmt":"2024-11-15T19:13:31","slug":"om-oss__trashed","status":"publish","type":"page","link":"https:\/\/varsityjacketsllc.com\/sv\/om-oss__trashed\/","title":{"rendered":"Om oss"},"content":{"rendered":"<p><img fetchpriority=\"high\" width=\"700\" height=\"618\" src=\"https:\/\/varsityjacketsllc.com\/wp-content\/uploads\/2022\/12\/lifting-ladies-think-twice-before-putting-on-the-belt-1-700xh-1.png\" alt=\"\" decoding=\"async\" srcset=\"https:\/\/varsityjacketsllc.com\/wp-content\/uploads\/2022\/12\/lifting-ladies-think-twice-before-putting-on-the-belt-1-700xh-1.png 700w, https:\/\/varsityjacketsllc.com\/wp-content\/uploads\/2022\/12\/lifting-ladies-think-twice-before-putting-on-the-belt-1-700xh-1-340x300.png 340w, https:\/\/varsityjacketsllc.com\/wp-content\/uploads\/2022\/12\/lifting-ladies-think-twice-before-putting-on-the-belt-1-700xh-1-430x380.png 430w, https:\/\/varsityjacketsllc.com\/wp-content\/uploads\/2022\/12\/lifting-ladies-think-twice-before-putting-on-the-belt-1-700xh-1-150x132.png 150w\" sizes=\"(max-width: 700px) 100vw, 700px\" \/><br \/>\n\t\t\t\t\tVILKA VI \u00c4R?\t\t\t\t<\/p>\n<h4>OM V\u00c5R FABRIK<br \/>\nF\u00d6RETAGETS HISTORIA &amp; FAKTA<\/h4>\n<p>Varsity Jacket (Baatner LLC) varum\u00e4rket grundades 2012 med en dr\u00f6m om att tillhandah\u00e5lla h\u00f6gkvalitativa, skr\u00e4ddarsydda varsity-jackor, \u00e4ven k\u00e4nda som letterman-jackor, till kunder \u00f6ver hela v\u00e4rlden. Under \u00e5ren har vi ut\u00f6kat v\u00e5rt utbud till att inkludera universitetsjackor f\u00f6r m\u00e4n, kvinnor och barn. Bara under de senaste \u00e5ren har vi levererat \u00f6ver 50 000 universitetsjackor till kunder \u00f6ver hela v\u00e4rlden, och byggt upp en lojal kundbas och ett rykte om excellens.<\/p>\n<p>V\u00e5ra anpassningsalternativ \u00e4r det som verkligen skiljer oss \u00e5t. Vi erbjuder skr\u00e4ddarsydda storlekar f\u00f6r att s\u00e4kerst\u00e4lla den perfekta passformen, samt en rad anpassade f\u00e4rger och m\u00f6nster f\u00f6r att hj\u00e4lpa v\u00e5ra kunder att uttrycka sin unika stil. Vi erbjuder \u00e4ven anpassade namnlappar, s\u00e5 att du verkligen kan g\u00f6ra din universitetsjacka till din egen.<\/p>\n<p>P\u00e5 varum\u00e4rket Varsity Jacket \u00e4r vi angel\u00e4gna om att leverera den b\u00e4sta m\u00f6jliga upplevelsen till var och en av v\u00e5ra kunder. V\u00e5rt team \u00e4r dedikerat till k\u00e4nsla f\u00f6r detaljer och att s\u00e4kerst\u00e4lla att varje varsity-jacka vi skapar uppfyller de h\u00f6gsta standarderna f\u00f6r kvalitet och hantverk. Det \u00e4r detta engagemang som har gett oss ett rykte som ett ledande varum\u00e4rke i branschen f\u00f6r universitetsjackor.<\/p>\n<p>Om du \u00e4r p\u00e5 jakt efter en ny universitetsjacka, inbjuder vi dig att prova varum\u00e4rket Varsity Jacket. Oavsett om du letar efter en klassisk letterman-jacka eller n\u00e5got mer modernt och unikt, har vi dig t\u00e4ckt. Handla hos oss idag och upplev skillnaden sj\u00e4lv.<\/p>\n<p>********************************<\/p>\n<p>P\u00e5 varum\u00e4rket Varsity Jacket \u00e4r vi angel\u00e4gna om att leverera den b\u00e4sta m\u00f6jliga upplevelsen till var och en av v\u00e5ra kunder. Det b\u00f6rjar med att endast anv\u00e4nda material av h\u00f6gsta kvalitet i produktionen av v\u00e5ra universitetsjackor. Fr\u00e5n det finaste l\u00e4dret och ylletygerna till de mest h\u00e5llbara h\u00e5rdvara och konstruktionstekniker, vi \u00e4r dedikerade till att skapa varsityjackor som \u00e4r byggda f\u00f6r att h\u00e5lla.<\/p>\n<p>Ut\u00f6ver v\u00e5rt engagemang f\u00f6r kvalitetsmaterial anv\u00e4nder vi ocks\u00e5 en unik tillverkningsprocess som g\u00f6r att vi kan skapa anpassade varsityjackor som verkligen \u00e4r unika. Processen innefattar f\u00f6ljande steg:<\/p>\n<p><strong>Design och m\u00f6nsterutveckling:<\/strong> Vi samarbetar med v\u00e5ra kunder f\u00f6r att besluta om material, f\u00e4rger och detaljer som kommer att anv\u00e4ndas f\u00f6r att skapa deras universitetsjacka. Vi samarbetar med v\u00e5ra kunder f\u00f6r att besluta om material, f\u00e4rger och detaljer som kommer att anv\u00e4ndas f\u00f6r att skapa deras universitetsjacka.<\/p>\n<p><strong>Tygval och sk\u00e4rning:<\/strong> Vi v\u00e4ljer noggrant ut de material som ska anv\u00e4ndas f\u00f6r att tillverka varsityjackan och sk\u00e4r dem sedan till l\u00e4mpliga storlekar och former baserat p\u00e5 m\u00f6nstret.<\/p>\n<p><strong>S\u00f6mnad:<\/strong> Vi f\u00e4ster fodret p\u00e5 jackans kropp, samt f\u00e4ster \u00e4rmarna och andra detaljer. Vi \u00e4r noga med att s\u00e4kerst\u00e4lla att varje s\u00f6m sys till perfektion.<\/p>\n<p><strong>Efterbehandling:<\/strong> Vi inspekterar jackan f\u00f6r eventuella defekter eller problem och g\u00f6r n\u00f6dv\u00e4ndiga reparationer eller justeringar. Vi reng\u00f6r och pressar sedan jackan f\u00f6r att ge den en professionell finish.<\/p>\n<p><strong>Broderier och andra utsmyckningar:<\/strong> M\u00e5nga av v\u00e5ra universitetsjackor inkluderar \u00e4ven broderier, lappar eller andra utsmyckningar, som l\u00e4ggs till med hj\u00e4lp av specialiserade maskiner eller tekniker.<\/p>\n<p><strong>Kvalitetskontroll och frakt:<\/strong> Slutligen inspekterar vi den f\u00e4rdiga universitetsjackan f\u00f6r att s\u00e4kerst\u00e4lla att den uppfyller de h\u00f6gsta kvalitetskraven. Den packas sedan och skickas till kunden.<\/p>\n<p>Oavsett om du letar efter en klassisk letterman-jacka eller n\u00e5got mer modernt och unikt, har vi dig t\u00e4ckt. Handla hos oss idag och upplev skillnaden sj\u00e4lv.<\/p>\n<p>\t\t\t<a href=\"https:\/\/uk.baatner.com\/about-us\/\" target=\"_blank\" rel=\"noopener\"><br \/>\n\t\t\t\t\tL\u00e4r dig mer<br \/>\n\t\t\t\t\t\t\t<\/a><br \/>\n\t\t\t<a href=\"https:\/\/uk.baatner.com\/about-us\/\" target=\"_blank\" rel=\"noopener\"><br \/>\n\t\t\t\t\tMitt konto<br \/>\n\t\t\t\t\t\t\t<\/a><\/p>\n","protected":false},"excerpt":{"rendered":"<p>VILKA VI \u00c4R? OM V\u00c5R FABRIK F\u00d6RETAGETS HISTORIA &amp; FAKTA Varsity Jacket (Baatner LLC) varum\u00e4rket grundades 2012 med en dr\u00f6m<\/p>\n","protected":false},"author":43,"featured_media":0,"parent":0,"menu_order":0,"comment_status":"closed","ping_status":"closed","template":"","meta":{"footnotes":""},"class_list":["post-96204","page","type-page","status-publish","hentry"],"_links":{"self":[{"href":"https:\/\/varsityjacketsllc.com\/sv\/wp-json\/wp\/v2\/pages\/96204","targetHints":{"allow":["GET"]}}],"collection":[{"href":"https:\/\/varsityjacketsllc.com\/sv\/wp-json\/wp\/v2\/pages"}],"about":[{"href":"https:\/\/varsityjacketsllc.com\/sv\/wp-json\/wp\/v2\/types\/page"}],"author":[{"embeddable":true,"href":"https:\/\/varsityjacketsllc.com\/sv\/wp-json\/wp\/v2\/users\/43"}],"replies":[{"embeddable":true,"href":"https:\/\/varsityjacketsllc.com\/sv\/wp-json\/wp\/v2\/comments?post=96204"}],"version-history":[{"count":1,"href":"https:\/\/varsityjacketsllc.com\/sv\/wp-json\/wp\/v2\/pages\/96204\/revisions"}],"predecessor-version":[{"id":194257,"href":"https:\/\/varsityjacketsllc.com\/sv\/wp-json\/wp\/v2\/pages\/96204\/revisions\/194257"}],"wp:attachment":[{"href":"https:\/\/varsityjacketsllc.com\/sv\/wp-json\/wp\/v2\/media?parent=96204"}],"curies":[{"name":"wp","href":"https:\/\/api.w.org\/{rel}","templated":true}]}}