{"id":98249,"date":"2021-12-10T17:37:42","date_gmt":"2021-12-10T17:37:42","guid":{"rendered":"https:\/\/varsityjacketsllc.com\/geri-odeme-ve-iade-politikasi\/"},"modified":"2024-02-24T05:49:32","modified_gmt":"2024-02-24T05:49:32","slug":"geri-odeme-ve-iade-politikasi","status":"publish","type":"page","link":"https:\/\/varsityjacketsllc.com\/tr\/geri-odeme-ve-iade-politikasi\/","title":{"rendered":"Geri \u00d6deme ve \u0130ade Politikas\u0131"},"content":{"rendered":"\n<p><b>Bu bir \u00f6rnek sayfad\u0131r.<\/b><\/p>\n\n<h3>Overview<\/h3>\n\n<p>Geri \u00f6deme ve iade politikam\u0131z 30 g\u00fcn s\u00fcrer. Sat\u0131n alma i\u015fleminizin \u00fczerinden 30 g\u00fcn ge\u00e7tiyse size tam bir geri \u00f6deme veya de\u011fi\u015fim sunam\u0131yoruz.<\/p>\n\n<p>\u0130adeye hak kazanabilmeniz i\u00e7in \u00f6\u011fenizin kullan\u0131lmam\u0131\u015f olmas\u0131 ve ald\u0131\u011f\u0131n\u0131z durumda olmas\u0131 gerekir. Ayr\u0131ca orijinal ambalaj\u0131nda \u200b\u200bolmal\u0131d\u0131r.<\/p>\n\n<p>\u00c7e\u015fitli mal t\u00fcrleri iade edilmekten muaft\u0131r. G\u0131da, \u00e7i\u00e7ek, gazete, dergi gibi \u00e7abuk bozulan \u00fcr\u00fcnler iade edilemez. Ayr\u0131ca ki\u015fisel veya hijyenik \u00fcr\u00fcnler, tehlikeli maddeler veya yan\u0131c\u0131 s\u0131v\u0131 veya gazlar i\u00e7eren \u00fcr\u00fcnleri de kabul etmiyoruz.<\/p>\n\n<p>\u0130ade edilemeyen ek \u00fcr\u00fcnler:<\/p>\n\n<ul class=\"wp-block-list\">\n<li>Hediye Kartlar\u0131<\/li>\n<li>\u0130ndirilebilir yaz\u0131l\u0131m \u00fcr\u00fcnleri<\/li>\n<li>Baz\u0131 sa\u011fl\u0131k ve ki\u015fisel bak\u0131m \u00fcr\u00fcnleri<\/li>\n<\/ul>\n\n<p>\u0130ade i\u015fleminizi tamamlamak i\u00e7in makbuz veya sat\u0131n alma belgesine ihtiyac\u0131m\u0131z var.<\/p>\n\n<p>L\u00fctfen sat\u0131n ald\u0131\u011f\u0131n\u0131z \u00fcr\u00fcn\u00fc \u00fcreticiye geri g\u00f6ndermeyin.<\/p>\n\n<p>Yaln\u0131zca k\u0131smi geri \u00f6demelerin yap\u0131ld\u0131\u011f\u0131 belirli durumlar vard\u0131r:<\/p>\n\n<ul class=\"wp-block-list\">\n<li>A\u00e7\u0131k kullan\u0131m belirtileri olan rezervasyon yap\u0131n<\/li>\n<li>A\u00e7\u0131lan CD, DVD, VHS kaset, yaz\u0131l\u0131m, video oyunu, kaset veya vinil kay\u0131t.<\/li>\n<li>Orijinal durumunda olmayan herhangi bir \u00fcr\u00fcn, bizim hatam\u0131zdan kaynaklanmayan nedenlerden dolay\u0131 hasar g\u00f6rm\u00fc\u015f veya eksik par\u00e7alar.<\/li>\n<li>Teslimattan 30 g\u00fcn sonra iade edilen herhangi bir \u00fcr\u00fcn<\/li>\n<\/ul>\n\n<h2>Refunds<\/h2>\n\n<p>\u0130adeniz al\u0131n\u0131p incelendikten sonra, iade etti\u011finiz \u00fcr\u00fcn\u00fc ald\u0131\u011f\u0131m\u0131z\u0131 bildiren bir e-posta g\u00f6nderece\u011fiz. Ayr\u0131ca geri \u00f6demenizin onayland\u0131\u011f\u0131n\u0131 veya reddedildi\u011fini de size bildirece\u011fiz.<\/p>\n\n<p>Onaylanman\u0131z durumunda geri \u00f6demeniz i\u015fleme koyulacak ve belirli bir s\u00fcre i\u00e7inde kredi kart\u0131n\u0131za veya orijinal \u00f6deme y\u00f6nteminize otomatik olarak bir kredi uygulanacakt\u0131r.<\/p>\n\n<b>Late or missing refunds<\/b>\n\n<p>Hen\u00fcz geri \u00f6deme almad\u0131ysan\u0131z \u00f6ncelikle banka hesab\u0131n\u0131z\u0131 tekrar kontrol edin.<\/p>\n\n<p>Daha sonra kredi kart\u0131 \u015firketinizle ileti\u015fime ge\u00e7in; geri \u00f6demenizin resmi olarak yay\u0131nlanmas\u0131 biraz zaman alabilir.<\/p>\n\n<p>Daha sonra bankan\u0131zla ileti\u015fime ge\u00e7in. Geri \u00f6demenin yay\u0131nlanmas\u0131ndan \u00f6nce genellikle bir miktar i\u015flem s\u00fcresi vard\u0131r.<\/p>\n\n<p>T\u00fcm bunlar\u0131 yapt\u0131ysan\u0131z ve h\u00e2l\u00e2 geri \u00f6demenizi alamad\u0131ysan\u0131z l\u00fctfen bizimle {emailadres} adresinden ileti\u015fime ge\u00e7in.<\/p>\n\n<b>Sale items<\/b>\n\n<p>Yaln\u0131zca normal fiyatl\u0131 \u00fcr\u00fcnler iade edilebilir. \u0130ndirimli \u00fcr\u00fcnler iade edilemez.<\/p>\n\n<h2>Exchanges<\/h2>\n\n<p>\u00d6\u011feleri yaln\u0131zca kusurlu veya hasarl\u0131 olmas\u0131 durumunda de\u011fi\u015ftiririz. Ayn\u0131 \u00fcr\u00fcnle de\u011fi\u015ftirmeniz gerekiyorsa, bize {email adresi} adresinden bir e-posta g\u00f6nderin ve \u00fcr\u00fcn\u00fcn\u00fcz\u00fc \u015fu adrese g\u00f6nderin: {fiziksel adres}.<\/p>\n\n<h2>Gifts<\/h2>\n\n<p>\u00dcr\u00fcn sat\u0131n al\u0131nd\u0131\u011f\u0131nda ve do\u011frudan size g\u00f6nderildi\u011finde hediye olarak i\u015faretlenmi\u015fse, iade etti\u011finiz tutar kadar bir hediye kredisi al\u0131rs\u0131n\u0131z. \u0130ade edilen \u00fcr\u00fcn al\u0131nd\u0131ktan sonra taraf\u0131n\u0131za bir hediye sertifikas\u0131 g\u00f6nderilecektir.<\/p>\n\n<p>\u00dcr\u00fcn sat\u0131n al\u0131nd\u0131\u011f\u0131nda hediye olarak i\u015faretlenmemi\u015fse veya hediyeyi veren ki\u015fi sipari\u015fi daha sonra size vermek \u00fczere kendisine g\u00f6ndermi\u015fse, hediyeyi verene para iadesi g\u00f6nderece\u011fiz ve o da iadeniz hakk\u0131nda bilgi alacakt\u0131r.<\/p>\n\n<h2>Shipping returns<\/h2>\n\n<p>\u00dcr\u00fcn\u00fcn\u00fcz\u00fc iade etmek i\u00e7in \u00fcr\u00fcn\u00fcn\u00fcz\u00fc \u015fu adrese postalaman\u0131z gerekir: {fiziksel adres}.<\/p>\n\n<p>\u00dcr\u00fcn\u00fcn\u00fcz\u00fc iade etti\u011finizde kendi nakliye masraflar\u0131n\u0131z\u0131 \u00f6demek sizin sorumlulu\u011funuzda olacakt\u0131r. Nakliye masraflar\u0131 iade edilmez. Para iadesi alman\u0131z durumunda, iade nakliye \u00fccreti geri \u00f6demenizden d\u00fc\u015f\u00fclecektir.<\/p>\n\n<p>Ya\u015fad\u0131\u011f\u0131n\u0131z yere ba\u011fl\u0131 olarak, de\u011fi\u015ftirilen \u00fcr\u00fcn\u00fcn taraf\u0131n\u0131za ula\u015fma s\u00fcresi farkl\u0131l\u0131k g\u00f6sterebilir.<\/p>\n\n<p>Daha pahal\u0131 \u00fcr\u00fcnleri iade ediyorsan\u0131z takip edilebilir bir nakliye hizmeti kullanmay\u0131 veya nakliye sigortas\u0131 sat\u0131n almay\u0131 d\u00fc\u015f\u00fcnebilirsiniz. \u0130ade etti\u011finiz \u00fcr\u00fcn\u00fc alaca\u011f\u0131m\u0131z\u0131 garanti etmiyoruz.<\/p>\n\n<h2>Need help?<\/h2>\n\n<p>Bize \u015fu adresten ula\u015f\u0131n: {email} Para iadesi ve iadelerle ilgili sorular\u0131n\u0131z i\u00e7in.<\/p>\n","protected":false},"excerpt":{"rendered":"<p>Bu bir \u00f6rnek sayfad\u0131r. Overview Geri \u00f6deme ve iade politikam\u0131z 30 g\u00fcn s\u00fcrer. Sat\u0131n alma i\u015fleminizin \u00fczerinden 30 g\u00fcn ge\u00e7tiyse<\/p>\n","protected":false},"author":43,"featured_media":0,"parent":0,"menu_order":0,"comment_status":"closed","ping_status":"closed","template":"","meta":{"footnotes":""},"class_list":["post-98249","page","type-page","status-publish","hentry"],"_links":{"self":[{"href":"https:\/\/varsityjacketsllc.com\/tr\/wp-json\/wp\/v2\/pages\/98249","targetHints":{"allow":["GET"]}}],"collection":[{"href":"https:\/\/varsityjacketsllc.com\/tr\/wp-json\/wp\/v2\/pages"}],"about":[{"href":"https:\/\/varsityjacketsllc.com\/tr\/wp-json\/wp\/v2\/types\/page"}],"author":[{"embeddable":true,"href":"https:\/\/varsityjacketsllc.com\/tr\/wp-json\/wp\/v2\/users\/43"}],"replies":[{"embeddable":true,"href":"https:\/\/varsityjacketsllc.com\/tr\/wp-json\/wp\/v2\/comments?post=98249"}],"version-history":[{"count":0,"href":"https:\/\/varsityjacketsllc.com\/tr\/wp-json\/wp\/v2\/pages\/98249\/revisions"}],"wp:attachment":[{"href":"https:\/\/varsityjacketsllc.com\/tr\/wp-json\/wp\/v2\/media?parent=98249"}],"curies":[{"name":"wp","href":"https:\/\/api.w.org\/{rel}","templated":true}]}}