{"id":98753,"date":"2022-12-23T23:55:27","date_gmt":"2022-12-23T23:55:27","guid":{"rendered":"https:\/\/varsityjacketsllc.com\/neden-bizden\/"},"modified":"2024-02-26T05:10:56","modified_gmt":"2024-02-26T05:10:56","slug":"neden-bizden","status":"publish","type":"page","link":"https:\/\/varsityjacketsllc.com\/tr\/neden-bizden\/","title":{"rendered":"Neden Bizden"},"content":{"rendered":"\t\t<div data-elementor-type=\"wp-page\" data-elementor-id=\"98753\" class=\"elementor elementor-98753 elementor-9664\">\n\t\t\t\t\t\t<section class=\"wd-negative-gap elementor-section elementor-top-section elementor-element elementor-element-2c791db9 elementor-section-boxed elementor-section-height-default elementor-section-height-default\" data-id=\"2c791db9\" data-element_type=\"section\" data-e-type=\"section\">\n\t\t\t\t\t\t<div class=\"elementor-container elementor-column-gap-default\">\n\t\t\t\t\t<div class=\"elementor-column elementor-col-100 elementor-top-column elementor-element elementor-element-48450194\" data-id=\"48450194\" data-element_type=\"column\" data-e-type=\"column\">\n\t\t\t<div class=\"elementor-widget-wrap elementor-element-populated\">\n\t\t\t\t\t\t<section class=\"wd-negative-gap elementor-section elementor-inner-section elementor-element elementor-element-13dd2689 elementor-section-boxed elementor-section-height-default elementor-section-height-default\" data-id=\"13dd2689\" data-element_type=\"section\" data-e-type=\"section\">\n\t\t\t\t\t\t<div class=\"elementor-container elementor-column-gap-default\">\n\t\t\t\t\t<div class=\"elementor-column elementor-col-33 elementor-inner-column elementor-element elementor-element-6eb35606\" data-id=\"6eb35606\" data-element_type=\"column\" data-e-type=\"column\">\n\t\t\t<div class=\"elementor-widget-wrap\">\n\t\t\t\t\t\t\t<\/div>\n\t\t<\/div>\n\t\t\t\t<div class=\"elementor-column elementor-col-33 elementor-inner-column elementor-element elementor-element-6f4d5061\" data-id=\"6f4d5061\" data-element_type=\"column\" data-e-type=\"column\">\n\t\t\t<div class=\"elementor-widget-wrap elementor-element-populated\">\n\t\t\t\t\t\t<div class=\"elementor-element elementor-element-54ee2e7b wd-width-100 elementor-widget elementor-widget-wd_title\" data-id=\"54ee2e7b\" data-element_type=\"widget\" data-e-type=\"widget\" data-widget_type=\"wd_title.default\">\n\t\t\t\t<div class=\"elementor-widget-container\">\n\t\t\t\t\t\t\t<div class=\"title-wrapper wd-set-mb reset-last-child wd-title-color-default wd-title-style-default wd-title-size-default text-center\">\n\n\t\t\t\n\t\t\t<div class=\"liner-continer\">\n\t\t\t\t<h1 class=\"woodmart-title-container title wd-fontsize-l\">Neden Bizden<\/h1> \n\t\t\t\t\t\t\t<\/div>\n\n\t\t\t\t\t<\/div>\n\t\t\t\t\t\t<\/div>\n\t\t\t\t<\/div>\n\t\t\t\t<div class=\"elementor-element elementor-element-73d3f202 wd-width-100 elementor-widget elementor-widget-wd_title\" data-id=\"73d3f202\" data-element_type=\"widget\" data-e-type=\"widget\" data-widget_type=\"wd_title.default\">\n\t\t\t\t<div class=\"elementor-widget-container\">\n\t\t\t\t\t\t\t<div class=\"title-wrapper wd-set-mb reset-last-child wd-title-color-default wd-title-style-default wd-title-size-default text-left\">\n\n\t\t\t\n\t\t\t<div class=\"liner-continer\">\n\t\t\t\t<h1 class=\"woodmart-title-container title wd-fontsize-l\"><\/h1> \n\t\t\t\t\t\t\t<\/div>\n\n\t\t\t\t\t\t\t<div class=\"title-after_title reset-last-child wd-fontsize-xs\">\n\t\t\t\t\t<p><strong>Neden The Varsity Jacket markas\u0131ndan sat\u0131n almal\u0131?<\/strong><\/p><p><span style=\"font-weight: 400\">Erkekler, kad\u0131nlar ve \u00e7ocuklar i\u00e7in geni\u015f \u00fcniversite ceketi yelpazesi: M\u00fc\u015fterilerimizin ihtiya\u00e7lar\u0131na ve tercihlerine uyacak \u015fekilde \u00e7e\u015fitli beden, stil ve renklerde \u00e7ok \u00e7e\u015fitli \u00fcniversite ceketleri sunuyoruz. Erkekler i\u00e7in \u00fcniversite ceketleri, kad\u0131nlar i\u00e7in \u00fcniversite ceketleri ve \u00e7ocuklar i\u00e7in \u00fcniversite ceketleri se\u00e7eneklerimize g\u00f6z atmak i\u00e7in buraya t\u0131klay\u0131n.<\/span><\/p><p><span style=\"font-weight: 400\"><strong>\u00d6zelle\u015ftirme se\u00e7enekleri:<\/strong> M\u00fc\u015fterilerimizin benzersiz tarzlar\u0131n\u0131 ifade etmelerine yard\u0131mc\u0131 olmak i\u00e7in \u00f6l\u00e7\u00fcye g\u00f6re boyutland\u0131rma, \u00f6zel renkler, \u00f6zel tasar\u0131mlar ve \u00f6zel ad yamalar\u0131 dahil olmak \u00fczere \u00e7e\u015fitli \u00f6zelle\u015ftirme se\u00e7enekleri sunuyoruz. Ki\u015fiselle\u015ftirme se\u00e7eneklerimiz hakk\u0131nda daha fazla bilgi edinmek i\u00e7in buray\u0131 t\u0131klay\u0131n.<\/span><\/p><p><span style=\"font-weight: 400\"><strong>Y\u00fcksek kaliteli malzemeler ve yap\u0131:<\/strong> Uzun s\u00fcre dayanacak \u015fekilde tasarlanan \u00fcniversite ceketleri yaratmak i\u00e7in yaln\u0131zca en iyi malzemeleri ve yap\u0131m tekniklerini kullan\u0131yoruz. \u00dcniversite ceketlerimiz en kaliteli derilerden ve y\u00fcnl\u00fc kuma\u015flardan \u00fcretilir ve g\u00fcnl\u00fck giyimin zorluklar\u0131na dayanacak \u015fekilde tasarlanm\u0131\u015ft\u0131r.<\/span><\/p><p><span style=\"font-weight: 400\"><strong>M\u00fckemmel m\u00fc\u015fteri hizmeti:<\/strong> M\u00fc\u015fterilerimize m\u00fcmk\u00fcn olan en iyi al\u0131\u015fveri\u015f deneyimini sunmaya kendimizi adad\u0131k. Boyutland\u0131rma, ki\u015fiselle\u015ftirme veya ba\u015fka herhangi bir konuda sorunuz olursa, dost canl\u0131s\u0131 ve bilgili m\u00fc\u015fteri hizmetleri ekibimiz yard\u0131ma haz\u0131rd\u0131r. Sorular\u0131n\u0131z veya endi\u015feleriniz i\u00e7in info@thevarsityjacket.us adresinden bize ula\u015f\u0131n.<\/span><\/p><p><span style=\"font-weight: 400\"><strong>H\u0131zl\u0131 ve g\u00fcvenilir nakliye:<\/strong> M\u00fc\u015fterilerimizin ihtiya\u00e7lar\u0131n\u0131 kar\u015f\u0131lamak i\u00e7in \u00e7e\u015fitli nakliye se\u00e7enekleri sunuyoruz ve \u00fcniversite ceketinizin derhal g\u00f6nderilmesini ve m\u00fckemmel durumda ula\u015fmas\u0131n\u0131 sa\u011flamak i\u00e7in \u00e7ok \u00e7al\u0131\u015f\u0131yoruz.<\/span><\/p>\t\t\t\t<\/div>\n\t\t\t\t\t<\/div>\n\t\t\t\t\t\t<\/div>\n\t\t\t\t<\/div>\n\t\t\t\t\t<\/div>\n\t\t<\/div>\n\t\t\t\t<div class=\"elementor-column elementor-col-33 elementor-inner-column elementor-element elementor-element-6fc70473\" data-id=\"6fc70473\" data-element_type=\"column\" data-e-type=\"column\">\n\t\t\t<div class=\"elementor-widget-wrap\">\n\t\t\t\t\t\t\t<\/div>\n\t\t<\/div>\n\t\t\t\t\t<\/div>\n\t\t<\/section>\n\t\t\t\t\t<\/div>\n\t\t<\/div>\n\t\t\t\t\t<\/div>\n\t\t<\/section>\n\t\t\t\t<\/div>\n\t\t","protected":false},"excerpt":{"rendered":"<p>Neden Bizden Neden The Varsity Jacket markas\u0131ndan sat\u0131n almal\u0131? Erkekler, kad\u0131nlar ve \u00e7ocuklar i\u00e7in geni\u015f \u00fcniversite ceketi yelpazesi: M\u00fc\u015fterilerimizin ihtiya\u00e7lar\u0131na<\/p>\n","protected":false},"author":43,"featured_media":0,"parent":0,"menu_order":0,"comment_status":"closed","ping_status":"closed","template":"","meta":{"footnotes":""},"class_list":["post-98753","page","type-page","status-publish","hentry"],"_links":{"self":[{"href":"https:\/\/varsityjacketsllc.com\/tr\/wp-json\/wp\/v2\/pages\/98753","targetHints":{"allow":["GET"]}}],"collection":[{"href":"https:\/\/varsityjacketsllc.com\/tr\/wp-json\/wp\/v2\/pages"}],"about":[{"href":"https:\/\/varsityjacketsllc.com\/tr\/wp-json\/wp\/v2\/types\/page"}],"author":[{"embeddable":true,"href":"https:\/\/varsityjacketsllc.com\/tr\/wp-json\/wp\/v2\/users\/43"}],"replies":[{"embeddable":true,"href":"https:\/\/varsityjacketsllc.com\/tr\/wp-json\/wp\/v2\/comments?post=98753"}],"version-history":[{"count":0,"href":"https:\/\/varsityjacketsllc.com\/tr\/wp-json\/wp\/v2\/pages\/98753\/revisions"}],"wp:attachment":[{"href":"https:\/\/varsityjacketsllc.com\/tr\/wp-json\/wp\/v2\/media?parent=98753"}],"curies":[{"name":"wp","href":"https:\/\/api.w.org\/{rel}","templated":true}]}}